{"id":1064,"date":"2014-01-15T08:14:43","date_gmt":"2014-01-15T08:14:43","guid":{"rendered":"http:\/\/nawi.naturundbildung.at\/wp\/?page_id=1064"},"modified":"2018-07-29T14:18:36","modified_gmt":"2018-07-29T14:18:36","slug":"abfall","status":"publish","type":"page","link":"http:\/\/nawi.naturundbildung.at\/wp\/?page_id=1064","title":{"rendered":"Abfall"},"content":{"rendered":"<p>An erster Stelle Stelle in der Abfallwirtschaft steht immer die Abfallvermeidung. Trotzdem steigen die Abfallmengen weltweit stetig an.<\/p>\n<p><strong>Definition des Abfallbegriffs<\/strong><\/p>\n<p>Durch das Kreislaufwirtschafts- und Abfallgesetz ist der Abfallbegriff erheblich erweitert worden. Die bisherigen Bezeichnungen wie Abfall, Reststoff, Wertstoff, Wirtschaftsgut oder Sekund\u00e4rrohstoff, die h\u00e4ufig zu Verwirrungen gef\u00fchrt haben, sind weggefallen. Alle diese Stoffe sind jetzt Abf\u00e4lle, die unter das Abfallrecht fallen und in die in nachfolgender Abbildung dargestellten Abfallgruppen unterteilt werden.<\/p>\n<p>Diese werden zus\u00e4tzlich je nach Gef\u00e4hrlichkeit weiter unterschieden.<\/p>\n<p>Besonders \u00fcberwachungsbed\u00fcrftige Abf\u00e4lle (die sog. Sonderabf\u00e4lle) sind Abf\u00e4lle, die den Menschen und die Umwelt i besonderem Ma\u00dfe gef\u00e4hrden k\u00f6nnen. Sie sind in der Verordnung \u00fcber das Europ\u00e4ische Abfallverzeichnis \u2013 Abfallverzeichnis-Verordnung AVV durch ein Sternchen (*) gekennzeichnet. Aus dem Baubereich k\u00f6nnen dies z.B. alle Baustoffe und \u2013Materialien mit sch\u00e4dlichen Verunreinigungen, Alt\u00f6le, L\u00f6semitten, Altfarben u.a.m. sein.<\/p>\n<p><strong>Abfallarten<\/strong><\/p>\n<p>Heut zu Tage hat sich der Abfall sehr stark vermehrt, aufgrund des st\u00e4ndigen Konsums und der Verpackungsmittel wie Plastik. Es gibt verschiedene Abfallarten, unterschieden wird in Hausm\u00fcll und Industrieabfall.<\/p>\n<p><u>Hausm\u00fcll:<\/u>Restm\u00fcll (Bio\/K\u00fcchenabfall), Glas, Papier, Karton, Metalldosen und Kleinschrott sind die h\u00e4ufigsten Arten von Abfall welche in Haushalten anfallen. F\u00fcr die Entsorgung ist die Gemeinde zust\u00e4ndig \u00e0M\u00fclleimer im Hof oder M\u00fcllr\u00e4ume man muss einen Antrag auf Abfallentsorgung stellen und daf\u00fcr zahlen \u00e0ist unterschiedlich geregelt.<\/p>\n<p>Weitere Arten von Hausm\u00fcll sind: Elektronikschrott, Sonderm\u00fcll, Sperrm\u00fcll, Metall-Sperrm\u00fcll, Gartenabfall, Textilien (Altkleidersammlung\/Humanabox \u00e0Caritas)<\/p>\n<p><u>Industriebabf\u00e4lle:<\/u>Sind produktionsbedingte Abf\u00e4lle, die in den Sektoren Handwerk, Handel, Industrie und Dienstleistungen anfallen. H\u00e4ufig handelt es sich dabei um Sonderm\u00fcll, der nur auf speziellen Sonderm\u00fclldeponien gelagert oder durch eine besondere Verbrennungsanlage entsorgt werden kann.<\/p>\n<p>Weitere Arten von Industrieabf\u00e4llen sind: radioaktiver Abfall (unterliegt nicht dem Abfallrecht), Produktionsabfall, Schlachtabfall, Sonderm\u00fcll, Metallabf\u00e4lle<\/p>\n<p><strong>Abfallvorkommen<\/strong><\/p>\n<p>Jedes Jahr wird das Abfallaufkommen berechnet. 2013 betrug der Wert 578 kg pro Person in \u00d6sterreich. Der Durchschnitt betr\u00e4gt 481 kg.<\/p>\n<p><strong>Bundes-Abfallwirtschaftsplan<\/strong><\/p>\n<ul>\n<li>Gem\u00e4\u00df Abfallwirtschaftsgesetz 2002 ist mindestens alle sechs Jahre ein Bundes-Abfallwirtschaftsplan f\u00fcr die Republik \u00d6sterreich zu erstellen.<\/li>\n<li>Im J\u00e4nner 2018 wurde der siebente Plan seit dem Jahr 1992 ver\u00f6ffentlicht. Als Grundlage f\u00fcr die Erstellung des Bundes-Abfallwirtschaftsplanes diente die vom Umweltbundesamt erarbeitete &#8222;Bestandsaufnahme zur Situation der Abfallwirtschaft in \u00d6sterreich&#8220;.<\/li>\n<li>J\u00e4hrlich wird ein Statusbericht &#8222;Bestandsaufnahme zur Abfallwirtschaft&#8220; erstellt.http:\/\/www.bundesabfallwirtschaftsplan.at<\/li>\n<\/ul>\n<p><strong>Der Bundes-Abfallwirtschaftsplan umfasst im Wesentlichen<\/strong><\/p>\n<ul>\n<li>eine Bestandsaufnahme der Situation der \u00f6sterreichischen Abfallwirtschaft mit detaillierten Angaben zu Herkunft, Zusammensetzung, Aufkommen, Verwertung und Beseitigung ausgew\u00e4hlter Abfallstr\u00f6me bzw. Abf\u00e4lle;<\/li>\n<li>Informationen zu Input, Kapazit\u00e4ten und regionaler Verteilung der im Bundesgebiet errichteten Anlagen zur Verwertung und Beseitigung von Abf\u00e4llen;<\/li>\n<li>das \u00f6sterreichische Abfallvermeidungsprogramm;<\/li>\n<li>eine Darstellung der Vorgaben und Ma\u00dfnahmen des Bundes zur Erreichung der Ziele und Grunds\u00e4tze der Abfallwirtschaft gem\u00e4\u00df Abfallwirtschaftsgesetz (AWG) 2002;<\/li>\n<li>Leitlinien zur Abfallverbringung sowie Behandlungsgrunds\u00e4tze f\u00fcr bestimmte Abfallstr\u00f6me; einen \u00dcberblick zum Thema &#8222;Altlasten&#8220; mit Beitr\u00e4gen zu Klassifizierung, Sicherung, Sanierung, Finanzierung und rechtlicher Situation.<\/li>\n<\/ul>\n<p><strong>Abfallwirtschaftlicher Materialienband zum Thema Asbest<\/strong><\/p>\n<ul>\n<li>die Asbest-Abfallstr\u00f6me in \u00d6sterreich,<\/li>\n<li>die Eigenschaften von Asbest und seine Sch\u00e4dlichkeit,<\/li>\n<li>das Vorkommen von Asbest in Baumaterialien, in G\u00fctern des Haushaltes und in sonstigen Produkten,<\/li>\n<li>die rechtlichen Bestimmungen und Handlungsanweisungen zum gesundheits- und umweltschonenden Umgang mit asbesthaltigen G\u00fctern,<\/li>\n<li>die rechtlichen Bestimmungen und Handlungsanweisungen zur Behandlung und Beseitigung von Asbestabf\u00e4llen.<\/li>\n<\/ul>\n<p><strong>Abfallwirtschaftlicher Materialienband zum Thema \u201eKl\u00e4rschlamm\u201c<\/strong><\/p>\n<ul>\n<li>das Aufkommen und die Eigenschaften von Kl\u00e4rschlamm in \u00d6sterreich<\/li>\n<li>die gesetzlichen Rahmenbedingungen<\/li>\n<li>die Abfallvermeidung in Zusammenhang mit Kl\u00e4rschlammsowie<\/li>\n<li>die Behandlung und Nutzung von Kl\u00e4rschlamm in \u00d6sterreich.<\/li>\n<\/ul>\n<p><strong>Abfallwirtschaftlicher Materialienband zum Thema Alt\u00f6l 2013 <\/strong><\/p>\n<ul>\n<li>das Alt\u00f6l-Aufkommen,<\/li>\n<li>Alt\u00f6l-Abfallstr\u00f6me der Abfallsammler, chemisch-physikalische Behandlungsanlagen und (Abfall)-Verbrennungsanlagen,<\/li>\n<li>Importe und Exporte an Alt\u00f6l.<\/li>\n<\/ul>\n<p><strong>Rechtliche Einstufung<\/strong><\/p>\n<ul>\n<li>Die neuere europ\u00e4ische Gesetzgebung (Richtlinie 2008\/98\/EG) hat die Zielhierarchie der Abfallwirtschaft neu definiert. Die Abfallhierarchie soll demnach wie folgt aussehen:<\/li>\n<li>Abfallvermeidung,<\/li>\n<li>Vorbereitung zur Wiederverwendung,<\/li>\n<li>Recycling,<\/li>\n<li>sonstige Verwertung, z. B. energetische Verwertung,<\/li>\n<li>Abfallbeseitigung.<\/li>\n<li>Der fr\u00fchere allgemeine Grundsatz war: Vermeidung vor Verwertung vor Beseitigung. Insgesamt hat aber die umweltvertr\u00e4glichere M\u00f6glichkeit Vorrang.<\/li>\n<li>Abfall im Sinne des Abfallrechts sind \u201ealle Stoffe oder Gegenst\u00e4nde, derer sich ihr Besitzer entledigt, entledigen will oder entledigen muss\u201c Wiener Abfallwirtschaftsgesetz (\u00a7 6 Wiener AWG)<\/li>\n<li>Seit 2011 m\u00fcssen Abfallsammlerinnen beziehungsweise Abfallsammler und Abfallbehandlerinnen beziehungsweise Abfallbehandler die Meldungen \u00fcber die \u00fcbernommenen und \u00fcbergebenen Mengen von nicht gef\u00e4hrlichen und gef\u00e4hrlichen Abf\u00e4llen im Wege des elektronischen Registers www.edm.gv.at des Lebensministeriums einbringen.<\/li>\n<li>Die Frage der Beweglichkeit ist in der Praxis von gro\u00dfer Bedeutung. So wird kontaminierter Boden nur dann zu Abfall, wenn er beweglich gemacht wurde. Aufgrund dieser Rechtslage werden z. B. auf dem Bau bestimmte Arbeitsweisen vor anderen verwendet, damit kontaminierter Boden \u2013 rein rechtlich betrachtet \u2013 nicht zu Abfall wird:<\/li>\n<li>Herstellung von Rammpf\u00e4hlen anstatt Bohrpf\u00e4hlen (das Bohrgut w\u00e4re sonst Abfall gem. KrWG.)<\/li>\n<li>Erdtransport mit Planierraupen anstatt mit Bagger und LKW (das Verschieben von Boden verleiht dem Boden nicht die erforderliche Beweglichkeit, die f\u00fcr die Einstufung als Abfall gem. KrWG notwendig ist)<\/li>\n<li>Anstatt PAK-haltige\/teerhaltige Schichten zu entfernen, werden diese lediglich \u00fcberbaut (\u201eHocheinbau\u201c)<\/li>\n<li>F\u00fcr gef\u00e4hrliche Abf\u00e4lle k\u00f6nnen in gleicher Weise wie bisher die Auswertungen f\u00fcr 2014 anhand der Begleitscheindaten erstellt werden.<\/li>\n<\/ul>\n<p><strong>Abfallbehandlung<\/strong><\/p>\n<p>&nbsp;<\/p>\n<p>Man unterscheidet zwischen 7 verschiedenen Abfallbehandlungsmethoden:<\/p>\n<ul>\n<li>Thermische Behandlung \u00e055,49%<\/li>\n<li>Stoffliche Verwertung \u00e027,41%<\/li>\n<li>Kompostierung \u00e09,25%<\/li>\n<li>Deponierte Mischabf\u00e4lle \u00e03,62%<\/li>\n<li>Deponierte Inertstoffe \u00e03%<\/li>\n<li>Thermische Behandlung \u00e00,97%<\/li>\n<li>Mechanisch biologisch \u00e00,26%<\/li>\n<\/ul>\n<p><strong>Die Deponie<\/strong><\/p>\n<p>Eine Deponie ist sehr kosteng\u00fcnstig aus der volkswirtschaftlicher Sicht. Das Problem ist es einen passenden Standort zu finden den keiner m\u00f6chte neben einer Deponie leben. Aus diesen Grund gibt es in Wien nur eine Deponie (Rautenweg). Die Anforderungen einer Deponie sind sehr hoch weil durch die Deponie das Grundwasser verschmutzt werden k\u00f6nnte.<\/p>\n<p><strong>M\u00fcllverbrennungsanlagen<\/strong><\/p>\n<p>M\u00fcllverbrennung ist die h\u00e4ufigste Methode zum vernichten des M\u00fclls. Durch die Verbrennung wird das Volumen des M\u00fclls stark reduziert und somit spart man Deponieplatz. Au\u00dferdem nutz man die entstehende W\u00e4rme als Energie f\u00fcr Fernw\u00e4rme. Der M\u00fcll wird bei sehr hohen Temperaturen zwischen 800 Grad und 1200 Grad verbrannt weil somit nicht so viele Schadstoffgase entstehen k\u00f6nnen.<\/p>\n<p><strong>Kompostierung<\/strong><\/p>\n<p>Bei der Kompostierung wird der Organische M\u00fcll behandelt und daraus entsteht eine Art des nat\u00fcrlichen D\u00fcngers.<\/p>\n<p><strong>Weitere Methoden<\/strong><\/p>\n<p>In der Kl\u00e4ranlage wird Schmutzwasser von M\u00fcllr\u00fcckst\u00e4nden gekl\u00e4rt.<\/p>\n<p>Beim Recycling werden alte Stoffe (Glas, Papier, Metalle, Kunststoffe) recycelt und weiter verarbeitet.&nbsp;<\/p>\n<p><strong>Problemstoffe<\/strong><\/p>\n<p>Es gibt viele verschiedene Stoffe die nicht einfach so Entsorgt werden d\u00fcrfen, diese nennt man Problemstoffe wie zum Beispiel:<\/p>\n<p>\u00d6le (Motor\u00f6l, Speise\u00f6l), Batterien (Starterbatterien, Haushaltsbatterien), Altmedikamente, K\u00fchlschr\u00e4nke, Leuchtstoffrohren, Farben und Lacke, Desinfektionsmittel, R\u00f6ntgenbilder etc.<\/p>\n<p>Diese m\u00fcssen bei den Mistpl\u00e4tzen, Problemstoffsammlern, EBS oder ABA abgegeben werden oder wieder zum Handel zur\u00fcckgeschickt werden wie es der Fall bei einem K\u00fchlschrank ist.<\/p>\n<p><a href=\"https:\/\/www.gr.ch\/DE\/institutionen\/verwaltung\/ekud\/anu\/projekte\/abfall\/abfallarten-und-entsorgung\/Seiten\/Abfall-Arten-und-ihre-Entsorgung.aspx%2010.04.2018\">https:\/\/www.gr.ch\/DE\/institutionen\/verwaltung\/ekud\/anu\/projekte\/abfall\/abfallarten-und-entsorgung\/Seiten\/Abfall-Arten-und-ihre-Entsorgung.aspx<\/a><\/p>\n<p><a href=\"https:\/\/www.help.gv.at\/Portal.Node\/hlpd\/public\/content\/18\/Seite.180301.html\">https:\/\/www.help.gv.at\/Portal.Node\/hlpd\/public\/content\/18\/Seite.180301.html<\/a><\/p>\n<p><a href=\"https:\/\/de.wikipedia.org\/wiki\/Abfall#Abfallarten\">https:\/\/de.wikipedia.org\/wiki\/Abfall#Abfallarten<\/a><\/p>\n<p><a href=\"http:\/\/nawi.naturundbildung.at\/wp\/wp-content\/uploads\/2018\/07\/Abfall.png\"><img loading=\"lazy\" class=\"alignnone size-full wp-image-5009\" src=\"http:\/\/nawi.naturundbildung.at\/wp\/wp-content\/uploads\/2018\/07\/Abfall.png\" alt=\"\" width=\"404\" height=\"354\" srcset=\"http:\/\/nawi.naturundbildung.at\/wp\/wp-content\/uploads\/2018\/07\/Abfall.png 404w, http:\/\/nawi.naturundbildung.at\/wp\/wp-content\/uploads\/2018\/07\/Abfall-300x263.png 300w\" sizes=\"(max-width: 404px) 100vw, 404px\" \/><\/a><\/p>\n<p>Emanuel Mitrovic, Gloria Sch\u00f6ffauer, Alexander Rahman, Miroslav Vukman, 5HIA, HLMW9, 2018<\/p>\n<div id=\"watu_quiz\" class=\"quiz-area \">\n<p><p>Teste Dein Wissen:<\/p>\n<\/p><form action=\"\" method=\"post\" class=\"quiz-form \" id=\"quiz-113\" >\n<div class='watu-question' id='question-1'><div class='question-content'><p><span class='watu_num'>1. <\/span>Wie viel Abfall fiel 2013 pro Person an?<\/p>\n<\/div><input type='hidden' name='question_id[]' value='903' \/><div class='watu-questions-wrap '><input type='hidden' name='answer_ids[]' class='watu-answer-ids' value='4334' \/><div class='watu-question-choice'><input type='radio' name='answer-903[]' id='answer-id-4334' class='answer answer-1  answerof-903' value='4334' \/>&nbsp;<label for='answer-id-4334' id='answer-label-4334' class=' answer label-1'><span class='answer'>1t (1000kg)<\/span><\/label><\/div>\n<input type='hidden' name='answer_ids[]' class='watu-answer-ids' value='4336' \/><div class='watu-question-choice'><input type='radio' name='answer-903[]' id='answer-id-4336' class='answer answer-1  answerof-903' value='4336' \/>&nbsp;<label for='answer-id-4336' id='answer-label-4336' class=' answer label-1'><span class='answer'>57,8kg<\/span><\/label><\/div>\n<input type='hidden' name='answer_ids[]' class='watu-answer-ids' value='4333' \/><div class='watu-question-choice'><input type='radio' name='answer-903[]' id='answer-id-4333' class='answer answer-1  answerof-903' value='4333' \/>&nbsp;<label for='answer-id-4333' id='answer-label-4333' class=' answer label-1'><span class='answer'>578 kg<\/span><\/label><\/div>\n<input type='hidden' name='answer_ids[]' class='watu-answer-ids' value='4335' \/><div class='watu-question-choice'><input type='radio' name='answer-903[]' id='answer-id-4335' class='answer answer-1  answerof-903' value='4335' \/>&nbsp;<label for='answer-id-4335' id='answer-label-4335' class=' answer label-1'><span class='answer'>100kg<\/span><\/label><\/div>\n<\/div><input type='hidden' id='questionType1' value='radio' class=''><\/div><div class='watu-question' id='question-2'><div class='question-content'><p><span class='watu_num'>2. <\/span>Das Wichtigste in der Abfallwirtschaft ist&#8230;<\/p>\n<\/div><input type='hidden' name='question_id[]' value='904' \/><div class='watu-questions-wrap '><input type='hidden' name='answer_ids[]' class='watu-answer-ids' value='4338' \/><div class='watu-question-choice'><input type='radio' name='answer-904[]' id='answer-id-4338' class='answer answer-2  answerof-904' value='4338' \/>&nbsp;<label for='answer-id-4338' id='answer-label-4338' class=' answer label-2'><span class='answer'>das Recycling<\/span><\/label><\/div>\n<input type='hidden' name='answer_ids[]' class='watu-answer-ids' value='4337' \/><div class='watu-question-choice'><input type='radio' name='answer-904[]' id='answer-id-4337' class='answer answer-2  answerof-904' value='4337' \/>&nbsp;<label for='answer-id-4337' id='answer-label-4337' class=' answer label-2'><span class='answer'>die Vermeidung<\/span><\/label><\/div>\n<input type='hidden' name='answer_ids[]' class='watu-answer-ids' value='4340' \/><div class='watu-question-choice'><input type='radio' name='answer-904[]' id='answer-id-4340' class='answer answer-2  answerof-904' value='4340' \/>&nbsp;<label for='answer-id-4340' id='answer-label-4340' class=' answer label-2'><span class='answer'>die thermische Verwertung<\/span><\/label><\/div>\n<input type='hidden' name='answer_ids[]' class='watu-answer-ids' value='4339' \/><div class='watu-question-choice'><input type='radio' name='answer-904[]' id='answer-id-4339' class='answer answer-2  answerof-904' value='4339' \/>&nbsp;<label for='answer-id-4339' id='answer-label-4339' class=' answer label-2'><span class='answer'>die energetische Verwertung<\/span><\/label><\/div>\n<\/div><input type='hidden' id='questionType2' value='radio' class=''><\/div><div class='watu-question' id='question-3'><div class='question-content'><p><span class='watu_num'>3. <\/span>Wie wird Abfall behandelt?<\/p>\n<\/div><input type='hidden' name='question_id[]' value='905' \/><div class='watu-questions-wrap '><input type='hidden' name='answer_ids[]' class='watu-answer-ids' value='4342' \/><div class='watu-question-choice'><input type='checkbox' name='answer-905[]' id='answer-id-4342' class='answer answer-3  answerof-905' value='4342' \/>&nbsp;<label for='answer-id-4342' id='answer-label-4342' class=' answer label-3'><span class='answer'>stoffliche Verwertung<\/span><\/label><\/div>\n<input type='hidden' name='answer_ids[]' class='watu-answer-ids' value='4341' \/><div class='watu-question-choice'><input type='checkbox' name='answer-905[]' id='answer-id-4341' class='answer answer-3  answerof-905' value='4341' \/>&nbsp;<label for='answer-id-4341' id='answer-label-4341' class=' answer label-3'><span class='answer'>thermisch<\/span><\/label><\/div>\n<input type='hidden' name='answer_ids[]' class='watu-answer-ids' value='4343' \/><div class='watu-question-choice'><input type='checkbox' name='answer-905[]' id='answer-id-4343' class='answer answer-3  answerof-905' value='4343' \/>&nbsp;<label for='answer-id-4343' id='answer-label-4343' class=' answer label-3'><span class='answer'>Kompostierung<\/span><\/label><\/div>\n<input type='hidden' name='answer_ids[]' class='watu-answer-ids' value='4344' \/><div class='watu-question-choice'><input type='checkbox' name='answer-905[]' id='answer-id-4344' class='answer answer-3  answerof-905' value='4344' \/>&nbsp;<label for='answer-id-4344' id='answer-label-4344' class=' answer label-3'><span class='answer'>deponieren<\/span><\/label><\/div>\n<\/div><input type='hidden' id='questionType3' value='checkbox' class=''><\/div><div class='watu-question' id='question-4'><div class='question-content'><p><span class='watu_num'>4. <\/span>Wie viele M\u00fclldeponien gibt es in Wien?<\/p>\n<\/div><input type='hidden' name='question_id[]' value='906' \/><div class='watu-questions-wrap '><input type='hidden' name='answer_ids[]' class='watu-answer-ids' value='4347' \/><div class='watu-question-choice'><input type='radio' name='answer-906[]' id='answer-id-4347' class='answer answer-4  answerof-906' value='4347' \/>&nbsp;<label for='answer-id-4347' id='answer-label-4347' class=' answer label-4'><span class='answer'>10<\/span><\/label><\/div>\n<input type='hidden' name='answer_ids[]' class='watu-answer-ids' value='4348' \/><div class='watu-question-choice'><input type='radio' name='answer-906[]' id='answer-id-4348' class='answer answer-4  answerof-906' value='4348' \/>&nbsp;<label for='answer-id-4348' id='answer-label-4348' class=' answer label-4'><span class='answer'>5<\/span><\/label><\/div>\n<input type='hidden' name='answer_ids[]' class='watu-answer-ids' value='4345' \/><div class='watu-question-choice'><input type='radio' name='answer-906[]' id='answer-id-4345' class='answer answer-4  answerof-906' value='4345' \/>&nbsp;<label for='answer-id-4345' id='answer-label-4345' class=' answer label-4'><span class='answer'>keine<\/span><\/label><\/div>\n<input type='hidden' name='answer_ids[]' class='watu-answer-ids' value='4346' \/><div class='watu-question-choice'><input type='radio' name='answer-906[]' id='answer-id-4346' class='answer answer-4  answerof-906' value='4346' \/>&nbsp;<label for='answer-id-4346' id='answer-label-4346' class=' answer label-4'><span class='answer'>eine<\/span><\/label><\/div>\n<\/div><input type='hidden' id='questionType4' value='radio' class=''><\/div><div class='watu-question' id='question-5'><div class='question-content'><p><span class='watu_num'>5. <\/span>Vorteile der M\u00fcllverbrennung sind&#8230;<\/p>\n<\/div><input type='hidden' name='question_id[]' value='907' \/><div class='watu-questions-wrap '><input type='hidden' name='answer_ids[]' class='watu-answer-ids' value='4352' \/><div class='watu-question-choice'><input type='checkbox' name='answer-907[]' id='answer-id-4352' class='answer answer-5  answerof-907' value='4352' \/>&nbsp;<label for='answer-id-4352' id='answer-label-4352' class=' answer label-5'><span class='answer'>keine Vorteile<\/span><\/label><\/div>\n<input type='hidden' name='answer_ids[]' class='watu-answer-ids' value='4351' \/><div class='watu-question-choice'><input type='checkbox' name='answer-907[]' id='answer-id-4351' class='answer answer-5  answerof-907' value='4351' \/>&nbsp;<label for='answer-id-4351' id='answer-label-4351' class=' answer label-5'><span class='answer'>Reduktion der Schadstoffe<\/span><\/label><\/div>\n<input type='hidden' name='answer_ids[]' class='watu-answer-ids' value='4349' \/><div class='watu-question-choice'><input type='checkbox' name='answer-907[]' id='answer-id-4349' class='answer answer-5  answerof-907' value='4349' \/>&nbsp;<label for='answer-id-4349' id='answer-label-4349' class=' answer label-5'><span class='answer'>Energetische Nutzung (Fernw\u00e4rme)<\/span><\/label><\/div>\n<input type='hidden' name='answer_ids[]' class='watu-answer-ids' value='4350' \/><div class='watu-question-choice'><input type='checkbox' name='answer-907[]' id='answer-id-4350' class='answer answer-5  answerof-907' value='4350' \/>&nbsp;<label for='answer-id-4350' id='answer-label-4350' class=' answer label-5'><span class='answer'>Reduktion der Abfallmenge<\/span><\/label><\/div>\n<\/div><input type='hidden' id='questionType5' value='checkbox' class=''><\/div><div style='display:none' id='question-6'><br \/><div class='question-content'><img src=\"http:\/\/nawi.naturundbildung.at\/wp\/wp-content\/plugins\/watu\/loading.gif\" width=\"16\" height=\"16\" alt=\"Loading ...\" title=\"Loading ...\" \/>&nbsp;Loading &#8230;<\/div><\/div><br \/>\n\t<p>Question <span id='numQ'>1<\/span> of 5<\/p>\n\t\t<input type=\"button\" id=\"next-question\" value=\"Next &gt;\"  \/>\n<input type=\"button\" name=\"action\" onclick=\"Watu.submitResult()\" id=\"action-button\" value=\"Submit\"  class=\"watu-submit-button\" \/>\n<input type=\"hidden\" name=\"no_ajax\" value=\"0\"><input type=\"hidden\" name=\"quiz_id\" value=\"113\" \/>\n<input type=\"hidden\" id=\"watuStartTime\" name=\"start_time\" value=\"2026-04-30 14:23:01\" \/>\n<\/form>\n<\/div>\n<div id=\"watu-loading-result\" style=\"display:none;\">\n\t<p align=\"center\"><img src=\"http:\/\/nawi.naturundbildung.at\/wp\/wp-content\/plugins\/watu\/loading.gif\" width=\"16\" height=\"16\" alt=\"Loading\" title=\"Loading\" \/><\/p>\n<\/div>\t\n<script type=\"text\/javascript\">\nvar exam_id=0;\nvar question_ids='';\nvar watuURL='';\njQuery(function($){\nquestion_ids = \"903,904,905,906,907\";\nexam_id = 113;\nWatu.exam_id = exam_id;\nWatu.qArr = question_ids.split(',');\nWatu.post_id = 1064;\nWatu.singlePage = '0';\nWatu.hAppID = \"0.75989900 1777558981\";\nwatuURL = \"http:\/\/nawi.naturundbildung.at\/wp\/wp-admin\/admin-ajax.php\";\nWatu.noAlertUnanswered = 0;\n});\n<\/script>\n","protected":false},"excerpt":{"rendered":"<p>An erster Stelle Stelle in der Abfallwirtschaft steht immer die Abfallvermeidung. Trotzdem steigen die Abfallmengen weltweit stetig an. Definition des Abfallbegriffs Durch das Kreislaufwirtschafts- und Abfallgesetz ist der Abfallbegriff erheblich erweitert worden. Die bisherigen Bezeichnungen wie Abfall, Reststoff, Wertstoff, Wirtschaftsgut oder Sekund\u00e4rrohstoff, die h\u00e4ufig zu Verwirrungen gef\u00fchrt haben, sind weggefallen.<\/p>\n","protected":false},"author":1,"featured_media":0,"parent":35,"menu_order":0,"comment_status":"open","ping_status":"open","template":"","meta":{"ngg_post_thumbnail":0},"aioseo_notices":[],"_links":{"self":[{"href":"http:\/\/nawi.naturundbildung.at\/wp\/index.php?rest_route=\/wp\/v2\/pages\/1064"}],"collection":[{"href":"http:\/\/nawi.naturundbildung.at\/wp\/index.php?rest_route=\/wp\/v2\/pages"}],"about":[{"href":"http:\/\/nawi.naturundbildung.at\/wp\/index.php?rest_route=\/wp\/v2\/types\/page"}],"author":[{"embeddable":true,"href":"http:\/\/nawi.naturundbildung.at\/wp\/index.php?rest_route=\/wp\/v2\/users\/1"}],"replies":[{"embeddable":true,"href":"http:\/\/nawi.naturundbildung.at\/wp\/index.php?rest_route=%2Fwp%2Fv2%2Fcomments&post=1064"}],"version-history":[{"count":6,"href":"http:\/\/nawi.naturundbildung.at\/wp\/index.php?rest_route=\/wp\/v2\/pages\/1064\/revisions"}],"predecessor-version":[{"id":5068,"href":"http:\/\/nawi.naturundbildung.at\/wp\/index.php?rest_route=\/wp\/v2\/pages\/1064\/revisions\/5068"}],"up":[{"embeddable":true,"href":"http:\/\/nawi.naturundbildung.at\/wp\/index.php?rest_route=\/wp\/v2\/pages\/35"}],"wp:attachment":[{"href":"http:\/\/nawi.naturundbildung.at\/wp\/index.php?rest_route=%2Fwp%2Fv2%2Fmedia&parent=1064"}],"curies":[{"name":"wp","href":"https:\/\/api.w.org\/{rel}","templated":true}]}}