{"id":1641,"date":"2014-06-05T06:19:36","date_gmt":"2014-06-05T06:19:36","guid":{"rendered":"http:\/\/nawi.naturundbildung.at\/wp\/?page_id=1641"},"modified":"2014-06-16T10:22:52","modified_gmt":"2014-06-16T10:22:52","slug":"papier-schoepfen-2hmb-im-hort","status":"publish","type":"page","link":"http:\/\/nawi.naturundbildung.at\/wp\/?page_id=1641","title":{"rendered":"Papier sch\u00f6pfen"},"content":{"rendered":"<p>Am Montag den 17. M\u00e4rz 2014 besuchte die 2HMB den Hort in Floridsdorf, um dort in Zusammenarbeit mit den Kindern chemische Experimente auszuprobieren und zu erkl\u00e4ren.<\/p>\n<p>Die Kinder im Alter von 5-10 Jahren waren, genauso wie wir, gespannt auf die gemeinsame Erarbeitung der Versuche.<\/p>\n<p>Die Hortkinder wurden in drei gleichgro\u00dfe Gruppen geteilt, ebenso wie wir die Sch\u00fcler und Sch\u00fclerinnen der 2HMB.<\/p>\n<p>Jede unserer Gruppen hatte ein eigenes Experiment vorzubereiten und zu erarbeiten.<\/p>\n<p>Unsere Gruppe hat sich mit dem Versuch <strong>\u201ePapiersch\u00f6pfen\u201c <\/strong>besch\u00e4ftigt.<\/p>\n<p>Wir haben gemeinsam mit den Kindern aus alten Zeitungen neues Papier gemacht.<\/p>\n<p>Dazu ben\u00f6tigten wir blo\u00df:<\/p>\n<ul>\n<li>\u00a0einen Stapel alter Zeitungen<\/li>\n<li>eine Wanne<\/li>\n<li>einen P\u00fcrierstab<\/li>\n<li>Holzrahmen<\/li>\n<li>einen Kochtopf<\/li>\n<li>Handt\u00fccher<\/li>\n<li>und Wasser<\/li>\n<\/ul>\n<p>Zuerst haben die Kinder und wir die alten Zeitungen zu kleinen St\u00fccken gerissen, anschlie\u00dfend in den Kochtopf gegeben und hei\u00dfes Wasser aufgegossen.<\/p>\n<p>Nachdem das Papier eingeweicht wurde p\u00fcrierten wir es mit dem P\u00fcrierstab so lange bis eine Babybrei \u00e4hnlichen Konsistenz entstand.<\/p>\n<p>Danach kam es zum kniffligen Teil des Versuches. In die Wanne gossen wir 2-3 l Wasser und leerten den Papierbrei dazu. Anschlie\u00dfend kam jedes Kind mit dessen Holzrahmen zu uns und hielt ihn ins Wasser.<\/p>\n<p>Da eine Seite des Holzrahmens mit einem Fliegengitter \u00fcberspannt war, floss das Wasser beim heraufholen des Rahmens durch, der Papierbrei blieb jedoch im Rahmen drinnen.<\/p>\n<p>Nun musste man das Wasser nur noch abtropfen lassen und den Holzrahmen mit der Papiermasse darauf vorsichtig auf eine Unterlage kippen. Danach die restliche Fl\u00fcssigkeit mit dem Handtuch herausdr\u00fccken und den Rahmen entfernen.<\/p>\n<p>\u00dcbrig blieb eine glatte Papierschicht, die man zum Trocknen auf ein sicheres Pl\u00e4tzchen legen sollte.<\/p>\n<p><strong>Wir haben diesen Tag im Hort in Floridsdorf als sehr lehrreich empfunden und hoffen, dass dies auch auf die Hortkinder zutrifft!<\/strong><\/p>\n\r\n\t\t<style type='text\/css'>\r\n\t\t\t#gallery-1 {\r\n\t\t\t\tmargin: auto;\r\n\t\t\t}\r\n\t\t\t#gallery-1 .gallery-item {\r\n\t\t\t\tfloat: left;\r\n\t\t\t\tmargin-top: 10px;\r\n\t\t\t\ttext-align: center;\r\n\t\t\t\twidth: 33%;\r\n\t\t\t}\r\n\t\t\t#gallery-1 img {\r\n\t\t\t\tborder: 2px solid #cfcfcf;\r\n\t\t\t}\r\n\t\t\t#gallery-1 .gallery-caption {\r\n\t\t\t\tmargin-left: 0;\r\n\t\t\t}\r\n\t\t<\/style>\r\n\t\t<!-- see gallery_shortcode() in wp-includes\/media.php -->\n\t\t<div id='gallery-1' class='gallery galleryid-1641 gallery-columns-3 gallery-size-thumbnail gallery1'><script type=\"text\/javascript\">\r\n\/\/ <![CDATA[\r\n\tjQuery(document).ready(function () {\r\n\t\tjQuery(\".gallery1 a\").attr(\"rel\",\"gallery1\");\t\r\n\t\tjQuery('a[rel=\"gallery1\"]').colorbox({maxWidth:\"95%\", maxHeight:\"95%\",title: function(){ return jQuery(this).children().attr(\"alt\"); }, });\r\n\t});\r\n\/\/ ]]>\r\n<\/script>\n<dl class=\"gallery-item\">\n<dt class=\"gallery-icon\">\r\n<a href=\"http:\/\/nawi.naturundbildung.at\/wp\/wp-content\/uploads\/2014\/06\/papier-5.jpg\" title=\"Papier wird gerissen...\" rel=\"gallery1\"><img src=\"http:\/\/nawi.naturundbildung.at\/wp\/wp-content\/uploads\/2014\/06\/papier-5-150x150.jpg\" width=\"150\" height=\"150\" alt=\"papier-5\" \/><\/a>\r\n<\/dt><dd class=\"gallery-caption\" id=\"caption1648\"><span class=\"imagecaption\">Papier wird gerissen...<\/span><br \/>\n<span class=\"imagedescription\">papier-5<\/span><br \/>\n<\/dd><\/dl><dl class=\"gallery-item\">\n<dt class=\"gallery-icon\">\r\n<a href=\"http:\/\/nawi.naturundbildung.at\/wp\/wp-content\/uploads\/2014\/06\/papier-1.jpg\" title=\"...gesch\u00f6pft...\" rel=\"gallery1\"><img src=\"http:\/\/nawi.naturundbildung.at\/wp\/wp-content\/uploads\/2014\/06\/papier-1-150x150.jpg\" width=\"150\" height=\"150\" alt=\"papier-1\" \/><\/a>\r\n<\/dt><dd class=\"gallery-caption\" id=\"caption1644\"><span class=\"imagecaption\">...gesch\u00f6pft...<\/span><br \/>\n<span class=\"imagedescription\">papier-1<\/span><br \/>\n<\/dd><\/dl><dl class=\"gallery-item\">\n<dt class=\"gallery-icon\">\r\n<a href=\"http:\/\/nawi.naturundbildung.at\/wp\/wp-content\/uploads\/2014\/06\/papier-schoepfen1.jpg\" title=\"...der Papierbrei bleibt h\u00e4ngen...\" rel=\"gallery1\"><img src=\"http:\/\/nawi.naturundbildung.at\/wp\/wp-content\/uploads\/2014\/06\/papier-schoepfen1-150x150.jpg\" width=\"150\" height=\"150\" alt=\"...der Papierbrei bleibt h\u00e4ngen...\" \/><\/a>\r\n<\/dt><dd class=\"gallery-caption\" id=\"caption2136\"><span class=\"imagecaption\">...der Papierbrei bleibt h\u00e4ngen...<\/span><br \/>\n<\/dd><\/dl><br style=\"clear: both\" \/><dl class=\"gallery-item\">\n<dt class=\"gallery-icon\">\r\n<a href=\"http:\/\/nawi.naturundbildung.at\/wp\/wp-content\/uploads\/2014\/06\/papier-2.jpg\" title=\"ganz sch\u00f6n schwierig!\" rel=\"gallery1\"><img src=\"http:\/\/nawi.naturundbildung.at\/wp\/wp-content\/uploads\/2014\/06\/papier-2-150x150.jpg\" width=\"150\" height=\"150\" alt=\"papier-2\" \/><\/a>\r\n<\/dt><dd class=\"gallery-caption\" id=\"caption1645\"><span class=\"imagecaption\">ganz sch\u00f6n schwierig!<\/span><br \/>\n<span class=\"imagedescription\">papier-2<\/span><br \/>\n<\/dd><\/dl><dl class=\"gallery-item\">\n<dt class=\"gallery-icon\">\r\n<a href=\"http:\/\/nawi.naturundbildung.at\/wp\/wp-content\/uploads\/2014\/06\/papier-4.jpg\" title=\"...trocknen!\" rel=\"gallery1\"><img src=\"http:\/\/nawi.naturundbildung.at\/wp\/wp-content\/uploads\/2014\/06\/papier-4-150x150.jpg\" width=\"150\" height=\"150\" alt=\"papier-4\" \/><\/a>\r\n<\/dt><dd class=\"gallery-caption\" id=\"caption1647\"><span class=\"imagecaption\">...trocknen!<\/span><br \/>\n<span class=\"imagedescription\">papier-4<\/span><br \/>\n<\/dd><\/dl><dl class=\"gallery-item\">\n<dt class=\"gallery-icon\">\r\n<a href=\"http:\/\/nawi.naturundbildung.at\/wp\/wp-content\/uploads\/2014\/06\/papier-3.jpg\" title=\"...und vorsichtig kippen!\" rel=\"gallery1\"><img src=\"http:\/\/nawi.naturundbildung.at\/wp\/wp-content\/uploads\/2014\/06\/papier-3-150x150.jpg\" width=\"150\" height=\"150\" alt=\"papier-3\" \/><\/a>\r\n<\/dt><dd class=\"gallery-caption\" id=\"caption1646\"><span class=\"imagecaption\">...und vorsichtig kippen!<\/span><br \/>\n<span class=\"imagedescription\">papier-3<\/span><br \/>\n<\/dd><\/dl><br style=\"clear: both\" \/><dl class=\"gallery-item\">\n<dt class=\"gallery-icon\">\r\n<a href=\"http:\/\/nawi.naturundbildung.at\/wp\/wp-content\/uploads\/2014\/06\/Fast-fertiges-Papier.jpg\" title=\"Fast-fertiges-Papier!\" rel=\"gallery1\"><img src=\"http:\/\/nawi.naturundbildung.at\/wp\/wp-content\/uploads\/2014\/06\/Fast-fertiges-Papier-150x150.jpg\" width=\"150\" height=\"150\" alt=\"Fast-fertiges-Papier!\" \/><\/a>\r\n<\/dt><dd class=\"gallery-caption\" id=\"caption1791\"><span class=\"imagecaption\">Fast-fertiges-Papier!<\/span><br \/>\n<span class=\"imagedescription\">Fast-fertiges-Papier!<\/span><br \/>\n<\/dd><\/dl><dl class=\"gallery-item\">\n<dt class=\"gallery-icon\">\r\n<a href=\"http:\/\/nawi.naturundbildung.at\/wp\/wp-content\/uploads\/2014\/06\/Papier.jpg\" title=\"fertiges Papier\" rel=\"gallery1\"><img src=\"http:\/\/nawi.naturundbildung.at\/wp\/wp-content\/uploads\/2014\/06\/Papier-150x150.jpg\" width=\"150\" height=\"150\" alt=\"fertiges Papier\" \/><\/a>\r\n<\/dt><dd class=\"gallery-caption\" id=\"caption2139\"><span class=\"imagecaption\">fertiges Papier<\/span><br \/>\n<span class=\"imagedescription\">fertiges Papier<\/span><br \/>\n<\/dd><\/dl>\r\n\t\t\t<br style='clear: both' \/>\r\n\t\t<\/div>\n\n<p>Diana Maliqi, Julia Dutzi, Sarah Mpunga, 2HMB, HLMW9, 2014<\/p>\n<p>&nbsp;<\/p>\n<p>&nbsp;<\/p>\n<p>&nbsp;<\/p>\n","protected":false},"excerpt":{"rendered":"<p>Am Montag den 17. M\u00e4rz 2014 besuchte die 2HMB den Hort in Floridsdorf, um dort in Zusammenarbeit mit den Kindern chemische Experimente auszuprobieren und zu erkl\u00e4ren. Die Kinder im Alter von 5-10 Jahren waren, genauso wie wir, gespannt auf die gemeinsame Erarbeitung der Versuche. Die Hortkinder wurden in drei gleichgro\u00dfe<\/p>\n","protected":false},"author":1,"featured_media":0,"parent":209,"menu_order":0,"comment_status":"open","ping_status":"open","template":"","meta":{"ngg_post_thumbnail":0},"aioseo_notices":[],"_links":{"self":[{"href":"http:\/\/nawi.naturundbildung.at\/wp\/index.php?rest_route=\/wp\/v2\/pages\/1641"}],"collection":[{"href":"http:\/\/nawi.naturundbildung.at\/wp\/index.php?rest_route=\/wp\/v2\/pages"}],"about":[{"href":"http:\/\/nawi.naturundbildung.at\/wp\/index.php?rest_route=\/wp\/v2\/types\/page"}],"author":[{"embeddable":true,"href":"http:\/\/nawi.naturundbildung.at\/wp\/index.php?rest_route=\/wp\/v2\/users\/1"}],"replies":[{"embeddable":true,"href":"http:\/\/nawi.naturundbildung.at\/wp\/index.php?rest_route=%2Fwp%2Fv2%2Fcomments&post=1641"}],"version-history":[{"count":10,"href":"http:\/\/nawi.naturundbildung.at\/wp\/index.php?rest_route=\/wp\/v2\/pages\/1641\/revisions"}],"predecessor-version":[{"id":2140,"href":"http:\/\/nawi.naturundbildung.at\/wp\/index.php?rest_route=\/wp\/v2\/pages\/1641\/revisions\/2140"}],"up":[{"embeddable":true,"href":"http:\/\/nawi.naturundbildung.at\/wp\/index.php?rest_route=\/wp\/v2\/pages\/209"}],"wp:attachment":[{"href":"http:\/\/nawi.naturundbildung.at\/wp\/index.php?rest_route=%2Fwp%2Fv2%2Fmedia&parent=1641"}],"curies":[{"name":"wp","href":"https:\/\/api.w.org\/{rel}","templated":true}]}}