{"id":2027,"date":"2014-06-12T15:42:40","date_gmt":"2014-06-12T15:42:40","guid":{"rendered":"http:\/\/nawi.naturundbildung.at\/wp\/?page_id=2027"},"modified":"2018-02-20T20:41:33","modified_gmt":"2018-02-20T20:41:33","slug":"osmose-diffusion","status":"publish","type":"page","link":"http:\/\/nawi.naturundbildung.at\/wp\/?page_id=2027","title":{"rendered":"Diffusion &#038; Osmose"},"content":{"rendered":"<p>Der Wassertransport in und aus Zellen erfolgt direkt durch die Zellmembran, mittels Osmose. Dies geschieht entlang eines Konzentrationsgef\u00e4lles. Sollen gr\u00f6\u00dfere Molek\u00fcle oder Ionen in die Zelle oder aus der Zelle raus transportiert werden, geschieht dies mittels sogenannter Transportproteine, die wie Schleusen funktionieren und an mehreren Stellen in die Zellmembran integriert sind.<\/p>\n<h5>Diffusion<\/h5>\n<p>&nbsp;<\/p>\n<p><a href=\"http:\/\/nawi.naturundbildung.at\/wp\/wp-content\/uploads\/2018\/02\/IMG_5492.jpg\"><img loading=\"lazy\" class=\"wp-image-4497 alignright\" src=\"http:\/\/nawi.naturundbildung.at\/wp\/wp-content\/uploads\/2018\/02\/IMG_5492.jpg\" alt=\"\" width=\"200\" height=\"200\" srcset=\"http:\/\/nawi.naturundbildung.at\/wp\/wp-content\/uploads\/2018\/02\/IMG_5492.jpg 3888w, http:\/\/nawi.naturundbildung.at\/wp\/wp-content\/uploads\/2018\/02\/IMG_5492-150x150.jpg 150w, http:\/\/nawi.naturundbildung.at\/wp\/wp-content\/uploads\/2018\/02\/IMG_5492-300x300.jpg 300w, http:\/\/nawi.naturundbildung.at\/wp\/wp-content\/uploads\/2018\/02\/IMG_5492-768x768.jpg 768w, http:\/\/nawi.naturundbildung.at\/wp\/wp-content\/uploads\/2018\/02\/IMG_5492-1024x1024.jpg 1024w, http:\/\/nawi.naturundbildung.at\/wp\/wp-content\/uploads\/2018\/02\/IMG_5492-225x225.jpg 225w, http:\/\/nawi.naturundbildung.at\/wp\/wp-content\/uploads\/2018\/02\/IMG_5492-60x60.jpg 60w\" sizes=\"(max-width: 200px) 100vw, 200px\" \/><\/a>Diffusion ist eine von selbst verlaufende Durchmischung von zwei oder mehreren verschiedenen Stoffen. Diese Durchmischung entsteht durch die Bewegungen der Teilchen (Brown&#8217;sche Molekularbewegung) und verl\u00e4uft gleichm\u00e4\u00dfig in alle Richtungen.<\/p>\n<p>Der lokale Konzentrationsunterschied der Teilchen ist dabei die treibende Kraft, der \u201eMotor\u201c der Diffusion. Die Diffusion f\u00fchrt ohne Einwirkung von \u00e4u\u00dferen Kr\u00e4ften zu einer gleichm\u00e4\u00dfigen Verteilung der Teilchen. Die Diffusion findet in allen Aggregatzust\u00e4nden statt. \u00c4u\u00dfere Einfl\u00fcsse wie elektrisches Potenzial, Temperatur- oder Druckunterschiede k\u00f6nnen die Geschwindigkeit und Richtung der Diffusion beeinflussen.<\/p>\n<p>Dank der Diffusion vermischen sich etwa Milch und Zucker gleichm\u00e4\u00dfig mit Kaffee, f\u00fcr alle, die zu faul zum Umr\u00fchren sind, wenn man den Kaffee nur lange genug stehen l\u00e4sst. Allerdings geht es schneller, wenn Kaffe und Milch hei\u00df sind.<\/p>\n<p>&nbsp;<\/p>\n<h5>Osmose<\/h5>\n<p>&nbsp;<\/p>\n<p><a href=\"http:\/\/nawi.naturundbildung.at\/wp\/wp-content\/uploads\/2018\/02\/beginnende-Plasmolyse-Hornek_Pascal.png\"><img loading=\"lazy\" class=\"wp-image-4506 alignleft\" src=\"http:\/\/nawi.naturundbildung.at\/wp\/wp-content\/uploads\/2018\/02\/beginnende-Plasmolyse-Hornek_Pascal.png\" alt=\"\" width=\"200\" height=\"199\" srcset=\"http:\/\/nawi.naturundbildung.at\/wp\/wp-content\/uploads\/2018\/02\/beginnende-Plasmolyse-Hornek_Pascal.png 650w, http:\/\/nawi.naturundbildung.at\/wp\/wp-content\/uploads\/2018\/02\/beginnende-Plasmolyse-Hornek_Pascal-150x150.png 150w, http:\/\/nawi.naturundbildung.at\/wp\/wp-content\/uploads\/2018\/02\/beginnende-Plasmolyse-Hornek_Pascal-300x300.png 300w, http:\/\/nawi.naturundbildung.at\/wp\/wp-content\/uploads\/2018\/02\/beginnende-Plasmolyse-Hornek_Pascal-225x225.png 225w, http:\/\/nawi.naturundbildung.at\/wp\/wp-content\/uploads\/2018\/02\/beginnende-Plasmolyse-Hornek_Pascal-60x60.png 60w\" sizes=\"(max-width: 200px) 100vw, 200px\" \/><\/a>Osmose ist im Prinzip eine Diffusion durch eine halbdurchl\u00e4ssige<\/p>\n<div id=\"attachment_4507\" style=\"width: 210px\" class=\"wp-caption alignright\"><a href=\"http:\/\/nawi.naturundbildung.at\/wp\/wp-content\/uploads\/2018\/02\/Plasmolyse-Zemen_Carina.png\"><img aria-describedby=\"caption-attachment-4507\" loading=\"lazy\" class=\"wp-image-4507\" src=\"http:\/\/nawi.naturundbildung.at\/wp\/wp-content\/uploads\/2018\/02\/Plasmolyse-Zemen_Carina.png\" alt=\"Plasmolyse-Zemen_Carina\" width=\"200\" height=\"204\" srcset=\"http:\/\/nawi.naturundbildung.at\/wp\/wp-content\/uploads\/2018\/02\/Plasmolyse-Zemen_Carina.png 806w, http:\/\/nawi.naturundbildung.at\/wp\/wp-content\/uploads\/2018\/02\/Plasmolyse-Zemen_Carina-294x300.png 294w, http:\/\/nawi.naturundbildung.at\/wp\/wp-content\/uploads\/2018\/02\/Plasmolyse-Zemen_Carina-768x783.png 768w, http:\/\/nawi.naturundbildung.at\/wp\/wp-content\/uploads\/2018\/02\/Plasmolyse-Zemen_Carina-60x60.png 60w\" sizes=\"(max-width: 200px) 100vw, 200px\" \/><\/a><p id=\"caption-attachment-4507\" class=\"wp-caption-text\">Plasmolyse-Zemen_Carina<\/p><\/div>\n<p>(semipermeable) Membran. In der Natur sind das z.B. die Zellmembranen oder auch die Haut von Kirschen.<\/p>\n<p>Auch bei der Osmose streben die Teilchen einen Konzentrationsausgleich zwischen Innen- und Au\u00dfenraum der Membran an. Da durch die halbdurchl\u00e4ssige Membran zwar die kleinen Wassermolek\u00fcle diffundieren k\u00f6nnen, aber nicht die gr\u00f6\u00dferen Zuckermolek\u00fcle oder Salz-Ionen, flie\u00dft das Wasser immer vom Ort mit weniger gel\u00f6sten Teilchen in Richtung des Ortes mit mehr gel\u00f6sten Teilchen. Der sogenannte \u201eosmotische Druck\u201c besteht solange, bis es zum Ausgleich der Konzentrationen auf beiden Membranseiten gekommen ist. Ab diesem Zeitpunkt flie\u00dft in beide Richtungen die gleiche Menge an Wasser (isotonischer Zustand).<\/p>\n<p>Osmose l\u00e4sst sich bei der Plasmolyse beobachten: betr\u00e4ufelt man Zwiebelhautzellen mit Kochsalzl\u00f6sung, so entzieht das Kochsalz den Zellen osmotisch Wasser: Im Inneren der Zelle ist der Salzgehalt niedriger als au\u00dferhalb. Salz kann durch die Zellmembran nicht diffundieren, also folgt Wasser aus dem Zellplasma dem Konzentrationsgef\u00e4lle nach au\u00dfen, um die Salzkonzentrationen auszugleichen. Der Zellk\u00f6rper schrumpft in der Folge und l\u00f6st sich von der Zellwand.<\/p>\n<p>Umgekehrt verh\u00e4lt es sich bei aufplatzenden Kirschen. Wenn Regen auf vollreife Kirschen f\u00e4llt, so diffundieren Wassertropfen ins Innere der Kirsche, um die Konzentration an Zuckermolek\u00fclen auszugleichen, bis die Kirsche platzt.<\/p>\n<p>Quellen:<\/p>\n<p><a href=\"http:\/\/www.chemgapedia.de\/vsengine\/vlu\/vsc\/de\/ch\/8\/bc\/vlu\/transport\/pass_transport.vlu\/Page\/vsc\/de\/ch\/8\/bc\/transport\/diffusion1.vscml.html\">http:\/\/www.chemgapedia.de\/vsengine\/vlu\/vsc\/de\/ch\/8\/bc\/vlu\/transport\/pass_transport.vlu\/Page\/vsc\/de\/ch\/8\/bc\/transport\/diffusion1.vscml.html<\/a><\/p>\n<p><a href=\"http:\/\/www.biologie-schule.de\/osmose.php\">http:\/\/www.biologie-schule.de\/osmose.php<\/a><\/p>\n\r\n\t\t<style type='text\/css'>\r\n\t\t\t#gallery-1 {\r\n\t\t\t\tmargin: auto;\r\n\t\t\t}\r\n\t\t\t#gallery-1 .gallery-item {\r\n\t\t\t\tfloat: left;\r\n\t\t\t\tmargin-top: 10px;\r\n\t\t\t\ttext-align: center;\r\n\t\t\t\twidth: 33%;\r\n\t\t\t}\r\n\t\t\t#gallery-1 img {\r\n\t\t\t\tborder: 2px solid #cfcfcf;\r\n\t\t\t}\r\n\t\t\t#gallery-1 .gallery-caption {\r\n\t\t\t\tmargin-left: 0;\r\n\t\t\t}\r\n\t\t<\/style>\r\n\t\t<!-- see gallery_shortcode() in wp-includes\/media.php -->\n\t\t<div id='gallery-1' class='gallery galleryid-2027 gallery-columns-3 gallery-size-thumbnail gallery1'><script type=\"text\/javascript\">\r\n\/\/ <![CDATA[\r\n\tjQuery(document).ready(function () {\r\n\t\tjQuery(\".gallery1 a\").attr(\"rel\",\"gallery1\");\t\r\n\t\tjQuery('a[rel=\"gallery1\"]').colorbox({maxWidth:\"95%\", maxHeight:\"95%\",title: function(){ return jQuery(this).children().attr(\"alt\"); }, });\r\n\t});\r\n\/\/ ]]>\r\n<\/script>\n<dl class=\"gallery-item\">\n<dt class=\"gallery-icon\">\r\n<a href=\"http:\/\/nawi.naturundbildung.at\/wp\/wp-content\/uploads\/2018\/02\/IMG_5473.jpg\" title=\"Diffusion\" rel=\"gallery1\"><img src=\"http:\/\/nawi.naturundbildung.at\/wp\/wp-content\/uploads\/2018\/02\/IMG_5473-150x150.jpg\" width=\"150\" height=\"150\" alt=\"Diffusion\" \/><\/a>\r\n<\/dt><dd class=\"gallery-caption\" id=\"caption4488\"><span class=\"imagecaption\">Diffusion<\/span><br \/>\n<\/dd><\/dl><dl class=\"gallery-item\">\n<dt class=\"gallery-icon\">\r\n<a href=\"http:\/\/nawi.naturundbildung.at\/wp\/wp-content\/uploads\/2018\/02\/IMG_5492.jpg\" title=\"Diffusion-2\" rel=\"gallery1\"><img src=\"http:\/\/nawi.naturundbildung.at\/wp\/wp-content\/uploads\/2018\/02\/IMG_5492-150x150.jpg\" width=\"150\" height=\"150\" alt=\"Diffusion-2\" \/><\/a>\r\n<\/dt><dd class=\"gallery-caption\" id=\"caption4497\"><span class=\"imagecaption\">Diffusion-2<\/span><br \/>\n<\/dd><\/dl><dl class=\"gallery-item\">\n<dt class=\"gallery-icon\">\r\n<a href=\"http:\/\/nawi.naturundbildung.at\/wp\/wp-content\/uploads\/2018\/02\/beginnende-Plasmolyse-Hornek_Pascal.png\" title=\"beginnende Plasmolyse-Hornek_Pascal\" rel=\"gallery1\"><img src=\"http:\/\/nawi.naturundbildung.at\/wp\/wp-content\/uploads\/2018\/02\/beginnende-Plasmolyse-Hornek_Pascal-150x150.png\" width=\"150\" height=\"150\" alt=\"beginnende Plasmolyse-Hornek_Pascal\" \/><\/a>\r\n<\/dt><dd class=\"gallery-caption\" id=\"caption4506\"><span class=\"imagecaption\">beginnende Plasmolyse-Hornek_Pascal<\/span><br \/>\n<span class=\"imagedescription\">beginnende Plasmolyse-Hornek_Pascal<\/span><br \/>\n<\/dd><\/dl><br style=\"clear: both\" \/><dl class=\"gallery-item\">\n<dt class=\"gallery-icon\">\r\n<a href=\"http:\/\/nawi.naturundbildung.at\/wp\/wp-content\/uploads\/2018\/02\/Plasmolyse-Zemen_Carina.png\" title=\"Plasmolyse-Zemen_Carina\" rel=\"gallery1\"><img src=\"http:\/\/nawi.naturundbildung.at\/wp\/wp-content\/uploads\/2018\/02\/Plasmolyse-Zemen_Carina-150x150.png\" width=\"150\" height=\"150\" alt=\"Plasmolyse-Zemen_Carina\" \/><\/a>\r\n<\/dt><dd class=\"gallery-caption\" id=\"caption4507\"><span class=\"imagecaption\">Plasmolyse-Zemen_Carina<\/span><br \/>\n<span class=\"imagedescription\">Plasmolyse-Zemen_Carina<\/span><br \/>\n<\/dd><\/dl><dl class=\"gallery-item\">\n<dt class=\"gallery-icon\">\r\n<a href=\"http:\/\/nawi.naturundbildung.at\/wp\/wp-content\/uploads\/2018\/02\/Zwiebelhautzellen-Virginia_Kals_HLTW21-2014.png\" title=\"beginnende Plasmolyse-Kals-HLTW21\" rel=\"gallery1\"><img src=\"http:\/\/nawi.naturundbildung.at\/wp\/wp-content\/uploads\/2018\/02\/Zwiebelhautzellen-Virginia_Kals_HLTW21-2014-150x150.png\" width=\"150\" height=\"150\" alt=\"beginnende Plasmolyse-Kals-HLTW21\" \/><\/a>\r\n<\/dt><dd class=\"gallery-caption\" id=\"caption4694\"><span class=\"imagecaption\">beginnende Plasmolyse-Kals-HLTW21<\/span><br \/>\n<\/dd><\/dl><dl class=\"gallery-item\">\n<dt class=\"gallery-icon\">\r\n<a href=\"http:\/\/nawi.naturundbildung.at\/wp\/wp-content\/uploads\/2018\/02\/Plasmolyse-Virginia_Kals_HLTW21-2014-e1519159130849.png\" title=\"Plasmolyse-Kals-HLTW21-14\" rel=\"gallery1\"><img src=\"http:\/\/nawi.naturundbildung.at\/wp\/wp-content\/uploads\/2018\/02\/Plasmolyse-Virginia_Kals_HLTW21-2014-e1519159130849-150x150.png\" width=\"150\" height=\"150\" alt=\"Plasmolyse-Kals-HLTW21-14\" \/><\/a>\r\n<\/dt><dd class=\"gallery-caption\" id=\"caption4695\"><span class=\"imagecaption\">Plasmolyse-Kals-HLTW21-14<\/span><br \/>\n<\/dd><\/dl><br style=\"clear: both\" \/>\r\n\t\t<\/div>\n\n<p>Silke Geroldinger, 2018; Bilder: Zemen Carina, 3HIA, 2015; Horner Pascal, 1FKA, 2017 und Virginia Kals, 2HKA, HLTW21, 2014<\/p>\n<div id=\"watu_quiz\" class=\"quiz-area \">\n<p><p>Teste Dein Wissen:<\/p>\n<\/p><form action=\"\" method=\"post\" class=\"quiz-form \" id=\"quiz-87\" >\n<div class='watu-question' id='question-1'><div class='question-content'><p><span class='watu_num'>1. <\/span>Was versteht man unter Diffusion<\/p>\n<\/div><input type='hidden' name='question_id[]' value='706' \/><div class='watu-questions-wrap '><input type='hidden' name='answer_ids[]' class='watu-answer-ids' value='3440' \/><div class='watu-question-choice'><input type='radio' name='answer-706[]' id='answer-id-3440' class='answer answer-1  answerof-706' value='3440' \/>&nbsp;<label for='answer-id-3440' id='answer-label-3440' class=' answer label-1'><span class='answer'>Gleichm\u00e4\u00dfige Verteilung von mehreren Teilchen ohne Zutun von au\u00dfen, um ein Konzentrationsgef\u00e4lle auszugleichen<\/span><\/label><\/div>\n<input type='hidden' name='answer_ids[]' class='watu-answer-ids' value='3441' \/><div class='watu-question-choice'><input type='radio' name='answer-706[]' id='answer-id-3441' class='answer answer-1  answerof-706' value='3441' \/>&nbsp;<label for='answer-id-3441' id='answer-label-3441' class=' answer label-1'><span class='answer'>Gleichm\u00e4\u00dfige Verteilung von mehreren Teilchen, durch eine halbdurchl\u00e4ssige Membran, ohne Zutun von au\u00dfen, um ein Konzentrationsgef\u00e4lle auszugleichen <\/span><\/label><\/div>\n<input type='hidden' name='answer_ids[]' class='watu-answer-ids' value='3442' \/><div class='watu-question-choice'><input type='radio' name='answer-706[]' id='answer-id-3442' class='answer answer-1  answerof-706' value='3442' \/>&nbsp;<label for='answer-id-3442' id='answer-label-3442' class=' answer label-1'><span class='answer'>diffuses Umeinanderschwirren von Teilchen- ohne Richtung<\/span><\/label><\/div>\n<\/div><input type='hidden' id='questionType1' value='radio' class=''><\/div><div class='watu-question' id='question-2'><div class='question-content'><p><span class='watu_num'>2. <\/span>Was ist die Kraft hinter der Diffusion?<\/p>\n<\/div><input type='hidden' name='question_id[]' value='707' \/><div class='watu-questions-wrap '><input type='hidden' name='answer_ids[]' class='watu-answer-ids' value='3424' \/><div class='watu-question-choice'><input type='radio' name='answer-707[]' id='answer-id-3424' class='answer answer-2  answerof-707' value='3424' \/>&nbsp;<label for='answer-id-3424' id='answer-label-3424' class=' answer label-2'><span class='answer'>Brown\u2019sche Molekularbewegung<\/span><\/label><\/div>\n<input type='hidden' name='answer_ids[]' class='watu-answer-ids' value='3425' \/><div class='watu-question-choice'><input type='radio' name='answer-707[]' id='answer-id-3425' class='answer answer-2  answerof-707' value='3425' \/>&nbsp;<label for='answer-id-3425' id='answer-label-3425' class=' answer label-2'><span class='answer'>Van der Waals Kr\u00e4fte<\/span><\/label><\/div>\n<input type='hidden' name='answer_ids[]' class='watu-answer-ids' value='3426' \/><div class='watu-question-choice'><input type='radio' name='answer-707[]' id='answer-id-3426' class='answer answer-2  answerof-707' value='3426' \/>&nbsp;<label for='answer-id-3426' id='answer-label-3426' class=' answer label-2'><span class='answer'>Zwischenmolekulare Kr\u00e4fte<\/span><\/label><\/div>\n<input type='hidden' name='answer_ids[]' class='watu-answer-ids' value='3427' \/><div class='watu-question-choice'><input type='radio' name='answer-707[]' id='answer-id-3427' class='answer answer-2  answerof-707' value='3427' \/>&nbsp;<label for='answer-id-3427' id='answer-label-3427' class=' answer label-2'><span class='answer'>Wasserstoffbr\u00fcckenbindungen<\/span><\/label><\/div>\n<\/div><input type='hidden' id='questionType2' value='radio' class=''><\/div><div class='watu-question' id='question-3'><div class='question-content'><p><span class='watu_num'>3. <\/span>Was versteht man unter Osmose?<\/p>\n<\/div><input type='hidden' name='question_id[]' value='708' \/><div class='watu-questions-wrap '><input type='hidden' name='answer_ids[]' class='watu-answer-ids' value='3455' \/><div class='watu-question-choice'><input type='radio' name='answer-708[]' id='answer-id-3455' class='answer answer-3  answerof-708' value='3455' \/>&nbsp;<label for='answer-id-3455' id='answer-label-3455' class=' answer label-3'><span class='answer'>eine Diffusion durch eine halbdurchl\u00e4ssige Membran<\/span><\/label><\/div>\n<input type='hidden' name='answer_ids[]' class='watu-answer-ids' value='3456' \/><div class='watu-question-choice'><input type='radio' name='answer-708[]' id='answer-id-3456' class='answer answer-3  answerof-708' value='3456' \/>&nbsp;<label for='answer-id-3456' id='answer-label-3456' class=' answer label-3'><span class='answer'>eine von selbst verlaufende Durchmischung von zwei oder mehreren verschiedenen Stoffen<\/span><\/label><\/div>\n<input type='hidden' name='answer_ids[]' class='watu-answer-ids' value='3457' \/><div class='watu-question-choice'><input type='radio' name='answer-708[]' id='answer-id-3457' class='answer answer-3  answerof-708' value='3457' \/>&nbsp;<label for='answer-id-3457' id='answer-label-3457' class=' answer label-3'><span class='answer'>ein Konzentrationsgef\u00e4lle verschiedener Stoffe<\/span><\/label><\/div>\n<input type='hidden' name='answer_ids[]' class='watu-answer-ids' value='3458' \/><div class='watu-question-choice'><input type='radio' name='answer-708[]' id='answer-id-3458' class='answer answer-3  answerof-708' value='3458' \/>&nbsp;<label for='answer-id-3458' id='answer-label-3458' class=' answer label-3'><span class='answer'>eine halbdurchl\u00e4ssige Membran<\/span><\/label><\/div>\n<\/div><input type='hidden' id='questionType3' value='radio' class=''><\/div><div class='watu-question' id='question-4'><div class='question-content'><p><span class='watu_num'>4. <\/span><div id=\"attachment_4507\" style=\"width: 210px\" class=\"wp-caption alignnone\"><a href=\"http:\/\/nawi.naturundbildung.at\/wp\/wp-content\/uploads\/2018\/02\/Plasmolyse-Zemen_Carina.png\"><img aria-describedby=\"caption-attachment-4507\" class=\"wp-image-4507\" src=\"http:\/\/nawi.naturundbildung.at\/wp\/wp-content\/uploads\/2018\/02\/Plasmolyse-Zemen_Carina.png\" alt=\"Plasmolyse-Zemen_Carina\" width=\"200\" height=\"204\" \/><\/a><p id=\"caption-attachment-4507\" class=\"wp-caption-text\">A<\/p><\/div><\/p>\n<div id=\"attachment_4497\" style=\"width: 210px\" class=\"wp-caption alignnone\"><a href=\"http:\/\/nawi.naturundbildung.at\/wp\/wp-content\/uploads\/2018\/02\/IMG_5492.jpg\"><img aria-describedby=\"caption-attachment-4497\" class=\"wp-image-4497\" src=\"http:\/\/nawi.naturundbildung.at\/wp\/wp-content\/uploads\/2018\/02\/IMG_5492.jpg\" alt=\"\" width=\"200\" height=\"200\" \/><\/a><p id=\"caption-attachment-4497\" class=\"wp-caption-text\">B<\/p><\/div>\n<p>Welches der beiden Bilder zeigt eine Diffusion von Stoffen?<\/p>\n<\/div><input type='hidden' name='question_id[]' value='709' \/><div class='watu-questions-wrap '><input type='hidden' name='answer_ids[]' class='watu-answer-ids' value='3447' \/><div class='watu-question-choice'><input type='radio' name='answer-709[]' id='answer-id-3447' class='answer answer-4  answerof-709' value='3447' \/>&nbsp;<label for='answer-id-3447' id='answer-label-3447' class=' answer label-4'><span class='answer'>A<\/span><\/label><\/div>\n<input type='hidden' name='answer_ids[]' class='watu-answer-ids' value='3448' \/><div class='watu-question-choice'><input type='radio' name='answer-709[]' id='answer-id-3448' class='answer answer-4  answerof-709' value='3448' \/>&nbsp;<label for='answer-id-3448' id='answer-label-3448' class=' answer label-4'><span class='answer'>B<\/span><\/label><\/div>\n<input type='hidden' name='answer_ids[]' class='watu-answer-ids' value='3449' \/><div class='watu-question-choice'><input type='radio' name='answer-709[]' id='answer-id-3449' class='answer answer-4  answerof-709' value='3449' \/>&nbsp;<label for='answer-id-3449' id='answer-label-3449' class=' answer label-4'><span class='answer'>beide<\/span><\/label><\/div>\n<input type='hidden' name='answer_ids[]' class='watu-answer-ids' value='3450' \/><div class='watu-question-choice'><input type='radio' name='answer-709[]' id='answer-id-3450' class='answer answer-4  answerof-709' value='3450' \/>&nbsp;<label for='answer-id-3450' id='answer-label-3450' class=' answer label-4'><span class='answer'>keines der Bilder zeigt eine Diffusion<\/span><\/label><\/div>\n<\/div><input type='hidden' id='questionType4' value='radio' class=''><\/div><div class='watu-question' id='question-5'><div class='question-content'><p><span class='watu_num'>5. <\/span>Welches der Bilder zeigt eine Plasmolyse aufgrund von osmotischem Wasserentzug:<\/p>\n<div id=\"attachment_4488\" style=\"width: 160px\" class=\"wp-caption alignnone\"><a href=\"http:\/\/nawi.naturundbildung.at\/wp\/wp-content\/uploads\/2018\/02\/IMG_5473.jpg\"><img aria-describedby=\"caption-attachment-4488\" class=\"wp-image-4488 size-thumbnail\" src=\"http:\/\/nawi.naturundbildung.at\/wp\/wp-content\/uploads\/2018\/02\/IMG_5473-150x150.jpg\" alt=\"\" width=\"150\" height=\"150\" \/><\/a><p id=\"caption-attachment-4488\" class=\"wp-caption-text\">A<\/p><\/div>\n<div id=\"attachment_4507\" style=\"width: 160px\" class=\"wp-caption alignnone\"><a href=\"http:\/\/nawi.naturundbildung.at\/wp\/wp-content\/uploads\/2018\/02\/Plasmolyse-Zemen_Carina.png\"><img aria-describedby=\"caption-attachment-4507\" class=\"wp-image-4507 size-thumbnail\" src=\"http:\/\/nawi.naturundbildung.at\/wp\/wp-content\/uploads\/2018\/02\/Plasmolyse-Zemen_Carina-150x150.png\" alt=\"Plasmolyse-Zemen_Carina\" width=\"150\" height=\"150\" \/><\/a><p id=\"caption-attachment-4507\" class=\"wp-caption-text\">B<\/p><\/div>\n<\/div><input type='hidden' name='question_id[]' value='710' \/><div class='watu-questions-wrap '><input type='hidden' name='answer_ids[]' class='watu-answer-ids' value='3459' \/><div class='watu-question-choice'><input type='radio' name='answer-710[]' id='answer-id-3459' class='answer answer-5  answerof-710' value='3459' \/>&nbsp;<label for='answer-id-3459' id='answer-label-3459' class=' answer label-5'><span class='answer'>A<\/span><\/label><\/div>\n<input type='hidden' name='answer_ids[]' class='watu-answer-ids' value='3460' \/><div class='watu-question-choice'><input type='radio' name='answer-710[]' id='answer-id-3460' class='answer answer-5  answerof-710' value='3460' \/>&nbsp;<label for='answer-id-3460' id='answer-label-3460' class=' answer label-5'><span class='answer'>B<\/span><\/label><\/div>\n<input type='hidden' name='answer_ids[]' class='watu-answer-ids' value='3461' \/><div class='watu-question-choice'><input type='radio' name='answer-710[]' id='answer-id-3461' class='answer answer-5  answerof-710' value='3461' \/>&nbsp;<label for='answer-id-3461' id='answer-label-3461' class=' answer label-5'><span class='answer'>beide<\/span><\/label><\/div>\n<input type='hidden' name='answer_ids[]' class='watu-answer-ids' value='3462' \/><div class='watu-question-choice'><input type='radio' name='answer-710[]' id='answer-id-3462' class='answer answer-5  answerof-710' value='3462' \/>&nbsp;<label for='answer-id-3462' id='answer-label-3462' class=' answer label-5'><span class='answer'>keines der Bilder<\/span><\/label><\/div>\n<\/div><input type='hidden' id='questionType5' value='radio' class=''><\/div><div style='display:none' id='question-6'><br \/><div class='question-content'><img src=\"http:\/\/nawi.naturundbildung.at\/wp\/wp-content\/plugins\/watu\/loading.gif\" width=\"16\" height=\"16\" alt=\"Loading ...\" title=\"Loading ...\" \/>&nbsp;Loading &#8230;<\/div><\/div><br \/>\n\t<p>Question <span id='numQ'>1<\/span> of 5<\/p>\n\t\t<input type=\"button\" id=\"next-question\" value=\"Next &gt;\"  \/>\n<input type=\"button\" name=\"action\" onclick=\"Watu.submitResult()\" id=\"action-button\" value=\"Submit\"  class=\"watu-submit-button\" \/>\n<input type=\"hidden\" name=\"no_ajax\" value=\"0\"><input type=\"hidden\" name=\"quiz_id\" value=\"87\" \/>\n<input type=\"hidden\" id=\"watuStartTime\" name=\"start_time\" value=\"2026-05-01 07:09:55\" \/>\n<\/form>\n<\/div>\n<div id=\"watu-loading-result\" style=\"display:none;\">\n\t<p align=\"center\"><img src=\"http:\/\/nawi.naturundbildung.at\/wp\/wp-content\/plugins\/watu\/loading.gif\" width=\"16\" height=\"16\" alt=\"Loading\" title=\"Loading\" \/><\/p>\n<\/div>\t\n<script type=\"text\/javascript\">\nvar exam_id=0;\nvar question_ids='';\nvar watuURL='';\njQuery(function($){\nquestion_ids = \"706,707,708,709,710\";\nexam_id = 87;\nWatu.exam_id = exam_id;\nWatu.qArr = question_ids.split(',');\nWatu.post_id = 2027;\nWatu.singlePage = '0';\nWatu.hAppID = \"0.35215100 1777619395\";\nwatuURL = \"http:\/\/nawi.naturundbildung.at\/wp\/wp-admin\/admin-ajax.php\";\nWatu.noAlertUnanswered = 0;\n});\n<\/script>\n","protected":false},"excerpt":{"rendered":"<p>Der Wassertransport in und aus Zellen erfolgt direkt durch die Zellmembran, mittels Osmose. Dies geschieht entlang eines Konzentrationsgef\u00e4lles. Sollen gr\u00f6\u00dfere Molek\u00fcle oder Ionen in die Zelle oder aus der Zelle raus transportiert werden, geschieht dies mittels sogenannter Transportproteine, die wie Schleusen funktionieren und an mehreren Stellen in die Zellmembran integriert<\/p>\n","protected":false},"author":1,"featured_media":0,"parent":373,"menu_order":0,"comment_status":"open","ping_status":"open","template":"","meta":{"ngg_post_thumbnail":0},"aioseo_notices":[],"_links":{"self":[{"href":"http:\/\/nawi.naturundbildung.at\/wp\/index.php?rest_route=\/wp\/v2\/pages\/2027"}],"collection":[{"href":"http:\/\/nawi.naturundbildung.at\/wp\/index.php?rest_route=\/wp\/v2\/pages"}],"about":[{"href":"http:\/\/nawi.naturundbildung.at\/wp\/index.php?rest_route=\/wp\/v2\/types\/page"}],"author":[{"embeddable":true,"href":"http:\/\/nawi.naturundbildung.at\/wp\/index.php?rest_route=\/wp\/v2\/users\/1"}],"replies":[{"embeddable":true,"href":"http:\/\/nawi.naturundbildung.at\/wp\/index.php?rest_route=%2Fwp%2Fv2%2Fcomments&post=2027"}],"version-history":[{"count":13,"href":"http:\/\/nawi.naturundbildung.at\/wp\/index.php?rest_route=\/wp\/v2\/pages\/2027\/revisions"}],"predecessor-version":[{"id":4698,"href":"http:\/\/nawi.naturundbildung.at\/wp\/index.php?rest_route=\/wp\/v2\/pages\/2027\/revisions\/4698"}],"up":[{"embeddable":true,"href":"http:\/\/nawi.naturundbildung.at\/wp\/index.php?rest_route=\/wp\/v2\/pages\/373"}],"wp:attachment":[{"href":"http:\/\/nawi.naturundbildung.at\/wp\/index.php?rest_route=%2Fwp%2Fv2%2Fmedia&parent=2027"}],"curies":[{"name":"wp","href":"https:\/\/api.w.org\/{rel}","templated":true}]}}