{"id":2038,"date":"2014-06-13T08:04:00","date_gmt":"2014-06-13T08:04:00","guid":{"rendered":"http:\/\/nawi.naturundbildung.at\/wp\/?page_id=2038"},"modified":"2018-02-06T09:24:08","modified_gmt":"2018-02-06T09:24:08","slug":"die-zungenbatterie","status":"publish","type":"page","link":"http:\/\/nawi.naturundbildung.at\/wp\/?page_id=2038","title":{"rendered":"Die Zungenbatterie"},"content":{"rendered":"<p>Am 24.4.14 besuchte die 2HGA, mit Frau Prof. Hatzinger und Frau Prof. Geroldinger, ein Kindertagesheim in Floridsdorf, um mit den Kindern Experimente durchzuf\u00fchren und \u00dcbungen zur Konzentration zu machen. Zum Schluss gab es noch ein Obstsalat<br \/>\nDas erste Experiment, welches wir mit den Kindern gemacht haben, war die Zungenbatterie:<br \/>\nMaterial:<br \/>\n\u2022 ein St\u00fcck Alufolie, zu einer \u201eWurst\u201c gedreht<br \/>\n\u2022 Ein L\u00f6ffel (nicht aus Aluminium<br \/>\nDie Kinder mussten ein St\u00fcck Alufolie und ein L\u00f6ffel gemeinsam an die Zunge halten, dann die entgegengesetzten Enden zusammengeben. Daraufhin ergibt sich ein kleines \u201eziehen\u201c auf der Zunge, manche Kinder beschreiben einen metallischen Geschmack, oder man h\u00f6rte es Knistern.<br \/>\nErkl\u00e4rung zum Experiment:<\/p>\n<p>Der Speichel im Mund funktioniert wie eine Batteriefl\u00fcssigkeit. Er erm\u00f6glicht es den Elektronen vom unedleren Metall zum edleren Metall zu flie\u00dfen. Und diesen Stromfluss sp\u00fcrt man als Kitzeln oder Kribbeln&#8230;<\/p>\n<div id=\"attachment_2018\" style=\"width: 760px\" class=\"wp-caption alignnone\"><a href=\"http:\/\/nawi.naturundbildung.at\/wp\/wp-content\/uploads\/2014\/06\/2HGA-HORT-7.jpg\"><img aria-describedby=\"caption-attachment-2018\" loading=\"lazy\" class=\"size-full wp-image-2018\" src=\"http:\/\/nawi.naturundbildung.at\/wp\/wp-content\/uploads\/2014\/06\/2HGA-HORT-7.jpg\" alt=\"Zungenbatterie\" width=\"750\" height=\"1000\" srcset=\"http:\/\/nawi.naturundbildung.at\/wp\/wp-content\/uploads\/2014\/06\/2HGA-HORT-7.jpg 750w, http:\/\/nawi.naturundbildung.at\/wp\/wp-content\/uploads\/2014\/06\/2HGA-HORT-7-225x300.jpg 225w\" sizes=\"(max-width: 750px) 100vw, 750px\" \/><\/a><p id=\"caption-attachment-2018\" class=\"wp-caption-text\">Zungenbatterie<\/p><\/div>\n","protected":false},"excerpt":{"rendered":"<p>Am 24.4.14 besuchte die 2HGA, mit Frau Prof. Hatzinger und Frau Prof. Geroldinger, ein Kindertagesheim in Floridsdorf, um mit den Kindern Experimente durchzuf\u00fchren und \u00dcbungen zur Konzentration zu machen. Zum Schluss gab es noch ein Obstsalat Das erste Experiment, welches wir mit den Kindern gemacht haben, war die Zungenbatterie: Material:<\/p>\n","protected":false},"author":1,"featured_media":0,"parent":209,"menu_order":0,"comment_status":"closed","ping_status":"closed","template":"","meta":{"ngg_post_thumbnail":0},"aioseo_notices":[],"_links":{"self":[{"href":"http:\/\/nawi.naturundbildung.at\/wp\/index.php?rest_route=\/wp\/v2\/pages\/2038"}],"collection":[{"href":"http:\/\/nawi.naturundbildung.at\/wp\/index.php?rest_route=\/wp\/v2\/pages"}],"about":[{"href":"http:\/\/nawi.naturundbildung.at\/wp\/index.php?rest_route=\/wp\/v2\/types\/page"}],"author":[{"embeddable":true,"href":"http:\/\/nawi.naturundbildung.at\/wp\/index.php?rest_route=\/wp\/v2\/users\/1"}],"replies":[{"embeddable":true,"href":"http:\/\/nawi.naturundbildung.at\/wp\/index.php?rest_route=%2Fwp%2Fv2%2Fcomments&post=2038"}],"version-history":[{"count":7,"href":"http:\/\/nawi.naturundbildung.at\/wp\/index.php?rest_route=\/wp\/v2\/pages\/2038\/revisions"}],"predecessor-version":[{"id":4481,"href":"http:\/\/nawi.naturundbildung.at\/wp\/index.php?rest_route=\/wp\/v2\/pages\/2038\/revisions\/4481"}],"up":[{"embeddable":true,"href":"http:\/\/nawi.naturundbildung.at\/wp\/index.php?rest_route=\/wp\/v2\/pages\/209"}],"wp:attachment":[{"href":"http:\/\/nawi.naturundbildung.at\/wp\/index.php?rest_route=%2Fwp%2Fv2%2Fmedia&parent=2038"}],"curies":[{"name":"wp","href":"https:\/\/api.w.org\/{rel}","templated":true}]}}