{"id":2040,"date":"2014-06-13T08:10:56","date_gmt":"2014-06-13T08:10:56","guid":{"rendered":"http:\/\/nawi.naturundbildung.at\/wp\/?page_id=2040"},"modified":"2014-06-16T10:13:23","modified_gmt":"2014-06-16T10:13:23","slug":"die-teebeutelrakete","status":"publish","type":"page","link":"http:\/\/nawi.naturundbildung.at\/wp\/?page_id=2040","title":{"rendered":"Die Teebeutelrakete"},"content":{"rendered":"<p>Nanu und Aha, unsere beiden Gummib\u00e4rchen wollen zum Mond fliegen. Aber um eine Rakete zu bauen, haben wir nur wenige Materialien\u2026.<\/p>\n<p><strong>Materialien<\/strong><\/p>\n<p>1 Teebeutel<\/p>\n<p>1 Schere<\/p>\n<p>2 Teller<\/p>\n<p>1 Feuerzeug<\/p>\n<p>1.Durchf\u00fchrung<\/p>\n<ul>\n<li>Der Teebeutel wird aufgeschnitten und der Inhalt auf einen Teller gegeben<\/li>\n<li>Den Teebeutel in eine Zylinderform bringen und gerade auf den anderen Teller geben<\/li>\n<li>Den Teebeutel anz\u00fcnden<\/li>\n<\/ul>\n<p>2.Beobachtung<\/p>\n<p>Durch das anz\u00fcnden verbrennt der Teebeutel und fliegt in die Luft<\/p>\n<p>3.Deutung<\/p>\n<p>Das Feuer des brennenden Teebeutels erw\u00e4rmt die Luft. Und weil hei\u00dfe Luft leichter ist als kalte, steigt sie nach oben. Irgendwann ist der Teebeutel so leicht geworden, dass die hei\u00dfe Luft ihn mit in die H\u00f6he nimmt. Je mehr verbrennt, desto leichter wird der Teebeutel, und desto h\u00f6her steigt er. Ist das Feuer aus, erkaltet die Luft wieder und der Ascherest segelt zur\u00fcck auf den Boden.<\/p>\n<div id=\"attachment_2041\" style=\"width: 310px\" class=\"wp-caption alignnone\"><a href=\"http:\/\/nawi.naturundbildung.at\/wp\/wp-content\/uploads\/2014\/06\/Teebeutelrakete.jpg\"><img aria-describedby=\"caption-attachment-2041\" loading=\"lazy\" class=\"size-medium wp-image-2041\" src=\"http:\/\/nawi.naturundbildung.at\/wp\/wp-content\/uploads\/2014\/06\/Teebeutelrakete-300x225.jpg\" alt=\"Teebeutelrakete\" width=\"300\" height=\"225\" srcset=\"http:\/\/nawi.naturundbildung.at\/wp\/wp-content\/uploads\/2014\/06\/Teebeutelrakete-300x225.jpg 300w, http:\/\/nawi.naturundbildung.at\/wp\/wp-content\/uploads\/2014\/06\/Teebeutelrakete-160x120.jpg 160w, http:\/\/nawi.naturundbildung.at\/wp\/wp-content\/uploads\/2014\/06\/Teebeutelrakete.jpg 1000w\" sizes=\"(max-width: 300px) 100vw, 300px\" \/><\/a><p id=\"caption-attachment-2041\" class=\"wp-caption-text\">Teebeutelrakete<\/p><\/div>\n<p>Florian Kirschenhofer, 2HGA, HLTW21, 2014<\/p>\n<p>&nbsp;<\/p>\n","protected":false},"excerpt":{"rendered":"<p>Nanu und Aha, unsere beiden Gummib\u00e4rchen wollen zum Mond fliegen. Aber um eine Rakete zu bauen, haben wir nur wenige Materialien\u2026. Materialien 1 Teebeutel 1 Schere 2 Teller 1 Feuerzeug 1.Durchf\u00fchrung Der Teebeutel wird aufgeschnitten und der Inhalt auf einen Teller gegeben Den Teebeutel in eine Zylinderform bringen und gerade<\/p>\n","protected":false},"author":1,"featured_media":0,"parent":209,"menu_order":0,"comment_status":"open","ping_status":"open","template":"","meta":{"ngg_post_thumbnail":0},"aioseo_notices":[],"_links":{"self":[{"href":"http:\/\/nawi.naturundbildung.at\/wp\/index.php?rest_route=\/wp\/v2\/pages\/2040"}],"collection":[{"href":"http:\/\/nawi.naturundbildung.at\/wp\/index.php?rest_route=\/wp\/v2\/pages"}],"about":[{"href":"http:\/\/nawi.naturundbildung.at\/wp\/index.php?rest_route=\/wp\/v2\/types\/page"}],"author":[{"embeddable":true,"href":"http:\/\/nawi.naturundbildung.at\/wp\/index.php?rest_route=\/wp\/v2\/users\/1"}],"replies":[{"embeddable":true,"href":"http:\/\/nawi.naturundbildung.at\/wp\/index.php?rest_route=%2Fwp%2Fv2%2Fcomments&post=2040"}],"version-history":[{"count":5,"href":"http:\/\/nawi.naturundbildung.at\/wp\/index.php?rest_route=\/wp\/v2\/pages\/2040\/revisions"}],"predecessor-version":[{"id":2178,"href":"http:\/\/nawi.naturundbildung.at\/wp\/index.php?rest_route=\/wp\/v2\/pages\/2040\/revisions\/2178"}],"up":[{"embeddable":true,"href":"http:\/\/nawi.naturundbildung.at\/wp\/index.php?rest_route=\/wp\/v2\/pages\/209"}],"wp:attachment":[{"href":"http:\/\/nawi.naturundbildung.at\/wp\/index.php?rest_route=%2Fwp%2Fv2%2Fmedia&parent=2040"}],"curies":[{"name":"wp","href":"https:\/\/api.w.org\/{rel}","templated":true}]}}