{"id":2051,"date":"2014-06-13T08:19:10","date_gmt":"2014-06-13T08:19:10","guid":{"rendered":"http:\/\/nawi.naturundbildung.at\/wp\/?page_id=2051"},"modified":"2014-06-16T10:05:00","modified_gmt":"2014-06-16T10:05:00","slug":"das-baeren-u-boot-luftwiderstand","status":"publish","type":"page","link":"http:\/\/nawi.naturundbildung.at\/wp\/?page_id=2051","title":{"rendered":"Das B\u00e4ren-U-Boot (Luftwiderstand)"},"content":{"rendered":"<p>Wie schafft man es, Nanu und Aha, die beiden B\u00e4rchen, tauchen zu lassen, ohne dass sie nass werden?<\/p>\n<p><strong>Materialien<\/strong><\/p>\n<p>1 Sch\u00fcssel<\/p>\n<p>1 Glas<\/p>\n<p>1 Teelicht<\/p>\n<p>1 St\u00fcck Watte<\/p>\n<p>2 Gummib\u00e4ren<\/p>\n<p><strong>1.Durchf\u00fchrung<\/strong><\/p>\n<p>Die Watte in das Teelicht geben und die Gummib\u00e4ren hinein setzten. Das Teelicht in die mit Wasser gef\u00fcllte Sch\u00fcssel lege so dass es schwimmt, nun mit der offen Seite des Glases nach unten dr\u00fccken.<\/p>\n<p><strong>2.Beobachtung <\/strong><\/p>\n<p>Die Gummib\u00e4ren bleiben Trocken obwohl sie unter Wasser waren<\/p>\n<p>3.Deutung<\/p>\n<p>Durch die Luftblase, die entsteht, wenn das Glas auf das Wasser trifft\u00a0(wenn das Glas untergetaucht wird) werden die B\u00e4ren trocken gehalten. Der Luftwiderstand verhindert, dass Wasser zu den B\u00e4rchen eintritt.<\/p>\n<p>Florian Kirschenhofer, 2HGA, HLTW21, 2014<\/p>\n\r\n\t\t<style type='text\/css'>\r\n\t\t\t#gallery-1 {\r\n\t\t\t\tmargin: auto;\r\n\t\t\t}\r\n\t\t\t#gallery-1 .gallery-item {\r\n\t\t\t\tfloat: left;\r\n\t\t\t\tmargin-top: 10px;\r\n\t\t\t\ttext-align: center;\r\n\t\t\t\twidth: 33%;\r\n\t\t\t}\r\n\t\t\t#gallery-1 img {\r\n\t\t\t\tborder: 2px solid #cfcfcf;\r\n\t\t\t}\r\n\t\t\t#gallery-1 .gallery-caption {\r\n\t\t\t\tmargin-left: 0;\r\n\t\t\t}\r\n\t\t<\/style>\r\n\t\t<!-- see gallery_shortcode() in wp-includes\/media.php -->\n\t\t<div id='gallery-1' class='gallery galleryid-2051 gallery-columns-3 gallery-size-thumbnail gallery1'><script type=\"text\/javascript\">\r\n\/\/ <![CDATA[\r\n\tjQuery(document).ready(function () {\r\n\t\tjQuery(\".gallery1 a\").attr(\"rel\",\"gallery1\");\t\r\n\t\tjQuery('a[rel=\"gallery1\"]').colorbox({maxWidth:\"95%\", maxHeight:\"95%\",title: function(){ return jQuery(this).children().attr(\"alt\"); }, });\r\n\t});\r\n\/\/ ]]>\r\n<\/script>\n<dl class=\"gallery-item\">\n<dt class=\"gallery-icon\">\r\n<a href=\"http:\/\/nawi.naturundbildung.at\/wp\/wp-content\/uploads\/2014\/06\/Tauchstation.jpg\" title=\"Tauchstation\" rel=\"gallery1\"><img src=\"http:\/\/nawi.naturundbildung.at\/wp\/wp-content\/uploads\/2014\/06\/Tauchstation-150x150.jpg\" width=\"150\" height=\"150\" alt=\"Tauchstation\" \/><\/a>\r\n<\/dt><dd class=\"gallery-caption\" id=\"caption2054\"><span class=\"imagecaption\">Tauchstation<\/span><br \/>\n<\/dd><\/dl><dl class=\"gallery-item\">\n<dt class=\"gallery-icon\">\r\n<a href=\"http:\/\/nawi.naturundbildung.at\/wp\/wp-content\/uploads\/2014\/06\/2HGA-HORT-6.jpg\" title=\"2HGA-HORT-6\" rel=\"gallery1\"><img src=\"http:\/\/nawi.naturundbildung.at\/wp\/wp-content\/uploads\/2014\/06\/2HGA-HORT-6-150x150.jpg\" width=\"150\" height=\"150\" alt=\"2HGA-HORT-6\" \/><\/a>\r\n<\/dt><dd class=\"gallery-caption\" id=\"caption2017\"><span class=\"imagecaption\">2HGA-HORT-6<\/span><br \/>\n<\/dd><\/dl>\r\n\t\t\t<br style='clear: both' \/>\r\n\t\t<\/div>\n\n<p>&nbsp;<\/p>\n","protected":false},"excerpt":{"rendered":"<p>Wie schafft man es, Nanu und Aha, die beiden B\u00e4rchen, tauchen zu lassen, ohne dass sie nass werden? Materialien 1 Sch\u00fcssel 1 Glas 1 Teelicht 1 St\u00fcck Watte 2 Gummib\u00e4ren 1.Durchf\u00fchrung Die Watte in das Teelicht geben und die Gummib\u00e4ren hinein setzten. Das Teelicht in die mit Wasser gef\u00fcllte Sch\u00fcssel<\/p>\n","protected":false},"author":1,"featured_media":0,"parent":209,"menu_order":0,"comment_status":"open","ping_status":"open","template":"","meta":{"ngg_post_thumbnail":0},"aioseo_notices":[],"_links":{"self":[{"href":"http:\/\/nawi.naturundbildung.at\/wp\/index.php?rest_route=\/wp\/v2\/pages\/2051"}],"collection":[{"href":"http:\/\/nawi.naturundbildung.at\/wp\/index.php?rest_route=\/wp\/v2\/pages"}],"about":[{"href":"http:\/\/nawi.naturundbildung.at\/wp\/index.php?rest_route=\/wp\/v2\/types\/page"}],"author":[{"embeddable":true,"href":"http:\/\/nawi.naturundbildung.at\/wp\/index.php?rest_route=\/wp\/v2\/users\/1"}],"replies":[{"embeddable":true,"href":"http:\/\/nawi.naturundbildung.at\/wp\/index.php?rest_route=%2Fwp%2Fv2%2Fcomments&post=2051"}],"version-history":[{"count":4,"href":"http:\/\/nawi.naturundbildung.at\/wp\/index.php?rest_route=\/wp\/v2\/pages\/2051\/revisions"}],"predecessor-version":[{"id":2056,"href":"http:\/\/nawi.naturundbildung.at\/wp\/index.php?rest_route=\/wp\/v2\/pages\/2051\/revisions\/2056"}],"up":[{"embeddable":true,"href":"http:\/\/nawi.naturundbildung.at\/wp\/index.php?rest_route=\/wp\/v2\/pages\/209"}],"wp:attachment":[{"href":"http:\/\/nawi.naturundbildung.at\/wp\/index.php?rest_route=%2Fwp%2Fv2%2Fmedia&parent=2051"}],"curies":[{"name":"wp","href":"https:\/\/api.w.org\/{rel}","templated":true}]}}