{"id":23,"date":"2014-01-05T19:37:02","date_gmt":"2014-01-05T19:37:02","guid":{"rendered":"http:\/\/nawi.naturundbildung.at\/wp\/?page_id=23"},"modified":"2018-01-20T19:06:00","modified_gmt":"2018-01-20T19:06:00","slug":"allgemeine-und-anorganische-chemie","status":"publish","type":"page","link":"http:\/\/nawi.naturundbildung.at\/wp\/?page_id=23","title":{"rendered":"ALLG. CHEMIE"},"content":{"rendered":"<p dir=\"LTR\" align=\"LEFT\">Unter \u201eAllgemeine Chemie&#8220;&nbsp; versteht man&nbsp; die <strong>Grundlagen der Chemie<\/strong>, die in fast allen chemischen Teilgebieten von Bedeutung sind. Es werden quasi begriffliche Fundamente der gesamten Chemie behandelt, wie sie im Chemieunterricht behandelt werden.<\/p>\n<p dir=\"LTR\" align=\"LEFT\">Eigenschaften von Stoffen werden ebenso behandelt (z.B. Aggregatzust\u00e4nde) wie wichtige Stoffe (z.B. Glas, Wasser, Luft) oder Reaktionen (etwa Redoxreaktionen) oder der pH-Wert.<\/p>\n<p dir=\"LTR\" align=\"LEFT\">In das Kapitel Allgemeine Chemie f\u00e4llt auch die <strong>Anorganische Chemie<\/strong>, also der Teilbereich der Chemie, der sich nicht mit organischen Kohlenstoff-Verbindungen befasst, z.B. die anorganischen S\u00e4uren, wie Schwefels\u00e4ure, Salzs\u00e4ure, Kohlens\u00e4ure und Basen wie Natronlauge und Kalilauge usw., sowie die (wenigen) anorganischen Kohlenstoff-Verbindungen wie Kohlenstoffmonoxid(CO), Kohlenstoffdioxid (CO2), Karbonate (z.B. CaCO3) oder der Kohlenstoff selber.&nbsp;<\/p>\n<p dir=\"LTR\" align=\"LEFT\">Silke Geroldinger, 2014<\/p>\n","protected":false},"excerpt":{"rendered":"<p>Unter \u201eAllgemeine Chemie&#8220;&nbsp; versteht man&nbsp; die Grundlagen der Chemie, die in fast allen chemischen Teilgebieten von Bedeutung sind. Es werden quasi begriffliche Fundamente der gesamten Chemie behandelt, wie sie im Chemieunterricht behandelt werden. Eigenschaften von Stoffen werden ebenso behandelt (z.B. Aggregatzust\u00e4nde) wie wichtige Stoffe (z.B. Glas, Wasser, Luft) oder Reaktionen<\/p>\n","protected":false},"author":1,"featured_media":0,"parent":1935,"menu_order":0,"comment_status":"open","ping_status":"open","template":"","meta":{"ngg_post_thumbnail":0},"aioseo_notices":[],"_links":{"self":[{"href":"http:\/\/nawi.naturundbildung.at\/wp\/index.php?rest_route=\/wp\/v2\/pages\/23"}],"collection":[{"href":"http:\/\/nawi.naturundbildung.at\/wp\/index.php?rest_route=\/wp\/v2\/pages"}],"about":[{"href":"http:\/\/nawi.naturundbildung.at\/wp\/index.php?rest_route=\/wp\/v2\/types\/page"}],"author":[{"embeddable":true,"href":"http:\/\/nawi.naturundbildung.at\/wp\/index.php?rest_route=\/wp\/v2\/users\/1"}],"replies":[{"embeddable":true,"href":"http:\/\/nawi.naturundbildung.at\/wp\/index.php?rest_route=%2Fwp%2Fv2%2Fcomments&post=23"}],"version-history":[{"count":14,"href":"http:\/\/nawi.naturundbildung.at\/wp\/index.php?rest_route=\/wp\/v2\/pages\/23\/revisions"}],"predecessor-version":[{"id":3259,"href":"http:\/\/nawi.naturundbildung.at\/wp\/index.php?rest_route=\/wp\/v2\/pages\/23\/revisions\/3259"}],"up":[{"embeddable":true,"href":"http:\/\/nawi.naturundbildung.at\/wp\/index.php?rest_route=\/wp\/v2\/pages\/1935"}],"wp:attachment":[{"href":"http:\/\/nawi.naturundbildung.at\/wp\/index.php?rest_route=%2Fwp%2Fv2%2Fmedia&parent=23"}],"curies":[{"name":"wp","href":"https:\/\/api.w.org\/{rel}","templated":true}]}}