{"id":2361,"date":"2014-11-09T10:02:10","date_gmt":"2014-11-09T10:02:10","guid":{"rendered":"http:\/\/nawi.naturundbildung.at\/wp\/?page_id=2361"},"modified":"2018-01-24T13:44:15","modified_gmt":"2018-01-24T13:44:15","slug":"nicht-regenerative-energiequellen","status":"publish","type":"page","link":"http:\/\/nawi.naturundbildung.at\/wp\/?page_id=2361","title":{"rendered":"Nicht regenerative Energiequellen"},"content":{"rendered":"<h5><strong>Konventionelle Energiegewinnung<\/strong><\/h5>\n<p>&nbsp;<\/p>\n<p>Konventionelle Energiegewinnung baut auf nicht erneuerbare Rohstoffe.<\/p>\n<p>Dabei unterscheidet man zwischen<\/p>\n<p>&nbsp;<\/p>\n<p>a) fossilen Rohstoffen bzw. Energietr\u00e4gern<\/p>\n<p>und<\/p>\n<p>b) nuclearen Rohstoffen bzw. Energietr\u00e4gern, z.B. Uran und Plutonium<\/p>\n<p>&nbsp;<\/p>\n<p>a) Fossile Rohstoffe bzw. Energietr\u00e4ger sind etwas Kohle, Erdgas oder Erd\u00f6l.<\/p>\n<p>Vor 300 Millionen Jahren, im Karbon, entstanden riesige Farnw\u00e4lder. Die Pflanzen betrieben Fotosynthese und speicherten die Energie der Sonne in ihrer Biomasse. Fielen die Baumfarne in der sumpfigen Landschaft um, so verrotteten sie nicht, sondern wurde in den S\u00fcmpfen luftdicht abgeschlossen. Ihre Umwandlung von Holz \u00fcber Torf zu Braunkohle und schlie\u00dflich Steinkohle konnte beginnen. Somit ist Steinkohle quasi chemisch gespeicherte Sonnenenergie oder auch gebundenes CO<sub>2<\/sub>, da die Baumfarne das CO<sub>2<\/sub> ihrer Umgebung bei der Fotosynthese in Zucker und Baumaterial umgewandelt hatten, dass sich im Laufe der Zeit zu fast reinem Kohlenstoff verdichtete. Werden diese fossilen Rohstoffe zur Energiegewinnung verbrannt, verbindet sich der Kohlenstoff (C) mit dem Sauerstoff (O<sub>2<\/sub>) zu CO<sub>2<\/sub>.<\/p>\n<p>Etwas j\u00fcnger als Steinkohle, die ihren Ursprung in den Sumpfw\u00e4ldern des Karbons hat, sind Erd\u00f6l und Erdgas.<\/p>\n<p>Erd\u00f6l und Erdgas sind die Reste von mikroskopisch kleinen Lebewesen, Plankton in den Urmeeren vor \u00fcber 65 Millionen Jahren. In der Kreidezeit im Erdmittelalter vor 145 bis 65 Millionen Jahren vor unserer Zeitrechnung sank abgestorbenes Plankton in tiefen Seen und Meeren zu Boden und konnte aufgrund des Sauerstoffmangels in der Tiefe nicht verrotten. Weitere Ablagerungen legten sich auf die Planktonschicht. Unter hohem Druck und hohen Temperaturen verwandelte sich das Plankton zu Erd\u00f6l.<\/p>\n<p>Auch Erd\u00f6l ist somit chemisch gespeichertes Sonnenlicht oder auch gebundenes CO<sub>2<\/sub>, entstanden zur Zeit der Dinosaurier!<\/p>\n<p>Wenn Holz verbrennt, entsteht bei der Verbrennung CO<sub>2<\/sub>, genauso wie bei der Verbrennung von Kohle oder Erd\u00f6l.<\/p>\n<p>Der gro\u00dfe Unterschied ist nun folgender: Wenn Holz entsteht, also der Baum w\u00e4chst, nimmt er CO<sub>2<\/sub> aus der Luft auf und verwandelt bei der Fotosynthese mit Hilfe der Energie der Sonne CO<sub>2 <\/sub>in Zucker. Es wird also genau so viel CO<sub>2<\/sub> aus der Luft ins Holz eingebaut wie bei der Verbrennung entstehen. Man sagt, Holz ist CO<sub>2<\/sub> neutral.<\/p>\n<p>Wenn Erd\u00f6l verbrennt, entsteht auch CO2, da es aber um fossile Organismen geht, sind keine Lebewesen da, die dieses CO<sub>2<\/sub> wieder binden k\u00f6nnen, es ist also zus\u00e4tzliches CO<sub>2<\/sub>, das in die Atmosph\u00e4re, also in unsere Luft gelangt- Fossile Rohstoffe sind daher nicht CO<sub>2<\/sub>neutral., sie schaden unserem Klima!<\/p>\n<p>b) Nukleare Rohstoffe bzw. Energietr\u00e4ger<\/p>\n<p>Die Atomenergie geh\u00f6rt auch zu den nicht erneuerbaren Energieformen.<\/p>\n<p>Um Atomenergie zu gewinnen, ben\u00f6tigt man spaltbare Elemente, z.B. Uran oder Plutonium. Auch diese Rohstoffe sind auf der Erde nicht unbegrenzt vorhanden und neigen sich irgendwann dem Ende zu.<\/p>\n<p>Laut der Publikation <a href=\"http:\/\/www.bpb.de\/shop\/zeitschriften\/informationen-zur-politischen-bildung\/169543\/energie-und-umwelt\">\u201eEnergie und Umwelt\u201c<\/a> der Bundeszentrale f\u00fcr politische Bildung aus dem Jahre 2013 liegt die Reichweite von:<\/p>\n<ul>\n<li><strong>Kohle&nbsp;<\/strong>weltweit bei 112 Jahren<\/li>\n<li><strong>Erd\u00f6l&nbsp;<\/strong>weltweit bei 54 Jahren<\/li>\n<li><strong>Erdgas&nbsp;<\/strong>weltweit bei 64 Jahren<br \/>\nund die gesamte Reichweite der <strong>Kernbrennstoffe<\/strong> (v.a. Uran) bei ca. 70 Jahren.<\/li>\n<\/ul>\n<p>Silke Geroldinger, 2018<\/p>\n<div id=\"attachment_3605\" style=\"width: 310px\" class=\"wp-caption alignnone\"><a href=\"http:\/\/nawi.naturundbildung.at\/wp\/wp-content\/uploads\/2018\/01\/IMG_5860.jpg\"><img aria-describedby=\"caption-attachment-3605\" loading=\"lazy\" class=\"size-medium wp-image-3605\" src=\"http:\/\/nawi.naturundbildung.at\/wp\/wp-content\/uploads\/2018\/01\/IMG_5860-300x225.jpg\" alt=\"Kraftwerk in Xi-An, China\" width=\"300\" height=\"225\" srcset=\"http:\/\/nawi.naturundbildung.at\/wp\/wp-content\/uploads\/2018\/01\/IMG_5860-300x225.jpg 300w, http:\/\/nawi.naturundbildung.at\/wp\/wp-content\/uploads\/2018\/01\/IMG_5860-768x576.jpg 768w, http:\/\/nawi.naturundbildung.at\/wp\/wp-content\/uploads\/2018\/01\/IMG_5860-1024x768.jpg 1024w, http:\/\/nawi.naturundbildung.at\/wp\/wp-content\/uploads\/2018\/01\/IMG_5860.jpg 1600w\" sizes=\"(max-width: 300px) 100vw, 300px\" \/><\/a><p id=\"caption-attachment-3605\" class=\"wp-caption-text\">Kraftwerk in Xi-An, China<\/p><\/div>\n<div id=\"watu_quiz\" class=\"quiz-area \">\n<form action=\"\" method=\"post\" class=\"quiz-form \" id=\"quiz-49\" >\n<div class='watu-question' id='question-1'><div class='question-content'><p><span class='watu_num'>1. <\/span>Was versteht man unter dem Begriff &#8222;<strong>Nicht erneuerbare Energietr\u00e4ger<\/strong>&#8220; genau?<\/p>\n<\/div><input type='hidden' name='question_id[]' value='366' \/><div class='watu-questions-wrap '><input type='hidden' name='answer_ids[]' class='watu-answer-ids' value='1726' \/><div class='watu-question-choice'><input type='checkbox' name='answer-366[]' id='answer-id-1726' class='answer answer-1  answerof-366' value='1726' \/>&nbsp;<label for='answer-id-1726' id='answer-label-1726' class=' answer label-1'><span class='answer'>Fossile Rohstoffe wie Erd\u00f6l, Kohle und Erdgas<\/span><\/label><\/div>\n<input type='hidden' name='answer_ids[]' class='watu-answer-ids' value='1727' \/><div class='watu-question-choice'><input type='checkbox' name='answer-366[]' id='answer-id-1727' class='answer answer-1  answerof-366' value='1727' \/>&nbsp;<label for='answer-id-1727' id='answer-label-1727' class=' answer label-1'><span class='answer'>Fossile und nukleare Brennstoffe<\/span><\/label><\/div>\n<input type='hidden' name='answer_ids[]' class='watu-answer-ids' value='1728' \/><div class='watu-question-choice'><input type='checkbox' name='answer-366[]' id='answer-id-1728' class='answer answer-1  answerof-366' value='1728' \/>&nbsp;<label for='answer-id-1728' id='answer-label-1728' class=' answer label-1'><span class='answer'>Alle Formen der Energiegewinnung bei denen CO2 frei wird.<\/span><\/label><\/div>\n<input type='hidden' name='answer_ids[]' class='watu-answer-ids' value='1729' \/><div class='watu-question-choice'><input type='checkbox' name='answer-366[]' id='answer-id-1729' class='answer answer-1  answerof-366' value='1729' \/>&nbsp;<label for='answer-id-1729' id='answer-label-1729' class=' answer label-1'><span class='answer'>Energietr\u00e4ger, die im Gegensatz zu den erneuerbaren Energietr\u00e4ger, im Laufe der Menschheitsgeschichte aufgebraucht werden<\/span><\/label><\/div>\n<\/div><input type='hidden' id='questionType1' value='checkbox' class=''><\/div><div class='watu-question' id='question-2'><div class='question-content'><p><span class='watu_num'>2. <\/span>Sind Atomkraftwerke CO2 neutral?<\/p>\n<\/div><input type='hidden' name='question_id[]' value='367' \/><div class='watu-questions-wrap '><input type='hidden' name='answer_ids[]' class='watu-answer-ids' value='1730' \/><div class='watu-question-choice'><input type='radio' name='answer-367[]' id='answer-id-1730' class='answer answer-2  answerof-367' value='1730' \/>&nbsp;<label for='answer-id-1730' id='answer-label-1730' class=' answer label-2'><span class='answer'>Nat\u00fcrlich! Bei der Kernspaltung ist keine Verbrennung, also entsteht kein CO2!<\/span><\/label><\/div>\n<input type='hidden' name='answer_ids[]' class='watu-answer-ids' value='1731' \/><div class='watu-question-choice'><input type='radio' name='answer-367[]' id='answer-id-1731' class='answer answer-2  answerof-367' value='1731' \/>&nbsp;<label for='answer-id-1731' id='answer-label-1731' class=' answer label-2'><span class='answer'>Nicht wirklich, Brennst\u00e4be m\u00fcssen transport und aufbereitet werden, Transport und Aufbereitung sind nicht CO2 neutral!<\/span><\/label><\/div>\n<input type='hidden' name='answer_ids[]' class='watu-answer-ids' value='1732' \/><div class='watu-question-choice'><input type='radio' name='answer-367[]' id='answer-id-1732' class='answer answer-2  answerof-367' value='1732' \/>&nbsp;<label for='answer-id-1732' id='answer-label-1732' class=' answer label-2'><span class='answer'>Nein! Auch bei der Verbrennung der Brennst\u00e4be wird CO2 freigesetzt!<\/span><\/label><\/div>\n<\/div><input type='hidden' id='questionType2' value='radio' class=''><\/div><div class='watu-question' id='question-3'><div class='question-content'><p><span class='watu_num'>3. <\/span>Warum ist das Verbrennen von Holz CO2 neutral das Verbrennen von Kohle aber nicht?<\/p>\n<\/div><input type='hidden' name='question_id[]' value='368' \/><div class='watu-questions-wrap '><input type='hidden' name='answer_ids[]' class='watu-answer-ids' value='1733' \/><div class='watu-question-choice'><input type='radio' name='answer-368[]' id='answer-id-1733' class='answer answer-3  answerof-368' value='1733' \/>&nbsp;<label for='answer-id-1733' id='answer-label-1733' class=' answer label-3'><span class='answer'>Holz kommt von B\u00e4umen. Ein lebender Baum nimmt beim Wachsen durch die Fotosynthese so viel CO2 auf, wie beim Verbrennen seines Holzes freigesetzt wird<\/span><\/label><\/div>\n<input type='hidden' name='answer_ids[]' class='watu-answer-ids' value='1734' \/><div class='watu-question-choice'><input type='radio' name='answer-368[]' id='answer-id-1734' class='answer answer-3  answerof-368' value='1734' \/>&nbsp;<label for='answer-id-1734' id='answer-label-1734' class=' answer label-3'><span class='answer'>Holz enth\u00e4lt weniger CO2 als Kohle<\/span><\/label><\/div>\n<input type='hidden' name='answer_ids[]' class='watu-answer-ids' value='1735' \/><div class='watu-question-choice'><input type='radio' name='answer-368[]' id='answer-id-1735' class='answer answer-3  answerof-368' value='1735' \/>&nbsp;<label for='answer-id-1735' id='answer-label-1735' class=' answer label-3'><span class='answer'>Holz ist nicht CO2 neutral, nur Wasserkraft oder Windkraft!<\/span><\/label><\/div>\n<\/div><input type='hidden' id='questionType3' value='radio' class=''><\/div><div class='watu-question' id='question-4'><div class='question-content'><p><span class='watu_num'>4. <\/span>In wie vielenJahren werden die Reserven f\u00fcr Erd\u00f6l verbraucht sein?<\/p>\n<\/div><input type='hidden' name='question_id[]' value='369' \/><div class='watu-questions-wrap '><input type='hidden' name='answer_ids[]' class='watu-answer-ids' value='1736' \/><div class='watu-question-choice'><input type='radio' name='answer-369[]' id='answer-id-1736' class='answer answer-4  answerof-369' value='1736' \/>&nbsp;<label for='answer-id-1736' id='answer-label-1736' class=' answer label-4'><span class='answer'>64 Jahren<\/span><\/label><\/div>\n<input type='hidden' name='answer_ids[]' class='watu-answer-ids' value='1737' \/><div class='watu-question-choice'><input type='radio' name='answer-369[]' id='answer-id-1737' class='answer answer-4  answerof-369' value='1737' \/>&nbsp;<label for='answer-id-1737' id='answer-label-1737' class=' answer label-4'><span class='answer'>54 Jahren<\/span><\/label><\/div>\n<input type='hidden' name='answer_ids[]' class='watu-answer-ids' value='1738' \/><div class='watu-question-choice'><input type='radio' name='answer-369[]' id='answer-id-1738' class='answer answer-4  answerof-369' value='1738' \/>&nbsp;<label for='answer-id-1738' id='answer-label-1738' class=' answer label-4'><span class='answer'>112 Jahren<\/span><\/label><\/div>\n<input type='hidden' name='answer_ids[]' class='watu-answer-ids' value='1739' \/><div class='watu-question-choice'><input type='radio' name='answer-369[]' id='answer-id-1739' class='answer answer-4  answerof-369' value='1739' \/>&nbsp;<label for='answer-id-1739' id='answer-label-1739' class=' answer label-4'><span class='answer'>70 Jahren<\/span><\/label><\/div>\n<\/div><input type='hidden' id='questionType4' value='radio' class=''><\/div><div class='watu-question' id='question-5'><div class='question-content'><p><span class='watu_num'>5. <\/span>Wann wird der globale Vorrat an Erdgas ersch\u00f6pft sein?<\/p>\n<\/div><input type='hidden' name='question_id[]' value='370' \/><div class='watu-questions-wrap '><input type='hidden' name='answer_ids[]' class='watu-answer-ids' value='1744' \/><div class='watu-question-choice'><input type='radio' name='answer-370[]' id='answer-id-1744' class='answer answer-5  answerof-370' value='1744' \/>&nbsp;<label for='answer-id-1744' id='answer-label-1744' class=' answer label-5'><span class='answer'>in 64 Jahren<\/span><\/label><\/div>\n<input type='hidden' name='answer_ids[]' class='watu-answer-ids' value='1745' \/><div class='watu-question-choice'><input type='radio' name='answer-370[]' id='answer-id-1745' class='answer answer-5  answerof-370' value='1745' \/>&nbsp;<label for='answer-id-1745' id='answer-label-1745' class=' answer label-5'><span class='answer'>in 54 Jahren<\/span><\/label><\/div>\n<input type='hidden' name='answer_ids[]' class='watu-answer-ids' value='1746' \/><div class='watu-question-choice'><input type='radio' name='answer-370[]' id='answer-id-1746' class='answer answer-5  answerof-370' value='1746' \/>&nbsp;<label for='answer-id-1746' id='answer-label-1746' class=' answer label-5'><span class='answer'>in 112 Jahren<\/span><\/label><\/div>\n<input type='hidden' name='answer_ids[]' class='watu-answer-ids' value='1747' \/><div class='watu-question-choice'><input type='radio' name='answer-370[]' id='answer-id-1747' class='answer answer-5  answerof-370' value='1747' \/>&nbsp;<label for='answer-id-1747' id='answer-label-1747' class=' answer label-5'><span class='answer'>in 70 Jahren<\/span><\/label><\/div>\n<\/div><input type='hidden' id='questionType5' value='radio' class=''><\/div><div class='watu-question' id='question-6'><div class='question-content'><p><span class='watu_num'>6. <\/span>Wie lange werden die Kohle Lagerst\u00e4tten noch reichen?<\/p>\n<\/div><input type='hidden' name='question_id[]' value='371' \/><div class='watu-questions-wrap '><input type='hidden' name='answer_ids[]' class='watu-answer-ids' value='1748' \/><div class='watu-question-choice'><input type='radio' name='answer-371[]' id='answer-id-1748' class='answer answer-6  answerof-371' value='1748' \/>&nbsp;<label for='answer-id-1748' id='answer-label-1748' class=' answer label-6'><span class='answer'>112 Jahre<\/span><\/label><\/div>\n<input type='hidden' name='answer_ids[]' class='watu-answer-ids' value='1749' \/><div class='watu-question-choice'><input type='radio' name='answer-371[]' id='answer-id-1749' class='answer answer-6  answerof-371' value='1749' \/>&nbsp;<label for='answer-id-1749' id='answer-label-1749' class=' answer label-6'><span class='answer'>64 Jahre<\/span><\/label><\/div>\n<input type='hidden' name='answer_ids[]' class='watu-answer-ids' value='1750' \/><div class='watu-question-choice'><input type='radio' name='answer-371[]' id='answer-id-1750' class='answer answer-6  answerof-371' value='1750' \/>&nbsp;<label for='answer-id-1750' id='answer-label-1750' class=' answer label-6'><span class='answer'>54 Jahre<\/span><\/label><\/div>\n<input type='hidden' name='answer_ids[]' class='watu-answer-ids' value='1751' \/><div class='watu-question-choice'><input type='radio' name='answer-371[]' id='answer-id-1751' class='answer answer-6  answerof-371' value='1751' \/>&nbsp;<label for='answer-id-1751' id='answer-label-1751' class=' answer label-6'><span class='answer'>70 Jahre<\/span><\/label><\/div>\n<\/div><input type='hidden' id='questionType6' value='radio' class=''><\/div><div class='watu-question' id='question-7'><div class='question-content'><p><span class='watu_num'>7. <\/span>Auch nukleare Brennstoffe (Uran, Plutonium) sind nicht erneuerbar und neigen sich in einigen Jahren dem Ende zu. Wann wird das sein?<\/p>\n<\/div><input type='hidden' name='question_id[]' value='372' \/><div class='watu-questions-wrap '><input type='hidden' name='answer_ids[]' class='watu-answer-ids' value='1756' \/><div class='watu-question-choice'><input type='radio' name='answer-372[]' id='answer-id-1756' class='answer answer-7  answerof-372' value='1756' \/>&nbsp;<label for='answer-id-1756' id='answer-label-1756' class=' answer label-7'><span class='answer'>in 70 Jahren<\/span><\/label><\/div>\n<input type='hidden' name='answer_ids[]' class='watu-answer-ids' value='1757' \/><div class='watu-question-choice'><input type='radio' name='answer-372[]' id='answer-id-1757' class='answer answer-7  answerof-372' value='1757' \/>&nbsp;<label for='answer-id-1757' id='answer-label-1757' class=' answer label-7'><span class='answer'>in 54 Jahren <\/span><\/label><\/div>\n<input type='hidden' name='answer_ids[]' class='watu-answer-ids' value='1758' \/><div class='watu-question-choice'><input type='radio' name='answer-372[]' id='answer-id-1758' class='answer answer-7  answerof-372' value='1758' \/>&nbsp;<label for='answer-id-1758' id='answer-label-1758' class=' answer label-7'><span class='answer'>in 112 Ahren<\/span><\/label><\/div>\n<input type='hidden' name='answer_ids[]' class='watu-answer-ids' value='1759' \/><div class='watu-question-choice'><input type='radio' name='answer-372[]' id='answer-id-1759' class='answer answer-7  answerof-372' value='1759' \/>&nbsp;<label for='answer-id-1759' id='answer-label-1759' class=' answer label-7'><span class='answer'>in 64 Jahren<\/span><\/label><\/div>\n<\/div><input type='hidden' id='questionType7' value='radio' class=''><\/div><div class='watu-question' id='question-8'><div class='question-content'><p><span class='watu_num'>8. <\/span>Wann entstand Erd\u00f6l?<\/p>\n<\/div><input type='hidden' name='question_id[]' value='373' \/><div class='watu-questions-wrap '><input type='hidden' name='answer_ids[]' class='watu-answer-ids' value='1760' \/><div class='watu-question-choice'><input type='radio' name='answer-373[]' id='answer-id-1760' class='answer answer-8  answerof-373' value='1760' \/>&nbsp;<label for='answer-id-1760' id='answer-label-1760' class=' answer label-8'><span class='answer'>Vor 300 Millionen Jahren, im Karbon<\/span><\/label><\/div>\n<input type='hidden' name='answer_ids[]' class='watu-answer-ids' value='1761' \/><div class='watu-question-choice'><input type='radio' name='answer-373[]' id='answer-id-1761' class='answer answer-8  answerof-373' value='1761' \/>&nbsp;<label for='answer-id-1761' id='answer-label-1761' class=' answer label-8'><span class='answer'>In der Kreidezeit im Erdmittelalter vor 145 bis 65 Millionen Jahren <\/span><\/label><\/div>\n<input type='hidden' name='answer_ids[]' class='watu-answer-ids' value='1762' \/><div class='watu-question-choice'><input type='radio' name='answer-373[]' id='answer-id-1762' class='answer answer-8  answerof-373' value='1762' \/>&nbsp;<label for='answer-id-1762' id='answer-label-1762' class=' answer label-8'><span class='answer'>vor 3,5 Millionen Jahren<\/span><\/label><\/div>\n<input type='hidden' name='answer_ids[]' class='watu-answer-ids' value='1763' \/><div class='watu-question-choice'><input type='radio' name='answer-373[]' id='answer-id-1763' class='answer answer-8  answerof-373' value='1763' \/>&nbsp;<label for='answer-id-1763' id='answer-label-1763' class=' answer label-8'><span class='answer'>vor 1,2 Millionen Jahren<\/span><\/label><\/div>\n<\/div><input type='hidden' id='questionType8' value='radio' class=''><\/div><div class='watu-question' id='question-9'><div class='question-content'><p><span class='watu_num'>9. <\/span>Wann entstand Steinkohle?<\/p>\n<\/div><input type='hidden' name='question_id[]' value='374' \/><div class='watu-questions-wrap '><input type='hidden' name='answer_ids[]' class='watu-answer-ids' value='1764' \/><div class='watu-question-choice'><input type='radio' name='answer-374[]' id='answer-id-1764' class='answer answer-9  answerof-374' value='1764' \/>&nbsp;<label for='answer-id-1764' id='answer-label-1764' class=' answer label-9'><span class='answer'>vor 300 Millionen Jahren im Karbon<\/span><\/label><\/div>\n<input type='hidden' name='answer_ids[]' class='watu-answer-ids' value='1765' \/><div class='watu-question-choice'><input type='radio' name='answer-374[]' id='answer-id-1765' class='answer answer-9  answerof-374' value='1765' \/>&nbsp;<label for='answer-id-1765' id='answer-label-1765' class=' answer label-9'><span class='answer'>In der Kreidezeit im Erdmittelalter vor 145 bis 65 Millionen Jahren <\/span><\/label><\/div>\n<input type='hidden' name='answer_ids[]' class='watu-answer-ids' value='1766' \/><div class='watu-question-choice'><input type='radio' name='answer-374[]' id='answer-id-1766' class='answer answer-9  answerof-374' value='1766' \/>&nbsp;<label for='answer-id-1766' id='answer-label-1766' class=' answer label-9'><span class='answer'>vor 3,5 Millionen Jahren<\/span><\/label><\/div>\n<input type='hidden' name='answer_ids[]' class='watu-answer-ids' value='1767' \/><div class='watu-question-choice'><input type='radio' name='answer-374[]' id='answer-id-1767' class='answer answer-9  answerof-374' value='1767' \/>&nbsp;<label for='answer-id-1767' id='answer-label-1767' class=' answer label-9'><span class='answer'>im Kambrium vor 540 Millionen Jahren<\/span><\/label><\/div>\n<\/div><input type='hidden' id='questionType9' value='radio' class=''><\/div><div style='display:none' id='question-10'><br \/><div class='question-content'><img src=\"http:\/\/nawi.naturundbildung.at\/wp\/wp-content\/plugins\/watu\/loading.gif\" width=\"16\" height=\"16\" alt=\"Loading ...\" title=\"Loading ...\" \/>&nbsp;Loading &#8230;<\/div><\/div><br \/>\n\t<p>Question <span id='numQ'>1<\/span> of 9<\/p>\n\t\t<input type=\"button\" id=\"next-question\" value=\"Next &gt;\"  \/>\n<input type=\"button\" name=\"action\" onclick=\"Watu.submitResult()\" id=\"action-button\" value=\"Submit\"  class=\"watu-submit-button\" \/>\n<input type=\"hidden\" name=\"no_ajax\" value=\"0\"><input type=\"hidden\" name=\"quiz_id\" value=\"49\" \/>\n<input type=\"hidden\" id=\"watuStartTime\" name=\"start_time\" value=\"2026-04-15 03:35:53\" \/>\n<\/form>\n<\/div>\n<div id=\"watu-loading-result\" style=\"display:none;\">\n\t<p align=\"center\"><img src=\"http:\/\/nawi.naturundbildung.at\/wp\/wp-content\/plugins\/watu\/loading.gif\" width=\"16\" height=\"16\" alt=\"Loading\" title=\"Loading\" \/><\/p>\n<\/div>\t\n<script type=\"text\/javascript\">\nvar exam_id=0;\nvar question_ids='';\nvar watuURL='';\njQuery(function($){\nquestion_ids = \"366,367,368,369,370,371,372,373,374\";\nexam_id = 49;\nWatu.exam_id = exam_id;\nWatu.qArr = question_ids.split(',');\nWatu.post_id = 2361;\nWatu.singlePage = '0';\nWatu.hAppID = \"0.20939600 1776224153\";\nwatuURL = \"http:\/\/nawi.naturundbildung.at\/wp\/wp-admin\/admin-ajax.php\";\nWatu.noAlertUnanswered = 0;\n});\n<\/script>\n","protected":false},"excerpt":{"rendered":"<p>Konventionelle Energiegewinnung &nbsp; Konventionelle Energiegewinnung baut auf nicht erneuerbare Rohstoffe. Dabei unterscheidet man zwischen &nbsp; a) fossilen Rohstoffen bzw. Energietr\u00e4gern und b) nuclearen Rohstoffen bzw. Energietr\u00e4gern, z.B. Uran und Plutonium &nbsp; a) Fossile Rohstoffe bzw. Energietr\u00e4ger sind etwas Kohle, Erdgas oder Erd\u00f6l. Vor 300 Millionen Jahren, im Karbon, entstanden riesige<\/p>\n","protected":false},"author":1,"featured_media":0,"parent":442,"menu_order":0,"comment_status":"open","ping_status":"open","template":"","meta":{"ngg_post_thumbnail":0},"aioseo_notices":[],"_links":{"self":[{"href":"http:\/\/nawi.naturundbildung.at\/wp\/index.php?rest_route=\/wp\/v2\/pages\/2361"}],"collection":[{"href":"http:\/\/nawi.naturundbildung.at\/wp\/index.php?rest_route=\/wp\/v2\/pages"}],"about":[{"href":"http:\/\/nawi.naturundbildung.at\/wp\/index.php?rest_route=\/wp\/v2\/types\/page"}],"author":[{"embeddable":true,"href":"http:\/\/nawi.naturundbildung.at\/wp\/index.php?rest_route=\/wp\/v2\/users\/1"}],"replies":[{"embeddable":true,"href":"http:\/\/nawi.naturundbildung.at\/wp\/index.php?rest_route=%2Fwp%2Fv2%2Fcomments&post=2361"}],"version-history":[{"count":3,"href":"http:\/\/nawi.naturundbildung.at\/wp\/index.php?rest_route=\/wp\/v2\/pages\/2361\/revisions"}],"predecessor-version":[{"id":3610,"href":"http:\/\/nawi.naturundbildung.at\/wp\/index.php?rest_route=\/wp\/v2\/pages\/2361\/revisions\/3610"}],"up":[{"embeddable":true,"href":"http:\/\/nawi.naturundbildung.at\/wp\/index.php?rest_route=\/wp\/v2\/pages\/442"}],"wp:attachment":[{"href":"http:\/\/nawi.naturundbildung.at\/wp\/index.php?rest_route=%2Fwp%2Fv2%2Fmedia&parent=2361"}],"curies":[{"name":"wp","href":"https:\/\/api.w.org\/{rel}","templated":true}]}}