{"id":2396,"date":"2014-11-09T18:55:27","date_gmt":"2014-11-09T18:55:27","guid":{"rendered":"http:\/\/nawi.naturundbildung.at\/wp\/?page_id=2396"},"modified":"2018-02-05T16:21:07","modified_gmt":"2018-02-05T16:21:07","slug":"geothermie","status":"publish","type":"page","link":"http:\/\/nawi.naturundbildung.at\/wp\/?page_id=2396","title":{"rendered":"Solarenergie &#038; Biomasse"},"content":{"rendered":"[ls_accordion][ls_accordion_section title=&#8220;SOLARENERGIE&#8220;]\n<p>Als Sonnenenergie oder Solarenergie bezeichnet man die Energie der Sonnenstrahlung, die in Form von elektrischem Strom, W\u00e4rme oder chemischer Energie technisch genutzt werden kann. Sonnenstrahlung ist dabei die elektromagnetische Strahlung, die auf der Sonnenoberfl\u00e4che wegen ihrer Temperatur von ca. 5500 \u00b0C als Schwarzk\u00f6rperstrahlung entsteht, was letztlich auf Kernfusionsprozessen im Sonneninneren (dem Wasserstoffbrennen) zur\u00fcckgeht.<\/p>\n<p>Die Sonnenenergie l\u00e4sst sich sowohl direkt (z. B. mit Photovoltaikanlagen oder Sonnenkollektoren) als auch indirekt (z. B. mittels Wasserkraftwerken, Windkraftanlagen und in Form von Biomasse) nutzen. Die Nutzung der Solarenergie ist ein Beispiel f\u00fcr eine moderne Backstop-Technologie.<\/p>\n<p>&nbsp;<\/p>\n<p><strong><span style=\"text-decoration: underline;\">Nutzung der Sonnenenergie: <\/span><\/strong><\/p>\n<p>Der Menge nach gr\u00f6\u00dfter Nutzungsbereich der Sonnenenergie ist die Erw\u00e4rmung der Erde, so dass im oberfl\u00e4chennahen Bereich biologische Existenz in den bekannten Formen m\u00f6glich ist, gefolgt von der Photosynthese der Algen und H\u00f6heren Pflanzen. Die meisten Organismen, die Menschen eingeschlossen, sind entweder direkt (als Pflanzenfresser) oder indirekt (als Fleischfresser) von der Sonnenenergie abh\u00e4ngig. Brennstoff und Baumaterial stammen ebenfalls daraus. Die Sonnenenergie ist weiterhin daf\u00fcr verantwortlich, dass es in der Atmosph\u00e4re zu Luftdruckunterschieden kommt, die zu Wind f\u00fchren. Auch der Wasserkreislauf der Erde wird von der Sonnenenergie angetrieben.<\/p>\n<p><strong><em>Direkte Nutzungsformen umfassen:<\/em><\/strong><\/p>\n<ul>\n<li>Sonnenkollektoren gewinnen W\u00e4rme (Solarthermie bzw. Photothermik)<\/li>\n<li>Solarzellen erzeugen elektrischen Gleichstrom (Photovoltaik)<\/li>\n<li>Sonnenw\u00e4rmekraftwerke erzeugen mit Hilfe von W\u00e4rme und Wasserdampf elektrischen Strom<\/li>\n<li>Aufwindkraftwerke erzeugen in einem Treibhaus hei\u00dfe Luft, die durch einen Kamin aufsteigt und Strom erzeugt<\/li>\n<li>Solarballons k\u00f6nnen durch die hei\u00dfe Luft in ihrem Innern fliegen<\/li>\n<li>Solarkocher oder Solar\u00f6fen erhitzen Speisen oder sterilisieren medizinisches Material<\/li>\n<\/ul>\n<p><strong><em>Indirekt wird Sonnenenergie genutzt:<\/em><\/strong><\/p>\n<ul>\n<li>Pflanzen und pflanzliche Abf\u00e4lle werden so verarbeitet, dass nutzbare Fl\u00fcssigkeiten (z. B. Ethanol, Raps\u00f6l) oder Gase (z. B. Biogas, gereinigt wird daraus Methan) entstehen<\/li>\n<li>Wind- und Wasserkraftwerke erzeugen elektrischen Strom<\/li>\n<li>Als Passive Sonnenenergie um H\u00e4user aufzuw\u00e4rmen und somit den Energiebedarf zu senken<\/li>\n<\/ul>\n<p><strong><span style=\"text-decoration: underline;\">Bewertung der Sonnenenergienutzung:<\/span><\/strong><\/p>\n<p><strong>Vorteile:<\/strong><\/p>\n<ul>\n<li>Sie ist im Gegensatz zu fossilen Energietr\u00e4gern oder spaltbaren Isotopen nach menschlichem Ermessen unbegrenzt verf\u00fcgbar.<\/li>\n<li>Es kommt zu keiner Freisetzung von Feinstaub, wie z. B. Ru\u00dfpartikeln.<\/li>\n<li>Au\u00dferdem erspart Solarstrom Brennstoffimporte \u2013 aktuell etwa 400 Millionen Euro j\u00e4hrlich.<\/li>\n<\/ul>\n<p><strong>Nachteile:<\/strong><\/p>\n<ul>\n<li>Die Aufstellung von Solarmodulen in gro\u00dfem Stil verbraucht erhebliche Fl\u00e4chen, die sonst u.a. auch landwirtschaftlich zur Erzeugung von Lebensmitteln genutzt werden k\u00f6nnen oder bereits genutzt wurden.<\/li>\n<li>Die Energieerzeugung durch Photovoltaikzellen ist nach einer kompletten \u00f6kologischen Bilanz betrachtet nicht emissionsfrei, da zur Herstellung der kompletten Photovoltaikanlage Energie, Frischwasser und Chemikalien ben\u00f6tigt werden.<\/li>\n<\/ul>\n[\/ls_accordion_section]\n[ls_accordion_section title=&#8220;BIOMASSE&#8220;]Der Ausdruck Biomasse wird die Stoffmasse oder Lebewesen nach deren Absterben die ihrer K\u00f6rper beziehungsweise K\u00f6rperteile bezeichnet. Dieser Stoffgemisch gilt f\u00fcr die Masse: Kilogramm. In der \u00d6kologie wird die Biomasse h\u00e4ufig nur f\u00fcr \u00d6kosysteme bestimmt oder f\u00fcr einzelne Populationen erfasst.<\/p>\n<p><strong><span style=\"text-decoration: underline;\">Begriff:<\/span><\/strong><\/p>\n<ul>\n<li><strong>\u00d6kologische <\/strong>Biomasse-Begriffe sind nicht einheitlich. Ein Grund ist wenn Biomasse sich ver\u00e4ndert, w\u00e4hrend Lebewesen untereinander mit ihrer unbelebten Umwelt wechselwirken.<\/li>\n<li><strong>Energetische<\/strong> Biomasse-Begriffe umfassen ausschlie\u00dflich biotische Stoffe, die als Energiequellen genutzt werden.<\/li>\n<\/ul>\n<p><strong><span style=\"text-decoration: underline;\">Typen von Biomasse:<\/span><\/strong><\/p>\n<ul>\n<li><strong>Kriterien<\/strong> (<span style=\"text-decoration: underline;\">Wassergehalt<\/span>: Frischbiomasse, Trockenbiomasse, <span style=\"text-decoration: underline;\">Herkunft:<\/span> Phytomasse, Zoomasse, mikrobielle Mikromasse, <span style=\"text-decoration: underline;\">Lebendigkeit:<\/span> Lebende Biomasse &amp; Tote Biomasse)<\/li>\n<\/ul>\n<p><strong><span style=\"text-decoration: underline;\">&nbsp;<\/span><\/strong><\/p>\n<ul>\n<li><strong>Lebende Biomasse. <\/strong>An der Basis der Bildung von Biomasse stehen die Prim\u00e4rproduzenten. Das sind Organismen die Baustoffe der Umwelt entnehmen und in N\u00e4hrstoffe umwandeln.<\/li>\n<li><strong>Tote Biomasse.<\/strong> Einen gro\u00dfen Anteil der Biomasse macht tote organismische Substanz aus. Tote Biomasse wird Bestandsabfall genannt.<\/li>\n<\/ul>\n<p><strong>&nbsp;<\/strong><strong><span style=\"text-decoration: underline;\">Zusammensetzung von Biomasse:<\/span><\/strong><\/p>\n<p>Biomasse besteht aus lebenden oder toten Lebewesen, die aus einer Vielzahl verschiedenen Verbindungen bestehen.<\/p>\n<p>Da Biomasse ein nachwachsender Rohstoff ist, wird bei ihrer Herstellung (z.B. ein Baum w\u00e4chst und baut Biomasse in sich ein) genau so viel CO2 &#8222;verbraucht&#8220;-Pflanzen betreiben Fotosynthese und setzen dabei unter anderem das CO2 der Luft in Traubenzucker und andere Biomolek\u00fcle um- wie bei der Verbrennung wieder frei wird.<\/p>\n<p>Brennmaterial aus Biomasse, z.B. Hackschnitzel aus Holz, sind daher CO2 neutral.<\/p>\n<p><strong>&nbsp;<\/strong><strong>&nbsp;&nbsp;&nbsp;&nbsp;&nbsp;&nbsp; <\/strong>Quelle: http:\/\/de.wikipedia.org\/wiki\/Biomasse<\/p>\n[\/ls_accordion_section][\/ls_accordion]\n<p>Text (Biomasse): Michelle Havasov &amp; Lisa Markovski, 1HMB, HLMW9, 2014<\/p>\n<p>Text (Solarenergie): Nil Samli &amp; K\u00fcbra Yalcin, 1HMB, HLMW9, 2014<\/p>\n<p>&nbsp;<\/p>\n","protected":false},"excerpt":{"rendered":"<p>[ls_accordion][ls_accordion_section title=&#8220;SOLARENERGIE&#8220;] Als Sonnenenergie oder Solarenergie bezeichnet man die Energie der Sonnenstrahlung, die in Form von elektrischem Strom, W\u00e4rme oder chemischer Energie technisch genutzt werden kann. Sonnenstrahlung ist dabei die elektromagnetische Strahlung, die auf der Sonnenoberfl\u00e4che wegen ihrer Temperatur von ca. 5500 \u00b0C als Schwarzk\u00f6rperstrahlung entsteht, was letztlich auf Kernfusionsprozessen<\/p>\n","protected":false},"author":1,"featured_media":0,"parent":1097,"menu_order":0,"comment_status":"open","ping_status":"open","template":"","meta":{"ngg_post_thumbnail":0},"aioseo_notices":[],"_links":{"self":[{"href":"http:\/\/nawi.naturundbildung.at\/wp\/index.php?rest_route=\/wp\/v2\/pages\/2396"}],"collection":[{"href":"http:\/\/nawi.naturundbildung.at\/wp\/index.php?rest_route=\/wp\/v2\/pages"}],"about":[{"href":"http:\/\/nawi.naturundbildung.at\/wp\/index.php?rest_route=\/wp\/v2\/types\/page"}],"author":[{"embeddable":true,"href":"http:\/\/nawi.naturundbildung.at\/wp\/index.php?rest_route=\/wp\/v2\/users\/1"}],"replies":[{"embeddable":true,"href":"http:\/\/nawi.naturundbildung.at\/wp\/index.php?rest_route=%2Fwp%2Fv2%2Fcomments&post=2396"}],"version-history":[{"count":8,"href":"http:\/\/nawi.naturundbildung.at\/wp\/index.php?rest_route=\/wp\/v2\/pages\/2396\/revisions"}],"predecessor-version":[{"id":4402,"href":"http:\/\/nawi.naturundbildung.at\/wp\/index.php?rest_route=\/wp\/v2\/pages\/2396\/revisions\/4402"}],"up":[{"embeddable":true,"href":"http:\/\/nawi.naturundbildung.at\/wp\/index.php?rest_route=\/wp\/v2\/pages\/1097"}],"wp:attachment":[{"href":"http:\/\/nawi.naturundbildung.at\/wp\/index.php?rest_route=%2Fwp%2Fv2%2Fmedia&parent=2396"}],"curies":[{"name":"wp","href":"https:\/\/api.w.org\/{rel}","templated":true}]}}