{"id":2412,"date":"2014-11-09T19:08:24","date_gmt":"2014-11-09T19:08:24","guid":{"rendered":"http:\/\/nawi.naturundbildung.at\/wp\/?page_id=2412"},"modified":"2018-01-29T22:16:33","modified_gmt":"2018-01-29T22:16:33","slug":"versuche-zum-thema-schall","status":"publish","type":"page","link":"http:\/\/nawi.naturundbildung.at\/wp\/?page_id=2412","title":{"rendered":"Versuche zum Thema Schall"},"content":{"rendered":"<p><strong><u>Sichtbarmachen von Schallwellen<\/u><\/strong><\/p>\n<p>&nbsp;&nbsp;&nbsp;&nbsp;&nbsp;&nbsp;&nbsp;&nbsp;&nbsp;&nbsp;&nbsp;&nbsp;&nbsp;&nbsp;&nbsp;&nbsp;&nbsp;&nbsp;&nbsp;&nbsp;&nbsp;&nbsp;&nbsp;<\/p>\n<p>Du ben\u00f6tigst:<\/p>\n<p>Klangschale mit Wasser gef\u00fcllt, Stimmgabel(n)<\/p>\n<p>Durchf\u00fchrung:<\/p>\n<p>Stimmgabel anschlagen und ins Wasser halten. Was passiert? Probiere es aus, eine zweite Stimmgabel ins Wasser zu halten- Du siehst die Interferenz- die \u00dcberlagerung von Wellen!<\/p>\n<p>&nbsp;<\/p>\n<p><strong><u>Tonh\u00f6hen:<\/u><\/strong><\/p>\n<p>&nbsp;<\/p>\n<p>Du ben\u00f6tigst: ein langes Lineal (30cm) aus Kunststoff<\/p>\n<p>Durchf\u00fchrung:<\/p>\n<p>Nimm das Lineal. Halte es an einem Ende fest und schwinge nun das freie Ende.<\/p>\n<p>Variiere die L\u00e4nge: mal steht das Lineal nur wenige cm \u00fcber der Tischkante, mal \u00fcber 25cm.<\/p>\n<p>Wann ist derTon h\u00f6her, wann tiefer. Warum?<\/p>\n<p><strong>Das lange Ende schwingt langsamer \u2192 tieferer Ton<\/strong><\/p>\n<p><strong>&nbsp;<\/strong><\/p>\n<p><strong><u>Ein selbst gebautes Oszilloskop:<\/u><\/strong><\/p>\n<p>Du kannst Dir ein einfaches Oszilloskop selber bauen:<\/p>\n<p>Variante 1:<\/p>\n<p>Du ben\u00f6tigst: Papier, Schere, Wolle<\/p>\n<p>Durchf\u00fchrung:<\/p>\n<p>Drehe aus Papier eine T\u00fcte (ein Stanitzel), f\u00fclle es mit Sand und h\u00e4nge es am Tisch oder Sessel auf. Unter Dein Stanitzel legst Du einige aneinandergeklebte A4-Seiten. Mache nun ein kleines Loch in Dein Stanitzel, so dass Sand rausflie\u00dfen kann, bringe das Stanitzel quer zum Papier zum Schwingen und ziehe das Papier das L\u00e4nge nach.<\/p>\n<p>Je nachdem, wie stark das Stanitzelpendel schwingt und wie schnell Du das Papier ziehst, hast Du unterschiedliche Wellenmuster.<\/p>\n<p>Variante 2:<\/p>\n<p>Du ben\u00f6tigst: Stimmgabel, Bleistift, Klebeband, Papier<\/p>\n<p>Durchf\u00fchrung:<\/p>\n<p>Nimm die Stimmgabel und klebe an einer der beiden Zinken mit Klebeband einen Bleistift. Bringe die Stimmgabel zum Schwingen und versuche mit m\u00f6glichst ruhiger Hand einen geraden strich zu zeichnen. Auch in diesem Fall, bringst Du eine Welle zu Papier.<\/p>\n<p>&nbsp;<\/p>\n<p><strong><u>Ausbreitung von Schall:<\/u><\/strong><\/p>\n<p>&nbsp;<\/p>\n<p><strong><u>Springende Reisk\u00f6rner<\/u><\/strong><\/p>\n<p>Du ben\u00f6tigst: einen leeren Joghurtbecher, einen Luftballon, Reisk\u00f6rner, Schere<\/p>\n<p>Durchf\u00fchrung: Schneide das Mundst\u00fcck des Luftballons weg und spanne den Luftballon straff \u00fcber den Joghurtbecher.<\/p>\n<p>Lege Reisk\u00f6rner auf den Becher. Wenn Du nun den Becher auf Lautsprecherboxen stellst und die Musik laut drehst, beginnen die Reisk\u00f6rner aufgrund der \u00fcbertragenen Schwingungen zu \u201etanzen\u201c.<\/p>\n<p>Du kannst den Becher auch in die H\u00f6he halten und versuchen durch Singen oder Schreien die Reisk\u00f6rner zum \u201eTanze\u201c zu bringen.<\/p>\n<p>&nbsp;<\/p>\n<p><strong><u>Bechertelefon:<\/u><\/strong><\/p>\n<p>Du ben\u00f6tigst: 2 Joghurtbecher, Nagel, Feuerzeug, Wolle<\/p>\n<p>Durchf\u00fchrung:<\/p>\n<p>Erhitze vorsichtig einen Nagel mit dem Feuerzeug und schmelze ein kleines Loch in die Becherb\u00f6den. \u00d6ffne dazu das Fenster oder mache diesen Schritt im Freien (wegen der D\u00e4mpfe).<\/p>\n<p>Ziehe nun das eine Ende eines langen Wollfadens durch das Loch und fixiere ihn mit einem Knoten. Das zweite des Fadens f\u00e4dle durch das &lt;loch des zweiten Becherbodens und ebenfalls verknoten.<\/p>\n<p>Nun kannst Du telefonieren &#8211; der Schall wird \u00fcber die gespannte Schnur \u00fcbertragen und die Becher wirken wie ein Trichter.<\/p>\n<p>&nbsp;<\/p>\n<p><strong><u>Das Ohr<\/u><\/strong><\/p>\n<p>Du ben\u00f6tigt: eine Papprolle (z.B. von einer K\u00fcchenrolle oder Klorolle, etwas d\u00fcnne Pappe, Klebeband, Pergamentpapier, eine kleine Perle, Zwirn, Bleistift<\/p>\n<p>Durchf\u00fchrung: Fertige aus der Pappe einen kleinen Trichter. Zeichne den Umriss der Papprolle auf das Pergamentpapier. Schneide das Pergamentpapier inclusive ein paar Klebelaschen aus und verschlie\u00dfe damit das eine Ende der Papprolle. Knote die Perle an ein St\u00fcck Zwirn und klebe den Faden so an die Papprolle, dass die Perle auf der H\u00f6he des &nbsp;Mittelpunkts der R\u00f6hre liegt. Das Pergamentpapier stellt das Trommelfell dar, die Perle die e\u00f6rkn\u00f6chelchen, die Pappr\u00f6hre den Geh\u00f6rgang und der Trichter ist die Ohrmuschel. Halte nun das Ohrmodell mit und ohne &#8222;Ohrmuschel&#8220; vor Schallquellen wie Lautsprecher usw. und beobachte das Schwingen der &#8222;Geh\u00f6rkn\u00f6chelchen&#8220;-Perle!<\/p>\n<p>&nbsp;<\/p>\n<p><strong><u>Verst\u00e4rker- kann man das Krabbeln einer Fliege h\u00f6rbar machen?<\/u><\/strong><\/p>\n<p>Du ben\u00f6tigst: Papiers\u00e4ckchen vom B\u00e4cker, eine Fliege, Joghurtbecher, Papier<\/p>\n<p>Durchf\u00fchrung: Fange mit dem Becher vorsichtig eine Fliege; schiebe das Papier darunter- die Fliege ist im Becher.<\/p>\n<p>Gib die Fliege in den Papiersack und puste den Papiersack auf- der Papiersack wirkt nun wie ein Verst\u00e4rker und man kann die Fliege krabbeln h\u00f6ren!<\/p>\n\r\n\t\t<style type='text\/css'>\r\n\t\t\t#gallery-1 {\r\n\t\t\t\tmargin: auto;\r\n\t\t\t}\r\n\t\t\t#gallery-1 .gallery-item {\r\n\t\t\t\tfloat: left;\r\n\t\t\t\tmargin-top: 10px;\r\n\t\t\t\ttext-align: center;\r\n\t\t\t\twidth: 33%;\r\n\t\t\t}\r\n\t\t\t#gallery-1 img {\r\n\t\t\t\tborder: 2px solid #cfcfcf;\r\n\t\t\t}\r\n\t\t\t#gallery-1 .gallery-caption {\r\n\t\t\t\tmargin-left: 0;\r\n\t\t\t}\r\n\t\t<\/style>\r\n\t\t<!-- see gallery_shortcode() in wp-includes\/media.php -->\n\t\t<div id='gallery-1' class='gallery galleryid-2412 gallery-columns-3 gallery-size-thumbnail gallery1'><script type=\"text\/javascript\">\r\n\/\/ <![CDATA[\r\n\tjQuery(document).ready(function () {\r\n\t\tjQuery(\".gallery1 a\").attr(\"rel\",\"gallery1\");\t\r\n\t\tjQuery('a[rel=\"gallery1\"]').colorbox({maxWidth:\"95%\", maxHeight:\"95%\",title: function(){ return jQuery(this).children().attr(\"alt\"); }, });\r\n\t});\r\n\/\/ ]]>\r\n<\/script>\n<dl class=\"gallery-item\">\n<dt class=\"gallery-icon\">\r\n<a href=\"http:\/\/nawi.naturundbildung.at\/wp\/wp-content\/uploads\/2018\/01\/Fliege-3.jpg\" title=\"Fliege, Kahlenberg\" rel=\"gallery1\"><img src=\"http:\/\/nawi.naturundbildung.at\/wp\/wp-content\/uploads\/2018\/01\/Fliege-3-150x150.jpg\" width=\"150\" height=\"150\" alt=\"Fliege, Kahlenberg\" \/><\/a>\r\n<\/dt><dd class=\"gallery-caption\" id=\"caption3343\"><span class=\"imagecaption\">Fliege, Kahlenberg<\/span><br \/>\n<\/dd><\/dl><dl class=\"gallery-item\">\n<dt class=\"gallery-icon\">\r\n<a href=\"http:\/\/nawi.naturundbildung.at\/wp\/wp-content\/uploads\/2018\/01\/IMG_6947.jpg\" title=\"Schallwellen sichtbar machen-Bild: Liette Clees \" rel=\"gallery1\"><img src=\"http:\/\/nawi.naturundbildung.at\/wp\/wp-content\/uploads\/2018\/01\/IMG_6947-150x150.jpg\" width=\"150\" height=\"150\" alt=\"Schallwellen sichtbar machen-Bild: Liette Clees\" \/><\/a>\r\n<\/dt><dd class=\"gallery-caption\" id=\"caption3232\"><span class=\"imagecaption\">Schallwellen sichtbar machen-Bild: Liette Clees <\/span><br \/>\n<span class=\"imagedescription\">Schallwellen sichtbar machen-Bild: Liette Clees <\/span><br \/>\n<\/dd><\/dl>\r\n\t\t\t<br style='clear: both' \/>\r\n\t\t<\/div>\n\n<p>Silke Geroldinger, 2017<\/p>\n","protected":false},"excerpt":{"rendered":"<p>Sichtbarmachen von Schallwellen &nbsp;&nbsp;&nbsp;&nbsp;&nbsp;&nbsp;&nbsp;&nbsp;&nbsp;&nbsp;&nbsp;&nbsp;&nbsp;&nbsp;&nbsp;&nbsp;&nbsp;&nbsp;&nbsp;&nbsp;&nbsp;&nbsp;&nbsp; Du ben\u00f6tigst: Klangschale mit Wasser gef\u00fcllt, Stimmgabel(n) Durchf\u00fchrung: Stimmgabel anschlagen und ins Wasser halten. Was passiert? Probiere es aus, eine zweite Stimmgabel ins Wasser zu halten- Du siehst die Interferenz- die \u00dcberlagerung von Wellen! &nbsp; Tonh\u00f6hen: &nbsp; Du ben\u00f6tigst: ein langes Lineal (30cm) aus Kunststoff Durchf\u00fchrung:<\/p>\n","protected":false},"author":1,"featured_media":0,"parent":1834,"menu_order":0,"comment_status":"open","ping_status":"open","template":"","meta":{"ngg_post_thumbnail":0},"aioseo_notices":[],"_links":{"self":[{"href":"http:\/\/nawi.naturundbildung.at\/wp\/index.php?rest_route=\/wp\/v2\/pages\/2412"}],"collection":[{"href":"http:\/\/nawi.naturundbildung.at\/wp\/index.php?rest_route=\/wp\/v2\/pages"}],"about":[{"href":"http:\/\/nawi.naturundbildung.at\/wp\/index.php?rest_route=\/wp\/v2\/types\/page"}],"author":[{"embeddable":true,"href":"http:\/\/nawi.naturundbildung.at\/wp\/index.php?rest_route=\/wp\/v2\/users\/1"}],"replies":[{"embeddable":true,"href":"http:\/\/nawi.naturundbildung.at\/wp\/index.php?rest_route=%2Fwp%2Fv2%2Fcomments&post=2412"}],"version-history":[{"count":9,"href":"http:\/\/nawi.naturundbildung.at\/wp\/index.php?rest_route=\/wp\/v2\/pages\/2412\/revisions"}],"predecessor-version":[{"id":4021,"href":"http:\/\/nawi.naturundbildung.at\/wp\/index.php?rest_route=\/wp\/v2\/pages\/2412\/revisions\/4021"}],"up":[{"embeddable":true,"href":"http:\/\/nawi.naturundbildung.at\/wp\/index.php?rest_route=\/wp\/v2\/pages\/1834"}],"wp:attachment":[{"href":"http:\/\/nawi.naturundbildung.at\/wp\/index.php?rest_route=%2Fwp%2Fv2%2Fmedia&parent=2412"}],"curies":[{"name":"wp","href":"https:\/\/api.w.org\/{rel}","templated":true}]}}