{"id":2527,"date":"2015-01-24T23:04:01","date_gmt":"2015-01-24T23:04:01","guid":{"rendered":"http:\/\/nawi.naturundbildung.at\/wp\/?page_id=2527"},"modified":"2015-02-04T16:07:42","modified_gmt":"2015-02-04T16:07:42","slug":"nobelpreistraegerinnen","status":"publish","type":"page","link":"http:\/\/nawi.naturundbildung.at\/wp\/?page_id=2527","title":{"rendered":"Nobelpreistr\u00e4gerinnen"},"content":{"rendered":"<p>Der <strong>Nobelpreis<\/strong> ist die h\u00f6chste Auszeichnung f\u00fcr Wissenschaftler\/innen, die seit 1901 j\u00e4hrlich vergeben wird. Der Preis geht auf den schwedischen Erfinder und Unternehmer Alfred Nobel (1833\u20131896) zur\u00fcck.<\/p>\n<p>Alfred Nobel erfand zwar das Dynamit, dennoch hasste er den Krieg und hoffte, eine starke Vernichtungswaffe w\u00fcrde die Menschen vom Krieg abhalten. Mit seiner Privatsekret\u00e4rin und sp\u00e4teren Nobelpreistr\u00e4gerin Bertha von Suttner diskutierte er oft seine Haltung zum Krieg. Bertha von Suttner war nur wenige Wochen lang Nobels Sekret\u00e4rin. Sie wurde zu einer Friedensaktivistin\u00a0Bertha von Suttner hielt trotzt Meinungsverschiedenheiten einen regen Briefverkehr mit dem Industriellen.<\/p>\n<p>Nobel bestimmte in seinem Testament, dass mit seinem Verm\u00f6gen eine Stiftung gegr\u00fcndet werden\u00a0sollte. von den Zinsen sollte ein Preis an jene vergeben werden, die im Vorjahr mit ihren Forschungen, Handlungen oder Erfindungen der Menschheit den gr\u00f6\u00dften Nutzen geleistet h\u00e4tten. Er lie\u00df das Geld zu gleichen Teilen\u00a0 auf die Gebiete Physik, Chemie, Physiologie oder Medizin, Literatur und Friedensbem\u00fchungen aufteilen.<\/p>\n<p>1901, 5 Jahre nach Alfred Nobels Tod,\u00a0wurden die ersten Nobelpreise verliehen. 1905 erhielt Bertha von Suttner, die ihn zu dieser Idee angestiftet hatte den Friedensnobelpreis.<\/p>\n<p>Der Friedensnobelpreis wird in Oslo \u00fcbergeben, alle anderen Preise in Stockholm.<\/p>\n<p>Quelle: <a href=\"http:\/\/de.wikipedia.org\/wiki\/Nobelpreis\">http:\/\/de.wikipedia.org\/wiki\/Nobelpreis<\/a><\/p>\n<p>&nbsp;<\/p>\n","protected":false},"excerpt":{"rendered":"<p>Der Nobelpreis ist die h\u00f6chste Auszeichnung f\u00fcr Wissenschaftler\/innen, die seit 1901 j\u00e4hrlich vergeben wird. Der Preis geht auf den schwedischen Erfinder und Unternehmer Alfred Nobel (1833\u20131896) zur\u00fcck. Alfred Nobel erfand zwar das Dynamit, dennoch hasste er den Krieg und hoffte, eine starke Vernichtungswaffe w\u00fcrde die Menschen vom Krieg abhalten. Mit<\/p>\n","protected":false},"author":1,"featured_media":0,"parent":47,"menu_order":0,"comment_status":"open","ping_status":"open","template":"","meta":{"ngg_post_thumbnail":0},"aioseo_notices":[],"_links":{"self":[{"href":"http:\/\/nawi.naturundbildung.at\/wp\/index.php?rest_route=\/wp\/v2\/pages\/2527"}],"collection":[{"href":"http:\/\/nawi.naturundbildung.at\/wp\/index.php?rest_route=\/wp\/v2\/pages"}],"about":[{"href":"http:\/\/nawi.naturundbildung.at\/wp\/index.php?rest_route=\/wp\/v2\/types\/page"}],"author":[{"embeddable":true,"href":"http:\/\/nawi.naturundbildung.at\/wp\/index.php?rest_route=\/wp\/v2\/users\/1"}],"replies":[{"embeddable":true,"href":"http:\/\/nawi.naturundbildung.at\/wp\/index.php?rest_route=%2Fwp%2Fv2%2Fcomments&post=2527"}],"version-history":[{"count":3,"href":"http:\/\/nawi.naturundbildung.at\/wp\/index.php?rest_route=\/wp\/v2\/pages\/2527\/revisions"}],"predecessor-version":[{"id":2543,"href":"http:\/\/nawi.naturundbildung.at\/wp\/index.php?rest_route=\/wp\/v2\/pages\/2527\/revisions\/2543"}],"up":[{"embeddable":true,"href":"http:\/\/nawi.naturundbildung.at\/wp\/index.php?rest_route=\/wp\/v2\/pages\/47"}],"wp:attachment":[{"href":"http:\/\/nawi.naturundbildung.at\/wp\/index.php?rest_route=%2Fwp%2Fv2%2Fmedia&parent=2527"}],"curies":[{"name":"wp","href":"https:\/\/api.w.org\/{rel}","templated":true}]}}