{"id":2537,"date":"2015-01-24T23:21:27","date_gmt":"2015-01-24T23:21:27","guid":{"rendered":"http:\/\/nawi.naturundbildung.at\/wp\/?page_id=2537"},"modified":"2015-02-07T10:33:18","modified_gmt":"2015-02-07T10:33:18","slug":"marietta-blau","status":"publish","type":"page","link":"http:\/\/nawi.naturundbildung.at\/wp\/?page_id=2537","title":{"rendered":"Marietta Blau"},"content":{"rendered":"<p>Die j\u00fcdische Physikerin wurde am 29. April 1894 in Wien geboren und verstarb 1970 an Krebs. Marietta Blau war die Schwester von drei Br\u00fcdern.<\/p>\n<p>1914-1918 : Studierte sie an der philosophischen Fakult\u00e4t der Universit\u00e4t in Wien, Physik und Mathematik.<\/p>\n<p>1919: Erfolgte ihre Promotion \u00fcber das Thema \u201e \u00dcber die Absorption divergenter y-Strahlen\u201c.<\/p>\n<p>1920: Marietta ging nach Deutschland und besch\u00e4ftigte sich mit R\u00f6ntgenphsik.<\/p>\n<p>1923: Erkrankte ihrer Mutter und sie kehrte nach \u00d6sterreich zur\u00fcck, wo sie einen unbezahlten Job annahm.<\/p>\n<p>1937: Erhielt die Physikerin und ein Mitarbeiter den Lieben-Preis f\u00fcr die photographischen Methoden zum Nachweis einzelner Teilchen.<\/p>\n<p>1938: Wurde Marietta Blau gezwungen \u00d6sterreich zu verlassen, durch ihre j\u00fcdische Abstammung.<\/p>\n<p>1944-1960: Lebte und Arbeitete die Wissenschaftlerin in Amerika und wurde f\u00fcr den Nobelpreis vorgeschlagen. Dieser ging allerdings an Cecil Powell.<\/p>\n<p>1960-1964: Ging sie in \u00d6sterreich unbezahlt ihren Forschungen nach.<\/p>\n<p>1962: Erhielt sie den Erwin-Schr\u00f6dinger Preis.<\/p>\n<p>2005: Wurde in der Universit\u00e4t Wien ein Saal nach ihr benannt und im 22. Bezirk Wien eine Gasse.<\/p>\n<p>Lara Nedeltchev, Jennifer Petersen, 1HMB, HLMW 9, 2014<\/p>\n<div id=\"attachment_2538\" style=\"width: 228px\" class=\"wp-caption alignnone\"><a href=\"http:\/\/nawi.naturundbildung.at\/wp\/wp-content\/uploads\/2015\/01\/Marietta-Blau.jpg\"><img aria-describedby=\"caption-attachment-2538\" loading=\"lazy\" class=\"size-medium wp-image-2538\" src=\"http:\/\/nawi.naturundbildung.at\/wp\/wp-content\/uploads\/2015\/01\/Marietta-Blau-218x300.jpg\" alt=\"Marietta Blau-Ivan Todorovic (4HMM)\" width=\"218\" height=\"300\" srcset=\"http:\/\/nawi.naturundbildung.at\/wp\/wp-content\/uploads\/2015\/01\/Marietta-Blau-218x300.jpg 218w, http:\/\/nawi.naturundbildung.at\/wp\/wp-content\/uploads\/2015\/01\/Marietta-Blau-745x1024.jpg 745w, http:\/\/nawi.naturundbildung.at\/wp\/wp-content\/uploads\/2015\/01\/Marietta-Blau.jpg 1700w\" sizes=\"(max-width: 218px) 100vw, 218px\" \/><\/a><p id=\"caption-attachment-2538\" class=\"wp-caption-text\">Marietta Blau-Ivan Todorovic (4HMM)<\/p><\/div>\n<div id=\"watu_quiz\" class=\"quiz-area \">\n<form action=\"\" method=\"post\" class=\"quiz-form \" id=\"quiz-30\" >\n<div class='watu-question' id='question-1'><div class='question-content'><p>Wer war Marietta Blau?<\/p>\n<\/div><input type='hidden' name='question_id[]' value='199' \/><div class='watu-questions-wrap '><input type='hidden' name='answer_ids[]' class='watu-answer-ids' value='941' \/><div class='watu-question-choice'><input type='radio' name='answer-199[]' id='answer-id-941' class='answer answer-1  answerof-199' value='941' \/>&nbsp;<label for='answer-id-941' id='answer-label-941' class=' answer label-1'><span class='answer'>eine j\u00fcdische Physikerin<\/span><\/label><\/div>\n<input type='hidden' name='answer_ids[]' class='watu-answer-ids' value='942' \/><div class='watu-question-choice'><input type='radio' name='answer-199[]' id='answer-id-942' class='answer answer-1  answerof-199' value='942' \/>&nbsp;<label for='answer-id-942' id='answer-label-942' class=' answer label-1'><span class='answer'>eine deutsche Chemikerin<\/span><\/label><\/div>\n<input type='hidden' name='answer_ids[]' class='watu-answer-ids' value='943' \/><div class='watu-question-choice'><input type='radio' name='answer-199[]' id='answer-id-943' class='answer answer-1  answerof-199' value='943' \/>&nbsp;<label for='answer-id-943' id='answer-label-943' class=' answer label-1'><span class='answer'>eine US amerikanische Genetikerin<\/span><\/label><\/div>\n<input type='hidden' name='answer_ids[]' class='watu-answer-ids' value='944' \/><div class='watu-question-choice'><input type='radio' name='answer-199[]' id='answer-id-944' class='answer answer-1  answerof-199' value='944' \/>&nbsp;<label for='answer-id-944' id='answer-label-944' class=' answer label-1'><span class='answer'>ein j\u00fcdische Neurophysiologin<\/span><\/label><\/div>\n<\/div><input type='hidden' id='questionType1' value='radio' class=''><\/div><div class='watu-question' id='question-2'><div class='question-content'><p>Wann wurde Mariettta Blau geboren?<\/p>\n<\/div><input type='hidden' name='question_id[]' value='200' \/><div class='watu-questions-wrap '><input type='hidden' name='answer_ids[]' class='watu-answer-ids' value='945' \/><div class='watu-question-choice'><input type='radio' name='answer-200[]' id='answer-id-945' class='answer answer-2  answerof-200' value='945' \/>&nbsp;<label for='answer-id-945' id='answer-label-945' class=' answer label-2'><span class='answer'>1894<\/span><\/label><\/div>\n<input type='hidden' name='answer_ids[]' class='watu-answer-ids' value='946' \/><div class='watu-question-choice'><input type='radio' name='answer-200[]' id='answer-id-946' class='answer answer-2  answerof-200' value='946' \/>&nbsp;<label for='answer-id-946' id='answer-label-946' class=' answer label-2'><span class='answer'>1904<\/span><\/label><\/div>\n<input type='hidden' name='answer_ids[]' class='watu-answer-ids' value='947' \/><div class='watu-question-choice'><input type='radio' name='answer-200[]' id='answer-id-947' class='answer answer-2  answerof-200' value='947' \/>&nbsp;<label for='answer-id-947' id='answer-label-947' class=' answer label-2'><span class='answer'>1944<\/span><\/label><\/div>\n<input type='hidden' name='answer_ids[]' class='watu-answer-ids' value='948' \/><div class='watu-question-choice'><input type='radio' name='answer-200[]' id='answer-id-948' class='answer answer-2  answerof-200' value='948' \/>&nbsp;<label for='answer-id-948' id='answer-label-948' class=' answer label-2'><span class='answer'>1877<\/span><\/label><\/div>\n<\/div><input type='hidden' id='questionType2' value='radio' class=''><\/div><div class='watu-question' id='question-3'><div class='question-content'><p>Wo wurde Marietta Blau geboren?<\/p>\n<\/div><input type='hidden' name='question_id[]' value='201' \/><div class='watu-questions-wrap '><input type='hidden' name='answer_ids[]' class='watu-answer-ids' value='949' \/><div class='watu-question-choice'><input type='radio' name='answer-201[]' id='answer-id-949' class='answer answer-3  answerof-201' value='949' \/>&nbsp;<label for='answer-id-949' id='answer-label-949' class=' answer label-3'><span class='answer'>Wien<\/span><\/label><\/div>\n<input type='hidden' name='answer_ids[]' class='watu-answer-ids' value='950' \/><div class='watu-question-choice'><input type='radio' name='answer-201[]' id='answer-id-950' class='answer answer-3  answerof-201' value='950' \/>&nbsp;<label for='answer-id-950' id='answer-label-950' class=' answer label-3'><span class='answer'>Warschau<\/span><\/label><\/div>\n<input type='hidden' name='answer_ids[]' class='watu-answer-ids' value='951' \/><div class='watu-question-choice'><input type='radio' name='answer-201[]' id='answer-id-951' class='answer answer-3  answerof-201' value='951' \/>&nbsp;<label for='answer-id-951' id='answer-label-951' class=' answer label-3'><span class='answer'>Israel<\/span><\/label><\/div>\n<input type='hidden' name='answer_ids[]' class='watu-answer-ids' value='952' \/><div class='watu-question-choice'><input type='radio' name='answer-201[]' id='answer-id-952' class='answer answer-3  answerof-201' value='952' \/>&nbsp;<label for='answer-id-952' id='answer-label-952' class=' answer label-3'><span class='answer'>New York<\/span><\/label><\/div>\n<\/div><input type='hidden' id='questionType3' value='radio' class=''><\/div><div class='watu-question' id='question-4'><div class='question-content'><p>Welchen Preis erhielt Marietta Blau f\u00fcr ihre Arbeiten?<\/p>\n<\/div><input type='hidden' name='question_id[]' value='202' \/><div class='watu-questions-wrap '><input type='hidden' name='answer_ids[]' class='watu-answer-ids' value='956' \/><div class='watu-question-choice'><input type='checkbox' name='answer-202[]' id='answer-id-956' class='answer answer-4  answerof-202' value='956' \/>&nbsp;<label for='answer-id-956' id='answer-label-956' class=' answer label-4'><span class='answer'>Nobelpreis f\u00fcr Physik<\/span><\/label><\/div>\n<input type='hidden' name='answer_ids[]' class='watu-answer-ids' value='957' \/><div class='watu-question-choice'><input type='checkbox' name='answer-202[]' id='answer-id-957' class='answer answer-4  answerof-202' value='957' \/>&nbsp;<label for='answer-id-957' id='answer-label-957' class=' answer label-4'><span class='answer'>Nobelpreis f\u00fcr Medizin oder Physiologie<\/span><\/label><\/div>\n<input type='hidden' name='answer_ids[]' class='watu-answer-ids' value='958' \/><div class='watu-question-choice'><input type='checkbox' name='answer-202[]' id='answer-id-958' class='answer answer-4  answerof-202' value='958' \/>&nbsp;<label for='answer-id-958' id='answer-label-958' class=' answer label-4'><span class='answer'>Erwin Schr\u00f6dinger Preis<\/span><\/label><\/div>\n<input type='hidden' name='answer_ids[]' class='watu-answer-ids' value='959' \/><div class='watu-question-choice'><input type='checkbox' name='answer-202[]' id='answer-id-959' class='answer answer-4  answerof-202' value='959' \/>&nbsp;<label for='answer-id-959' id='answer-label-959' class=' answer label-4'><span class='answer'>Lieben-Preis<\/span><\/label><\/div>\n<\/div><input type='hidden' id='questionType4' value='checkbox' class=''><\/div><div class='watu-question' id='question-5'><div class='question-content'><p>Was war eines der Forschungsgebiete von Marietta Blau?<\/p>\n<\/div><input type='hidden' name='question_id[]' value='203' \/><div class='watu-questions-wrap '><input type='hidden' name='answer_ids[]' class='watu-answer-ids' value='960' \/><div class='watu-question-choice'><input type='checkbox' name='answer-203[]' id='answer-id-960' class='answer answer-5  answerof-203' value='960' \/>&nbsp;<label for='answer-id-960' id='answer-label-960' class=' answer label-5'><span class='answer'>R\u00f6ntgenphysik<\/span><\/label><\/div>\n<input type='hidden' name='answer_ids[]' class='watu-answer-ids' value='961' \/><div class='watu-question-choice'><input type='checkbox' name='answer-203[]' id='answer-id-961' class='answer answer-5  answerof-203' value='961' \/>&nbsp;<label for='answer-id-961' id='answer-label-961' class=' answer label-5'><span class='answer'>Stringtheorie<\/span><\/label><\/div>\n<input type='hidden' name='answer_ids[]' class='watu-answer-ids' value='962' \/><div class='watu-question-choice'><input type='checkbox' name='answer-203[]' id='answer-id-962' class='answer answer-5  answerof-203' value='962' \/>&nbsp;<label for='answer-id-962' id='answer-label-962' class=' answer label-5'><span class='answer'>Akkustische Ph\u00e4nomene<\/span><\/label><\/div>\n<input type='hidden' name='answer_ids[]' class='watu-answer-ids' value='963' \/><div class='watu-question-choice'><input type='checkbox' name='answer-203[]' id='answer-id-963' class='answer answer-5  answerof-203' value='963' \/>&nbsp;<label for='answer-id-963' id='answer-label-963' class=' answer label-5'><span class='answer'>die Optik des sichtbaren Lichts<\/span><\/label><\/div>\n<\/div><input type='hidden' id='questionType5' value='checkbox' class=''><\/div><div class='watu-question' id='question-6'><div class='question-content'><p>Wann starb Marietta Blau?<\/p>\n<\/div><input type='hidden' name='question_id[]' value='204' \/><div class='watu-questions-wrap '><input type='hidden' name='answer_ids[]' class='watu-answer-ids' value='964' \/><div class='watu-question-choice'><input type='radio' name='answer-204[]' id='answer-id-964' class='answer answer-6  answerof-204' value='964' \/>&nbsp;<label for='answer-id-964' id='answer-label-964' class=' answer label-6'><span class='answer'>1970<\/span><\/label><\/div>\n<input type='hidden' name='answer_ids[]' class='watu-answer-ids' value='965' \/><div class='watu-question-choice'><input type='radio' name='answer-204[]' id='answer-id-965' class='answer answer-6  answerof-204' value='965' \/>&nbsp;<label for='answer-id-965' id='answer-label-965' class=' answer label-6'><span class='answer'>1980<\/span><\/label><\/div>\n<input type='hidden' name='answer_ids[]' class='watu-answer-ids' value='966' \/><div class='watu-question-choice'><input type='radio' name='answer-204[]' id='answer-id-966' class='answer answer-6  answerof-204' value='966' \/>&nbsp;<label for='answer-id-966' id='answer-label-966' class=' answer label-6'><span class='answer'>1966<\/span><\/label><\/div>\n<input type='hidden' name='answer_ids[]' class='watu-answer-ids' value='967' \/><div class='watu-question-choice'><input type='radio' name='answer-204[]' id='answer-id-967' class='answer answer-6  answerof-204' value='967' \/>&nbsp;<label for='answer-id-967' id='answer-label-967' class=' answer label-6'><span class='answer'>1982<\/span><\/label><\/div>\n<\/div><input type='hidden' id='questionType6' value='radio' class=''><\/div><div style='display:none' id='question-7'><br \/><div class='question-content'><img src=\"http:\/\/nawi.naturundbildung.at\/wp\/wp-content\/plugins\/watu\/loading.gif\" width=\"16\" height=\"16\" alt=\"Loading ...\" title=\"Loading ...\" \/>&nbsp;Loading &#8230;<\/div><\/div><br \/>\n\t<p>Question <span id='numQ'>1<\/span> of 6<\/p>\n\t\t<input type=\"button\" id=\"next-question\" value=\"Next &gt;\"  \/>\n<input type=\"button\" name=\"action\" onclick=\"Watu.submitResult()\" id=\"action-button\" value=\"Submit\"  class=\"watu-submit-button\" \/>\n<input type=\"hidden\" name=\"no_ajax\" value=\"0\"><input type=\"hidden\" name=\"quiz_id\" value=\"30\" \/>\n<input type=\"hidden\" id=\"watuStartTime\" name=\"start_time\" value=\"2026-04-16 21:59:57\" \/>\n<\/form>\n<\/div>\n<div id=\"watu-loading-result\" style=\"display:none;\">\n\t<p align=\"center\"><img src=\"http:\/\/nawi.naturundbildung.at\/wp\/wp-content\/plugins\/watu\/loading.gif\" width=\"16\" height=\"16\" alt=\"Loading\" title=\"Loading\" \/><\/p>\n<\/div>\t\n<script type=\"text\/javascript\">\nvar exam_id=0;\nvar question_ids='';\nvar watuURL='';\njQuery(function($){\nquestion_ids = \"199,200,201,202,203,204\";\nexam_id = 30;\nWatu.exam_id = exam_id;\nWatu.qArr = question_ids.split(',');\nWatu.post_id = 2537;\nWatu.singlePage = '0';\nWatu.hAppID = \"0.23745700 1776376797\";\nwatuURL = \"http:\/\/nawi.naturundbildung.at\/wp\/wp-admin\/admin-ajax.php\";\nWatu.noAlertUnanswered = 0;\n});\n<\/script>\n","protected":false},"excerpt":{"rendered":"<p>Die j\u00fcdische Physikerin wurde am 29. April 1894 in Wien geboren und verstarb 1970 an Krebs. Marietta Blau war die Schwester von drei Br\u00fcdern. 1914-1918 : Studierte sie an der philosophischen Fakult\u00e4t der Universit\u00e4t in Wien, Physik und Mathematik. 1919: Erfolgte ihre Promotion \u00fcber das Thema \u201e \u00dcber die Absorption<\/p>\n","protected":false},"author":1,"featured_media":0,"parent":2544,"menu_order":0,"comment_status":"open","ping_status":"open","template":"","meta":{"ngg_post_thumbnail":0},"aioseo_notices":[],"_links":{"self":[{"href":"http:\/\/nawi.naturundbildung.at\/wp\/index.php?rest_route=\/wp\/v2\/pages\/2537"}],"collection":[{"href":"http:\/\/nawi.naturundbildung.at\/wp\/index.php?rest_route=\/wp\/v2\/pages"}],"about":[{"href":"http:\/\/nawi.naturundbildung.at\/wp\/index.php?rest_route=\/wp\/v2\/types\/page"}],"author":[{"embeddable":true,"href":"http:\/\/nawi.naturundbildung.at\/wp\/index.php?rest_route=\/wp\/v2\/users\/1"}],"replies":[{"embeddable":true,"href":"http:\/\/nawi.naturundbildung.at\/wp\/index.php?rest_route=%2Fwp%2Fv2%2Fcomments&post=2537"}],"version-history":[{"count":3,"href":"http:\/\/nawi.naturundbildung.at\/wp\/index.php?rest_route=\/wp\/v2\/pages\/2537\/revisions"}],"predecessor-version":[{"id":2686,"href":"http:\/\/nawi.naturundbildung.at\/wp\/index.php?rest_route=\/wp\/v2\/pages\/2537\/revisions\/2686"}],"up":[{"embeddable":true,"href":"http:\/\/nawi.naturundbildung.at\/wp\/index.php?rest_route=\/wp\/v2\/pages\/2544"}],"wp:attachment":[{"href":"http:\/\/nawi.naturundbildung.at\/wp\/index.php?rest_route=%2Fwp%2Fv2%2Fmedia&parent=2537"}],"curies":[{"name":"wp","href":"https:\/\/api.w.org\/{rel}","templated":true}]}}