{"id":2580,"date":"2015-02-04T18:08:12","date_gmt":"2015-02-04T18:08:12","guid":{"rendered":"http:\/\/nawi.naturundbildung.at\/wp\/?page_id=2580"},"modified":"2015-02-06T21:18:02","modified_gmt":"2015-02-06T21:18:02","slug":"rita-levi-montalcini","status":"publish","type":"page","link":"http:\/\/nawi.naturundbildung.at\/wp\/?page_id=2580","title":{"rendered":"Rita Levi-Montalcini"},"content":{"rendered":"[ls_accordion][ls_accordion_section title=&#8220;Kurzsteckbrief&#8220;]\n<p>Geboren am 22 April 1909 in Turin (Italien)\u00a0\u00a0\u00a0\u00a0\u00a0\u00a0\u00a0\u00a0\u00a0\u00a0\u00a0\u00a0\u00a0\u00a0\u00a0\u00a0\u00a0\u00a0\u00a0\u00a0\u00a0\u00a0\u00a0\u00a0\u00a0\u00a0\u00a0\u00a0\u00a0\u00a0\u00a0\u00a0\u00a0\u00a0\u00a0\u00a0\u00a0\u00a0\u00a0\u00a0\u00a0\u00a0\u00a0\u00a0\u00a0\u00a0\u00a0\u00a0\u00a0\u00a0\u00a0\u00a0\u00a0\u00a0\u00a0\u00a0\u00a0\u00a0\u00a0\u00a0\u00a0\u00a0\u00a0\u00a0\u00a0\u00a0\u00a0\u00a0\u00a0\u00a0\u00a0\u00a0\u00a0\u00a0\u00a0\u00a0\u00a0\u00a0\u00a0\u00a0\u00a0\u00a0\u00a0\u00a0\u00a0\u00a0\u00a0\u00a0\u00a0\u00a0\u00a0\u00a0\u00a0\u00a0\u00a0\u00a0\u00a0\u00a0\u00a0\u00a0\u00a0\u00a0\u00a0\u00a0\u00a0\u00a0\u00a0\u00a0\u00a0\u00a0\u00a0\u00a0\u00a0\u00a0\u00a0\u00a0\u00a0\u00a0\u00a0\u00a0\u00a0\u00a0\u00a0\u00a0\u00a0\u00a0\u00a0\u00a0\u00a0\u00a0\u00a0\u00a0\u00a0\u00a0\u00a0\u00a0\u00a0\u00a0\u00a0\u00a0\u00a0\u00a0\u00a0\u00a0\u00a0\u00a0 Gestorben am 30 Dezember 2012 in Rom<\/p>\n<p>-) sie war eine italienische Neurobiologin und Neurologin[\/ls_accordion_section][ls_accordion_section title=&#8220;Auszeichnungen und Lebenswerk(e)&#8220;]\n<ul>\n<li>1986 \u2013 erhielt sie den Nobelpreis f\u00fcr Medizin und Physiologie f\u00fcr ihre Arbeit mit den ersten Nervenwachsfaktoren<\/li>\n<li>1986 &#8211; Albert Lasker Award for Basic Medical<\/li>\n<li>2001 &#8211; wurde sie als zweite Frau zur Senatorin auf Lebenszeit in Italien ernannt.<\/li>\n<li>Au\u00dferdem wurden ihr noch zahlreiche andere Preise verliehen.<\/li>\n<\/ul>\n<p>Nach Kriegsende k\u00e4mpfte sie in Fl\u00fcchtlingslagern gegen Seuchen und Epidemien (Infektionskrankheiten)<\/p>\n<p>1969- 1979 Leitung des \u00a0Laboratorium f\u00fcr Zellbiologie des\u00a0Nationalen Forschungsrates in Rom. Ihre Forschungsarbeit konzentrierte sich auf zellul\u00e4re Nachrichten\u00fcbertragung und Steuerungsmechanismen des Zell- und Gewebewachstums. Sie entdeckte den \u00a0Nervenwachstumsfaktor<strong>. <\/strong>Au\u00dferdem pr\u00e4gte die mit Viktor Hamburger den Begriff \u201eNeurotrophin\u201c. ( = k\u00f6rpereigene\u00a0Signalstoffe, die zielgerichtete Verbindungen zwischen Nervenzellen\u00a0bewirken.)[\/ls_accordion_section][ls_accordion_section title=&#8220;\u00dcber Nervenwachstumsfaktoren&#8220;]\n<ul>\n<li>Diese werden in der in der Peripherie (Muskeln, Augen, Sehnen, Haut,&#8230;) gebildet und dann \u00fcber Nervenbahnen zum Gehirn transportiert, um dort das Wachstum der Nerven (Bildung von mehr Nervenarmen f\u00fcr mehr Verbindungen) anzuregen.<\/li>\n<li>Sie werden durch Bewegung gebildet.<\/li>\n<li>L\u00e4sst feste Verbindungen der Nervenzellen entstehen.<\/li>\n<li>Es gibt mehr als 100 Nervenwachsfaktoren<\/li>\n<li>Bei einem Experiment wurde festgestellt, dass erst die richtige Kombination einen Erflog brachte.<\/li>\n<li>Ein Nervenwachstumsfaktor alleine kann nichts bewirken.[\/ls_accordion_section][\/ls_accordion]<\/li>\n<\/ul>\n<p>Julia Berghuber 1HGA, HLTW 21, 2012<\/p>\n<div id=\"attachment_2585\" style=\"width: 310px\" class=\"wp-caption alignnone\"><a href=\"http:\/\/nawi.naturundbildung.at\/wp\/wp-content\/uploads\/2015\/02\/Rita-Levi-Montalcini.jpg\"><img aria-describedby=\"caption-attachment-2585\" loading=\"lazy\" class=\"size-medium wp-image-2585\" src=\"http:\/\/nawi.naturundbildung.at\/wp\/wp-content\/uploads\/2015\/02\/Rita-Levi-Montalcini-300x218.jpg\" alt=\"Rita Levi Montalcini by Carmen Hackl 4HMM\" width=\"300\" height=\"218\" srcset=\"http:\/\/nawi.naturundbildung.at\/wp\/wp-content\/uploads\/2015\/02\/Rita-Levi-Montalcini-300x218.jpg 300w, http:\/\/nawi.naturundbildung.at\/wp\/wp-content\/uploads\/2015\/02\/Rita-Levi-Montalcini-1024x745.jpg 1024w\" sizes=\"(max-width: 300px) 100vw, 300px\" \/><\/a><p id=\"caption-attachment-2585\" class=\"wp-caption-text\">Rita Levi Montalcini by Carmen Hackl 4HMM<\/p><\/div>\n<div id=\"watu_quiz\" class=\"quiz-area \">\n<form action=\"\" method=\"post\" class=\"quiz-form \" id=\"quiz-24\" >\n<div class='watu-question' id='question-1'><div class='question-content'><p>Wer war Rita Levi-Montalcini?<\/p>\n<\/div><input type='hidden' name='question_id[]' value='159' \/><div class='watu-questions-wrap '><input type='hidden' name='answer_ids[]' class='watu-answer-ids' value='773' \/><div class='watu-question-choice'><input type='radio' name='answer-159[]' id='answer-id-773' class='answer answer-1  answerof-159' value='773' \/>&nbsp;<label for='answer-id-773' id='answer-label-773' class=' answer label-1'><span class='answer'>eine deutsche Genetikerin<\/span><\/label><\/div>\n<input type='hidden' name='answer_ids[]' class='watu-answer-ids' value='774' \/><div class='watu-question-choice'><input type='radio' name='answer-159[]' id='answer-id-774' class='answer answer-1  answerof-159' value='774' \/>&nbsp;<label for='answer-id-774' id='answer-label-774' class=' answer label-1'><span class='answer'>eine italienische Neurobiologin und Neurologin<\/span><\/label><\/div>\n<input type='hidden' name='answer_ids[]' class='watu-answer-ids' value='775' \/><div class='watu-question-choice'><input type='radio' name='answer-159[]' id='answer-id-775' class='answer answer-1  answerof-159' value='775' \/>&nbsp;<label for='answer-id-775' id='answer-label-775' class=' answer label-1'><span class='answer'>eine franz\u00f6sische Entwicklungsbiologin<\/span><\/label><\/div>\n<input type='hidden' name='answer_ids[]' class='watu-answer-ids' value='776' \/><div class='watu-question-choice'><input type='radio' name='answer-159[]' id='answer-id-776' class='answer answer-1  answerof-159' value='776' \/>&nbsp;<label for='answer-id-776' id='answer-label-776' class=' answer label-1'><span class='answer'>eine US-amerikanische Physikerin<\/span><\/label><\/div>\n<\/div><input type='hidden' id='questionType1' value='radio' class=''><\/div><div class='watu-question' id='question-2'><div class='question-content'><p>Wann wurde Rita Levi-Montalcini geboren?<\/p>\n<\/div><input type='hidden' name='question_id[]' value='160' \/><div class='watu-questions-wrap '><input type='hidden' name='answer_ids[]' class='watu-answer-ids' value='749' \/><div class='watu-question-choice'><input type='radio' name='answer-160[]' id='answer-id-749' class='answer answer-2  answerof-160' value='749' \/>&nbsp;<label for='answer-id-749' id='answer-label-749' class=' answer label-2'><span class='answer'>1919<\/span><\/label><\/div>\n<input type='hidden' name='answer_ids[]' class='watu-answer-ids' value='750' \/><div class='watu-question-choice'><input type='radio' name='answer-160[]' id='answer-id-750' class='answer answer-2  answerof-160' value='750' \/>&nbsp;<label for='answer-id-750' id='answer-label-750' class=' answer label-2'><span class='answer'>1909<\/span><\/label><\/div>\n<input type='hidden' name='answer_ids[]' class='watu-answer-ids' value='751' \/><div class='watu-question-choice'><input type='radio' name='answer-160[]' id='answer-id-751' class='answer answer-2  answerof-160' value='751' \/>&nbsp;<label for='answer-id-751' id='answer-label-751' class=' answer label-2'><span class='answer'>1929<\/span><\/label><\/div>\n<input type='hidden' name='answer_ids[]' class='watu-answer-ids' value='752' \/><div class='watu-question-choice'><input type='radio' name='answer-160[]' id='answer-id-752' class='answer answer-2  answerof-160' value='752' \/>&nbsp;<label for='answer-id-752' id='answer-label-752' class=' answer label-2'><span class='answer'>1899<\/span><\/label><\/div>\n<\/div><input type='hidden' id='questionType2' value='radio' class=''><\/div><div class='watu-question' id='question-3'><div class='question-content'><p>Wann gewann Rita Levi-Montalcini den Nobelpreis?<\/p>\n<\/div><input type='hidden' name='question_id[]' value='161' \/><div class='watu-questions-wrap '><input type='hidden' name='answer_ids[]' class='watu-answer-ids' value='753' \/><div class='watu-question-choice'><input type='radio' name='answer-161[]' id='answer-id-753' class='answer answer-3  answerof-161' value='753' \/>&nbsp;<label for='answer-id-753' id='answer-label-753' class=' answer label-3'><span class='answer'>1986<\/span><\/label><\/div>\n<input type='hidden' name='answer_ids[]' class='watu-answer-ids' value='754' \/><div class='watu-question-choice'><input type='radio' name='answer-161[]' id='answer-id-754' class='answer answer-3  answerof-161' value='754' \/>&nbsp;<label for='answer-id-754' id='answer-label-754' class=' answer label-3'><span class='answer'>2002<\/span><\/label><\/div>\n<input type='hidden' name='answer_ids[]' class='watu-answer-ids' value='755' \/><div class='watu-question-choice'><input type='radio' name='answer-161[]' id='answer-id-755' class='answer answer-3  answerof-161' value='755' \/>&nbsp;<label for='answer-id-755' id='answer-label-755' class=' answer label-3'><span class='answer'>1969<\/span><\/label><\/div>\n<input type='hidden' name='answer_ids[]' class='watu-answer-ids' value='756' \/><div class='watu-question-choice'><input type='radio' name='answer-161[]' id='answer-id-756' class='answer answer-3  answerof-161' value='756' \/>&nbsp;<label for='answer-id-756' id='answer-label-756' class=' answer label-3'><span class='answer'>1996<\/span><\/label><\/div>\n<\/div><input type='hidden' id='questionType3' value='radio' class=''><\/div><div class='watu-question' id='question-4'><div class='question-content'><p>Wof\u00fcr erhielt Rita Levi-Montalcini den Nobelpreis?<\/p>\n<\/div><input type='hidden' name='question_id[]' value='162' \/><div class='watu-questions-wrap '><input type='hidden' name='answer_ids[]' class='watu-answer-ids' value='1004' \/><div class='watu-question-choice'><input type='radio' name='answer-162[]' id='answer-id-1004' class='answer answer-4  answerof-162' value='1004' \/>&nbsp;<label for='answer-id-1004' id='answer-label-1004' class=' answer label-4'><span class='answer'>f\u00fcr ihre Arbeit \u00fcber das HI Virus<\/span><\/label><\/div>\n<input type='hidden' name='answer_ids[]' class='watu-answer-ids' value='1005' \/><div class='watu-question-choice'><input type='radio' name='answer-162[]' id='answer-id-1005' class='answer answer-4  answerof-162' value='1005' \/>&nbsp;<label for='answer-id-1005' id='answer-label-1005' class=' answer label-4'><span class='answer'>f\u00fcr ihre Arbeit mit Nervenwachsfaktoren<\/span><\/label><\/div>\n<input type='hidden' name='answer_ids[]' class='watu-answer-ids' value='1006' \/><div class='watu-question-choice'><input type='radio' name='answer-162[]' id='answer-id-1006' class='answer answer-4  answerof-162' value='1006' \/>&nbsp;<label for='answer-id-1006' id='answer-label-1006' class=' answer label-4'><span class='answer'>f\u00fcr die Erforschung der Struktur der Ribosomen<\/span><\/label><\/div>\n<input type='hidden' name='answer_ids[]' class='watu-answer-ids' value='1007' \/><div class='watu-question-choice'><input type='radio' name='answer-162[]' id='answer-id-1007' class='answer answer-4  answerof-162' value='1007' \/>&nbsp;<label for='answer-id-1007' id='answer-label-1007' class=' answer label-4'><span class='answer'>f\u00fcr ihre Arbeit \u00fcber Chromosomen w\u00e4hrend der Meiose<\/span><\/label><\/div>\n<\/div><input type='hidden' id='questionType4' value='radio' class=''><\/div><div class='watu-question' id='question-5'><div class='question-content'><p>Was machte Rita Levi Montalcini nach Kriegsende<\/p>\n<\/div><input type='hidden' name='question_id[]' value='163' \/><div class='watu-questions-wrap '><input type='hidden' name='answer_ids[]' class='watu-answer-ids' value='769' \/><div class='watu-question-choice'><input type='radio' name='answer-163[]' id='answer-id-769' class='answer answer-5  answerof-163' value='769' \/>&nbsp;<label for='answer-id-769' id='answer-label-769' class=' answer label-5'><span class='answer'>sie er\u00f6ffnete eine Privatpraxis f\u00fcr Psychiatrie<\/span><\/label><\/div>\n<input type='hidden' name='answer_ids[]' class='watu-answer-ids' value='770' \/><div class='watu-question-choice'><input type='radio' name='answer-163[]' id='answer-id-770' class='answer answer-5  answerof-163' value='770' \/>&nbsp;<label for='answer-id-770' id='answer-label-770' class=' answer label-5'><span class='answer'>sie k\u00e4mpfte  in Fl\u00fcchtlingslagern gegen Seuchen und Epidemien <\/span><\/label><\/div>\n<input type='hidden' name='answer_ids[]' class='watu-answer-ids' value='771' \/><div class='watu-question-choice'><input type='radio' name='answer-163[]' id='answer-id-771' class='answer answer-5  answerof-163' value='771' \/>&nbsp;<label for='answer-id-771' id='answer-label-771' class=' answer label-5'><span class='answer'>sie k\u00e4mpfte f\u00fcr die Rechte von Frauen <\/span><\/label><\/div>\n<input type='hidden' name='answer_ids[]' class='watu-answer-ids' value='772' \/><div class='watu-question-choice'><input type='radio' name='answer-163[]' id='answer-id-772' class='answer answer-5  answerof-163' value='772' \/>&nbsp;<label for='answer-id-772' id='answer-label-772' class=' answer label-5'><span class='answer'>sie emigrierte in die USA<\/span><\/label><\/div>\n<\/div><input type='hidden' id='questionType5' value='radio' class=''><\/div><div class='watu-question' id='question-6'><div class='question-content'><p>Woran forschte Rita Levi-Montalcini?<\/p>\n<\/div><input type='hidden' name='question_id[]' value='164' \/><div class='watu-questions-wrap '><input type='hidden' name='answer_ids[]' class='watu-answer-ids' value='765' \/><div class='watu-question-choice'><input type='radio' name='answer-164[]' id='answer-id-765' class='answer answer-6  answerof-164' value='765' \/>&nbsp;<label for='answer-id-765' id='answer-label-765' class=' answer label-6'><span class='answer'>f\u00fcr die Entdeckung der nuklearen Schalenstruktur <\/span><\/label><\/div>\n<input type='hidden' name='answer_ids[]' class='watu-answer-ids' value='766' \/><div class='watu-question-choice'><input type='radio' name='answer-164[]' id='answer-id-766' class='answer answer-6  answerof-164' value='766' \/>&nbsp;<label for='answer-id-766' id='answer-label-766' class=' answer label-6'><span class='answer'>sie forschte an der zellul\u00e4re Nachrichten\u00fcbertragung und Steuerungsmechanismen des Zell- und Gewebewachstums<\/span><\/label><\/div>\n<input type='hidden' name='answer_ids[]' class='watu-answer-ids' value='767' \/><div class='watu-question-choice'><input type='radio' name='answer-164[]' id='answer-id-767' class='answer answer-6  answerof-164' value='767' \/>&nbsp;<label for='answer-id-767' id='answer-label-767' class=' answer label-6'><span class='answer'>sie arbeitete an genetischen Steuerungsmechanismen der Embryonalentwicklung<\/span><\/label><\/div>\n<input type='hidden' name='answer_ids[]' class='watu-answer-ids' value='768' \/><div class='watu-question-choice'><input type='radio' name='answer-164[]' id='answer-id-768' class='answer answer-6  answerof-164' value='768' \/>&nbsp;<label for='answer-id-768' id='answer-label-768' class=' answer label-6'><span class='answer'>wie die Sinneswahrnehmung von Ger\u00fcchen und deren Umwandlung in Nervenimpulse und schlie\u00dflich in Gef\u00fchlsantworten im Gehirn vor sich geht.<\/span><\/label><\/div>\n<\/div><input type='hidden' id='questionType6' value='radio' class=''><\/div><div style='display:none' id='question-7'><br \/><div class='question-content'><img src=\"http:\/\/nawi.naturundbildung.at\/wp\/wp-content\/plugins\/watu\/loading.gif\" width=\"16\" height=\"16\" alt=\"Loading ...\" title=\"Loading ...\" \/>&nbsp;Loading &#8230;<\/div><\/div><br \/>\n\t<p>Question <span id='numQ'>1<\/span> of 6<\/p>\n\t\t<input type=\"button\" id=\"next-question\" value=\"Next &gt;\"  \/>\n<input type=\"button\" name=\"action\" onclick=\"Watu.submitResult()\" id=\"action-button\" value=\"Submit\"  class=\"watu-submit-button\" \/>\n<input type=\"hidden\" name=\"no_ajax\" value=\"0\"><input type=\"hidden\" name=\"quiz_id\" value=\"24\" \/>\n<input type=\"hidden\" id=\"watuStartTime\" name=\"start_time\" value=\"2026-05-02 16:38:01\" \/>\n<\/form>\n<\/div>\n<div id=\"watu-loading-result\" style=\"display:none;\">\n\t<p align=\"center\"><img src=\"http:\/\/nawi.naturundbildung.at\/wp\/wp-content\/plugins\/watu\/loading.gif\" width=\"16\" height=\"16\" alt=\"Loading\" title=\"Loading\" \/><\/p>\n<\/div>\t\n<script type=\"text\/javascript\">\nvar exam_id=0;\nvar question_ids='';\nvar watuURL='';\njQuery(function($){\nquestion_ids = \"159,160,161,162,163,164\";\nexam_id = 24;\nWatu.exam_id = exam_id;\nWatu.qArr = question_ids.split(',');\nWatu.post_id = 2580;\nWatu.singlePage = '0';\nWatu.hAppID = \"0.70394800 1777739881\";\nwatuURL = \"http:\/\/nawi.naturundbildung.at\/wp\/wp-admin\/admin-ajax.php\";\nWatu.noAlertUnanswered = 0;\n});\n<\/script>\n","protected":false},"excerpt":{"rendered":"<p>[ls_accordion][ls_accordion_section title=&#8220;Kurzsteckbrief&#8220;] Geboren am 22 April 1909 in Turin (Italien)\u00a0\u00a0\u00a0\u00a0\u00a0\u00a0\u00a0\u00a0\u00a0\u00a0\u00a0\u00a0\u00a0\u00a0\u00a0\u00a0\u00a0\u00a0\u00a0\u00a0\u00a0\u00a0\u00a0\u00a0\u00a0\u00a0\u00a0\u00a0\u00a0\u00a0\u00a0\u00a0\u00a0\u00a0\u00a0\u00a0\u00a0\u00a0\u00a0\u00a0\u00a0\u00a0\u00a0\u00a0\u00a0\u00a0\u00a0\u00a0\u00a0\u00a0\u00a0\u00a0\u00a0\u00a0\u00a0\u00a0\u00a0\u00a0\u00a0\u00a0\u00a0\u00a0\u00a0\u00a0\u00a0\u00a0\u00a0\u00a0\u00a0\u00a0\u00a0\u00a0\u00a0\u00a0\u00a0\u00a0\u00a0\u00a0\u00a0\u00a0\u00a0\u00a0\u00a0\u00a0\u00a0\u00a0\u00a0\u00a0\u00a0\u00a0\u00a0\u00a0\u00a0\u00a0\u00a0\u00a0\u00a0\u00a0\u00a0\u00a0\u00a0\u00a0\u00a0\u00a0\u00a0\u00a0\u00a0\u00a0\u00a0\u00a0\u00a0\u00a0\u00a0\u00a0\u00a0\u00a0\u00a0\u00a0\u00a0\u00a0\u00a0\u00a0\u00a0\u00a0\u00a0\u00a0\u00a0\u00a0\u00a0\u00a0\u00a0\u00a0\u00a0\u00a0\u00a0\u00a0\u00a0\u00a0\u00a0\u00a0\u00a0\u00a0\u00a0\u00a0\u00a0\u00a0 Gestorben am 30 Dezember 2012 in Rom -) sie war eine italienische Neurobiologin und Neurologin[\/ls_accordion_section][ls_accordion_section title=&#8220;Auszeichnungen und Lebenswerk(e)&#8220;] 1986 \u2013 erhielt sie den Nobelpreis f\u00fcr Medizin und Physiologie f\u00fcr ihre Arbeit mit den ersten Nervenwachsfaktoren 1986 &#8211; Albert Lasker Award<\/p>\n","protected":false},"author":1,"featured_media":0,"parent":2527,"menu_order":0,"comment_status":"open","ping_status":"open","template":"","meta":{"ngg_post_thumbnail":0},"aioseo_notices":[],"_links":{"self":[{"href":"http:\/\/nawi.naturundbildung.at\/wp\/index.php?rest_route=\/wp\/v2\/pages\/2580"}],"collection":[{"href":"http:\/\/nawi.naturundbildung.at\/wp\/index.php?rest_route=\/wp\/v2\/pages"}],"about":[{"href":"http:\/\/nawi.naturundbildung.at\/wp\/index.php?rest_route=\/wp\/v2\/types\/page"}],"author":[{"embeddable":true,"href":"http:\/\/nawi.naturundbildung.at\/wp\/index.php?rest_route=\/wp\/v2\/users\/1"}],"replies":[{"embeddable":true,"href":"http:\/\/nawi.naturundbildung.at\/wp\/index.php?rest_route=%2Fwp%2Fv2%2Fcomments&post=2580"}],"version-history":[{"count":9,"href":"http:\/\/nawi.naturundbildung.at\/wp\/index.php?rest_route=\/wp\/v2\/pages\/2580\/revisions"}],"predecessor-version":[{"id":2677,"href":"http:\/\/nawi.naturundbildung.at\/wp\/index.php?rest_route=\/wp\/v2\/pages\/2580\/revisions\/2677"}],"up":[{"embeddable":true,"href":"http:\/\/nawi.naturundbildung.at\/wp\/index.php?rest_route=\/wp\/v2\/pages\/2527"}],"wp:attachment":[{"href":"http:\/\/nawi.naturundbildung.at\/wp\/index.php?rest_route=%2Fwp%2Fv2%2Fmedia&parent=2580"}],"curies":[{"name":"wp","href":"https:\/\/api.w.org\/{rel}","templated":true}]}}