{"id":2600,"date":"2015-02-04T18:40:35","date_gmt":"2015-02-04T18:40:35","guid":{"rendered":"http:\/\/nawi.naturundbildung.at\/wp\/?page_id=2600"},"modified":"2015-09-22T08:25:07","modified_gmt":"2015-09-22T08:25:07","slug":"barbara-mcclintock","status":"publish","type":"page","link":"http:\/\/nawi.naturundbildung.at\/wp\/?page_id=2600","title":{"rendered":"Barbara McClintock"},"content":{"rendered":"[ls_accordion][ls_accordion_section title=&#8220;LEBENSLAUF&#8220;]\n<p><strong>\u2026<\/strong>ist am 16 Juni 1902 in Hartford, Connecticut\u00a0geboren und verstarb am 2 September 1992 in Huntington, new York.<\/p>\n<p>Sie studierte an der Cornell University von 1919 bis1923 und war eine US-amerikanische Botanikerin und Genetikerin<\/p>\n<p>1927 promovierte sie.<\/p>\n<p>1936-1941 arbeitete sie als Forscherin und Dozentin an der University of Missouri, ab 1941arbietete sie al vollst\u00e4ndige Mitarbeiterin im Cold Spring Harbour Labor wo sie auch bis zu ihrem Tod angestellt war.[\/ls_accordion_section][ls_accordion_section title=&#8220;LEBENSWERK (E)&#8220;]\n<p>Babara McClintock`s gr\u00f6\u00dfte Entdeckung waren die springende Gene die sie aufgrund ihres Forschungsobjekts den Mais entdeckt hatte. Springende Gene hei\u00dfen auch Transposons und sind f\u00fcr die heutige Medizin sehr wichtig. Damals aber hatte man sie f\u00fcr total unsinnig gehalten da diese springende Gene wiederlegten, da\u00df die Gene schon von Anfang an festgelegt sind und nicht ver\u00e4ndert werden k\u00f6nnen, doch die Umgebung des Lebewesens und anderes k\u00f6nnen bestimmte Erbmerkmale sehr wohl ver\u00e4ndern.<\/p>\n<p>Neben den springenden Genen beschrieb McClintock erstmals die kreuzf\u00f6rmige Interaktion homologer Chromosomen (=bei Menschen und Tieren gleich) bei der Meiose. (= besondere Form der Teilung des Zellkerns).<\/p>\n<p>Babara McClintock hat in ihren Leben noch weitere bedeutende Entdeckungen gemacht und dass obwohl sie eine Frau war und das damals einiges schwerer machte. Schon alleine auf die Universit\u00e4t zu kommen war eine Herausforderung. Sp\u00e4ter wollte sie eigentlich nie aus dem Labor, doch trotzdem gab sie Interviews um anderen M\u00e4dchen den Weg zum Studium\u00a0 zu erleichtern.[\/ls_accordion_section][ls_accordion_section title=&#8220;AUSZEICHNUNGEN&#8220;]\n<ul>\n<li>Albert Lasker Award<\/li>\n<li>Thomas Hunt Morgan Medal<\/li>\n<li>Kimber Genetics Award<\/li>\n<li>McArthur Fellowship<\/li>\n<li>Louisa Gross Horwitz<\/li>\n<li>Nobelpreis f\u00fcr Physiologie und Medizin (1983)[\/ls_accordion_section][\/ls_accordion]<\/li>\n<\/ul>\n<p>Isolde Berger und Helena Rausch, 1HMB, HLMW9, 2014<\/p>\n<div id=\"attachment_2601\" style=\"width: 228px\" class=\"wp-caption alignnone\"><a href=\"http:\/\/nawi.naturundbildung.at\/wp\/wp-content\/uploads\/2015\/02\/Barbara-McClintock.jpg\"><img aria-describedby=\"caption-attachment-2601\" loading=\"lazy\" class=\"wp-image-2601 size-medium\" src=\"http:\/\/nawi.naturundbildung.at\/wp\/wp-content\/uploads\/2015\/02\/Barbara-McClintock-218x300.jpg\" alt=\"Barbara McClintock by Sarah Mpunga, 3HMB, HLMW 9, 2014\" width=\"218\" height=\"300\" srcset=\"http:\/\/nawi.naturundbildung.at\/wp\/wp-content\/uploads\/2015\/02\/Barbara-McClintock-218x300.jpg 218w, http:\/\/nawi.naturundbildung.at\/wp\/wp-content\/uploads\/2015\/02\/Barbara-McClintock-745x1024.jpg 745w, http:\/\/nawi.naturundbildung.at\/wp\/wp-content\/uploads\/2015\/02\/Barbara-McClintock.jpg 1700w\" sizes=\"(max-width: 218px) 100vw, 218px\" \/><\/a><p id=\"caption-attachment-2601\" class=\"wp-caption-text\">Barbara McClintock by Sarah Mpunga, 3HMB, HLMW 9, 2014<\/p><\/div>\n<div id=\"watu_quiz\" class=\"quiz-area \">\n<form action=\"\" method=\"post\" class=\"quiz-form \" id=\"quiz-18\" >\n<div class='watu-question' id='question-1'><div class='question-content'><p>Was war Barbara Mc Clintock?<\/p>\n<\/div><input type='hidden' name='question_id[]' value='116' \/><div class='watu-questions-wrap '><input type='hidden' name='answer_ids[]' class='watu-answer-ids' value='557' \/><div class='watu-question-choice'><input type='radio' name='answer-116[]' id='answer-id-557' class='answer answer-1  answerof-116' value='557' \/>&nbsp;<label for='answer-id-557' id='answer-label-557' class=' answer label-1'><span class='answer'>Botanikerin und Genetikerin<\/span><\/label><\/div>\n<input type='hidden' name='answer_ids[]' class='watu-answer-ids' value='558' \/><div class='watu-question-choice'><input type='radio' name='answer-116[]' id='answer-id-558' class='answer answer-1  answerof-116' value='558' \/>&nbsp;<label for='answer-id-558' id='answer-label-558' class=' answer label-1'><span class='answer'>Medizinerin<\/span><\/label><\/div>\n<input type='hidden' name='answer_ids[]' class='watu-answer-ids' value='559' \/><div class='watu-question-choice'><input type='radio' name='answer-116[]' id='answer-id-559' class='answer answer-1  answerof-116' value='559' \/>&nbsp;<label for='answer-id-559' id='answer-label-559' class=' answer label-1'><span class='answer'>Chemikerin und Physikerin<\/span><\/label><\/div>\n<input type='hidden' name='answer_ids[]' class='watu-answer-ids' value='560' \/><div class='watu-question-choice'><input type='radio' name='answer-116[]' id='answer-id-560' class='answer answer-1  answerof-116' value='560' \/>&nbsp;<label for='answer-id-560' id='answer-label-560' class=' answer label-1'><span class='answer'>Friedensakivistin<\/span><\/label><\/div>\n<\/div><input type='hidden' id='questionType1' value='radio' class=''><\/div><div class='watu-question' id='question-2'><div class='question-content'><p>Wann wurde Barbara Mc Clintock geboren?<\/p>\n<\/div><input type='hidden' name='question_id[]' value='117' \/><div class='watu-questions-wrap '><input type='hidden' name='answer_ids[]' class='watu-answer-ids' value='584' \/><div class='watu-question-choice'><input type='radio' name='answer-117[]' id='answer-id-584' class='answer answer-2  answerof-117' value='584' \/>&nbsp;<label for='answer-id-584' id='answer-label-584' class=' answer label-2'><span class='answer'>1902<\/span><\/label><\/div>\n<input type='hidden' name='answer_ids[]' class='watu-answer-ids' value='585' \/><div class='watu-question-choice'><input type='radio' name='answer-117[]' id='answer-id-585' class='answer answer-2  answerof-117' value='585' \/>&nbsp;<label for='answer-id-585' id='answer-label-585' class=' answer label-2'><span class='answer'>1892<\/span><\/label><\/div>\n<input type='hidden' name='answer_ids[]' class='watu-answer-ids' value='586' \/><div class='watu-question-choice'><input type='radio' name='answer-117[]' id='answer-id-586' class='answer answer-2  answerof-117' value='586' \/>&nbsp;<label for='answer-id-586' id='answer-label-586' class=' answer label-2'><span class='answer'>1922<\/span><\/label><\/div>\n<input type='hidden' name='answer_ids[]' class='watu-answer-ids' value='587' \/><div class='watu-question-choice'><input type='radio' name='answer-117[]' id='answer-id-587' class='answer answer-2  answerof-117' value='587' \/>&nbsp;<label for='answer-id-587' id='answer-label-587' class=' answer label-2'><span class='answer'>1932<\/span><\/label><\/div>\n<\/div><input type='hidden' id='questionType2' value='radio' class=''><\/div><div class='watu-question' id='question-3'><div class='question-content'><p>Wo arbeitete Barbara Mc Clintock bis zu ihrem Tod?<\/p>\n<\/div><input type='hidden' name='question_id[]' value='118' \/><div class='watu-questions-wrap '><input type='hidden' name='answer_ids[]' class='watu-answer-ids' value='565' \/><div class='watu-question-choice'><input type='radio' name='answer-118[]' id='answer-id-565' class='answer answer-3  answerof-118' value='565' \/>&nbsp;<label for='answer-id-565' id='answer-label-565' class=' answer label-3'><span class='answer'>Cornell University<\/span><\/label><\/div>\n<input type='hidden' name='answer_ids[]' class='watu-answer-ids' value='566' \/><div class='watu-question-choice'><input type='radio' name='answer-118[]' id='answer-id-566' class='answer answer-3  answerof-118' value='566' \/>&nbsp;<label for='answer-id-566' id='answer-label-566' class=' answer label-3'><span class='answer'>University of Missouri<\/span><\/label><\/div>\n<input type='hidden' name='answer_ids[]' class='watu-answer-ids' value='567' \/><div class='watu-question-choice'><input type='radio' name='answer-118[]' id='answer-id-567' class='answer answer-3  answerof-118' value='567' \/>&nbsp;<label for='answer-id-567' id='answer-label-567' class=' answer label-3'><span class='answer'>Cold Spring Harbour Labor <\/span><\/label><\/div>\n<\/div><input type='hidden' id='questionType3' value='radio' class=''><\/div><div class='watu-question' id='question-4'><div class='question-content'><p>Welchen Nobelpreis\u00a0erhielt Barbara Mc Clintock?<\/p>\n<\/div><input type='hidden' name='question_id[]' value='119' \/><div class='watu-questions-wrap '><input type='hidden' name='answer_ids[]' class='watu-answer-ids' value='992' \/><div class='watu-question-choice'><input type='radio' name='answer-119[]' id='answer-id-992' class='answer answer-4  answerof-119' value='992' \/>&nbsp;<label for='answer-id-992' id='answer-label-992' class=' answer label-4'><span class='answer'>Physiologie oder Medizin<\/span><\/label><\/div>\n<input type='hidden' name='answer_ids[]' class='watu-answer-ids' value='993' \/><div class='watu-question-choice'><input type='radio' name='answer-119[]' id='answer-id-993' class='answer answer-4  answerof-119' value='993' \/>&nbsp;<label for='answer-id-993' id='answer-label-993' class=' answer label-4'><span class='answer'>Physik<\/span><\/label><\/div>\n<input type='hidden' name='answer_ids[]' class='watu-answer-ids' value='994' \/><div class='watu-question-choice'><input type='radio' name='answer-119[]' id='answer-id-994' class='answer answer-4  answerof-119' value='994' \/>&nbsp;<label for='answer-id-994' id='answer-label-994' class=' answer label-4'><span class='answer'>Chemie<\/span><\/label><\/div>\n<input type='hidden' name='answer_ids[]' class='watu-answer-ids' value='995' \/><div class='watu-question-choice'><input type='radio' name='answer-119[]' id='answer-id-995' class='answer answer-4  answerof-119' value='995' \/>&nbsp;<label for='answer-id-995' id='answer-label-995' class=' answer label-4'><span class='answer'>Friedensnobelpreis<\/span><\/label><\/div>\n<\/div><input type='hidden' id='questionType4' value='radio' class=''><\/div><div class='watu-question' id='question-5'><div class='question-content'><p>Was war Barbara Mc Clintocks gr\u00f6\u00dfte Entdeckung?<\/p>\n<\/div><input type='hidden' name='question_id[]' value='120' \/><div class='watu-questions-wrap '><input type='hidden' name='answer_ids[]' class='watu-answer-ids' value='572' \/><div class='watu-question-choice'><input type='radio' name='answer-120[]' id='answer-id-572' class='answer answer-5  answerof-120' value='572' \/>&nbsp;<label for='answer-id-572' id='answer-label-572' class=' answer label-5'><span class='answer'>springende Gene<\/span><\/label><\/div>\n<input type='hidden' name='answer_ids[]' class='watu-answer-ids' value='573' \/><div class='watu-question-choice'><input type='radio' name='answer-120[]' id='answer-id-573' class='answer answer-5  answerof-120' value='573' \/>&nbsp;<label for='answer-id-573' id='answer-label-573' class=' answer label-5'><span class='answer'>Gene<\/span><\/label><\/div>\n<input type='hidden' name='answer_ids[]' class='watu-answer-ids' value='574' \/><div class='watu-question-choice'><input type='radio' name='answer-120[]' id='answer-id-574' class='answer answer-5  answerof-120' value='574' \/>&nbsp;<label for='answer-id-574' id='answer-label-574' class=' answer label-5'><span class='answer'>die Entschl\u00fcsselung des menschlichen Genoms<\/span><\/label><\/div>\n<input type='hidden' name='answer_ids[]' class='watu-answer-ids' value='575' \/><div class='watu-question-choice'><input type='radio' name='answer-120[]' id='answer-id-575' class='answer answer-5  answerof-120' value='575' \/>&nbsp;<label for='answer-id-575' id='answer-label-575' class=' answer label-5'><span class='answer'>die Geschlechtschromosomen (X,Y)<\/span><\/label><\/div>\n<\/div><input type='hidden' id='questionType5' value='radio' class=''><\/div><div class='watu-question' id='question-6'><div class='question-content'><p>Wie hei\u00dfen springende Gene?<\/p>\n<\/div><input type='hidden' name='question_id[]' value='121' \/><div class='watu-questions-wrap '><input type='hidden' name='answer_ids[]' class='watu-answer-ids' value='576' \/><div class='watu-question-choice'><input type='radio' name='answer-121[]' id='answer-id-576' class='answer answer-6  answerof-121' value='576' \/>&nbsp;<label for='answer-id-576' id='answer-label-576' class=' answer label-6'><span class='answer'>Tampons<\/span><\/label><\/div>\n<input type='hidden' name='answer_ids[]' class='watu-answer-ids' value='577' \/><div class='watu-question-choice'><input type='radio' name='answer-121[]' id='answer-id-577' class='answer answer-6  answerof-121' value='577' \/>&nbsp;<label for='answer-id-577' id='answer-label-577' class=' answer label-6'><span class='answer'>Transposons<\/span><\/label><\/div>\n<input type='hidden' name='answer_ids[]' class='watu-answer-ids' value='578' \/><div class='watu-question-choice'><input type='radio' name='answer-121[]' id='answer-id-578' class='answer answer-6  answerof-121' value='578' \/>&nbsp;<label for='answer-id-578' id='answer-label-578' class=' answer label-6'><span class='answer'>Transferons<\/span><\/label><\/div>\n<input type='hidden' name='answer_ids[]' class='watu-answer-ids' value='579' \/><div class='watu-question-choice'><input type='radio' name='answer-121[]' id='answer-id-579' class='answer answer-6  answerof-121' value='579' \/>&nbsp;<label for='answer-id-579' id='answer-label-579' class=' answer label-6'><span class='answer'>Transportons<\/span><\/label><\/div>\n<\/div><input type='hidden' id='questionType6' value='radio' class=''><\/div><div class='watu-question' id='question-7'><div class='question-content'><p>Wann erhielt Barbara Mc Clintock den Nobelpreis?<\/p>\n<\/div><input type='hidden' name='question_id[]' value='122' \/><div class='watu-questions-wrap '><input type='hidden' name='answer_ids[]' class='watu-answer-ids' value='580' \/><div class='watu-question-choice'><input type='radio' name='answer-122[]' id='answer-id-580' class='answer answer-7  answerof-122' value='580' \/>&nbsp;<label for='answer-id-580' id='answer-label-580' class=' answer label-7'><span class='answer'>1993<\/span><\/label><\/div>\n<input type='hidden' name='answer_ids[]' class='watu-answer-ids' value='581' \/><div class='watu-question-choice'><input type='radio' name='answer-122[]' id='answer-id-581' class='answer answer-7  answerof-122' value='581' \/>&nbsp;<label for='answer-id-581' id='answer-label-581' class=' answer label-7'><span class='answer'>2003<\/span><\/label><\/div>\n<input type='hidden' name='answer_ids[]' class='watu-answer-ids' value='582' \/><div class='watu-question-choice'><input type='radio' name='answer-122[]' id='answer-id-582' class='answer answer-7  answerof-122' value='582' \/>&nbsp;<label for='answer-id-582' id='answer-label-582' class=' answer label-7'><span class='answer'>1938<\/span><\/label><\/div>\n<input type='hidden' name='answer_ids[]' class='watu-answer-ids' value='583' \/><div class='watu-question-choice'><input type='radio' name='answer-122[]' id='answer-id-583' class='answer answer-7  answerof-122' value='583' \/>&nbsp;<label for='answer-id-583' id='answer-label-583' class=' answer label-7'><span class='answer'>1983<\/span><\/label><\/div>\n<\/div><input type='hidden' id='questionType7' value='radio' class=''><\/div><div style='display:none' id='question-8'><br \/><div class='question-content'><img src=\"http:\/\/nawi.naturundbildung.at\/wp\/wp-content\/plugins\/watu\/loading.gif\" width=\"16\" height=\"16\" alt=\"Loading ...\" title=\"Loading ...\" \/>&nbsp;Loading &#8230;<\/div><\/div><br \/>\n\t<p>Question <span id='numQ'>1<\/span> of 7<\/p>\n\t\t<input type=\"button\" id=\"next-question\" value=\"Next &gt;\"  \/>\n<input type=\"button\" name=\"action\" onclick=\"Watu.submitResult()\" id=\"action-button\" value=\"Submit\"  class=\"watu-submit-button\" \/>\n<input type=\"hidden\" name=\"no_ajax\" value=\"0\"><input type=\"hidden\" name=\"quiz_id\" value=\"18\" \/>\n<input type=\"hidden\" id=\"watuStartTime\" name=\"start_time\" value=\"2026-04-15 05:33:26\" \/>\n<\/form>\n<\/div>\n<div id=\"watu-loading-result\" style=\"display:none;\">\n\t<p align=\"center\"><img src=\"http:\/\/nawi.naturundbildung.at\/wp\/wp-content\/plugins\/watu\/loading.gif\" width=\"16\" height=\"16\" alt=\"Loading\" title=\"Loading\" \/><\/p>\n<\/div>\t\n<script type=\"text\/javascript\">\nvar exam_id=0;\nvar question_ids='';\nvar watuURL='';\njQuery(function($){\nquestion_ids = \"116,117,118,119,120,121,122\";\nexam_id = 18;\nWatu.exam_id = exam_id;\nWatu.qArr = question_ids.split(',');\nWatu.post_id = 2600;\nWatu.singlePage = '0';\nWatu.hAppID = \"0.83127700 1776231206\";\nwatuURL = \"http:\/\/nawi.naturundbildung.at\/wp\/wp-admin\/admin-ajax.php\";\nWatu.noAlertUnanswered = 0;\n});\n<\/script>\n","protected":false},"excerpt":{"rendered":"<p>[ls_accordion][ls_accordion_section title=&#8220;LEBENSLAUF&#8220;] \u2026ist am 16 Juni 1902 in Hartford, Connecticut\u00a0geboren und verstarb am 2 September 1992 in Huntington, new York. Sie studierte an der Cornell University von 1919 bis1923 und war eine US-amerikanische Botanikerin und Genetikerin 1927 promovierte sie. 1936-1941 arbeitete sie als Forscherin und Dozentin an der University of<\/p>\n","protected":false},"author":1,"featured_media":0,"parent":2527,"menu_order":0,"comment_status":"open","ping_status":"open","template":"","meta":{"ngg_post_thumbnail":0},"aioseo_notices":[],"_links":{"self":[{"href":"http:\/\/nawi.naturundbildung.at\/wp\/index.php?rest_route=\/wp\/v2\/pages\/2600"}],"collection":[{"href":"http:\/\/nawi.naturundbildung.at\/wp\/index.php?rest_route=\/wp\/v2\/pages"}],"about":[{"href":"http:\/\/nawi.naturundbildung.at\/wp\/index.php?rest_route=\/wp\/v2\/types\/page"}],"author":[{"embeddable":true,"href":"http:\/\/nawi.naturundbildung.at\/wp\/index.php?rest_route=\/wp\/v2\/users\/1"}],"replies":[{"embeddable":true,"href":"http:\/\/nawi.naturundbildung.at\/wp\/index.php?rest_route=%2Fwp%2Fv2%2Fcomments&post=2600"}],"version-history":[{"count":9,"href":"http:\/\/nawi.naturundbildung.at\/wp\/index.php?rest_route=\/wp\/v2\/pages\/2600\/revisions"}],"predecessor-version":[{"id":2911,"href":"http:\/\/nawi.naturundbildung.at\/wp\/index.php?rest_route=\/wp\/v2\/pages\/2600\/revisions\/2911"}],"up":[{"embeddable":true,"href":"http:\/\/nawi.naturundbildung.at\/wp\/index.php?rest_route=\/wp\/v2\/pages\/2527"}],"wp:attachment":[{"href":"http:\/\/nawi.naturundbildung.at\/wp\/index.php?rest_route=%2Fwp%2Fv2%2Fmedia&parent=2600"}],"curies":[{"name":"wp","href":"https:\/\/api.w.org\/{rel}","templated":true}]}}