{"id":2609,"date":"2015-02-04T20:25:48","date_gmt":"2015-02-04T20:25:48","guid":{"rendered":"http:\/\/nawi.naturundbildung.at\/wp\/?page_id=2609"},"modified":"2015-02-06T21:49:54","modified_gmt":"2015-02-06T21:49:54","slug":"rosalyn-sussman-yalow","status":"publish","type":"page","link":"http:\/\/nawi.naturundbildung.at\/wp\/?page_id=2609","title":{"rendered":"Rosalyn Sussman Yalow"},"content":{"rendered":"[ls_accordion][ls_accordion_section title=&#8220;LEBEN&#8220;]\n<ul>\n<li>geboren: 19. Juli 1921 in New York<\/li>\n<li>gestorben: 30. Mai 2011<\/li>\n<\/ul>\n<p>Schon w\u00e4hrend sie sich am Hunter College auf die Physik spezialisierte, h\u00f6rte sie 1939 an der Columbia University den Vortr\u00e4gen von Enrico Fermi zu. Sie lernte dort auch ihren sp\u00e4teren Mann, Aaron Yalow, kennen. Ihr Studium finanzierte sie durch Sekretariatsarbeiten f\u00fcr ihre Professoren.<\/p>\n<p>1941 wurde ihr eine Assistentenstelle an der University of Illinois angeboten, wo sie sich als einzige Frau unter 400 Studenten behauptete. 1942 machte sie dort ihren M.S. in Physics, 1943 heiratete sie Aaron Yalow. 1945 schloss sie ihr Studium mit dem Ph.D. in Nuclear Physics ab. Nach einer kurzen Anstellung, als einzige Frau, am Federal Telecommunications Laboratory kehrte sie 1946 als Physikprofessorin ans Hunter College zur\u00fcck, so sie bis 1950 unterrichtete.<\/p>\n[\/ls_accordion_section][ls_accordion_section title=&#8220;WERDEGANG &amp; ERFOLGE&#8220;]\n<p>Schon 1947 begann sie neben ihrer Lehrt\u00e4tigkeit am Veterans Administration Hospital in der Bronx, New York zu arbeiten. Im Juli 1950 begann ihre 22-j\u00e4hrige enge Zusammenarbeit mit Solomon Aaron Berson. Sie konzentrierten sich auf den Nachweis von Peptiden im Blut. Nachdem sie Globine und andere Serumproteine messen konnten, wendeten sie sich kleineren Molek\u00fclen zu. Bei ihren Insulin-Studien entdeckten sie, dass mit Insulinpr\u00e4paraten behandelte Diabetiker Antik\u00f6rper gegen die tierischen Insuline bildeten. Daraus leiteten sie Methoden zur Messung des Insulinspiegels im Blut ab. 1959 bezeichnet sie als das Geburtsjahr der Methode zur Messung des Insulinspiegels, der heute weltweit in den medizinischen Labors eingesetzt wird. Berson und Yalow haben ihre Erkenntnisse nicht patentieren lassen, damit sie allgemein verf\u00fcgbar sind. 1968 ging Solomon Berson als Institutsvorstand ans Department of Medicine at the Mount Sinai School of Medicine und Yalow \u00fcbernahm die interimistische Leitung und wurde 1970 zum Chief ernannt. Nach dem fr\u00fchen Tod Bersons 1972 wurde das Labor auf Yalows Wunsch in Solomon A. Berson Research Laboratory umbenannt,<\/p>\n<p>Rosalyn Yalow unterrichtete von 1968 bis 1979 an der Mount Sinai School of Medicine und von 1975 bis 1985 an der Yeshiwa Universit\u00e4t in New York.<\/p>\n<p>Von 1973 bis 1979 war sie Mitherausgeberin von Hormone and Metabolic Research.<\/p>\n<p>1971 erhielt Yalow einen Gairdner Foundation International Award, 1976 den Albert Lasker Award for Basic Medical Research. 1977 wurde sie f\u00fcr die Entwicklung radioimmunologischer Methoden der Bestimmung von Peptidhormonen mit dem Nobelpreis f\u00fcr Physiologie oder Medizin ausgezeichnet. Sie war damit nach Gerty Cori die zweite Frau, die diese Auszeichnung erhielt.<\/p>\n<p>Von 1980 bis 1985 war Yalow Vorsitzende des Department of Clinical Science, Montefiore Hospital and Medical Center.<\/p>\n<p>1986 emeritierte Rosalyn Yalow und wurde Emeritus Professor, Albert Einstein College of Medicine, Yeshiva University[\/ls_accordion_section][\/ls_accordion]\n<p>Beatric Hauser und Julia Lamb\u00fcrger, 1HMB, HLMW 9, 2014<\/p>\n<div id=\"attachment_2610\" style=\"width: 228px\" class=\"wp-caption alignnone\"><a href=\"http:\/\/nawi.naturundbildung.at\/wp\/wp-content\/uploads\/2015\/02\/Rosalyn-Yalow.jpg\"><img aria-describedby=\"caption-attachment-2610\" loading=\"lazy\" class=\"size-medium wp-image-2610\" src=\"http:\/\/nawi.naturundbildung.at\/wp\/wp-content\/uploads\/2015\/02\/Rosalyn-Yalow-218x300.jpg\" alt=\"Rosalyn Yalow by Cornelia Holzinger (4HMM)\" width=\"218\" height=\"300\" srcset=\"http:\/\/nawi.naturundbildung.at\/wp\/wp-content\/uploads\/2015\/02\/Rosalyn-Yalow-218x300.jpg 218w, http:\/\/nawi.naturundbildung.at\/wp\/wp-content\/uploads\/2015\/02\/Rosalyn-Yalow-745x1024.jpg 745w, http:\/\/nawi.naturundbildung.at\/wp\/wp-content\/uploads\/2015\/02\/Rosalyn-Yalow.jpg 1700w\" sizes=\"(max-width: 218px) 100vw, 218px\" \/><\/a><p id=\"caption-attachment-2610\" class=\"wp-caption-text\">Rosalyn Yalow by Cornelia Holzinger (4HMM)<\/p><\/div>\n<div id=\"watu_quiz\" class=\"quiz-area \">\n<form action=\"\" method=\"post\" class=\"quiz-form \" id=\"quiz-25\" >\n<div class='watu-question' id='question-1'><div class='question-content'><p>Wann wurde Rosalyn Sussman Yalow geboren?<\/p>\n<\/div><input type='hidden' name='question_id[]' value='165' \/><div class='watu-questions-wrap '><input type='hidden' name='answer_ids[]' class='watu-answer-ids' value='777' \/><div class='watu-question-choice'><input type='radio' name='answer-165[]' id='answer-id-777' class='answer answer-1  answerof-165' value='777' \/>&nbsp;<label for='answer-id-777' id='answer-label-777' class=' answer label-1'><span class='answer'>1921<\/span><\/label><\/div>\n<input type='hidden' name='answer_ids[]' class='watu-answer-ids' value='778' \/><div class='watu-question-choice'><input type='radio' name='answer-165[]' id='answer-id-778' class='answer answer-1  answerof-165' value='778' \/>&nbsp;<label for='answer-id-778' id='answer-label-778' class=' answer label-1'><span class='answer'>1929<\/span><\/label><\/div>\n<input type='hidden' name='answer_ids[]' class='watu-answer-ids' value='779' \/><div class='watu-question-choice'><input type='radio' name='answer-165[]' id='answer-id-779' class='answer answer-1  answerof-165' value='779' \/>&nbsp;<label for='answer-id-779' id='answer-label-779' class=' answer label-1'><span class='answer'>1889<\/span><\/label><\/div>\n<input type='hidden' name='answer_ids[]' class='watu-answer-ids' value='780' \/><div class='watu-question-choice'><input type='radio' name='answer-165[]' id='answer-id-780' class='answer answer-1  answerof-165' value='780' \/>&nbsp;<label for='answer-id-780' id='answer-label-780' class=' answer label-1'><span class='answer'>1899<\/span><\/label><\/div>\n<\/div><input type='hidden' id='questionType1' value='radio' class=''><\/div><div class='watu-question' id='question-2'><div class='question-content'><p>Wann ist Rosalyn Sussman Yalow gestorben?<\/p>\n<\/div><input type='hidden' name='question_id[]' value='166' \/><div class='watu-questions-wrap '><input type='hidden' name='answer_ids[]' class='watu-answer-ids' value='781' \/><div class='watu-question-choice'><input type='radio' name='answer-166[]' id='answer-id-781' class='answer answer-2  answerof-166' value='781' \/>&nbsp;<label for='answer-id-781' id='answer-label-781' class=' answer label-2'><span class='answer'>2001<\/span><\/label><\/div>\n<input type='hidden' name='answer_ids[]' class='watu-answer-ids' value='782' \/><div class='watu-question-choice'><input type='radio' name='answer-166[]' id='answer-id-782' class='answer answer-2  answerof-166' value='782' \/>&nbsp;<label for='answer-id-782' id='answer-label-782' class=' answer label-2'><span class='answer'>2011<\/span><\/label><\/div>\n<input type='hidden' name='answer_ids[]' class='watu-answer-ids' value='783' \/><div class='watu-question-choice'><input type='radio' name='answer-166[]' id='answer-id-783' class='answer answer-2  answerof-166' value='783' \/>&nbsp;<label for='answer-id-783' id='answer-label-783' class=' answer label-2'><span class='answer'>1991<\/span><\/label><\/div>\n<input type='hidden' name='answer_ids[]' class='watu-answer-ids' value='784' \/><div class='watu-question-choice'><input type='radio' name='answer-166[]' id='answer-id-784' class='answer answer-2  answerof-166' value='784' \/>&nbsp;<label for='answer-id-784' id='answer-label-784' class=' answer label-2'><span class='answer'>1999<\/span><\/label><\/div>\n<\/div><input type='hidden' id='questionType2' value='radio' class=''><\/div><div class='watu-question' id='question-3'><div class='question-content'><p>Welchen Nobelpreis erhielt Rosalyn Sussman Yalow<\/p>\n<\/div><input type='hidden' name='question_id[]' value='167' \/><div class='watu-questions-wrap '><input type='hidden' name='answer_ids[]' class='watu-answer-ids' value='805' \/><div class='watu-question-choice'><input type='radio' name='answer-167[]' id='answer-id-805' class='answer answer-3  answerof-167' value='805' \/>&nbsp;<label for='answer-id-805' id='answer-label-805' class=' answer label-3'><span class='answer'>Physik<\/span><\/label><\/div>\n<input type='hidden' name='answer_ids[]' class='watu-answer-ids' value='806' \/><div class='watu-question-choice'><input type='radio' name='answer-167[]' id='answer-id-806' class='answer answer-3  answerof-167' value='806' \/>&nbsp;<label for='answer-id-806' id='answer-label-806' class=' answer label-3'><span class='answer'>Physiologie oder Medizin<\/span><\/label><\/div>\n<input type='hidden' name='answer_ids[]' class='watu-answer-ids' value='807' \/><div class='watu-question-choice'><input type='radio' name='answer-167[]' id='answer-id-807' class='answer answer-3  answerof-167' value='807' \/>&nbsp;<label for='answer-id-807' id='answer-label-807' class=' answer label-3'><span class='answer'>Chemie<\/span><\/label><\/div>\n<input type='hidden' name='answer_ids[]' class='watu-answer-ids' value='808' \/><div class='watu-question-choice'><input type='radio' name='answer-167[]' id='answer-id-808' class='answer answer-3  answerof-167' value='808' \/>&nbsp;<label for='answer-id-808' id='answer-label-808' class=' answer label-3'><span class='answer'>Friedensnobelpreis<\/span><\/label><\/div>\n<\/div><input type='hidden' id='questionType3' value='radio' class=''><\/div><div class='watu-question' id='question-4'><div class='question-content'><p>Wof\u00fcr erhielt Rosalyn Sussman Yalow den Nobelpreis?<\/p>\n<\/div><input type='hidden' name='question_id[]' value='168' \/><div class='watu-questions-wrap '><input type='hidden' name='answer_ids[]' class='watu-answer-ids' value='789' \/><div class='watu-question-choice'><input type='radio' name='answer-168[]' id='answer-id-789' class='answer answer-4  answerof-168' value='789' \/>&nbsp;<label for='answer-id-789' id='answer-label-789' class=' answer label-4'><span class='answer'>f\u00fcr die Entwicklung radioimmunologischer Methoden der Bestimmung von Peptidhormonen <\/span><\/label><\/div>\n<input type='hidden' name='answer_ids[]' class='watu-answer-ids' value='790' \/><div class='watu-question-choice'><input type='radio' name='answer-168[]' id='answer-id-790' class='answer answer-4  answerof-168' value='790' \/>&nbsp;<label for='answer-id-790' id='answer-label-790' class=' answer label-4'><span class='answer'>die Entdeckung der springenden Gene <\/span><\/label><\/div>\n<input type='hidden' name='answer_ids[]' class='watu-answer-ids' value='791' \/><div class='watu-question-choice'><input type='radio' name='answer-168[]' id='answer-id-791' class='answer answer-4  answerof-168' value='791' \/>&nbsp;<label for='answer-id-791' id='answer-label-791' class=' answer label-4'><span class='answer'>wie die Sinneswahrnehmung von Ger\u00fcchen und deren Umwandlung in Nervenimpulse und schlie\u00dflich in Gef\u00fchlsantworten im Gehirn vor sich geht.<\/span><\/label><\/div>\n<input type='hidden' name='answer_ids[]' class='watu-answer-ids' value='792' \/><div class='watu-question-choice'><input type='radio' name='answer-168[]' id='answer-id-792' class='answer answer-4  answerof-168' value='792' \/>&nbsp;<label for='answer-id-792' id='answer-label-792' class=' answer label-4'><span class='answer'>f\u00fcr die Entdeckung der nuklearen Schalenstruktur <\/span><\/label><\/div>\n<\/div><input type='hidden' id='questionType4' value='radio' class=''><\/div><div class='watu-question' id='question-5'><div class='question-content'><p>Was unterrichtete Rosalyn Sussman Yalow bis 1950 am Hunter College?<\/p>\n<\/div><input type='hidden' name='question_id[]' value='169' \/><div class='watu-questions-wrap '><input type='hidden' name='answer_ids[]' class='watu-answer-ids' value='809' \/><div class='watu-question-choice'><input type='radio' name='answer-169[]' id='answer-id-809' class='answer answer-5  answerof-169' value='809' \/>&nbsp;<label for='answer-id-809' id='answer-label-809' class=' answer label-5'><span class='answer'>Biologie<\/span><\/label><\/div>\n<input type='hidden' name='answer_ids[]' class='watu-answer-ids' value='810' \/><div class='watu-question-choice'><input type='radio' name='answer-169[]' id='answer-id-810' class='answer answer-5  answerof-169' value='810' \/>&nbsp;<label for='answer-id-810' id='answer-label-810' class=' answer label-5'><span class='answer'>Biochemie<\/span><\/label><\/div>\n<input type='hidden' name='answer_ids[]' class='watu-answer-ids' value='811' \/><div class='watu-question-choice'><input type='radio' name='answer-169[]' id='answer-id-811' class='answer answer-5  answerof-169' value='811' \/>&nbsp;<label for='answer-id-811' id='answer-label-811' class=' answer label-5'><span class='answer'>Physik<\/span><\/label><\/div>\n<input type='hidden' name='answer_ids[]' class='watu-answer-ids' value='812' \/><div class='watu-question-choice'><input type='radio' name='answer-169[]' id='answer-id-812' class='answer answer-5  answerof-169' value='812' \/>&nbsp;<label for='answer-id-812' id='answer-label-812' class=' answer label-5'><span class='answer'>Literatur<\/span><\/label><\/div>\n<\/div><input type='hidden' id='questionType5' value='radio' class=''><\/div><div class='watu-question' id='question-6'><div class='question-content'><p>Was studierte Rosalyn Sussman Yalow?<\/p>\n<\/div><input type='hidden' name='question_id[]' value='170' \/><div class='watu-questions-wrap '><input type='hidden' name='answer_ids[]' class='watu-answer-ids' value='797' \/><div class='watu-question-choice'><input type='radio' name='answer-170[]' id='answer-id-797' class='answer answer-6  answerof-170' value='797' \/>&nbsp;<label for='answer-id-797' id='answer-label-797' class=' answer label-6'><span class='answer'>Medizin<\/span><\/label><\/div>\n<input type='hidden' name='answer_ids[]' class='watu-answer-ids' value='798' \/><div class='watu-question-choice'><input type='radio' name='answer-170[]' id='answer-id-798' class='answer answer-6  answerof-170' value='798' \/>&nbsp;<label for='answer-id-798' id='answer-label-798' class=' answer label-6'><span class='answer'>Biologie<\/span><\/label><\/div>\n<input type='hidden' name='answer_ids[]' class='watu-answer-ids' value='799' \/><div class='watu-question-choice'><input type='radio' name='answer-170[]' id='answer-id-799' class='answer answer-6  answerof-170' value='799' \/>&nbsp;<label for='answer-id-799' id='answer-label-799' class=' answer label-6'><span class='answer'>Kernphysik<\/span><\/label><\/div>\n<input type='hidden' name='answer_ids[]' class='watu-answer-ids' value='800' \/><div class='watu-question-choice'><input type='radio' name='answer-170[]' id='answer-id-800' class='answer answer-6  answerof-170' value='800' \/>&nbsp;<label for='answer-id-800' id='answer-label-800' class=' answer label-6'><span class='answer'>Biochemie<\/span><\/label><\/div>\n<\/div><input type='hidden' id='questionType6' value='radio' class=''><\/div><div class='watu-question' id='question-7'><div class='question-content'><p>In welchem Jahr erhielt Rosalyn Sussman Yalow den Nobelpreis f\u00fcr ihre Arbeiten?<\/p>\n<\/div><input type='hidden' name='question_id[]' value='171' \/><div class='watu-questions-wrap '><input type='hidden' name='answer_ids[]' class='watu-answer-ids' value='801' \/><div class='watu-question-choice'><input type='radio' name='answer-171[]' id='answer-id-801' class='answer answer-7  answerof-171' value='801' \/>&nbsp;<label for='answer-id-801' id='answer-label-801' class=' answer label-7'><span class='answer'>1977<\/span><\/label><\/div>\n<input type='hidden' name='answer_ids[]' class='watu-answer-ids' value='802' \/><div class='watu-question-choice'><input type='radio' name='answer-171[]' id='answer-id-802' class='answer answer-7  answerof-171' value='802' \/>&nbsp;<label for='answer-id-802' id='answer-label-802' class=' answer label-7'><span class='answer'>2007<\/span><\/label><\/div>\n<input type='hidden' name='answer_ids[]' class='watu-answer-ids' value='803' \/><div class='watu-question-choice'><input type='radio' name='answer-171[]' id='answer-id-803' class='answer answer-7  answerof-171' value='803' \/>&nbsp;<label for='answer-id-803' id='answer-label-803' class=' answer label-7'><span class='answer'>1983<\/span><\/label><\/div>\n<input type='hidden' name='answer_ids[]' class='watu-answer-ids' value='804' \/><div class='watu-question-choice'><input type='radio' name='answer-171[]' id='answer-id-804' class='answer answer-7  answerof-171' value='804' \/>&nbsp;<label for='answer-id-804' id='answer-label-804' class=' answer label-7'><span class='answer'>1959<\/span><\/label><\/div>\n<\/div><input type='hidden' id='questionType7' value='radio' class=''><\/div><div style='display:none' id='question-8'><br \/><div class='question-content'><img src=\"http:\/\/nawi.naturundbildung.at\/wp\/wp-content\/plugins\/watu\/loading.gif\" width=\"16\" height=\"16\" alt=\"Loading ...\" title=\"Loading ...\" \/>&nbsp;Loading &#8230;<\/div><\/div><br \/>\n\t<p>Question <span id='numQ'>1<\/span> of 7<\/p>\n\t\t<input type=\"button\" id=\"next-question\" value=\"Next &gt;\"  \/>\n<input type=\"button\" name=\"action\" onclick=\"Watu.submitResult()\" id=\"action-button\" value=\"Submit\"  class=\"watu-submit-button\" \/>\n<input type=\"hidden\" name=\"no_ajax\" value=\"0\"><input type=\"hidden\" name=\"quiz_id\" value=\"25\" \/>\n<input type=\"hidden\" id=\"watuStartTime\" name=\"start_time\" value=\"2026-04-15 17:12:01\" \/>\n<\/form>\n<\/div>\n<div id=\"watu-loading-result\" style=\"display:none;\">\n\t<p align=\"center\"><img src=\"http:\/\/nawi.naturundbildung.at\/wp\/wp-content\/plugins\/watu\/loading.gif\" width=\"16\" height=\"16\" alt=\"Loading\" title=\"Loading\" \/><\/p>\n<\/div>\t\n<script type=\"text\/javascript\">\nvar exam_id=0;\nvar question_ids='';\nvar watuURL='';\njQuery(function($){\nquestion_ids = \"165,166,167,168,169,170,171\";\nexam_id = 25;\nWatu.exam_id = exam_id;\nWatu.qArr = question_ids.split(',');\nWatu.post_id = 2609;\nWatu.singlePage = '0';\nWatu.hAppID = \"0.99839700 1776273121\";\nwatuURL = \"http:\/\/nawi.naturundbildung.at\/wp\/wp-admin\/admin-ajax.php\";\nWatu.noAlertUnanswered = 0;\n});\n<\/script>\n","protected":false},"excerpt":{"rendered":"<p>[ls_accordion][ls_accordion_section title=&#8220;LEBEN&#8220;] geboren: 19. Juli 1921 in New York gestorben: 30. Mai 2011 Schon w\u00e4hrend sie sich am Hunter College auf die Physik spezialisierte, h\u00f6rte sie 1939 an der Columbia University den Vortr\u00e4gen von Enrico Fermi zu. Sie lernte dort auch ihren sp\u00e4teren Mann, Aaron Yalow, kennen. Ihr Studium finanzierte<\/p>\n","protected":false},"author":1,"featured_media":0,"parent":2527,"menu_order":0,"comment_status":"open","ping_status":"open","template":"","meta":{"ngg_post_thumbnail":0},"aioseo_notices":[],"_links":{"self":[{"href":"http:\/\/nawi.naturundbildung.at\/wp\/index.php?rest_route=\/wp\/v2\/pages\/2609"}],"collection":[{"href":"http:\/\/nawi.naturundbildung.at\/wp\/index.php?rest_route=\/wp\/v2\/pages"}],"about":[{"href":"http:\/\/nawi.naturundbildung.at\/wp\/index.php?rest_route=\/wp\/v2\/types\/page"}],"author":[{"embeddable":true,"href":"http:\/\/nawi.naturundbildung.at\/wp\/index.php?rest_route=\/wp\/v2\/users\/1"}],"replies":[{"embeddable":true,"href":"http:\/\/nawi.naturundbildung.at\/wp\/index.php?rest_route=%2Fwp%2Fv2%2Fcomments&post=2609"}],"version-history":[{"count":3,"href":"http:\/\/nawi.naturundbildung.at\/wp\/index.php?rest_route=\/wp\/v2\/pages\/2609\/revisions"}],"predecessor-version":[{"id":2678,"href":"http:\/\/nawi.naturundbildung.at\/wp\/index.php?rest_route=\/wp\/v2\/pages\/2609\/revisions\/2678"}],"up":[{"embeddable":true,"href":"http:\/\/nawi.naturundbildung.at\/wp\/index.php?rest_route=\/wp\/v2\/pages\/2527"}],"wp:attachment":[{"href":"http:\/\/nawi.naturundbildung.at\/wp\/index.php?rest_route=%2Fwp%2Fv2%2Fmedia&parent=2609"}],"curies":[{"name":"wp","href":"https:\/\/api.w.org\/{rel}","templated":true}]}}