{"id":2698,"date":"2015-02-07T13:58:16","date_gmt":"2015-02-07T13:58:16","guid":{"rendered":"http:\/\/nawi.naturundbildung.at\/wp\/?page_id=2698"},"modified":"2015-02-07T14:41:24","modified_gmt":"2015-02-07T14:41:24","slug":"2698-2","status":"publish","type":"page","link":"http:\/\/nawi.naturundbildung.at\/wp\/?page_id=2698","title":{"rendered":"Hans Hass"},"content":{"rendered":"[ls_accordion][ls_accordion_section title=&#8220;WER WAR HANS HASS?&#8220;]Hans Hass war ein \u00f6sterreichischer Zoologe und Meeresforscher.<br \/>\nEr wurde am 23.1.1919 in Wien geboren und starb am 16.6.2013 in Wien.[\/ls_accordion_section][ls_accordion_section title=&#8220;AM WEG ZU EINEN GROSSEN WISSENSCHAFTLER&#8220;]Auf seiner Maturareise 1937 lernte er den Begr\u00fcnder der Unterwasserjagd, einen Amerikaner, kennen. Gemeinsam machten sie Jagdausfl\u00fcge mit der Harpune. Das weckte Hans Hass Interesse und beeinflusste sein Leben. Statt Jus begann er nun Biologie zu studieren und machte schon bald eine eigene Expedition an die dalmatinische K\u00fcste. Eigentlich wollte er die Tiere nicht jagen, sondern fotografieren. So ging er zu einem Schlosser und bat ihn nach seinen Pl\u00e4nen ein wasserdichtes Geh\u00e4use f\u00fcr seine Kamera zu bauen. Mit dieser schoss er seine ersten Unterwasserbilder.<br \/>\nW\u00e4hrend seiner ersten Expedition in die Karibik begann der 2. Weltkrieg. (Aufgrund einer Gef\u00e4\u00dfkrankheit musste er nicht in den Krieg.) Hier hatte er als Erster freitauchend tropische Korallenriffe erkundet, tausende Unterwasserfotos und erste Unterwasserfilmaufnahmen gemacht. Diese Einblicke in die Unterwasserwelt, in ein damals v\u00f6llig unbekanntes Universum, sorgten f\u00fcr weltweite Schlagzeilen.<br \/>\n[\/ls_accordion_section][ls_accordion_section title=&#8220;WEITERER LEBENSLAUF&#8220;]Mit dem Geld aus zahlreichen Vortr\u00e4gen \u00fcber seine Expeditionen und den Verkauf seiner Bilder entwickelte Hans Haas erste tragbare Schwimmtauchger\u00e4te.<br \/>\n1941 zog er nach Berlin, setzte dort sein Studium fort und gr\u00fcndete ein Unterwasserforschungsorganisationsb\u00fcro.<br \/>\n1942 unternahm er eine \u00c4g\u00e4is-Expedition. Er kaufte einen Zweimastschoner und baute ihn zur Forschungsstation um.<br \/>\nSein Film \u201eMenschen unter Haien\u201c wurde 1947 in Z\u00fcrich zum ersten Mal aufgef\u00fchrt. Bald danach folgte sein ber\u00fchmtestes Buch \u201eMenschen und Haie\u201c.<br \/>\nEr entwickelte die Hans-Hass-Flosse und ein Unterwasser-Kamera-Geh\u00e4use. Er erfand ein Ger\u00e4t zur Anlockung von Haien.<br \/>\nNach seiner ersten Ehe heiratete er 1950 seine Sekret\u00e4rin Lotte Baierl. Sie erlernte das Tauchen und wich nicht mehr von seiner Seite. Die beiden kauften sich einen Dreimastschoner. Sechs Jahre reisten sie mit diesem Schiff zwischen Rotem Meer und den Galapagos Inseln. Sie dokumentierten die Reisen und pr\u00e4sentierten sie in TV- und Kinofilmen.<br \/>\n1960 verkaufte Hans Hass das gro\u00dfe Schiff, da es zu teuer wurde. Er wandte sich der Forschung zu. Seine \u201eEnergontheorie\u201c ist wissenschaftlich umstritten.<br \/>\n1970 kehrte Hans Hass ins Wasser zur\u00fcck.<br \/>\nSein Lebenswerk sind seine spektakul\u00e4ren Aufnahmen und zahlreichen wissenschaftliche Erkenntnisse. Er ver\u00f6ffentlichte hunderte wissenschaftliche Texte zum Thema Unterwasserbiologie, 31 B\u00fccher, 24 Fernsehfilme und 6 Kinofilme.<br \/>\n2013 schenkte er dem Naturhistorischen Museum seinen Nachlass. Seit 2005 gibt es dort einen Hai-Saal der nach ihm benannt ist. Dort befindet sich eine Vitrine die sich mit seinem Leben besch\u00e4ftigt.<br \/>\n[\/ls_accordion_section][\/ls_accordion]\n<p>Mehlf\u00fchrer Lina und Schmidt Mia, 1HMB, HLMW9, 2014<\/p>\n<p>Hier Ausschnitt\u00a0einer Biografie \u00fcber Hans Hass (auf Youtube) von \u00a9 POLAR Film + Medien GmbH; Schnitt: Sascha N\u00f6lke; 2012<\/p>\n<p><iframe loading=\"lazy\" src=\"https:\/\/www.youtube.com\/embed\/NP2jWRrsjo4\" width=\"420\" height=\"315\" frameborder=\"0\" allowfullscreen=\"allowfullscreen\"><\/iframe><\/p>\n<p>Bild in order<\/p>\n<div id=\"watu_quiz\" class=\"quiz-area \">\n<form action=\"\" method=\"post\" class=\"quiz-form \" id=\"quiz-33\" >\n<div class='watu-question' id='question-1'><div class='question-content'><p>Wer war Hans Hass?<\/p>\n<\/div><input type='hidden' name='question_id[]' value='218' \/><div class='watu-questions-wrap '><input type='hidden' name='answer_ids[]' class='watu-answer-ids' value='1044' \/><div class='watu-question-choice'><input type='radio' name='answer-218[]' id='answer-id-1044' class='answer answer-1  answerof-218' value='1044' \/>&nbsp;<label for='answer-id-1044' id='answer-label-1044' class=' answer label-1'><span class='answer'>ein \u00f6sterreichischer Zoologe und Meeresforscher<\/span><\/label><\/div>\n<input type='hidden' name='answer_ids[]' class='watu-answer-ids' value='1045' \/><div class='watu-question-choice'><input type='radio' name='answer-218[]' id='answer-id-1045' class='answer answer-1  answerof-218' value='1045' \/>&nbsp;<label for='answer-id-1045' id='answer-label-1045' class=' answer label-1'><span class='answer'>ein \u00f6sterreichischer Verhaltensforscher<\/span><\/label><\/div>\n<input type='hidden' name='answer_ids[]' class='watu-answer-ids' value='1046' \/><div class='watu-question-choice'><input type='radio' name='answer-218[]' id='answer-id-1046' class='answer answer-1  answerof-218' value='1046' \/>&nbsp;<label for='answer-id-1046' id='answer-label-1046' class=' answer label-1'><span class='answer'>ein deutscher Virologe<\/span><\/label><\/div>\n<input type='hidden' name='answer_ids[]' class='watu-answer-ids' value='1047' \/><div class='watu-question-choice'><input type='radio' name='answer-218[]' id='answer-id-1047' class='answer answer-1  answerof-218' value='1047' \/>&nbsp;<label for='answer-id-1047' id='answer-label-1047' class=' answer label-1'><span class='answer'>ein US amerikanischer \u00d6kologe<\/span><\/label><\/div>\n<\/div><input type='hidden' id='questionType1' value='radio' class=''><\/div><div class='watu-question' id='question-2'><div class='question-content'><p>Wann wurde Hans Hass geboren<\/p>\n<\/div><input type='hidden' name='question_id[]' value='219' \/><div class='watu-questions-wrap '><input type='hidden' name='answer_ids[]' class='watu-answer-ids' value='1048' \/><div class='watu-question-choice'><input type='radio' name='answer-219[]' id='answer-id-1048' class='answer answer-2  answerof-219' value='1048' \/>&nbsp;<label for='answer-id-1048' id='answer-label-1048' class=' answer label-2'><span class='answer'>1919<\/span><\/label><\/div>\n<input type='hidden' name='answer_ids[]' class='watu-answer-ids' value='1049' \/><div class='watu-question-choice'><input type='radio' name='answer-219[]' id='answer-id-1049' class='answer answer-2  answerof-219' value='1049' \/>&nbsp;<label for='answer-id-1049' id='answer-label-1049' class=' answer label-2'><span class='answer'>1929<\/span><\/label><\/div>\n<input type='hidden' name='answer_ids[]' class='watu-answer-ids' value='1050' \/><div class='watu-question-choice'><input type='radio' name='answer-219[]' id='answer-id-1050' class='answer answer-2  answerof-219' value='1050' \/>&nbsp;<label for='answer-id-1050' id='answer-label-1050' class=' answer label-2'><span class='answer'>1899<\/span><\/label><\/div>\n<input type='hidden' name='answer_ids[]' class='watu-answer-ids' value='1051' \/><div class='watu-question-choice'><input type='radio' name='answer-219[]' id='answer-id-1051' class='answer answer-2  answerof-219' value='1051' \/>&nbsp;<label for='answer-id-1051' id='answer-label-1051' class=' answer label-2'><span class='answer'>1939<\/span><\/label><\/div>\n<\/div><input type='hidden' id='questionType2' value='radio' class=''><\/div><div class='watu-question' id='question-3'><div class='question-content'><p>Wohin f\u00fchrte Hans Hass seine erste eigene Expedition?<\/p>\n<\/div><input type='hidden' name='question_id[]' value='220' \/><div class='watu-questions-wrap '><input type='hidden' name='answer_ids[]' class='watu-answer-ids' value='1086' \/><div class='watu-question-choice'><input type='radio' name='answer-220[]' id='answer-id-1086' class='answer answer-3  answerof-220' value='1086' \/>&nbsp;<label for='answer-id-1086' id='answer-label-1086' class=' answer label-3'><span class='answer'>an die dalmatinische K\u00fcste<\/span><\/label><\/div>\n<input type='hidden' name='answer_ids[]' class='watu-answer-ids' value='1087' \/><div class='watu-question-choice'><input type='radio' name='answer-220[]' id='answer-id-1087' class='answer answer-3  answerof-220' value='1087' \/>&nbsp;<label for='answer-id-1087' id='answer-label-1087' class=' answer label-3'><span class='answer'>in die Karibik<\/span><\/label><\/div>\n<input type='hidden' name='answer_ids[]' class='watu-answer-ids' value='1088' \/><div class='watu-question-choice'><input type='radio' name='answer-220[]' id='answer-id-1088' class='answer answer-3  answerof-220' value='1088' \/>&nbsp;<label for='answer-id-1088' id='answer-label-1088' class=' answer label-3'><span class='answer'>ans Great Barrier Reef<\/span><\/label><\/div>\n<input type='hidden' name='answer_ids[]' class='watu-answer-ids' value='1089' \/><div class='watu-question-choice'><input type='radio' name='answer-220[]' id='answer-id-1089' class='answer answer-3  answerof-220' value='1089' \/>&nbsp;<label for='answer-id-1089' id='answer-label-1089' class=' answer label-3'><span class='answer'>an den Traunsee im Salzkammergut<\/span><\/label><\/div>\n<\/div><input type='hidden' id='questionType3' value='radio' class=''><\/div><div class='watu-question' id='question-4'><div class='question-content'><p>Wie kam Hans Hass zu seiner ersten Unterwasserkamera<\/p>\n<\/div><input type='hidden' name='question_id[]' value='221' \/><div class='watu-questions-wrap '><input type='hidden' name='answer_ids[]' class='watu-answer-ids' value='1056' \/><div class='watu-question-choice'><input type='radio' name='answer-221[]' id='answer-id-1056' class='answer answer-4  answerof-221' value='1056' \/>&nbsp;<label for='answer-id-1056' id='answer-label-1056' class=' answer label-4'><span class='answer'>er gewann sie bei einem Gewinnspiel<\/span><\/label><\/div>\n<input type='hidden' name='answer_ids[]' class='watu-answer-ids' value='1057' \/><div class='watu-question-choice'><input type='radio' name='answer-221[]' id='answer-id-1057' class='answer answer-4  answerof-221' value='1057' \/>&nbsp;<label for='answer-id-1057' id='answer-label-1057' class=' answer label-4'><span class='answer'>er schwei\u00dfte ein wasserdichtes Geh\u00e4use f\u00fcr eine Kamera im Keller seines Vaters zusammen<\/span><\/label><\/div>\n<input type='hidden' name='answer_ids[]' class='watu-answer-ids' value='1058' \/><div class='watu-question-choice'><input type='radio' name='answer-221[]' id='answer-id-1058' class='answer answer-4  answerof-221' value='1058' \/>&nbsp;<label for='answer-id-1058' id='answer-label-1058' class=' answer label-4'><span class='answer'>er bat einen Schlosser nach seinen Pl\u00e4nen ein wasserdichtes Geh\u00e4use f\u00fcr seine Kamera zu bauen.<\/span><\/label><\/div>\n<input type='hidden' name='answer_ids[]' class='watu-answer-ids' value='1059' \/><div class='watu-question-choice'><input type='radio' name='answer-221[]' id='answer-id-1059' class='answer answer-4  answerof-221' value='1059' \/>&nbsp;<label for='answer-id-1059' id='answer-label-1059' class=' answer label-4'><span class='answer'>er leih sie von einem Freund<\/span><\/label><\/div>\n<\/div><input type='hidden' id='questionType4' value='radio' class=''><\/div><div class='watu-question' id='question-5'><div class='question-content'><p>Was geschah w\u00e4hrend seiner ersten Expedition in die Karibik?<\/p>\n<\/div><input type='hidden' name='question_id[]' value='222' \/><div class='watu-questions-wrap '><input type='hidden' name='answer_ids[]' class='watu-answer-ids' value='1060' \/><div class='watu-question-choice'><input type='radio' name='answer-222[]' id='answer-id-1060' class='answer answer-5  answerof-222' value='1060' \/>&nbsp;<label for='answer-id-1060' id='answer-label-1060' class=' answer label-5'><span class='answer'>der 2. Weltkrieg begann<\/span><\/label><\/div>\n<input type='hidden' name='answer_ids[]' class='watu-answer-ids' value='1061' \/><div class='watu-question-choice'><input type='radio' name='answer-222[]' id='answer-id-1061' class='answer answer-5  answerof-222' value='1061' \/>&nbsp;<label for='answer-id-1061' id='answer-label-1061' class=' answer label-5'><span class='answer'>seine erste Tochter kam zur Welt<\/span><\/label><\/div>\n<input type='hidden' name='answer_ids[]' class='watu-answer-ids' value='1062' \/><div class='watu-question-choice'><input type='radio' name='answer-222[]' id='answer-id-1062' class='answer answer-5  answerof-222' value='1062' \/>&nbsp;<label for='answer-id-1062' id='answer-label-1062' class=' answer label-5'><span class='answer'>sein Patent wurde gewinnbringend vermarktet<\/span><\/label><\/div>\n<input type='hidden' name='answer_ids[]' class='watu-answer-ids' value='1063' \/><div class='watu-question-choice'><input type='radio' name='answer-222[]' id='answer-id-1063' class='answer answer-5  answerof-222' value='1063' \/>&nbsp;<label for='answer-id-1063' id='answer-label-1063' class=' answer label-5'><span class='answer'>der 1. Weltkrieg endete<\/span><\/label><\/div>\n<\/div><input type='hidden' id='questionType5' value='radio' class=''><\/div><div class='watu-question' id='question-6'><div class='question-content'><p>Wann unternahm Hass seine \u00c4g\u00e4is Expedition?<\/p>\n<\/div><input type='hidden' name='question_id[]' value='223' \/><div class='watu-questions-wrap '><input type='hidden' name='answer_ids[]' class='watu-answer-ids' value='1064' \/><div class='watu-question-choice'><input type='radio' name='answer-223[]' id='answer-id-1064' class='answer answer-6  answerof-223' value='1064' \/>&nbsp;<label for='answer-id-1064' id='answer-label-1064' class=' answer label-6'><span class='answer'>1942<\/span><\/label><\/div>\n<input type='hidden' name='answer_ids[]' class='watu-answer-ids' value='1065' \/><div class='watu-question-choice'><input type='radio' name='answer-223[]' id='answer-id-1065' class='answer answer-6  answerof-223' value='1065' \/>&nbsp;<label for='answer-id-1065' id='answer-label-1065' class=' answer label-6'><span class='answer'>1932<\/span><\/label><\/div>\n<input type='hidden' name='answer_ids[]' class='watu-answer-ids' value='1066' \/><div class='watu-question-choice'><input type='radio' name='answer-223[]' id='answer-id-1066' class='answer answer-6  answerof-223' value='1066' \/>&nbsp;<label for='answer-id-1066' id='answer-label-1066' class=' answer label-6'><span class='answer'>1946<\/span><\/label><\/div>\n<input type='hidden' name='answer_ids[]' class='watu-answer-ids' value='1067' \/><div class='watu-question-choice'><input type='radio' name='answer-223[]' id='answer-id-1067' class='answer answer-6  answerof-223' value='1067' \/>&nbsp;<label for='answer-id-1067' id='answer-label-1067' class=' answer label-6'><span class='answer'>1950<\/span><\/label><\/div>\n<\/div><input type='hidden' id='questionType6' value='radio' class=''><\/div><div class='watu-question' id='question-7'><div class='question-content'><p>Was entwickelte Hans Hass?<\/p>\n<\/div><input type='hidden' name='question_id[]' value='224' \/><div class='watu-questions-wrap '><input type='hidden' name='answer_ids[]' class='watu-answer-ids' value='1068' \/><div class='watu-question-choice'><input type='checkbox' name='answer-224[]' id='answer-id-1068' class='answer answer-7  answerof-224' value='1068' \/>&nbsp;<label for='answer-id-1068' id='answer-label-1068' class=' answer label-7'><span class='answer'>erste tragbare Schwimmtauchger\u00e4te<\/span><\/label><\/div>\n<input type='hidden' name='answer_ids[]' class='watu-answer-ids' value='1069' \/><div class='watu-question-choice'><input type='checkbox' name='answer-224[]' id='answer-id-1069' class='answer answer-7  answerof-224' value='1069' \/>&nbsp;<label for='answer-id-1069' id='answer-label-1069' class=' answer label-7'><span class='answer'>ein wasserdichtes Geh\u00e4use f\u00fcr Kameras<\/span><\/label><\/div>\n<input type='hidden' name='answer_ids[]' class='watu-answer-ids' value='1070' \/><div class='watu-question-choice'><input type='checkbox' name='answer-224[]' id='answer-id-1070' class='answer answer-7  answerof-224' value='1070' \/>&nbsp;<label for='answer-id-1070' id='answer-label-1070' class=' answer label-7'><span class='answer'>ein Ger\u00e4t zur Anlockung von Haien<\/span><\/label><\/div>\n<input type='hidden' name='answer_ids[]' class='watu-answer-ids' value='1071' \/><div class='watu-question-choice'><input type='checkbox' name='answer-224[]' id='answer-id-1071' class='answer answer-7  answerof-224' value='1071' \/>&nbsp;<label for='answer-id-1071' id='answer-label-1071' class=' answer label-7'><span class='answer'>den ersten brauchbaren Tauchanzug<\/span><\/label><\/div>\n<\/div><input type='hidden' id='questionType7' value='checkbox' class=''><\/div><div class='watu-question' id='question-8'><div class='question-content'><p>Woraus besteht der Nachlass von Hans Hass?<\/p>\n<\/div><input type='hidden' name='question_id[]' value='225' \/><div class='watu-questions-wrap '><input type='hidden' name='answer_ids[]' class='watu-answer-ids' value='1072' \/><div class='watu-question-choice'><input type='checkbox' name='answer-225[]' id='answer-id-1072' class='answer answer-8  answerof-225' value='1072' \/>&nbsp;<label for='answer-id-1072' id='answer-label-1072' class=' answer label-8'><span class='answer'>spektakul\u00e4re Aufnahmen der Unterwasserwelt<\/span><\/label><\/div>\n<input type='hidden' name='answer_ids[]' class='watu-answer-ids' value='1073' \/><div class='watu-question-choice'><input type='checkbox' name='answer-225[]' id='answer-id-1073' class='answer answer-8  answerof-225' value='1073' \/>&nbsp;<label for='answer-id-1073' id='answer-label-1073' class=' answer label-8'><span class='answer'>zahlreiche wissenschaftliche Erkenntnisse in der Meeresbiologie<\/span><\/label><\/div>\n<input type='hidden' name='answer_ids[]' class='watu-answer-ids' value='1074' \/><div class='watu-question-choice'><input type='checkbox' name='answer-225[]' id='answer-id-1074' class='answer answer-8  answerof-225' value='1074' \/>&nbsp;<label for='answer-id-1074' id='answer-label-1074' class=' answer label-8'><span class='answer'> hunderte wissenschaftliche Texte zum Thema Unterwasserbiologie<\/span><\/label><\/div>\n<input type='hidden' name='answer_ids[]' class='watu-answer-ids' value='1075' \/><div class='watu-question-choice'><input type='checkbox' name='answer-225[]' id='answer-id-1075' class='answer answer-8  answerof-225' value='1075' \/>&nbsp;<label for='answer-id-1075' id='answer-label-1075' class=' answer label-8'><span class='answer'>24 Fernsehfilme und 6 Kinofilme<\/span><\/label><\/div>\n<input type='hidden' name='answer_ids[]' class='watu-answer-ids' value='1076' \/><div class='watu-question-choice'><input type='checkbox' name='answer-225[]' id='answer-id-1076' class='answer answer-8  answerof-225' value='1076' \/>&nbsp;<label for='answer-id-1076' id='answer-label-1076' class=' answer label-8'><span class='answer'>etliche Erfindungen und technische Neuerungen f\u00fcr Taucher\/innen<\/span><\/label><\/div>\n<input type='hidden' name='answer_ids[]' class='watu-answer-ids' value='1077' \/><div class='watu-question-choice'><input type='checkbox' name='answer-225[]' id='answer-id-1077' class='answer answer-8  answerof-225' value='1077' \/>&nbsp;<label for='answer-id-1077' id='answer-label-1077' class=' answer label-8'><span class='answer'>die Tauchflasche<\/span><\/label><\/div>\n<\/div><input type='hidden' id='questionType8' value='checkbox' class=''><\/div><div class='watu-question' id='question-9'><div class='question-content'><p>Wann starb Hans Hass?<\/p>\n<\/div><input type='hidden' name='question_id[]' value='226' \/><div class='watu-questions-wrap '><input type='hidden' name='answer_ids[]' class='watu-answer-ids' value='1078' \/><div class='watu-question-choice'><input type='radio' name='answer-226[]' id='answer-id-1078' class='answer answer-9  answerof-226' value='1078' \/>&nbsp;<label for='answer-id-1078' id='answer-label-1078' class=' answer label-9'><span class='answer'>2013<\/span><\/label><\/div>\n<input type='hidden' name='answer_ids[]' class='watu-answer-ids' value='1079' \/><div class='watu-question-choice'><input type='radio' name='answer-226[]' id='answer-id-1079' class='answer answer-9  answerof-226' value='1079' \/>&nbsp;<label for='answer-id-1079' id='answer-label-1079' class=' answer label-9'><span class='answer'>2003<\/span><\/label><\/div>\n<input type='hidden' name='answer_ids[]' class='watu-answer-ids' value='1080' \/><div class='watu-question-choice'><input type='radio' name='answer-226[]' id='answer-id-1080' class='answer answer-9  answerof-226' value='1080' \/>&nbsp;<label for='answer-id-1080' id='answer-label-1080' class=' answer label-9'><span class='answer'>2010<\/span><\/label><\/div>\n<input type='hidden' name='answer_ids[]' class='watu-answer-ids' value='1081' \/><div class='watu-question-choice'><input type='radio' name='answer-226[]' id='answer-id-1081' class='answer answer-9  answerof-226' value='1081' \/>&nbsp;<label for='answer-id-1081' id='answer-label-1081' class=' answer label-9'><span class='answer'>1993<\/span><\/label><\/div>\n<\/div><input type='hidden' id='questionType9' value='radio' class=''><\/div><div class='watu-question' id='question-10'><div class='question-content'><p>Wem schenkte Hans Hass seinen Nachlass?<\/p>\n<\/div><input type='hidden' name='question_id[]' value='227' \/><div class='watu-questions-wrap '><input type='hidden' name='answer_ids[]' class='watu-answer-ids' value='1082' \/><div class='watu-question-choice'><input type='radio' name='answer-227[]' id='answer-id-1082' class='answer answer-10  answerof-227' value='1082' \/>&nbsp;<label for='answer-id-1082' id='answer-label-1082' class=' answer label-10'><span class='answer'>dem Institut f\u00fcr Meeresbiologie der Uni Wien<\/span><\/label><\/div>\n<input type='hidden' name='answer_ids[]' class='watu-answer-ids' value='1083' \/><div class='watu-question-choice'><input type='radio' name='answer-227[]' id='answer-id-1083' class='answer answer-10  answerof-227' value='1083' \/>&nbsp;<label for='answer-id-1083' id='answer-label-1083' class=' answer label-10'><span class='answer'>dem Naturhistorischen Museum Wien<\/span><\/label><\/div>\n<input type='hidden' name='answer_ids[]' class='watu-answer-ids' value='1084' \/><div class='watu-question-choice'><input type='radio' name='answer-227[]' id='answer-id-1084' class='answer answer-10  answerof-227' value='1084' \/>&nbsp;<label for='answer-id-1084' id='answer-label-1084' class=' answer label-10'><span class='answer'>dem Haus der Natur in Salzburg<\/span><\/label><\/div>\n<input type='hidden' name='answer_ids[]' class='watu-answer-ids' value='1085' \/><div class='watu-question-choice'><input type='radio' name='answer-227[]' id='answer-id-1085' class='answer answer-10  answerof-227' value='1085' \/>&nbsp;<label for='answer-id-1085' id='answer-label-1085' class=' answer label-10'><span class='answer'>dem Haus des Meeres  in Wien<\/span><\/label><\/div>\n<\/div><input type='hidden' id='questionType10' value='radio' class=''><\/div><div style='display:none' id='question-11'><br \/><div class='question-content'><img src=\"http:\/\/nawi.naturundbildung.at\/wp\/wp-content\/plugins\/watu\/loading.gif\" width=\"16\" height=\"16\" alt=\"Loading ...\" title=\"Loading ...\" \/>&nbsp;Loading &#8230;<\/div><\/div><br \/>\n\t<p>Question <span id='numQ'>1<\/span> of 10<\/p>\n\t\t<input type=\"button\" id=\"next-question\" value=\"Next &gt;\"  \/>\n<input type=\"button\" name=\"action\" onclick=\"Watu.submitResult()\" id=\"action-button\" value=\"Submit\"  class=\"watu-submit-button\" \/>\n<input type=\"hidden\" name=\"no_ajax\" value=\"0\"><input type=\"hidden\" name=\"quiz_id\" value=\"33\" \/>\n<input type=\"hidden\" id=\"watuStartTime\" name=\"start_time\" value=\"2026-05-02 16:35:17\" \/>\n<\/form>\n<\/div>\n<div id=\"watu-loading-result\" style=\"display:none;\">\n\t<p align=\"center\"><img src=\"http:\/\/nawi.naturundbildung.at\/wp\/wp-content\/plugins\/watu\/loading.gif\" width=\"16\" height=\"16\" alt=\"Loading\" title=\"Loading\" \/><\/p>\n<\/div>\t\n<script type=\"text\/javascript\">\nvar exam_id=0;\nvar question_ids='';\nvar watuURL='';\njQuery(function($){\nquestion_ids = \"218,219,220,221,222,223,224,225,226,227\";\nexam_id = 33;\nWatu.exam_id = exam_id;\nWatu.qArr = question_ids.split(',');\nWatu.post_id = 2698;\nWatu.singlePage = '0';\nWatu.hAppID = \"0.82275400 1777739717\";\nwatuURL = \"http:\/\/nawi.naturundbildung.at\/wp\/wp-admin\/admin-ajax.php\";\nWatu.noAlertUnanswered = 0;\n});\n<\/script>\n","protected":false},"excerpt":{"rendered":"<p>[ls_accordion][ls_accordion_section title=&#8220;WER WAR HANS HASS?&#8220;]Hans Hass war ein \u00f6sterreichischer Zoologe und Meeresforscher. Er wurde am 23.1.1919 in Wien geboren und starb am 16.6.2013 in Wien.[\/ls_accordion_section][ls_accordion_section title=&#8220;AM WEG ZU EINEN GROSSEN WISSENSCHAFTLER&#8220;]Auf seiner Maturareise 1937 lernte er den Begr\u00fcnder der Unterwasserjagd, einen Amerikaner, kennen. Gemeinsam machten sie Jagdausfl\u00fcge mit der Harpune.<\/p>\n","protected":false},"author":1,"featured_media":0,"parent":49,"menu_order":0,"comment_status":"open","ping_status":"open","template":"","meta":{"ngg_post_thumbnail":0},"aioseo_notices":[],"_links":{"self":[{"href":"http:\/\/nawi.naturundbildung.at\/wp\/index.php?rest_route=\/wp\/v2\/pages\/2698"}],"collection":[{"href":"http:\/\/nawi.naturundbildung.at\/wp\/index.php?rest_route=\/wp\/v2\/pages"}],"about":[{"href":"http:\/\/nawi.naturundbildung.at\/wp\/index.php?rest_route=\/wp\/v2\/types\/page"}],"author":[{"embeddable":true,"href":"http:\/\/nawi.naturundbildung.at\/wp\/index.php?rest_route=\/wp\/v2\/users\/1"}],"replies":[{"embeddable":true,"href":"http:\/\/nawi.naturundbildung.at\/wp\/index.php?rest_route=%2Fwp%2Fv2%2Fcomments&post=2698"}],"version-history":[{"count":9,"href":"http:\/\/nawi.naturundbildung.at\/wp\/index.php?rest_route=\/wp\/v2\/pages\/2698\/revisions"}],"predecessor-version":[{"id":2708,"href":"http:\/\/nawi.naturundbildung.at\/wp\/index.php?rest_route=\/wp\/v2\/pages\/2698\/revisions\/2708"}],"up":[{"embeddable":true,"href":"http:\/\/nawi.naturundbildung.at\/wp\/index.php?rest_route=\/wp\/v2\/pages\/49"}],"wp:attachment":[{"href":"http:\/\/nawi.naturundbildung.at\/wp\/index.php?rest_route=%2Fwp%2Fv2%2Fmedia&parent=2698"}],"curies":[{"name":"wp","href":"https:\/\/api.w.org\/{rel}","templated":true}]}}