{"id":2740,"date":"2015-03-11T20:00:31","date_gmt":"2015-03-11T20:00:31","guid":{"rendered":"http:\/\/nawi.naturundbildung.at\/wp\/?page_id=2740"},"modified":"2015-03-19T20:39:24","modified_gmt":"2015-03-19T20:39:24","slug":"hiv-2","status":"publish","type":"page","link":"http:\/\/nawi.naturundbildung.at\/wp\/?page_id=2740","title":{"rendered":"HIV"},"content":{"rendered":"<p><strong>HIV<\/strong> (englische Bezeichnung) = Human Immunodeficiency Virus = menschliches Immunschw\u00e4che-Virus (deutsche \u00dcbersetzung)<\/p>\n<p><strong>HIV <\/strong>= Name des Erregers einer Infektion\u00a0-&gt; Schw\u00e4chung der Immunabwehr -&gt;\u00a0Erkrankung<\/p>\n<p>Diese Erkrankung nennt sich <strong>AIDS <\/strong> (= Aquired Immune Deficiency Syndrome, deutsche \u00dcbersetzung = erworbenes Immunschw\u00e4chesyndrom )<\/p>\n<p><strong>\u00dcbertragung des virus!<\/strong><\/p>\n<p>Im allt\u00e4glichen Leben ist es nicht m\u00f6glich sich \u00fcber soziale Kontakte (Husten, Niesen, Umarmungen, K\u00fcssen, Sauna, Schwimmbad, Gemeinschaftsleben,..) mit dem Virus anzustecken.<\/p>\n<ul>\n<li><strong>HIV wird \u00fcbertragen durch<\/strong> : &#8211;<\/li>\n<li>K\u00f6rperfl\u00fcssigkeiten (Sperma, Scheidenfl\u00fcssigkeit, Menstruationsblut, Blut, Muttermilch<\/li>\n<li>Ungesch\u00fctzten Vaginal- und Analsex<\/li>\n<li>Oralsex<\/li>\n<li>gemeinsames benutzen von Spritzen (Drogens\u00fcchtige)<\/li>\n<li>-die Mutter, wenn sie w\u00e4hrend der Schwangerschaft keine\u00a0wirksame HIV-Therapie macht<\/li>\n<\/ul>\n<p><strong>Verlauf der HIV-Infektion !<\/strong><\/p>\n<p>Gelangt der Virus in den K\u00f6rper, l\u00f6st es eine Abwehrreaktion aus. Die dabei gebildeten Immunstoffe (Antik\u00f6rper) sind nicht in der Lage, den Virus zu eliminieren \u00e0 Nach der Ansteckung vermehren sich die Erreger explosionsartig.<\/p>\n<p>Die sogenannte <strong>HIV-Krankheit <\/strong>macht sich erst nach ein paar Tagen bis Wochen bemerkbar.<\/p>\n<p>H\u00e4ufigsten Symptome: Fieber, Kopf- und Gelenkschmerzen, Schwellungen der Lymphknoten, M\u00fcdigkeit, Abgeschlagenheit, allgemeines Krankheitsgef\u00fchl, Appetitverlust, Entz\u00fcndungen im Mund- und Rachenbereich, Durchfall und Hautausschlag (fl\u00fcchtig).<\/p>\n<p>Jedoch verschwinden diese Beschwerden nach zwei, drei Wochen wieder.<\/p>\n<p><strong>Wie viele Menschen von \u00d6sterreich sind davon betroffen?<\/strong><\/p>\n<p>Die Sch\u00f6tzungen , wie viele\u00d6sterreicher und \u00d6sterreicherinnen <strong>HIV<\/strong> haben liegen zwischen 6000 \u2013 15.000<\/p>\n<p>Jedoch berichtete ein Mann aus der Aids-Hilfe Wien dass die Zahl leider sehr gestiegen sei.<\/p>\n<p>Quellen: netdoktor.at<\/p>\n<p>machsmit.de<\/p>\n<p>kurier,at<\/p>\n<p>Bericht: Katja Ringl und Sophie \u00d6hler, 1HTB, HLTW21, 2015<\/p>\n<p>Hier noch ein Video von Danai Vassilakopoulos, 1HTA, HLMW9, 2015<\/p>\n<p><iframe loading=\"lazy\" width=\"650\" height=\"366\" src=\"https:\/\/www.youtube.com\/embed\/qqib5MnVbgA?feature=oembed\" frameborder=\"0\" allowfullscreen><\/iframe><\/p>\n","protected":false},"excerpt":{"rendered":"<p>HIV (englische Bezeichnung) = Human Immunodeficiency Virus = menschliches Immunschw\u00e4che-Virus (deutsche \u00dcbersetzung) HIV = Name des Erregers einer Infektion\u00a0-&gt; Schw\u00e4chung der Immunabwehr -&gt;\u00a0Erkrankung Diese Erkrankung nennt sich AIDS (= Aquired Immune Deficiency Syndrome, deutsche \u00dcbersetzung = erworbenes Immunschw\u00e4chesyndrom ) \u00dcbertragung des virus! Im allt\u00e4glichen Leben ist es nicht m\u00f6glich sich<\/p>\n","protected":false},"author":1,"featured_media":0,"parent":650,"menu_order":0,"comment_status":"open","ping_status":"open","template":"","meta":{"ngg_post_thumbnail":0},"aioseo_notices":[],"_links":{"self":[{"href":"http:\/\/nawi.naturundbildung.at\/wp\/index.php?rest_route=\/wp\/v2\/pages\/2740"}],"collection":[{"href":"http:\/\/nawi.naturundbildung.at\/wp\/index.php?rest_route=\/wp\/v2\/pages"}],"about":[{"href":"http:\/\/nawi.naturundbildung.at\/wp\/index.php?rest_route=\/wp\/v2\/types\/page"}],"author":[{"embeddable":true,"href":"http:\/\/nawi.naturundbildung.at\/wp\/index.php?rest_route=\/wp\/v2\/users\/1"}],"replies":[{"embeddable":true,"href":"http:\/\/nawi.naturundbildung.at\/wp\/index.php?rest_route=%2Fwp%2Fv2%2Fcomments&post=2740"}],"version-history":[{"count":3,"href":"http:\/\/nawi.naturundbildung.at\/wp\/index.php?rest_route=\/wp\/v2\/pages\/2740\/revisions"}],"predecessor-version":[{"id":2780,"href":"http:\/\/nawi.naturundbildung.at\/wp\/index.php?rest_route=\/wp\/v2\/pages\/2740\/revisions\/2780"}],"up":[{"embeddable":true,"href":"http:\/\/nawi.naturundbildung.at\/wp\/index.php?rest_route=\/wp\/v2\/pages\/650"}],"wp:attachment":[{"href":"http:\/\/nawi.naturundbildung.at\/wp\/index.php?rest_route=%2Fwp%2Fv2%2Fmedia&parent=2740"}],"curies":[{"name":"wp","href":"https:\/\/api.w.org\/{rel}","templated":true}]}}