{"id":2760,"date":"2015-03-18T21:02:50","date_gmt":"2015-03-18T21:02:50","guid":{"rendered":"http:\/\/nawi.naturundbildung.at\/wp\/?page_id=2760"},"modified":"2015-03-18T21:14:34","modified_gmt":"2015-03-18T21:14:34","slug":"reise-erkrankungen","status":"publish","type":"page","link":"http:\/\/nawi.naturundbildung.at\/wp\/?page_id=2760","title":{"rendered":"Reise-Erkrankungen"},"content":{"rendered":"<p>Als Reisekrankheit bezeichnet man k\u00f6rperliche Reaktion wie Bl\u00e4sse, Schwindel, Kopfschmerzen, \u00dcbelkeit und Erbrechen die durch ungewohnte Verkehrsmittel oder in einem hohen Geb\u00e4ude ohne ausreichend Schwingungstilgung ausgel\u00f6st werden k\u00f6nnen. Diese Symptome treffen h\u00e4ufig bei Seeleuten, Reisebussen, Achterbahnen, Flugzeugen oder in Autos auf, verschwinden meistens jedoch sobald die Bewegung aufh\u00f6rt sp\u00e4testens nach ein paar Tagen auch ohne Behandlung.<\/p>\n<p><strong>Ursache<\/strong><br \/>\nDer K\u00f6rper muss permanent bewusste wie unbewusste Bewegungen machen, um seine genaue Lage im Raum einzusch\u00e4tzen, bekommt er Informationen von den verschiedenen Sinnesorganen. Das Gleichgewichtsorgan befindet sich im Innenohr. Unter anderem besteht es aus den so genannten Bogeng\u00e4ngen, die in drei Ebenen angeordnet sind und Bewegungen des Kopfes registrieren. Die Funktion des Gleichgewichtsorganes ist f\u00fcr die Fortbewegung zu Fu\u00df angelegt und bei Einwirken von starken Beschleunigungen k\u00f6nnen durch eine Art von Sinnest\u00e4uschung St\u00f6rungen dieses Systems auftreten. Das f\u00fchrt zu einer Reizung des vegetativen Nervensystems .Besonders wenn ungewohnte Reize eintreffen die auf das Gleichgewichtsorgan nicht \u00fcbereinstimmen, z. B. bei Aufenthalt im Inneren eines Schiffes, sind solche Reaktionen sehr h\u00e4ufig.<br \/>\n<strong>Vorbeugung<\/strong><\/p>\n<p>Im Auto hilft konkret der Blick hinaus auf die Stra\u00dfe oder einen festen Punkt am Horizont, wer anf\u00e4llig ist f\u00fcr Kinetose beim Auto-, Bahn- oder Busfahren sollte zudem weit m\u00f6glichst vorn sitzen, wo das Gef\u00e4hrt am wenigsten schwankt und die Bewegung am geringsten ausf\u00e4llt. Das Risiko, reisekrank zu werden ist zudem h\u00f6her auf Sitzpl\u00e4tzen entgegen der Fahrtrichtung.<br \/>\nUnter den Verschreibungspflichtigen Medikamenten hat Scopolamin die schnellste Ansprechrate und die beste Wirksamkeit. Neben Tabletten gibt es auch antihistaminhaltige Kaugummis.<br \/>\nIngwer hat eine antiemetische Wirkung, er wird von der rohen Wurzel gekaut oder als Pulver \/ Tablette eingenommen, da er das Auftreten von Erbrechen verhindert. Sollte aber von Menschen mit Magengeschw\u00fcren und Gallsteinleiden nicht verwendet werden.<br \/>\nEs gibt verschiedene Varianten der Reisekrankheit:<\/p>\n<p><strong>Seekrankheit:<\/strong><br \/>\nDie Seekrankheit zeigt sich meistens auf Schiffen und andere Wasserfahrzeuge. Das geschieht durch die Schiffsbewegungen.<\/p>\n<p><strong>Landkrankheit:<\/strong><br \/>\nDas geschieht wenn Menschen, nach eine Seereise, zur\u00fcck auf dem festen Erdboden sind und sie entwickeln Symptome. Vor allem betroffen sind die Seeleute, die lange auf einem Schiff verbracht haben.<\/p>\n<p><strong>Flugkrankheit:<\/strong><br \/>\nDie Flugkrankheit ist eher selten und das ist wenn einem Menschen, auf einer Flugreise \u00fcbel wird. Manchmal tritt sie gemeinsam mit der Flugangst auf.<br \/>\n<strong>Raumkrankheit:<\/strong><\/p>\n<p>Die Raumkrankheit betrifft Astronauten. Durch die fehlende Schwerkraft wird denen meistens im All \u00fcbel und schwindelig.<br \/>\nSymptome:<br \/>\nDie h\u00e4ufigsten Symptome:<br \/>\n1. Kopfschmerzen<br \/>\n2. Schwei\u00dfausbruch<br \/>\n3. \u00dcbelkeit und Erbrechen<br \/>\n4. Schwindel<br \/>\n5. Bl\u00e4sse<\/p>\n<p><strong>Behandlung:<\/strong><br \/>\n\u2022 H1 \u2013 Antihistaminika (Dimenhydrinat in Tabletten und Reisekaugummis)<br \/>\n\u2022 Reisetabletten: ca. 30 \u2013 60 Minuten bis die Tabletten wirken, deshalb rechtzeitig vor Reiseantritt einnehmen (ca. 30 Minuten davor)<br \/>\n\u2022 Reisekaugummis: zur Vorbeugung und Behandlung von \u00dcbelkeit oder Erbrechen<br \/>\n\u2022 Ingwer<\/p>\n<p><strong>Die h\u00e4ufigsten Reisekrankheiten<\/strong><br \/>\n1. Magen-Darm-Erkrankungen:<br \/>\nDie mit Abstand h\u00e4ufigste Urlaubserkrankung ist der sogenannte Reisedurchfall, medizinisch auch Diarrhoe genannt. Statistisch gesehen bekommen ca. 30% der Reisenden diese Erkrankung. F\u00fcr Kinder und S\u00e4uglinge kann diese Erkrankung schnell lebensgef\u00e4hrlich werden. Wichtig ist deswegen, immer gen\u00fcgend zu trinken, um ein Austrocknen des K\u00f6rpers zu verhindern. Wer einer Erkrankung vorbeugen m\u00f6chte, sollte auf das Trinken von Leitungswasser, Eisw\u00fcrfel und Milchprodukte verzichten.<\/p>\n<p>2. Schnupfen\/Erk\u00e4ltungen:<br \/>\nEine ebenfalls h\u00e4ufig auftretende Erkrankung auf Reisen ist die gew\u00f6hnliche Erk\u00e4ltung. Ursache sind meistens die ungewohnten Klimaverh\u00e4ltnisse oder Klimaanlagen und Ventilatoren in den Hotelzimmern. Besonders bei hohen Au\u00dfentemperaturen werden die Schlafr\u00e4ume gerne extrem abgek\u00fchlt.<\/p>\n<p>3. Lebensmittelvergiftung:<br \/>\nWird meistens durch Salmonellen oder andere Bakterien ausgel\u00f6st. Typische \u00dcbertr\u00e4ger dieser Bakterien sind nicht ausreichend gekochtes Gefl\u00fcgel und Fleisch, Eier und Leitungswasser sowie warmgehaltene Speisen. Auch bei Fisch ist Vorsicht geboten, wenn er nicht ganz frisch ist. Die klassischen Symptome sind Darmkr\u00e4mpfe, Durchfall, \u00dcbelkeit.<\/p>\n<p>4. Reisekrankheit:<br \/>\nDie Reise- oder auch Seekrankheit beginnt meistens mit M\u00fcdigkeit, h\u00e4ufigem G\u00e4hnen und Kopfschmerzen und endet oft mit \u00dcbelkeit und Erbrechen. Besonders h\u00e4ufig tritt sie auf Schiffsreisen auf. Aber auch im Bus, Auto oder Flugzeug werden viele Menschen reisekrank. Aufregung oder Angst \u2013 wie etwa vor dem Fliegen \u2013 verschlimmern die Symptome. Abhilfe kann schon die richtige Platzwahl schaffen: Im Auto oder Bus sollten Sie immer in Fahrtrichtung und m\u00f6glichst weit vorne sitzen. Auf einem Schiff ist der beste Platz an der frischen Luft mit Blick auf den Horizont. Im Flugzeug sp\u00fcrt man die wenigsten Schwankungen auf den Pl\u00e4tzen \u00fcber den Tragfl\u00e4chen.<\/p>\n<p><a href=\"http:\/\/nawi.naturundbildung.at\/wp\/wp-content\/uploads\/2015\/03\/Philippinen.jpg\"><img loading=\"lazy\" class=\"alignnone size-medium wp-image-2761\" src=\"http:\/\/nawi.naturundbildung.at\/wp\/wp-content\/uploads\/2015\/03\/Philippinen-300x225.jpg\" alt=\"Philippinen\" width=\"300\" height=\"225\" srcset=\"http:\/\/nawi.naturundbildung.at\/wp\/wp-content\/uploads\/2015\/03\/Philippinen-300x225.jpg 300w, http:\/\/nawi.naturundbildung.at\/wp\/wp-content\/uploads\/2015\/03\/Philippinen-160x120.jpg 160w, http:\/\/nawi.naturundbildung.at\/wp\/wp-content\/uploads\/2015\/03\/Philippinen.jpg 433w\" sizes=\"(max-width: 300px) 100vw, 300px\" \/><\/a><\/p>\n<p>Quellen:<br \/>\nhttp:\/\/de.wikipedia.org\/wiki\/Reisekrankheit#Behandlung<br \/>\nhttps:\/\/www.reiseversicherung.de\/de\/reisetipps\/aktuelles\/2013\/10-haeufigsten-reisekrankheiten.html<br \/>\nhttp:\/\/www.netdoktor.de\/krankheiten\/reisekrankheit\/#TOC2<br \/>\nhttp:\/\/www.netdoktor.at\/krankheit\/reisekrankheit-7427<br \/>\nhttp:\/\/symptomat.de\/Reisekrankheit#Behandlung_und_Therapie_von_Reisekrankheiten<br \/>\nQuellen: Wikipedia.org, PharmaWiki, netdoktor.de, superpep.com<\/p>\n<p>von Isabella Lachinger &amp; Vanessa M\u00fcller &amp; Kimberly VIDAL, Valerie CABILDO, 1HTB, HLTW21, 2015<br \/>\nBild:(Philippinen)von Kimberly VIDAL, Valerie CABILDO<\/p>\n","protected":false},"excerpt":{"rendered":"<p>Als Reisekrankheit bezeichnet man k\u00f6rperliche Reaktion wie Bl\u00e4sse, Schwindel, Kopfschmerzen, \u00dcbelkeit und Erbrechen die durch ungewohnte Verkehrsmittel oder in einem hohen Geb\u00e4ude ohne ausreichend Schwingungstilgung ausgel\u00f6st werden k\u00f6nnen. Diese Symptome treffen h\u00e4ufig bei Seeleuten, Reisebussen, Achterbahnen, Flugzeugen oder in Autos auf, verschwinden meistens jedoch sobald die Bewegung aufh\u00f6rt sp\u00e4testens nach<\/p>\n","protected":false},"author":1,"featured_media":0,"parent":650,"menu_order":0,"comment_status":"open","ping_status":"open","template":"","meta":{"ngg_post_thumbnail":0},"aioseo_notices":[],"_links":{"self":[{"href":"http:\/\/nawi.naturundbildung.at\/wp\/index.php?rest_route=\/wp\/v2\/pages\/2760"}],"collection":[{"href":"http:\/\/nawi.naturundbildung.at\/wp\/index.php?rest_route=\/wp\/v2\/pages"}],"about":[{"href":"http:\/\/nawi.naturundbildung.at\/wp\/index.php?rest_route=\/wp\/v2\/types\/page"}],"author":[{"embeddable":true,"href":"http:\/\/nawi.naturundbildung.at\/wp\/index.php?rest_route=\/wp\/v2\/users\/1"}],"replies":[{"embeddable":true,"href":"http:\/\/nawi.naturundbildung.at\/wp\/index.php?rest_route=%2Fwp%2Fv2%2Fcomments&post=2760"}],"version-history":[{"count":4,"href":"http:\/\/nawi.naturundbildung.at\/wp\/index.php?rest_route=\/wp\/v2\/pages\/2760\/revisions"}],"predecessor-version":[{"id":2765,"href":"http:\/\/nawi.naturundbildung.at\/wp\/index.php?rest_route=\/wp\/v2\/pages\/2760\/revisions\/2765"}],"up":[{"embeddable":true,"href":"http:\/\/nawi.naturundbildung.at\/wp\/index.php?rest_route=\/wp\/v2\/pages\/650"}],"wp:attachment":[{"href":"http:\/\/nawi.naturundbildung.at\/wp\/index.php?rest_route=%2Fwp%2Fv2%2Fmedia&parent=2760"}],"curies":[{"name":"wp","href":"https:\/\/api.w.org\/{rel}","templated":true}]}}