{"id":2931,"date":"2016-05-20T20:11:11","date_gmt":"2016-05-20T20:11:11","guid":{"rendered":"http:\/\/nawi.naturundbildung.at\/wp\/?page_id=2931"},"modified":"2018-01-23T22:14:58","modified_gmt":"2018-01-23T22:14:58","slug":"oekolog-projekte-201516","status":"publish","type":"page","link":"http:\/\/nawi.naturundbildung.at\/wp\/?page_id=2931","title":{"rendered":"\u00d6kolog-Projekte 2015\/16"},"content":{"rendered":"[ls_accordion][ls_accordion_section title=&#8220;BAU KEINEN MIST!- MA 48- WORKSHOP&nbsp;F\u00dcR DIE&nbsp;ERSTEN JAHRG\u00c4NGE&#8220;]An die 700 Sch\u00fclerinnen und Sch\u00fcler sowie 100 Lehrerinnen und Lehrer lernen und lehren an unserer Schule. Da f\u00e4llt nat\u00fcrlich auch ganz sch\u00f6n viel Mist an: Jausensackerl, PET- Flaschen, Altpapier,&#8230;<\/p>\n<p>Damit unsere sch\u00f6ne \u00d6KOLOG- Schule dabei sauber bleibt, lernen die Sch\u00fclerinnen und Sch\u00fcler der ersten Jahrg\u00e4nge aus &#8222;erster Hand&#8220; von einem Experten der MA 48, wie man M\u00fcll richtig trennt oder noch besser erst gar keinen &#8222;Mist baut&#8220;.<\/p>\n<p>Nach dem informativen Vortrag zum Thema M\u00fcll von Herrn Mag. Karl Hartmann, Recycling- Experte der MA 48, mit viel Schaumaterial, wurden auch die Fragen der Sch\u00fclerinnen und Sch\u00fcler geduldig beantwortet:<\/p>\n<p>Warum geh\u00f6rt Fensterglas nicht zum &#8222;Altglas&#8220;?<\/p>\n<p>&#8222;Darf man Taschent\u00fccher in den Altpapiercontainer werfen?&#8220;<\/p>\n<p>&#8222;Ist Aluminium echt so umweltsch\u00e4dlich wie sein Ruf?&#8220;<\/p>\n<p>Nach einer humorvollen und lehrreichen Stunde sind nun auch unsere Schul- Neuzug\u00e4nge Expertinnen und Experten im M\u00fcll trennen, damit die Klassenzimmer und die ganze Schule sch\u00f6n sauber bleiben und der M\u00fcll dort landet, wo er landen soll!<\/p>\n\r\n\t\t<style type='text\/css'>\r\n\t\t\t#gallery-1 {\r\n\t\t\t\tmargin: auto;\r\n\t\t\t}\r\n\t\t\t#gallery-1 .gallery-item {\r\n\t\t\t\tfloat: left;\r\n\t\t\t\tmargin-top: 10px;\r\n\t\t\t\ttext-align: center;\r\n\t\t\t\twidth: 33%;\r\n\t\t\t}\r\n\t\t\t#gallery-1 img {\r\n\t\t\t\tborder: 2px solid #cfcfcf;\r\n\t\t\t}\r\n\t\t\t#gallery-1 .gallery-caption {\r\n\t\t\t\tmargin-left: 0;\r\n\t\t\t}\r\n\t\t<\/style>\r\n\t\t<!-- see gallery_shortcode() in wp-includes\/media.php -->\n\t\t<div id='gallery-1' class='gallery galleryid-2931 gallery-columns-3 gallery-size-thumbnail gallery1'><script type=\"text\/javascript\">\r\n\/\/ <![CDATA[\r\n\tjQuery(document).ready(function () {\r\n\t\tjQuery(\".gallery1 a\").attr(\"rel\",\"gallery1\");\t\r\n\t\tjQuery('a[rel=\"gallery1\"]').colorbox({maxWidth:\"95%\", maxHeight:\"95%\",title: function(){ return jQuery(this).children().attr(\"alt\"); }, });\r\n\t});\r\n\/\/ ]]>\r\n<\/script>\n<dl class=\"gallery-item\">\n<dt class=\"gallery-icon\">\r\n<a href=\"http:\/\/nawi.naturundbildung.at\/wp\/wp-content\/uploads\/2016\/05\/IMG_3698.jpg\" title=\"Das ist ein PET Flaschen-Rohling?\" rel=\"gallery1\"><img src=\"http:\/\/nawi.naturundbildung.at\/wp\/wp-content\/uploads\/2016\/05\/IMG_3698-150x150.jpg\" width=\"150\" height=\"150\" alt=\"Das ist ein PET Flaschen-Rohling?\" \/><\/a>\r\n<\/dt><dd class=\"gallery-caption\" id=\"caption2924\"><span class=\"imagecaption\">Das ist ein PET Flaschen-Rohling?<\/span><br \/>\n<span class=\"imagedescription\">Das ist ein PET Flaschen-Rohling?<\/span><br \/>\n<\/dd><\/dl><dl class=\"gallery-item\">\n<dt class=\"gallery-icon\">\r\n<a href=\"http:\/\/nawi.naturundbildung.at\/wp\/wp-content\/uploads\/2016\/05\/IMG_3694.jpg\" title=\"Mag. Karl Hartmann\" rel=\"gallery1\"><img src=\"http:\/\/nawi.naturundbildung.at\/wp\/wp-content\/uploads\/2016\/05\/IMG_3694-150x150.jpg\" width=\"150\" height=\"150\" alt=\"Mag. Karl Hartmann\" \/><\/a>\r\n<\/dt><dd class=\"gallery-caption\" id=\"caption2923\"><span class=\"imagecaption\">Mag. Karl Hartmann<\/span><br \/>\n<\/dd><\/dl>\r\n\t\t\t<br style='clear: both' \/>\r\n\t\t<\/div>\n\n[\/ls_accordion_section][ls_accordion_section title=&#8220;30 JAHRE TSCHERNOBYL&#8220;]\n<p>Am 26. April j\u00e4hrte sich zum 30. Mal die nukleare Katastrophe von Tschernobyl und der verheerende Tsunami von Fukushima mit der folgenden Atomkatastrophe j\u00e4hrte sich zum zweiten Mal.<\/p>\n<p>Aus diesem Anlass besuchten am 19.4.2016 die ukrainische \u00c4rztin, Frau Dr. Natalija Tereschenko, welche nach der Atomkatastrophe in Tschernobyl die Liquidatoren Vorort betreuen musste und ihre Dolmetscherin Lidiya Utkina, selbst Opfer des Atomungl\u00fccks und als Kind an Leuk\u00e4mie erkrankt, Sch\u00fclerinnen und Sch\u00fcler der HLMW9. Begleitet wurden sie dabei von einer Delegation von Global 2000 und von Dr. Christoph Otto, dem Initiator des GLOBAl 2000 Tschernobyl Kinderhilfprojekts.<\/p>\n<p>Das Interesse der Sch\u00fclerinnen und Sch\u00fcler war sehr gro\u00df, als sie von Frau Dr. Tereschenko sehr authentisch erfuhren, wie diese die Atomkatastrophe pers\u00f6nlich erlebt hat und nach ihrem sehr pers\u00f6nlichen Vortrag gab es noch die Gelegenheit, Fragen an die \u00c4rztin sowie die Atomexperten von Global 2000 zu stellen. Ausf\u00fchrlich wurden die Fragen der Sch\u00fclerinnen und Sch\u00fcler wie \u201eWarum kann man Atom- M\u00fcll\u201c nicht einfach ins All schicken\u201c oder \u201ek\u00f6nnte so eine Katastrophe wieder passieren?\u201c diskutiert und gemeinsam nach L\u00f6sungswegen gesucht.<\/p>\n<div id=\"attachment_2006\" style=\"width: 310px\" class=\"wp-caption alignnone\"><a href=\"http:\/\/nawi.naturundbildung.at\/wp\/wp-content\/uploads\/2014\/06\/Atom-WS-1.jpg\"><img aria-describedby=\"caption-attachment-2006\" loading=\"lazy\" class=\"size-medium wp-image-2006\" src=\"http:\/\/nawi.naturundbildung.at\/wp\/wp-content\/uploads\/2014\/06\/Atom-WS-1-300x225.jpg\" alt=\"Atom-WS-1-GERS\" width=\"300\" height=\"225\" srcset=\"http:\/\/nawi.naturundbildung.at\/wp\/wp-content\/uploads\/2014\/06\/Atom-WS-1-300x225.jpg 300w, http:\/\/nawi.naturundbildung.at\/wp\/wp-content\/uploads\/2014\/06\/Atom-WS-1-160x120.jpg 160w, http:\/\/nawi.naturundbildung.at\/wp\/wp-content\/uploads\/2014\/06\/Atom-WS-1.jpg 1000w\" sizes=\"(max-width: 300px) 100vw, 300px\" \/><\/a><p id=\"caption-attachment-2006\" class=\"wp-caption-text\">Atom-WS-1-GERS<\/p><\/div>\n[\/ls_accordion_section][ls_accordion_section title=&#8220;NACHHALTIGE PFLEGECREMES&#8220;]\n<p>Sch\u00fclerinnen der 3HIA und 3HIB sowie der 2HMB der HLMW9 r\u00fchrten im NAWI Unterricht im Rahmen eines klassen- und schul\u00fcbergreifenden Sozialprojekts pflegende Gesichtscremes, die an interessierte Eltern, Lehrer\/innen und Mitsch\u00fcler\/innen verkauft wurden. Gemeinsam mit der 2HGA der HLTW21- Neue Wassermanngasse- konnte damit der Betrag von 225\u20ac erzielt werden, welcher an den Verein Ute Bock zur Unterst\u00fctzung unbegleiteter minderj\u00e4hriger Fl\u00fcchtlinge gespendet wurde.<\/p>\n<p>Neben dem sozialen Benefit f\u00fcr die jugendlichen Asylwerber\/innen erfuhren die Sch\u00fclerinnen und Sch\u00fcler, wie man aus hochwertigen Rohstoffen (wertvolle \u00d6le, pflegende Pflanzenessenzen), Emulgatoren und destilliertem Wasser Cremes auch zuhause machen kann, welche weder Erd\u00f6l, Palm\u00f6l noch gesundheitssch\u00e4digende Inhaltsstoffe enthalten. Nachhaltige Gesichtspflege in mehrfachem Sinn!<\/p>\n<p>Unten das Rezept der Gesichtscremes:<\/p>\n<p><strong>Creme f\u00fcr junge (eher unreine, fettige)&nbsp;Haut<\/strong><\/p>\n<p>Das Grundrezept stammt von <a href=\"http:\/\/www.meinekosmetik.de\/rezepte\/creme.html\"><u>http:\/\/www.meinekosmetik.de\/rezepte\/creme.html<\/u><\/a><\/p>\n<table>\n<tbody>\n<tr>\n<td width=\"307\"><strong>Fettphase<\/strong><\/td>\n<td width=\"307\"><strong>Wasserphase<\/strong><\/td>\n<\/tr>\n<tr>\n<td width=\"307\">13g Kokos\u00f6l (bio, unraffiniert)13g Sonnenblumen\u00f6l (bio)2g Cetylalkohol<\/p>\n<p>6g Tegomuls<\/p>\n<p>6g Lamecreme<\/p>\n<p>8g Sheabutter<\/td>\n<td width=\"307\">140g Wasser (destilliert)2TL D-Panthenol10Tr Alpha-Bisabolol<\/p>\n<p>1TL Vitamin E (oder ACE)-Acetat<\/p>\n<p>15Tr Calendula-Extrakt<\/p>\n<p>15Tr Aloe Vera Extrakt<\/td>\n<\/tr>\n<\/tbody>\n<\/table>\n<p>W\u00e4ssrige Bestandteile und Fettphase getrennt in sauberen T\u00f6pfen erhitzen (auf etwa 60 Grad), nun die Wasserphase tropfenweise in die Fettphase einr\u00fchren- und kaltr\u00fchren. In saubere(!) Tiegel f\u00fcllen. Ev. mit 2Tr Antiranz und\/oder 15Tr Biokons konservieren. Die Creme duftet auch ohne extra Beduftung!<\/p>\n<p><strong>Creme f\u00fcr reife (trockene) Haut<\/strong><\/p>\n<table>\n<tbody>\n<tr>\n<td width=\"307\">F<strong>ettphase<\/strong><\/td>\n<td width=\"307\"><strong>Wasserphase<\/strong><\/td>\n<\/tr>\n<tr>\n<td width=\"307\">13g Calendula\u00f6l13g Avocado\u00f6l8g Mandel\u00f6l<\/p>\n<p>8g Emulsan<\/p>\n<p>8g Cetylalkohol<\/p>\n<p>10Tr Rosen\u00f6l \u00e4therisch<\/td>\n<td width=\"307\">120ml Aqua dest20Tr Calendula-Extrakt20Tr Aloe Vera Extrakt<\/p>\n<p>10TR Kamillenextrakt<\/p>\n<p>1TL Algenextrakt<\/p>\n<p>10gr Urea<\/p>\n<p>\u00bd TL D-Panthenol<\/p>\n<p>8Tr Alpha Bisabolol<\/td>\n<\/tr>\n<\/tbody>\n<\/table>\n<p>W\u00e4ssrige Bestandteile und Fettphase getrennt in sauberen T\u00f6pfen erhitzen (auf etwa 60 Grad), nun die Wasserphase tropfenweise in die Fettphase einr\u00fchren- und kaltr\u00fchren. In saubere (!) Tiegel f\u00fcllen. Ev. mit 2Tr Antiranz und\/oder 15Tr Biokons konservieren.<\/p>\n<p>F\u00fcr Mischhaut beide Cremes mischen<\/p>\n\r\n\t\t<style type='text\/css'>\r\n\t\t\t#gallery-2 {\r\n\t\t\t\tmargin: auto;\r\n\t\t\t}\r\n\t\t\t#gallery-2 .gallery-item {\r\n\t\t\t\tfloat: left;\r\n\t\t\t\tmargin-top: 10px;\r\n\t\t\t\ttext-align: center;\r\n\t\t\t\twidth: 33%;\r\n\t\t\t}\r\n\t\t\t#gallery-2 img {\r\n\t\t\t\tborder: 2px solid #cfcfcf;\r\n\t\t\t}\r\n\t\t\t#gallery-2 .gallery-caption {\r\n\t\t\t\tmargin-left: 0;\r\n\t\t\t}\r\n\t\t<\/style>\r\n\t\t<!-- see gallery_shortcode() in wp-includes\/media.php -->\n\t\t<div id='gallery-2' class='gallery galleryid-2931 gallery-columns-3 gallery-size-thumbnail gallery1'><script type=\"text\/javascript\">\r\n\/\/ <![CDATA[\r\n\tjQuery(document).ready(function () {\r\n\t\tjQuery(\".gallery1 a\").attr(\"rel\",\"gallery1\");\t\r\n\t\tjQuery('a[rel=\"gallery1\"]').colorbox({maxWidth:\"95%\", maxHeight:\"95%\",title: function(){ return jQuery(this).children().attr(\"alt\"); }, });\r\n\t});\r\n\/\/ ]]>\r\n<\/script>\n<dl class=\"gallery-item\">\n<dt class=\"gallery-icon\">\r\n<a href=\"http:\/\/nawi.naturundbildung.at\/wp\/wp-content\/uploads\/2016\/05\/cremes-2.jpg\" title=\"...ein Blick aufs Rezept\" rel=\"gallery1\"><img src=\"http:\/\/nawi.naturundbildung.at\/wp\/wp-content\/uploads\/2016\/05\/cremes-2-150x150.jpg\" width=\"150\" height=\"150\" alt=\"...ein Blick aufs Rezept\" \/><\/a>\r\n<\/dt><dd class=\"gallery-caption\" id=\"caption2916\"><span class=\"imagecaption\">...ein Blick aufs Rezept<\/span><br \/>\n<\/dd><\/dl><dl class=\"gallery-item\">\n<dt class=\"gallery-icon\">\r\n<a href=\"http:\/\/nawi.naturundbildung.at\/wp\/wp-content\/uploads\/2016\/05\/cremes.jpg\" title=\"Abwiegen der \u00d6le und Essenzen\" rel=\"gallery1\"><img src=\"http:\/\/nawi.naturundbildung.at\/wp\/wp-content\/uploads\/2016\/05\/cremes-150x150.jpg\" width=\"150\" height=\"150\" alt=\"Abwiegen der \u00d6le und Essenzen\" \/><\/a>\r\n<\/dt><dd class=\"gallery-caption\" id=\"caption2915\"><span class=\"imagecaption\">Abwiegen der \u00d6le und Essenzen<\/span><br \/>\n<\/dd><\/dl><dl class=\"gallery-item\">\n<dt class=\"gallery-icon\">\r\n<a href=\"http:\/\/nawi.naturundbildung.at\/wp\/wp-content\/uploads\/2018\/01\/Urkunde_Ute_Bock-001.jpg\" title=\"Urkunde- Ute Bock\" rel=\"gallery1\"><img src=\"http:\/\/nawi.naturundbildung.at\/wp\/wp-content\/uploads\/2018\/01\/Urkunde_Ute_Bock-001-150x150.jpg\" width=\"150\" height=\"150\" alt=\"Urkunde- Ute Bock\" \/><\/a>\r\n<\/dt><dd class=\"gallery-caption\" id=\"caption3589\"><span class=\"imagecaption\">Urkunde- Ute Bock<\/span><br \/>\n<\/dd><\/dl><br style=\"clear: both\" \/>\r\n\t\t<\/div>\n\n[\/ls_accordion_section][ls_accordion_section title=&#8220;SOZIALPROJEKT: SEIFEN F\u00dcR TSCHERNOBYL-KINDER&#8220;]Im Rahmen des NAWI Unterrichts r\u00fchrten Sch\u00fclerinnen der 2HMB, der 3HIA und der 3HIB hochwertige, r\u00fcckfettende Pflanzen\u00f6lseifen, welche an Lehrerinnen und Eltern verkauft wurden. Vom Erl\u00f6s konnten wir dringend n\u00f6tige Medikamente f\u00fcr eine Kinder-Krebsstation in der Ukraine kaufen!<\/p>\n\r\n\t\t<style type='text\/css'>\r\n\t\t\t#gallery-3 {\r\n\t\t\t\tmargin: auto;\r\n\t\t\t}\r\n\t\t\t#gallery-3 .gallery-item {\r\n\t\t\t\tfloat: left;\r\n\t\t\t\tmargin-top: 10px;\r\n\t\t\t\ttext-align: center;\r\n\t\t\t\twidth: 33%;\r\n\t\t\t}\r\n\t\t\t#gallery-3 img {\r\n\t\t\t\tborder: 2px solid #cfcfcf;\r\n\t\t\t}\r\n\t\t\t#gallery-3 .gallery-caption {\r\n\t\t\t\tmargin-left: 0;\r\n\t\t\t}\r\n\t\t<\/style>\r\n\t\t<!-- see gallery_shortcode() in wp-includes\/media.php -->\n\t\t<div id='gallery-3' class='gallery galleryid-2931 gallery-columns-3 gallery-size-thumbnail gallery1'><script type=\"text\/javascript\">\r\n\/\/ <![CDATA[\r\n\tjQuery(document).ready(function () {\r\n\t\tjQuery(\".gallery1 a\").attr(\"rel\",\"gallery1\");\t\r\n\t\tjQuery('a[rel=\"gallery1\"]').colorbox({maxWidth:\"95%\", maxHeight:\"95%\",title: function(){ return jQuery(this).children().attr(\"alt\"); }, });\r\n\t});\r\n\/\/ ]]>\r\n<\/script>\n<dl class=\"gallery-item\">\n<dt class=\"gallery-icon\">\r\n<a href=\"http:\/\/nawi.naturundbildung.at\/wp\/wp-content\/uploads\/2018\/01\/Seife-4.jpg\" title=\"Anr\u00fchren des Seifenbreis\" rel=\"gallery1\"><img src=\"http:\/\/nawi.naturundbildung.at\/wp\/wp-content\/uploads\/2018\/01\/Seife-4-150x150.jpg\" width=\"150\" height=\"150\" alt=\"Anr\u00fchren des Seifenbreis\" \/><\/a>\r\n<\/dt><dd class=\"gallery-caption\" id=\"caption3588\"><span class=\"imagecaption\">Anr\u00fchren des Seifenbreis<\/span><br \/>\n<\/dd><\/dl><dl class=\"gallery-item\">\n<dt class=\"gallery-icon\">\r\n<a href=\"http:\/\/nawi.naturundbildung.at\/wp\/wp-content\/uploads\/2018\/01\/Seife-3.jpg\" title=\"Das Rezept\" rel=\"gallery1\"><img src=\"http:\/\/nawi.naturundbildung.at\/wp\/wp-content\/uploads\/2018\/01\/Seife-3-150x150.jpg\" width=\"150\" height=\"150\" alt=\"Das Rezept\" \/><\/a>\r\n<\/dt><dd class=\"gallery-caption\" id=\"caption3587\"><span class=\"imagecaption\">Das Rezept<\/span><br \/>\n<\/dd><\/dl><dl class=\"gallery-item\">\n<dt class=\"gallery-icon\">\r\n<a href=\"http:\/\/nawi.naturundbildung.at\/wp\/wp-content\/uploads\/2018\/01\/Seife-1-.jpg\" title=\"Vorsicht im Umgang mit NaOH\" rel=\"gallery1\"><img src=\"http:\/\/nawi.naturundbildung.at\/wp\/wp-content\/uploads\/2018\/01\/Seife-1--150x150.jpg\" width=\"150\" height=\"150\" alt=\"Vorsicht im Umgang mit NaOH\" \/><\/a>\r\n<\/dt><dd class=\"gallery-caption\" id=\"caption3586\"><span class=\"imagecaption\">Vorsicht im Umgang mit NaOH<\/span><br \/>\n<\/dd><\/dl><br style=\"clear: both\" \/>\r\n\t\t<\/div>\n\n[\/ls_accordion_section][ls_accordion_section title=&#8220;\u00d6KODAY 2015\/16&#8243;]Am 13.04.2016 fand der \u00d6KODAY f\u00fcr die ersten Klassen statt. Es geb zwei Workshops der MA 48: Einen \u00fcber Handys, sinnvollen und nachhaltigen Handygebrauch und den wertvollen Ressourcen, die in unseren Mobiltelefonen verbaut sind. Parallel dazu bot die MA 48 einen weiteren spannen Workshop an, n\u00e4mlich \u00fcber Essen im Mist und was jeder von uns dagegen tun kann (etwa k\u00f6nnte ganz Ganz vom Brot leben, den die Wienerinnen und Wiener in den Mist werfen). Der dritte Workshop wurde von BIO Austria organisiert, mit vielen Informationen \u00fcber biologischem Landbau, Vorteile einer biologisch-gesunden Ern\u00e4hrung usw.[\/ls_accordion_section][\/ls_accordion]\n","protected":false},"excerpt":{"rendered":"<p>[ls_accordion][ls_accordion_section title=&#8220;BAU KEINEN MIST!- MA 48- WORKSHOP&nbsp;F\u00dcR DIE&nbsp;ERSTEN JAHRG\u00c4NGE&#8220;]An die 700 Sch\u00fclerinnen und Sch\u00fcler sowie 100 Lehrerinnen und Lehrer lernen und lehren an unserer Schule. Da f\u00e4llt nat\u00fcrlich auch ganz sch\u00f6n viel Mist an: Jausensackerl, PET- Flaschen, Altpapier,&#8230; Damit unsere sch\u00f6ne \u00d6KOLOG- Schule dabei sauber bleibt, lernen die Sch\u00fclerinnen und<\/p>\n","protected":false},"author":1,"featured_media":0,"parent":1468,"menu_order":0,"comment_status":"closed","ping_status":"closed","template":"","meta":{"ngg_post_thumbnail":0},"aioseo_notices":[],"_links":{"self":[{"href":"http:\/\/nawi.naturundbildung.at\/wp\/index.php?rest_route=\/wp\/v2\/pages\/2931"}],"collection":[{"href":"http:\/\/nawi.naturundbildung.at\/wp\/index.php?rest_route=\/wp\/v2\/pages"}],"about":[{"href":"http:\/\/nawi.naturundbildung.at\/wp\/index.php?rest_route=\/wp\/v2\/types\/page"}],"author":[{"embeddable":true,"href":"http:\/\/nawi.naturundbildung.at\/wp\/index.php?rest_route=\/wp\/v2\/users\/1"}],"replies":[{"embeddable":true,"href":"http:\/\/nawi.naturundbildung.at\/wp\/index.php?rest_route=%2Fwp%2Fv2%2Fcomments&post=2931"}],"version-history":[{"count":15,"href":"http:\/\/nawi.naturundbildung.at\/wp\/index.php?rest_route=\/wp\/v2\/pages\/2931\/revisions"}],"predecessor-version":[{"id":3592,"href":"http:\/\/nawi.naturundbildung.at\/wp\/index.php?rest_route=\/wp\/v2\/pages\/2931\/revisions\/3592"}],"up":[{"embeddable":true,"href":"http:\/\/nawi.naturundbildung.at\/wp\/index.php?rest_route=\/wp\/v2\/pages\/1468"}],"wp:attachment":[{"href":"http:\/\/nawi.naturundbildung.at\/wp\/index.php?rest_route=%2Fwp%2Fv2%2Fmedia&parent=2931"}],"curies":[{"name":"wp","href":"https:\/\/api.w.org\/{rel}","templated":true}]}}