{"id":3132,"date":"2018-01-16T18:30:32","date_gmt":"2018-01-16T18:30:32","guid":{"rendered":"http:\/\/nawi.naturundbildung.at\/wp\/?page_id=3132"},"modified":"2018-01-16T18:47:04","modified_gmt":"2018-01-16T18:47:04","slug":"fotosynthese-und-zellatmung","status":"publish","type":"page","link":"http:\/\/nawi.naturundbildung.at\/wp\/?page_id=3132","title":{"rendered":"Fotosynthese und Zellatmung"},"content":{"rendered":"<p>Fotosynthese und Zellatmung sind energetisch gesehen zwei entgegengesetzte Prozesse. Im Gegensatz zur Fotosynthese wo Biomolek\u00fcle als langfristiger Speicher aufgebaut werden, werden diese bei der Zellatmung zur Energiegewinnung abgebaut.<\/p>\n<h5>Fotosynthese<\/h5>\n<p>Die Fotosynthese liefert f\u00fcr die aeroben Organismen den notwendigen Sauerstoff. Als aerob bezeichnet man Lebewesen die zum Leben Sauerstoff brauchen. Sie gewinnen mit Hilfe des Sauerstoffs die in Biomolek\u00fclen (Fette, Eiwei\u00dfe, Kohlenhydrate) gespeicherte Sonnenenergie.<\/p>\n<p>Bei der Fotosynthese&nbsp;werden aus energie\u00e4rmeren Stoffen mit Lichtenergie energiereiche Biomolek\u00fcle erzeugt. Sie wird von Pflanzen, Algen und von einigen Bakterien betrieben.<\/p>\n<p>6 CO<sub>2 <\/sub>+&nbsp;6 H<sub>2<\/sub>O +&nbsp;Licht = C<sub>6<\/sub>H<sub>12<\/sub>O<sub>6&nbsp;<\/sub>+&nbsp;6 O<sub>2&nbsp;<\/sub><\/p>\n<p>Kohlenstoffdioxid +Wasser + Licht = Glucose &nbsp;+ Sauerstoff<\/p>\n<p>Das hei\u00dft die Pflanze braucht sechs Molek\u00fcle Wasser, sechs Molek\u00fcle Kohlenstoffdioxid und Licht. Daraus entstehen sechs Sauerstoffmolek\u00fcle und Glucose (Traubenzucker).<\/p>\n<p>Oder vereinfacht: Die Pflanze ern\u00e4hrt sich selber\/produziert ihre Nahrung selber, indem aus Wasser aus dem Boden und Kohlenstoffdioxid aus der Luft mit Hilfe des Sonnenlichts in den Chloroplasten (Blattgr\u00fcn- Chlophyll) Traubenzucker herstellt (synthetisiert). Dabei wird zus\u00e4tzlich Sauerstoff frei!<\/p>\n<p>Fotosynthese l\u00e4uft in den Chloroplasten der Bl\u00e4tter ab. Ohne der Energie des Sonnenlichts, welches vom gr\u00fcnen Farbstoff Chlorophyll aufgenommen wird, k\u00f6nnte die Fotosynthese nicht funktionieren. Sauerstoff ist dabei ein Abfallprodukt und deshalb geh\u00f6rt die Fotosynthese zu den wichtigsten Prozessen auf der Erde.<\/p>\n<p>Da sich Pflanzen selber ern\u00e4hren\/ihre organischen Molek\u00fcle wie &nbsp;Traubenzucker selber herstellen, nennt man sie <strong>Produzenten<\/strong> oder&nbsp;<strong>autotroph<\/strong><\/p>\n<h5>Zellatmung<\/h5>\n<p>Die Zellatmung ist der Gegenpart der Fotosynthese und beschreibt die Stoffwechselvorg\u00e4nge die f\u00fcr die Energiegewinnung der Zelle ist. Zellatmung findet in den Mitochondrien statt!<\/p>\n<p>C<sub>6<\/sub>H<sub>12<\/sub>O<sub>6 + <\/sub>6 O2 = 6 CO<sub>2<\/sub> + 6&nbsp; H<sub>2<\/sub>O + ATP<\/p>\n<p>Zellen nehmen um sich mit Energie zu versorgen Traubenzucker auf, der im Cytoplasma und in den Mitochondrien zu Kohlenstoffdioxid und Wasser abgebaut wird. Zum Schluss der Zellatmung bekommt die Zelle die energiereiche Verbindung ATP, welche f\u00fcr uns \u00fcberlebenswichtig ist, denn ohne ATP k\u00f6nnten wir nur wenige Sekunden \u00fcberleben. Pro Sekunde und pro Zelle werden 10 Millionen ATP-Molek\u00fcle verbraucht und wieder hergestellt. Pro Tag setzt ein Mensch ungef\u00e4hr sein eigenes K\u00f6rpergewicht an ATP um.<\/p>\n<p>ATP ist somit der &#8222;Energiespeicher&#8220; der Zellen, der &#8222;Zellakku&#8220;, welcher st\u00e4ndig aufgeladen werden muss!<\/p>\n<p>Bei der Atmung entstehen 32 ATP (=Adenosintriphosphat)<\/p>\n<p>Tiere sind auf Pflanzen angewiesen, sie ben\u00f6tigen sowohl organische Biomolek\u00fcle (Fette, Eiwei\u00dfe, Kohlenhydrate), die sie zwar in ihren K\u00f6rper einbauen k\u00f6nnen oder ineinander umbauen k\u00f6nnen, als auch den von Pflanzen zur Verf\u00fcgung gestellten Sauerstoff. Tiere sind <strong>Konsumenten<\/strong> oder <strong>heterotroph<\/strong><\/p>\n<p>Quellen:<\/p>\n<p>Quellen:<\/p>\n<p><a href=\"https:\/\/www.lernhelfer.de\">lernhelfer.de<\/a><\/p>\n<p><a href=\"http:\/\/www.biologie-schule.de\/photosynthese-fotosynthese.php\">biologie-schule.de<\/a><\/p>\n<p><a href=\"http:\/\/www.bildungsadler.de\">bildungsadler.de<\/a><\/p>\n<p><a href=\"http:\/\/www.chemie.de\/lexikon\/Robert_Hill_%28Naturforscher%29.html\">chemie.de<\/a><\/p>\n<p>Aneska Anastasia, 1HKB; 2018<\/p>\n<p><a href=\"http:\/\/nawi.naturundbildung.at\/wp\/wp-content\/uploads\/2018\/01\/01-Honigbiene.jpg\"><img loading=\"lazy\" class=\"alignnone size-medium wp-image-3089\" src=\"http:\/\/nawi.naturundbildung.at\/wp\/wp-content\/uploads\/2018\/01\/01-Honigbiene-300x200.jpg\" alt=\"\" width=\"300\" height=\"200\" srcset=\"http:\/\/nawi.naturundbildung.at\/wp\/wp-content\/uploads\/2018\/01\/01-Honigbiene-300x200.jpg 300w, http:\/\/nawi.naturundbildung.at\/wp\/wp-content\/uploads\/2018\/01\/01-Honigbiene-768x512.jpg 768w, http:\/\/nawi.naturundbildung.at\/wp\/wp-content\/uploads\/2018\/01\/01-Honigbiene-1024x683.jpg 1024w, http:\/\/nawi.naturundbildung.at\/wp\/wp-content\/uploads\/2018\/01\/01-Honigbiene-450x300.jpg 450w, http:\/\/nawi.naturundbildung.at\/wp\/wp-content\/uploads\/2018\/01\/01-Honigbiene-120x80.jpg 120w\" sizes=\"(max-width: 300px) 100vw, 300px\" \/><\/a><\/p>\n<div id=\"watu_quiz\" class=\"quiz-area \">\n<form action=\"\" method=\"post\" class=\"quiz-form \" id=\"quiz-40\" >\n<div class='watu-question' id='question-1'><div class='question-content'><p><span class='watu_num'>1. <\/span>Was stimmt NICHT?<\/p>\n<\/div><input type='hidden' name='question_id[]' value='279' \/><div class='watu-questions-wrap '><input type='hidden' name='answer_ids[]' class='watu-answer-ids' value='1320' \/><div class='watu-question-choice'><input type='radio' name='answer-279[]' id='answer-id-1320' class='answer answer-1  answerof-279' value='1320' \/>&nbsp;<label for='answer-id-1320' id='answer-label-1320' class=' answer label-1'><span class='answer'>Bei der Fotosynthese erzeugt eine Pflanze aus Kohlenstoffdioxid und Wasser mi Hilfe des Sonnenlichts Traubenzucker und Sauerstoff<\/span><\/label><\/div>\n<input type='hidden' name='answer_ids[]' class='watu-answer-ids' value='1321' \/><div class='watu-question-choice'><input type='radio' name='answer-279[]' id='answer-id-1321' class='answer answer-1  answerof-279' value='1321' \/>&nbsp;<label for='answer-id-1321' id='answer-label-1321' class=' answer label-1'><span class='answer'>Eine Pflanze betreibt Fotosynthese um sich zu ern\u00e4hren<\/span><\/label><\/div>\n<input type='hidden' name='answer_ids[]' class='watu-answer-ids' value='1322' \/><div class='watu-question-choice'><input type='radio' name='answer-279[]' id='answer-id-1322' class='answer answer-1  answerof-279' value='1322' \/>&nbsp;<label for='answer-id-1322' id='answer-label-1322' class=' answer label-1'><span class='answer'>Um Fotosynthese betreiben zu k\u00f6nnen braucht eine Pflanze Chloroplasten mit Blattgr\u00fcn<\/span><\/label><\/div>\n<input type='hidden' name='answer_ids[]' class='watu-answer-ids' value='1323' \/><div class='watu-question-choice'><input type='radio' name='answer-279[]' id='answer-id-1323' class='answer answer-1  answerof-279' value='1323' \/>&nbsp;<label for='answer-id-1323' id='answer-label-1323' class=' answer label-1'><span class='answer'>Das HAUPTPRODUKT der Fotosynthese ist Sauerstoff<\/span><\/label><\/div>\n<\/div><input type='hidden' id='questionType1' value='radio' class=''><\/div><div class='watu-question' id='question-2'><div class='question-content'><p><span class='watu_num'>2. <\/span>Wie lautet die Formel f\u00fcr die Fotosynthese?<\/p>\n<\/div><input type='hidden' name='question_id[]' value='280' \/><div class='watu-questions-wrap '><input type='hidden' name='answer_ids[]' class='watu-answer-ids' value='1324' \/><div class='watu-question-choice'><input type='radio' name='answer-280[]' id='answer-id-1324' class='answer answer-2  answerof-280' value='1324' \/>&nbsp;<label for='answer-id-1324' id='answer-label-1324' class=' answer label-2'><span class='answer'>6CO2+6H2O-> C6H12O6+6O2<\/span><\/label><\/div>\n<input type='hidden' name='answer_ids[]' class='watu-answer-ids' value='1325' \/><div class='watu-question-choice'><input type='radio' name='answer-280[]' id='answer-id-1325' class='answer answer-2  answerof-280' value='1325' \/>&nbsp;<label for='answer-id-1325' id='answer-label-1325' class=' answer label-2'><span class='answer'>6CO+6H2O-> C6H12O6+6O2<\/span><\/label><\/div>\n<input type='hidden' name='answer_ids[]' class='watu-answer-ids' value='1326' \/><div class='watu-question-choice'><input type='radio' name='answer-280[]' id='answer-id-1326' class='answer answer-2  answerof-280' value='1326' \/>&nbsp;<label for='answer-id-1326' id='answer-label-1326' class=' answer label-2'><span class='answer'>C6H12O6+6O2 -> 6CO+6H2O<\/span><\/label><\/div>\n<\/div><input type='hidden' id='questionType2' value='radio' class=''><\/div><div class='watu-question' id='question-3'><div class='question-content'><p><span class='watu_num'>3. <\/span>Wie lautet die Zellatmung in Worten?<\/p>\n<\/div><input type='hidden' name='question_id[]' value='281' \/><div class='watu-questions-wrap '><input type='hidden' name='answer_ids[]' class='watu-answer-ids' value='1327' \/><div class='watu-question-choice'><input type='radio' name='answer-281[]' id='answer-id-1327' class='answer answer-3  answerof-281' value='1327' \/>&nbsp;<label for='answer-id-1327' id='answer-label-1327' class=' answer label-3'><span class='answer'>In den Mitochondrien wird Traubenzucker mit Hilfe von Sauerstoff veratmet. Dabei wird Energie frei und entstehen CO2 und Wasser<\/span><\/label><\/div>\n<input type='hidden' name='answer_ids[]' class='watu-answer-ids' value='1328' \/><div class='watu-question-choice'><input type='radio' name='answer-281[]' id='answer-id-1328' class='answer answer-3  answerof-281' value='1328' \/>&nbsp;<label for='answer-id-1328' id='answer-label-1328' class=' answer label-3'><span class='answer'>In den Ribosomen wird Traubenzucker mit Hilfe von Sauerstoff veratmet. Dabei wird Energie frei und entstehen CO2 und Wasser<\/span><\/label><\/div>\n<input type='hidden' name='answer_ids[]' class='watu-answer-ids' value='1329' \/><div class='watu-question-choice'><input type='radio' name='answer-281[]' id='answer-id-1329' class='answer answer-3  answerof-281' value='1329' \/>&nbsp;<label for='answer-id-1329' id='answer-label-1329' class=' answer label-3'><span class='answer'>In den Mitochondrien wird Traubenzucker mit Hilfe von Sauerstoff veratmet. Dabei wird Energie frei und entstehen CO und Wasser<\/span><\/label><\/div>\n<input type='hidden' name='answer_ids[]' class='watu-answer-ids' value='1330' \/><div class='watu-question-choice'><input type='radio' name='answer-281[]' id='answer-id-1330' class='answer answer-3  answerof-281' value='1330' \/>&nbsp;<label for='answer-id-1330' id='answer-label-1330' class=' answer label-3'><span class='answer'>In den Mitochondrien wird Traubenzucker mit Hilfe von Sauerstoff veratmet. Dabei wird Energie frei und entstehen CO2 und Wasserstoff<\/span><\/label><\/div>\n<\/div><input type='hidden' id='questionType3' value='radio' class=''><\/div><div class='watu-question' id='question-4'><div class='question-content'><p><span class='watu_num'>4. <\/span>Wo findet die Fotosynthese statt?<\/p>\n<\/div><input type='hidden' name='question_id[]' value='282' \/><div class='watu-questions-wrap '><input type='hidden' name='answer_ids[]' class='watu-answer-ids' value='1331' \/><div class='watu-question-choice'><input type='radio' name='answer-282[]' id='answer-id-1331' class='answer answer-4  answerof-282' value='1331' \/>&nbsp;<label for='answer-id-1331' id='answer-label-1331' class=' answer label-4'><span class='answer'>Chloroplasten<\/span><\/label><\/div>\n<input type='hidden' name='answer_ids[]' class='watu-answer-ids' value='1332' \/><div class='watu-question-choice'><input type='radio' name='answer-282[]' id='answer-id-1332' class='answer answer-4  answerof-282' value='1332' \/>&nbsp;<label for='answer-id-1332' id='answer-label-1332' class=' answer label-4'><span class='answer'>Mitochondrien<\/span><\/label><\/div>\n<input type='hidden' name='answer_ids[]' class='watu-answer-ids' value='1333' \/><div class='watu-question-choice'><input type='radio' name='answer-282[]' id='answer-id-1333' class='answer answer-4  answerof-282' value='1333' \/>&nbsp;<label for='answer-id-1333' id='answer-label-1333' class=' answer label-4'><span class='answer'>Ribosomen<\/span><\/label><\/div>\n<input type='hidden' name='answer_ids[]' class='watu-answer-ids' value='1334' \/><div class='watu-question-choice'><input type='radio' name='answer-282[]' id='answer-id-1334' class='answer answer-4  answerof-282' value='1334' \/>&nbsp;<label for='answer-id-1334' id='answer-label-1334' class=' answer label-4'><span class='answer'>Golgi Apparat<\/span><\/label><\/div>\n<\/div><input type='hidden' id='questionType4' value='radio' class=''><\/div><div class='watu-question' id='question-5'><div class='question-content'><p><span class='watu_num'>5. <\/span>Wo findet die Zellatmung statt?<\/p>\n<\/div><input type='hidden' name='question_id[]' value='283' \/><div class='watu-questions-wrap '><input type='hidden' name='answer_ids[]' class='watu-answer-ids' value='1335' \/><div class='watu-question-choice'><input type='radio' name='answer-283[]' id='answer-id-1335' class='answer answer-5  answerof-283' value='1335' \/>&nbsp;<label for='answer-id-1335' id='answer-label-1335' class=' answer label-5'><span class='answer'>Chloroplasten<\/span><\/label><\/div>\n<input type='hidden' name='answer_ids[]' class='watu-answer-ids' value='1336' \/><div class='watu-question-choice'><input type='radio' name='answer-283[]' id='answer-id-1336' class='answer answer-5  answerof-283' value='1336' \/>&nbsp;<label for='answer-id-1336' id='answer-label-1336' class=' answer label-5'><span class='answer'>Mitochondrien<\/span><\/label><\/div>\n<input type='hidden' name='answer_ids[]' class='watu-answer-ids' value='1337' \/><div class='watu-question-choice'><input type='radio' name='answer-283[]' id='answer-id-1337' class='answer answer-5  answerof-283' value='1337' \/>&nbsp;<label for='answer-id-1337' id='answer-label-1337' class=' answer label-5'><span class='answer'>Ribosomen<\/span><\/label><\/div>\n<input type='hidden' name='answer_ids[]' class='watu-answer-ids' value='1338' \/><div class='watu-question-choice'><input type='radio' name='answer-283[]' id='answer-id-1338' class='answer answer-5  answerof-283' value='1338' \/>&nbsp;<label for='answer-id-1338' id='answer-label-1338' class=' answer label-5'><span class='answer'>Golgi Apparat<\/span><\/label><\/div>\n<\/div><input type='hidden' id='questionType5' value='radio' class=''><\/div><div class='watu-question' id='question-6'><div class='question-content'><p><span class='watu_num'>6. <\/span>Wie ern\u00e4hren sich Pflanzen?<\/p>\n<\/div><input type='hidden' name='question_id[]' value='284' \/><div class='watu-questions-wrap '><input type='hidden' name='answer_ids[]' class='watu-answer-ids' value='1339' \/><div class='watu-question-choice'><input type='radio' name='answer-284[]' id='answer-id-1339' class='answer answer-6  answerof-284' value='1339' \/>&nbsp;<label for='answer-id-1339' id='answer-label-1339' class=' answer label-6'><span class='answer'>autotroph<\/span><\/label><\/div>\n<input type='hidden' name='answer_ids[]' class='watu-answer-ids' value='1340' \/><div class='watu-question-choice'><input type='radio' name='answer-284[]' id='answer-id-1340' class='answer answer-6  answerof-284' value='1340' \/>&nbsp;<label for='answer-id-1340' id='answer-label-1340' class=' answer label-6'><span class='answer'>heterotroph<\/span><\/label><\/div>\n<\/div><input type='hidden' id='questionType6' value='radio' class=''><\/div><div class='watu-question' id='question-7'><div class='question-content'><p><span class='watu_num'>7. <\/span>Wie ern\u00e4hren sich Tiere?<\/p>\n<\/div><input type='hidden' name='question_id[]' value='285' \/><div class='watu-questions-wrap '><input type='hidden' name='answer_ids[]' class='watu-answer-ids' value='1341' \/><div class='watu-question-choice'><input type='radio' name='answer-285[]' id='answer-id-1341' class='answer answer-7  answerof-285' value='1341' \/>&nbsp;<label for='answer-id-1341' id='answer-label-1341' class=' answer label-7'><span class='answer'>autotroph<\/span><\/label><\/div>\n<input type='hidden' name='answer_ids[]' class='watu-answer-ids' value='1342' \/><div class='watu-question-choice'><input type='radio' name='answer-285[]' id='answer-id-1342' class='answer answer-7  answerof-285' value='1342' \/>&nbsp;<label for='answer-id-1342' id='answer-label-1342' class=' answer label-7'><span class='answer'>heterotroph<\/span><\/label><\/div>\n<\/div><input type='hidden' id='questionType7' value='radio' class=''><\/div><div class='watu-question' id='question-8'><div class='question-content'><p><span class='watu_num'>8. <\/span>Was stimmt NICHT:<\/p>\n<\/div><input type='hidden' name='question_id[]' value='286' \/><div class='watu-questions-wrap '><input type='hidden' name='answer_ids[]' class='watu-answer-ids' value='1343' \/><div class='watu-question-choice'><input type='radio' name='answer-286[]' id='answer-id-1343' class='answer answer-8  answerof-286' value='1343' \/>&nbsp;<label for='answer-id-1343' id='answer-label-1343' class=' answer label-8'><span class='answer'>Tiere sind heterotroph<\/span><\/label><\/div>\n<input type='hidden' name='answer_ids[]' class='watu-answer-ids' value='1344' \/><div class='watu-question-choice'><input type='radio' name='answer-286[]' id='answer-id-1344' class='answer answer-8  answerof-286' value='1344' \/>&nbsp;<label for='answer-id-1344' id='answer-label-1344' class=' answer label-8'><span class='answer'>Pflanzen sind autotroph<\/span><\/label><\/div>\n<input type='hidden' name='answer_ids[]' class='watu-answer-ids' value='1345' \/><div class='watu-question-choice'><input type='radio' name='answer-286[]' id='answer-id-1345' class='answer answer-8  answerof-286' value='1345' \/>&nbsp;<label for='answer-id-1345' id='answer-label-1345' class=' answer label-8'><span class='answer'>Tiere sind Produzenten<\/span><\/label><\/div>\n<input type='hidden' name='answer_ids[]' class='watu-answer-ids' value='1346' \/><div class='watu-question-choice'><input type='radio' name='answer-286[]' id='answer-id-1346' class='answer answer-8  answerof-286' value='1346' \/>&nbsp;<label for='answer-id-1346' id='answer-label-1346' class=' answer label-8'><span class='answer'>Pflanzen k\u00f6nnen organische Molek\u00fcle selber herstellen<\/span><\/label><\/div>\n<\/div><input type='hidden' id='questionType8' value='radio' class=''><\/div><div class='watu-question' id='question-9'><div class='question-content'><p><span class='watu_num'>9. <\/span>Was ist ATP?<\/p>\n<\/div><input type='hidden' name='question_id[]' value='287' \/><div class='watu-questions-wrap '><input type='hidden' name='answer_ids[]' class='watu-answer-ids' value='3105' \/><div class='watu-question-choice'><input type='checkbox' name='answer-287[]' id='answer-id-3105' class='answer answer-9  answerof-287' value='3105' \/>&nbsp;<label for='answer-id-3105' id='answer-label-3105' class=' answer label-9'><span class='answer'>ein &#8222;zelleigener&#8220; Akku<\/span><\/label><\/div>\n<input type='hidden' name='answer_ids[]' class='watu-answer-ids' value='3106' \/><div class='watu-question-choice'><input type='checkbox' name='answer-287[]' id='answer-id-3106' class='answer answer-9  answerof-287' value='3106' \/>&nbsp;<label for='answer-id-3106' id='answer-label-3106' class=' answer label-9'><span class='answer'>Adenintriphosphat<\/span><\/label><\/div>\n<input type='hidden' name='answer_ids[]' class='watu-answer-ids' value='3107' \/><div class='watu-question-choice'><input type='checkbox' name='answer-287[]' id='answer-id-3107' class='answer answer-9  answerof-287' value='3107' \/>&nbsp;<label for='answer-id-3107' id='answer-label-3107' class=' answer label-9'><span class='answer'>Ein Stoff in den Chloroplasten von Pflanzen<\/span><\/label><\/div>\n<input type='hidden' name='answer_ids[]' class='watu-answer-ids' value='3108' \/><div class='watu-question-choice'><input type='checkbox' name='answer-287[]' id='answer-id-3108' class='answer answer-9  answerof-287' value='3108' \/>&nbsp;<label for='answer-id-3108' id='answer-label-3108' class=' answer label-9'><span class='answer'>Blattgr\u00fcn<\/span><\/label><\/div>\n<\/div><input type='hidden' id='questionType9' value='checkbox' class=''><\/div><div class='watu-question' id='question-10'><div class='question-content'><p><span class='watu_num'>10. <\/span>Welche Aussage stimmt NICHT<\/p>\n<\/div><input type='hidden' name='question_id[]' value='288' \/><div class='watu-questions-wrap '><input type='hidden' name='answer_ids[]' class='watu-answer-ids' value='1351' \/><div class='watu-question-choice'><input type='radio' name='answer-288[]' id='answer-id-1351' class='answer answer-10  answerof-288' value='1351' \/>&nbsp;<label for='answer-id-1351' id='answer-label-1351' class=' answer label-10'><span class='answer'>Glucose ist quasi biochemisch gespeicherte Sonnenenergie<\/span><\/label><\/div>\n<input type='hidden' name='answer_ids[]' class='watu-answer-ids' value='1352' \/><div class='watu-question-choice'><input type='radio' name='answer-288[]' id='answer-id-1352' class='answer answer-10  answerof-288' value='1352' \/>&nbsp;<label for='answer-id-1352' id='answer-label-1352' class=' answer label-10'><span class='answer'>ATP dient in den Zellen als &#8222;Zellakku&#8220;<\/span><\/label><\/div>\n<input type='hidden' name='answer_ids[]' class='watu-answer-ids' value='1353' \/><div class='watu-question-choice'><input type='radio' name='answer-288[]' id='answer-id-1353' class='answer answer-10  answerof-288' value='1353' \/>&nbsp;<label for='answer-id-1353' id='answer-label-1353' class=' answer label-10'><span class='answer'>Pflanzen k\u00f6nnen aus anorganischen Stoffen (CO2, Wasser) organische Stoffe (Zucker) herstellen<\/span><\/label><\/div>\n<input type='hidden' name='answer_ids[]' class='watu-answer-ids' value='1354' \/><div class='watu-question-choice'><input type='radio' name='answer-288[]' id='answer-id-1354' class='answer answer-10  answerof-288' value='1354' \/>&nbsp;<label for='answer-id-1354' id='answer-label-1354' class=' answer label-10'><span class='answer'>Pflanzen ern\u00e4hren sich heterotroph<\/span><\/label><\/div>\n<\/div><input type='hidden' id='questionType10' value='radio' class=''><\/div><div style='display:none' id='question-11'><br \/><div class='question-content'><img src=\"http:\/\/nawi.naturundbildung.at\/wp\/wp-content\/plugins\/watu\/loading.gif\" width=\"16\" height=\"16\" alt=\"Loading ...\" title=\"Loading ...\" \/>&nbsp;Loading &#8230;<\/div><\/div><br \/>\n\t<p>Question <span id='numQ'>1<\/span> of 10<\/p>\n\t\t<input type=\"button\" id=\"next-question\" value=\"Next &gt;\"  \/>\n<input type=\"button\" name=\"action\" onclick=\"Watu.submitResult()\" id=\"action-button\" value=\"Submit\"  class=\"watu-submit-button\" \/>\n<input type=\"hidden\" name=\"no_ajax\" value=\"0\"><input type=\"hidden\" name=\"quiz_id\" value=\"40\" \/>\n<input type=\"hidden\" id=\"watuStartTime\" name=\"start_time\" value=\"2026-05-01 05:29:27\" \/>\n<\/form>\n<\/div>\n<div id=\"watu-loading-result\" style=\"display:none;\">\n\t<p align=\"center\"><img src=\"http:\/\/nawi.naturundbildung.at\/wp\/wp-content\/plugins\/watu\/loading.gif\" width=\"16\" height=\"16\" alt=\"Loading\" title=\"Loading\" \/><\/p>\n<\/div>\t\n<script type=\"text\/javascript\">\nvar exam_id=0;\nvar question_ids='';\nvar watuURL='';\njQuery(function($){\nquestion_ids = \"279,280,281,282,283,284,285,286,287,288\";\nexam_id = 40;\nWatu.exam_id = exam_id;\nWatu.qArr = question_ids.split(',');\nWatu.post_id = 3132;\nWatu.singlePage = '0';\nWatu.hAppID = \"0.27509700 1777613367\";\nwatuURL = \"http:\/\/nawi.naturundbildung.at\/wp\/wp-admin\/admin-ajax.php\";\nWatu.noAlertUnanswered = 0;\n});\n<\/script>\n<p>&nbsp;<\/p>\n","protected":false},"excerpt":{"rendered":"<p>Fotosynthese und Zellatmung sind energetisch gesehen zwei entgegengesetzte Prozesse. Im Gegensatz zur Fotosynthese wo Biomolek\u00fcle als langfristiger Speicher aufgebaut werden, werden diese bei der Zellatmung zur Energiegewinnung abgebaut. Fotosynthese Die Fotosynthese liefert f\u00fcr die aeroben Organismen den notwendigen Sauerstoff. Als aerob bezeichnet man Lebewesen die zum Leben Sauerstoff brauchen. Sie<\/p>\n","protected":false},"author":1,"featured_media":0,"parent":373,"menu_order":0,"comment_status":"closed","ping_status":"closed","template":"","meta":{"ngg_post_thumbnail":0},"aioseo_notices":[],"_links":{"self":[{"href":"http:\/\/nawi.naturundbildung.at\/wp\/index.php?rest_route=\/wp\/v2\/pages\/3132"}],"collection":[{"href":"http:\/\/nawi.naturundbildung.at\/wp\/index.php?rest_route=\/wp\/v2\/pages"}],"about":[{"href":"http:\/\/nawi.naturundbildung.at\/wp\/index.php?rest_route=\/wp\/v2\/types\/page"}],"author":[{"embeddable":true,"href":"http:\/\/nawi.naturundbildung.at\/wp\/index.php?rest_route=\/wp\/v2\/users\/1"}],"replies":[{"embeddable":true,"href":"http:\/\/nawi.naturundbildung.at\/wp\/index.php?rest_route=%2Fwp%2Fv2%2Fcomments&post=3132"}],"version-history":[{"count":4,"href":"http:\/\/nawi.naturundbildung.at\/wp\/index.php?rest_route=\/wp\/v2\/pages\/3132\/revisions"}],"predecessor-version":[{"id":3140,"href":"http:\/\/nawi.naturundbildung.at\/wp\/index.php?rest_route=\/wp\/v2\/pages\/3132\/revisions\/3140"}],"up":[{"embeddable":true,"href":"http:\/\/nawi.naturundbildung.at\/wp\/index.php?rest_route=\/wp\/v2\/pages\/373"}],"wp:attachment":[{"href":"http:\/\/nawi.naturundbildung.at\/wp\/index.php?rest_route=%2Fwp%2Fv2%2Fmedia&parent=3132"}],"curies":[{"name":"wp","href":"https:\/\/api.w.org\/{rel}","templated":true}]}}