{"id":3142,"date":"2018-01-16T19:31:58","date_gmt":"2018-01-16T19:31:58","guid":{"rendered":"http:\/\/nawi.naturundbildung.at\/wp\/?page_id=3142"},"modified":"2018-01-16T19:52:30","modified_gmt":"2018-01-16T19:52:30","slug":"kennzeichen-des-lebens","status":"publish","type":"page","link":"http:\/\/nawi.naturundbildung.at\/wp\/?page_id=3142","title":{"rendered":"KENNZEICHEN DES LEBENS"},"content":{"rendered":"<p>Um Lebewesen von einem Nicht-Lebewesen unterscheiden zu k\u00f6nnen muss man die Merkmale kennen, die alles Lebendige aufwei\u00dfen. Aber diese Kennzeichen m\u00fcssen alle zusammen auftreten, fehlt nur eines dieser Vorzeichen muss es sich nicht 100%ig um ein Lebwesen handeln<\/p>\n<p><strong style=\"font-size: 0.95em;\">1. GESTALT<\/strong><\/p>\n<p>Das erste Kennzeichen eines Lebewesens ist sein K\u00f6rper, sein Aussehen. Doch auch das Unlebendige hat eine Form.<\/p>\n<p>Lebewesen sind aus kompliziert gebauten Bausteinen, den Zellen aufgebaut. Die Grundeinheit des Lebens ist also die Zelle.<\/p>\n<p><strong>2. BEWEGUNG<\/strong><\/p>\n<p>Au\u00dferdem muss ein Lebewesen in der Lage sein einen anderen Ort durch aktive Bewegung Ausfindig machen zu k\u00f6nnen. Auch Pflanzen bewegen sich in die Richtung der Sonne, wie z.B die Sonnenblume, sie blickt stehts zur Sonne. Daher ist auch die Bewegung ein Merkmal des lebendigen.<\/p>\n<p><strong>3. STOFFWECHSEL<\/strong><\/p>\n<p>Ein Lebewesen muss sich ern\u00e4hren oder \u00fcber andere Stoffwechselwege Energie aus seiner Umgebung gewinnen. Ern\u00e4hrung findet nur durch organische Verbindungen statt, welche von Pflanzen bei der Fotosynthese aus anorganischen Stoffen hergestellt werden.<\/p>\n<p>Stoffwechsel hat die Komponenten Ern\u00e4hrung, Atmung und Ausscheidung. Auch Schwefelbakterien betreiben Stoffwechsel<\/p>\n<p>Beim Stoffwechsel werden Stoffe aufgenommen, umgewandelt und frei gesetzt. Das Pantoffeltierchen ist ein top Beispiel f\u00fcr ein Lebwesen. Man kann unter dem Mikroskop sehr gut die einzelnen Merkmale &nbsp;von Lebewesen erkennen. So sch\u00fctzt das Pantoffeltier z.B wie jedes andere Lebwesen seine lebenswichtigen Funktionen. Genauso wie Pflanzen ihren Wasserhaushalt regulieren.<\/p>\n<p><strong>4. REIZBARKEIT<\/strong><\/p>\n<p>Als Reizbarkeit bezeichnet man in der Biologie die Eigenschaft von Lebewesen, auf Einwirkungen der Umwelt (Umweltreize) mit bestimmten Reaktionen zu antworten. Ein gutes Beispiel daf\u00fcr ist die Mimose die sich bei einer Ber\u00fchrung mit den Bl\u00e4ttern zusammenzieht(schlie\u00dft).<\/p>\n<p><strong>5. FORTPFLANZUNG<\/strong><\/p>\n<p>Die Fortpflanzung ist ein weiterer wichtiger Punkt. Da die Vermehrung und das erh\u00f6hen der Individuen enorm wichtig f\u00fcr das \u00dcberleben und die Anpassung ist. Ein gutes Beispiel daf\u00fcr ist der Rinderbandwurm der sich h\u00e4ufiger als viele andere Lebewesen fortpflanzen muss um die Existenz der Regenbandw\u00fcrmer zu sichern<\/p>\n<p><strong>6. WACHSTUM\/ENTWICKLUNG<\/strong><\/p>\n<p>Bei einem Schmetterling kann man sehr gut ein weiteres Kennzeichen vom Lebendigen beobachten: die Entwicklung. Dabei \u00e4ndert sich das Aussehen(k\u00f6rper) des Lebwesen<\/p>\n<p>Das letzte Merkmal ist die Anpassung an die Umwelt. Es geht darum dass sich die Lebwesen an ihre Umgebung anpassen. Wie zum Beispiel der Kaktus. Dieser musste daf\u00fcr sorgen dass er in einer trocken Umwelt \u00fcberleben kann, dies schafft er n\u00e4mlich nur durch Anpassung.<\/p>\n<p>Wachstum beruht auf dem Vorgang der Zellteilung (Mitose).<\/p>\n<p>Wir Menschen wachsen in bestimmten Phasen unserer Entwicklung, wobei manche K\u00f6rperteile zeitlebens wachsen (z.B. die Ohren). Dennoch erneuern sich unsere Zellen st\u00e4ndig, so keine unsere Zellen (Ausnahme Nervenzellen) \u00e4lter als 7 Jahre.<\/p>\n<p>Es gibt auch Tiere, die zeitlebens wachen, z.B. die Mondfische.<\/p>\n<p><a href=\"http:\/\/nawi.naturundbildung.at\/wp\/?s=viren\">Viren<\/a> sind keine Lebewesen. Sie zeigen die Kennzeichen des Lebens nicht oder nur eingeschr\u00e4nkt. Da sie aber DNA oder RNA besitzen, vermutet man, dass sich Viren durch extreme Anpassung an ihr Dasein als Krankheitserreger immer mehr angepasst und ihre Form vereinfacht haben (da ihre Wirtszellen immer mehr Aufgaben ihres Stoffwechsels \u00fcbernahmen) bis nur noch ihre heute Form: Eiwei\u00dfh\u00fclle und Erbsubstanz \u00fcbrig blieb.<\/p>\n<p>Quellen:<\/p>\n<p><a href=\"https:\/\/de.wikipedia.org\/wiki\/Lebewesen%20\/\">https:\/\/de.wikipedia.org\/wiki\/Lebewesen<\/a><\/p>\n<p>Biologie-lexikon:&nbsp;<a href=\"https:\/\/www.lernhelfer.de\/schuelerlexikon\/biologie-abitur\/artikel\/kennzeichen-des-lebendigen\">http:\/\/www.biologie-lexikon.de\/lexikon\/leben.php \/ <\/a><\/p>\n<p>Lernhelfer: <a href=\"https:\/\/www.lernhelfer.de\/schuelerlexikon\/biologie-abitur\/artikel\/kennzeichen-des-lebendigen\">https:\/\/www.lernhelfer.de\/schuelerlexikon\/biologie-abitur\/artikel\/kennzeichen-des-lebendigen<\/a><\/p>\n<p>Stefan Marjanov, 1HKB, 2018<\/p>\n<div id=\"attachment_3144\" style=\"width: 310px\" class=\"wp-caption alignnone\"><a href=\"http:\/\/nawi.naturundbildung.at\/wp\/wp-content\/uploads\/2018\/01\/Araneus_diadematus-Gartenkreuzspinne-Portrait-1.jpg\"><img aria-describedby=\"caption-attachment-3144\" loading=\"lazy\" class=\"wp-image-3144 size-medium\" src=\"http:\/\/nawi.naturundbildung.at\/wp\/wp-content\/uploads\/2018\/01\/Araneus_diadematus-Gartenkreuzspinne-Portrait-1-300x200.jpg\" alt=\"\" width=\"300\" height=\"200\" srcset=\"http:\/\/nawi.naturundbildung.at\/wp\/wp-content\/uploads\/2018\/01\/Araneus_diadematus-Gartenkreuzspinne-Portrait-1-300x200.jpg 300w, http:\/\/nawi.naturundbildung.at\/wp\/wp-content\/uploads\/2018\/01\/Araneus_diadematus-Gartenkreuzspinne-Portrait-1-768x512.jpg 768w, http:\/\/nawi.naturundbildung.at\/wp\/wp-content\/uploads\/2018\/01\/Araneus_diadematus-Gartenkreuzspinne-Portrait-1-1024x683.jpg 1024w, http:\/\/nawi.naturundbildung.at\/wp\/wp-content\/uploads\/2018\/01\/Araneus_diadematus-Gartenkreuzspinne-Portrait-1-450x300.jpg 450w\" sizes=\"(max-width: 300px) 100vw, 300px\" \/><\/a><p id=\"caption-attachment-3144\" class=\"wp-caption-text\">Foto: Geroldinger<\/p><\/div>\n<div id=\"watu_quiz\" class=\"quiz-area \">\n<form action=\"\" method=\"post\" class=\"quiz-form \" id=\"quiz-41\" >\n<div class='watu-question' id='question-1'><div class='question-content'><p><span class='watu_num'>1. <\/span>Was ist der Grundbaustein aller Lebewesen?<\/p>\n<\/div><input type='hidden' name='question_id[]' value='289' \/><div class='watu-questions-wrap '><input type='hidden' name='answer_ids[]' class='watu-answer-ids' value='1355' \/><div class='watu-question-choice'><input type='radio' name='answer-289[]' id='answer-id-1355' class='answer answer-1  answerof-289' value='1355' \/>&nbsp;<label for='answer-id-1355' id='answer-label-1355' class=' answer label-1'><span class='answer'>Die Zelle<\/span><\/label><\/div>\n<input type='hidden' name='answer_ids[]' class='watu-answer-ids' value='1356' \/><div class='watu-question-choice'><input type='radio' name='answer-289[]' id='answer-id-1356' class='answer answer-1  answerof-289' value='1356' \/>&nbsp;<label for='answer-id-1356' id='answer-label-1356' class=' answer label-1'><span class='answer'>Der Zellkern<\/span><\/label><\/div>\n<input type='hidden' name='answer_ids[]' class='watu-answer-ids' value='1357' \/><div class='watu-question-choice'><input type='radio' name='answer-289[]' id='answer-id-1357' class='answer answer-1  answerof-289' value='1357' \/>&nbsp;<label for='answer-id-1357' id='answer-label-1357' class=' answer label-1'><span class='answer'>Mitochondrien<\/span><\/label><\/div>\n<input type='hidden' name='answer_ids[]' class='watu-answer-ids' value='1358' \/><div class='watu-question-choice'><input type='radio' name='answer-289[]' id='answer-id-1358' class='answer answer-1  answerof-289' value='1358' \/>&nbsp;<label for='answer-id-1358' id='answer-label-1358' class=' answer label-1'><span class='answer'>Glucose<\/span><\/label><\/div>\n<\/div><input type='hidden' id='questionType1' value='radio' class=''><\/div><div class='watu-question' id='question-2'><div class='question-content'><p><span class='watu_num'>2. <\/span>Sind Pflanzen Lebewesen?<\/p>\n<\/div><input type='hidden' name='question_id[]' value='290' \/><div class='watu-questions-wrap '><input type='hidden' name='answer_ids[]' class='watu-answer-ids' value='4466' \/><div class='watu-question-choice'><input type='radio' name='answer-290[]' id='answer-id-4466' class='answer answer-2  answerof-290' value='4466' \/>&nbsp;<label for='answer-id-4466' id='answer-label-4466' class=' answer label-2'><span class='answer'>Ja, sie zeigen alle Kennzeichen des Lebens<\/span><\/label><\/div>\n<input type='hidden' name='answer_ids[]' class='watu-answer-ids' value='4467' \/><div class='watu-question-choice'><input type='radio' name='answer-290[]' id='answer-id-4467' class='answer answer-2  answerof-290' value='4467' \/>&nbsp;<label for='answer-id-4467' id='answer-label-4467' class=' answer label-2'><span class='answer'>Nein, sie k\u00f6nnen sich ja nicht bewegen!<\/span><\/label><\/div>\n<\/div><input type='hidden' id='questionType2' value='radio' class=''><\/div><div class='watu-question' id='question-3'><div class='question-content'><p><span class='watu_num'>3. <\/span>Pflanzen zeigen Bewegung bei(m)&#8230;<\/p>\n<\/div><input type='hidden' name='question_id[]' value='291' \/><div class='watu-questions-wrap '><input type='hidden' name='answer_ids[]' class='watu-answer-ids' value='4468' \/><div class='watu-question-choice'><input type='checkbox' name='answer-291[]' id='answer-id-4468' class='answer answer-3  answerof-291' value='4468' \/>&nbsp;<label for='answer-id-4468' id='answer-label-4468' class=' answer label-3'><span class='answer'>Wachsen<\/span><\/label><\/div>\n<input type='hidden' name='answer_ids[]' class='watu-answer-ids' value='4469' \/><div class='watu-question-choice'><input type='checkbox' name='answer-291[]' id='answer-id-4469' class='answer answer-3  answerof-291' value='4469' \/>&nbsp;<label for='answer-id-4469' id='answer-label-4469' class=' answer label-3'><span class='answer'>Drehen ihre Bl\u00e4tter zu Sonne<\/span><\/label><\/div>\n<input type='hidden' name='answer_ids[]' class='watu-answer-ids' value='4470' \/><div class='watu-question-choice'><input type='checkbox' name='answer-291[]' id='answer-id-4470' class='answer answer-3  answerof-291' value='4470' \/>&nbsp;<label for='answer-id-4470' id='answer-label-4470' class=' answer label-3'><span class='answer'>Bl\u00f6dsinn! Pflanzen bewegen sich nicht!<\/span><\/label><\/div>\n<input type='hidden' name='answer_ids[]' class='watu-answer-ids' value='4471' \/><div class='watu-question-choice'><input type='checkbox' name='answer-291[]' id='answer-id-4471' class='answer answer-3  answerof-291' value='4471' \/>&nbsp;<label for='answer-id-4471' id='answer-label-4471' class=' answer label-3'><span class='answer'>\u00d6ffnen und Schlie\u00dfen der Bl\u00fcte<\/span><\/label><\/div>\n<\/div><input type='hidden' id='questionType3' value='checkbox' class=''><\/div><div class='watu-question' id='question-4'><div class='question-content'><p><span class='watu_num'>4. <\/span>Zum Stoffwechsel geh\u00f6ren:<\/p>\n<\/div><input type='hidden' name='question_id[]' value='292' \/><div class='watu-questions-wrap '><input type='hidden' name='answer_ids[]' class='watu-answer-ids' value='1369' \/><div class='watu-question-choice'><input type='checkbox' name='answer-292[]' id='answer-id-1369' class='answer answer-4  answerof-292' value='1369' \/>&nbsp;<label for='answer-id-1369' id='answer-label-1369' class=' answer label-4'><span class='answer'>Atmung<\/span><\/label><\/div>\n<input type='hidden' name='answer_ids[]' class='watu-answer-ids' value='1370' \/><div class='watu-question-choice'><input type='checkbox' name='answer-292[]' id='answer-id-1370' class='answer answer-4  answerof-292' value='1370' \/>&nbsp;<label for='answer-id-1370' id='answer-label-1370' class=' answer label-4'><span class='answer'>Ausscheidung<\/span><\/label><\/div>\n<input type='hidden' name='answer_ids[]' class='watu-answer-ids' value='1371' \/><div class='watu-question-choice'><input type='checkbox' name='answer-292[]' id='answer-id-1371' class='answer answer-4  answerof-292' value='1371' \/>&nbsp;<label for='answer-id-1371' id='answer-label-1371' class=' answer label-4'><span class='answer'>Ern\u00e4hrung<\/span><\/label><\/div>\n<\/div><input type='hidden' id='questionType4' value='checkbox' class=''><\/div><div class='watu-question' id='question-5'><div class='question-content'><p><span class='watu_num'>5. <\/span>Bei welchem Stoffwechsel-Vorgang werden aus anorganischen Stoffen organische Biomolek\u00fcle hergestellt?<\/p>\n<\/div><input type='hidden' name='question_id[]' value='293' \/><div class='watu-questions-wrap '><input type='hidden' name='answer_ids[]' class='watu-answer-ids' value='1372' \/><div class='watu-question-choice'><input type='radio' name='answer-293[]' id='answer-id-1372' class='answer answer-5  answerof-293' value='1372' \/>&nbsp;<label for='answer-id-1372' id='answer-label-1372' class=' answer label-5'><span class='answer'>Atmung<\/span><\/label><\/div>\n<input type='hidden' name='answer_ids[]' class='watu-answer-ids' value='1373' \/><div class='watu-question-choice'><input type='radio' name='answer-293[]' id='answer-id-1373' class='answer answer-5  answerof-293' value='1373' \/>&nbsp;<label for='answer-id-1373' id='answer-label-1373' class=' answer label-5'><span class='answer'>Ern\u00e4hrung<\/span><\/label><\/div>\n<input type='hidden' name='answer_ids[]' class='watu-answer-ids' value='1374' \/><div class='watu-question-choice'><input type='radio' name='answer-293[]' id='answer-id-1374' class='answer answer-5  answerof-293' value='1374' \/>&nbsp;<label for='answer-id-1374' id='answer-label-1374' class=' answer label-5'><span class='answer'>Ausscheidung<\/span><\/label><\/div>\n<input type='hidden' name='answer_ids[]' class='watu-answer-ids' value='1375' \/><div class='watu-question-choice'><input type='radio' name='answer-293[]' id='answer-id-1375' class='answer answer-5  answerof-293' value='1375' \/>&nbsp;<label for='answer-id-1375' id='answer-label-1375' class=' answer label-5'><span class='answer'>Fotosynthese<\/span><\/label><\/div>\n<\/div><input type='hidden' id='questionType5' value='radio' class=''><\/div><div class='watu-question' id='question-6'><div class='question-content'><p><span class='watu_num'>6. <\/span>Wachstum beruht auf dem Vorgang der<\/p>\n<\/div><input type='hidden' name='question_id[]' value='294' \/><div class='watu-questions-wrap '><input type='hidden' name='answer_ids[]' class='watu-answer-ids' value='1376' \/><div class='watu-question-choice'><input type='radio' name='answer-294[]' id='answer-id-1376' class='answer answer-6  answerof-294' value='1376' \/>&nbsp;<label for='answer-id-1376' id='answer-label-1376' class=' answer label-6'><span class='answer'>Zellteilung<\/span><\/label><\/div>\n<input type='hidden' name='answer_ids[]' class='watu-answer-ids' value='1377' \/><div class='watu-question-choice'><input type='radio' name='answer-294[]' id='answer-id-1377' class='answer answer-6  answerof-294' value='1377' \/>&nbsp;<label for='answer-id-1377' id='answer-label-1377' class=' answer label-6'><span class='answer'>Zellverl\u00e4ngerung<\/span><\/label><\/div>\n<\/div><input type='hidden' id='questionType6' value='radio' class=''><\/div><div class='watu-question' id='question-7'><div class='question-content'><p><span class='watu_num'>7. <\/span>Sind Pflanzen in der Lage ihre Umgebung wahrzunehmen?<\/p>\n<\/div><input type='hidden' name='question_id[]' value='295' \/><div class='watu-questions-wrap '><input type='hidden' name='answer_ids[]' class='watu-answer-ids' value='1378' \/><div class='watu-question-choice'><input type='checkbox' name='answer-295[]' id='answer-id-1378' class='answer answer-7  answerof-295' value='1378' \/>&nbsp;<label for='answer-id-1378' id='answer-label-1378' class=' answer label-7'><span class='answer'>Nein, aber sonst zeigen sie alle Kennzeichen des Lebens<\/span><\/label><\/div>\n<input type='hidden' name='answer_ids[]' class='watu-answer-ids' value='1379' \/><div class='watu-question-choice'><input type='checkbox' name='answer-295[]' id='answer-id-1379' class='answer answer-7  answerof-295' value='1379' \/>&nbsp;<label for='answer-id-1379' id='answer-label-1379' class=' answer label-7'><span class='answer'>ja, Wahrnehmung ist ein Kennzeichen des Lebens und Pflanzen sind Lebewesen<\/span><\/label><\/div>\n<input type='hidden' name='answer_ids[]' class='watu-answer-ids' value='1380' \/><div class='watu-question-choice'><input type='checkbox' name='answer-295[]' id='answer-id-1380' class='answer answer-7  answerof-295' value='1380' \/>&nbsp;<label for='answer-id-1380' id='answer-label-1380' class=' answer label-7'><span class='answer'>ja, sonst w\u00fcrden sie ihre Bl\u00e4tter nicht zur Sonne drehen!<\/span><\/label><\/div>\n<\/div><input type='hidden' id='questionType7' value='checkbox' class=''><\/div><div style='display:none' id='question-8'><br \/><div class='question-content'><img src=\"http:\/\/nawi.naturundbildung.at\/wp\/wp-content\/plugins\/watu\/loading.gif\" width=\"16\" height=\"16\" alt=\"Loading ...\" title=\"Loading ...\" \/>&nbsp;Loading &#8230;<\/div><\/div><br \/>\n\t<p>Question <span id='numQ'>1<\/span> of 7<\/p>\n\t\t<input type=\"button\" id=\"next-question\" value=\"Next &gt;\"  \/>\n<input type=\"button\" name=\"action\" onclick=\"Watu.submitResult()\" id=\"action-button\" value=\"Submit\"  class=\"watu-submit-button\" \/>\n<input type=\"hidden\" name=\"no_ajax\" value=\"0\"><input type=\"hidden\" name=\"quiz_id\" value=\"41\" \/>\n<input type=\"hidden\" id=\"watuStartTime\" name=\"start_time\" value=\"2026-05-01 20:27:35\" \/>\n<\/form>\n<\/div>\n<div id=\"watu-loading-result\" style=\"display:none;\">\n\t<p align=\"center\"><img src=\"http:\/\/nawi.naturundbildung.at\/wp\/wp-content\/plugins\/watu\/loading.gif\" width=\"16\" height=\"16\" alt=\"Loading\" title=\"Loading\" \/><\/p>\n<\/div>\t\n<script type=\"text\/javascript\">\nvar exam_id=0;\nvar question_ids='';\nvar watuURL='';\njQuery(function($){\nquestion_ids = \"289,290,291,292,293,294,295\";\nexam_id = 41;\nWatu.exam_id = exam_id;\nWatu.qArr = question_ids.split(',');\nWatu.post_id = 3142;\nWatu.singlePage = '0';\nWatu.hAppID = \"0.51139800 1777667255\";\nwatuURL = \"http:\/\/nawi.naturundbildung.at\/wp\/wp-admin\/admin-ajax.php\";\nWatu.noAlertUnanswered = 0;\n});\n<\/script>\n","protected":false},"excerpt":{"rendered":"<p>Um Lebewesen von einem Nicht-Lebewesen unterscheiden zu k\u00f6nnen muss man die Merkmale kennen, die alles Lebendige aufwei\u00dfen. Aber diese Kennzeichen m\u00fcssen alle zusammen auftreten, fehlt nur eines dieser Vorzeichen muss es sich nicht 100%ig um ein Lebwesen handeln 1. GESTALT Das erste Kennzeichen eines Lebewesens ist sein K\u00f6rper, sein Aussehen.<\/p>\n","protected":false},"author":1,"featured_media":3144,"parent":373,"menu_order":0,"comment_status":"closed","ping_status":"closed","template":"","meta":{"ngg_post_thumbnail":0},"aioseo_notices":[],"_links":{"self":[{"href":"http:\/\/nawi.naturundbildung.at\/wp\/index.php?rest_route=\/wp\/v2\/pages\/3142"}],"collection":[{"href":"http:\/\/nawi.naturundbildung.at\/wp\/index.php?rest_route=\/wp\/v2\/pages"}],"about":[{"href":"http:\/\/nawi.naturundbildung.at\/wp\/index.php?rest_route=\/wp\/v2\/types\/page"}],"author":[{"embeddable":true,"href":"http:\/\/nawi.naturundbildung.at\/wp\/index.php?rest_route=\/wp\/v2\/users\/1"}],"replies":[{"embeddable":true,"href":"http:\/\/nawi.naturundbildung.at\/wp\/index.php?rest_route=%2Fwp%2Fv2%2Fcomments&post=3142"}],"version-history":[{"count":12,"href":"http:\/\/nawi.naturundbildung.at\/wp\/index.php?rest_route=\/wp\/v2\/pages\/3142\/revisions"}],"predecessor-version":[{"id":3155,"href":"http:\/\/nawi.naturundbildung.at\/wp\/index.php?rest_route=\/wp\/v2\/pages\/3142\/revisions\/3155"}],"up":[{"embeddable":true,"href":"http:\/\/nawi.naturundbildung.at\/wp\/index.php?rest_route=\/wp\/v2\/pages\/373"}],"wp:featuredmedia":[{"embeddable":true,"href":"http:\/\/nawi.naturundbildung.at\/wp\/index.php?rest_route=\/wp\/v2\/media\/3144"}],"wp:attachment":[{"href":"http:\/\/nawi.naturundbildung.at\/wp\/index.php?rest_route=%2Fwp%2Fv2%2Fmedia&parent=3142"}],"curies":[{"name":"wp","href":"https:\/\/api.w.org\/{rel}","templated":true}]}}