{"id":319,"date":"2014-01-08T00:08:21","date_gmt":"2014-01-08T00:08:21","guid":{"rendered":"http:\/\/nawi.naturundbildung.at\/wp\/?page_id=319"},"modified":"2014-06-16T07:57:14","modified_gmt":"2014-06-16T07:57:14","slug":"versuch-verseifen-von-fetten","status":"publish","type":"page","link":"http:\/\/nawi.naturundbildung.at\/wp\/?page_id=319","title":{"rendered":"Versuch Verseifen von Fetten"},"content":{"rendered":"<p>Basen wie KOH oder NaOH haben die Eigenschaft mit Fetten und \u00d6len Seifen zu bilden. Seifen sind demnach die Natrium bzw. die Kalisalze der Fetts\u00e4uren.<\/p>\n<p>Die mit dem Glycerin veresterten Fetts\u00e4uren werden abgespalten und reagieren mit dem Metallkation. Das Glycerin bleibt bei den hochwertigen Seifen, wie den Seifen (Leimseifen)\u00a0in dem Versuch erhalten.<\/p>\n<p>In Gesch\u00e4ften erh\u00e4lt man meist Kernseifen. Diese wurden fr\u00fcher, besonders in Notzeiten auch selber hergestellt. Als Fette dienten dabei minderwertige Fette (z.B. Talg), die Lauge wurde aus Asche gewonnen und hatte einen unbekannten pH Wert. Der Seifenleim wurde nun also aufgekocht und dann mit viel Salz ausgesalzt. \u00dcber Nacht setzt sich ein Seifenkern ab. Noch zwei mal wird aufgekocht und ausgesalzen und am Ende bleibt ein fester, wei\u00dfer Kern aus Seife \u00fcber (Kernseife) der auf der Unterlaug schwimmt, in der auch das Glycerin ist. Die Unterlauge konnte man an die Industrie weiter verkaufen (Glycerin- Sprengstoffherstellung).<\/p>\n<h5>Anleitung zum Herstellen von Seife (Oliven\u00f6l-Raps\u00f6lseife<\/h5>\n<p>Was man daf\u00fcr ben\u00f6tigt:<\/p>\n<ul>\n<li>Alu freie\u00a0Kocht\u00f6pfe<\/li>\n<li>Aufgeschnittene Tetrapaks, Silikon-Backformen oder Pringelsdosen als\u00a0Seifenform<\/li>\n<li>Kochl\u00f6ffel<\/li>\n<li>\u00a0Schutzbrille und Handschuhe!<\/li>\n<li>Grammgenaue Waage<\/li>\n<li>Oliven\u00f6l, Raps\u00f6l<\/li>\n<li>Duft je nach Geschmack<\/li>\n<li>NaOH<\/li>\n<li>Destilliertes Wasser oder Regenwasser<\/li>\n<\/ul>\n<p>Utensilien vorbereiten, Schutzbrille und Handschuhe anziehen und f\u00fcr Bel\u00fcftung sorgen<\/p>\n<p>\u00d6le genau abwiegen und ben\u00f6tigte Menge NaOH ausrechnen, z.B. Hier: <a href=\"http:\/\/naturseife.com\/Seifenrechner\/default.htm\">http:\/\/naturseife.com\/Seifenrechner\/default.htm<\/a><\/p>\n<ul>\n<li>500g Oliven\u00f6l und 500g Raps\u00f6l in einen\u00a0gro\u00dfen Topf gie\u00dfen<\/li>\n<li>In einem\u00a0Becher 126g NHOH einf\u00fcllen<\/li>\n<li>335g destilliertes Wasser in einen weiteren\u00a0Topf gie\u00dfen<\/li>\n<li>Danach wird das Destilliertes Wasser mit NHOH vermischt und vorsichtig umr\u00fchren.<\/li>\n<\/ul>\n<p>Vorsicht! Immer erst Wasser, dann Lauge oder S\u00e4ure zugeben.<\/p>\n<p>MERKE: ERST DAS WASSER; DANN DIE LAUGE; WEIL SONST SPRITZT ES DIR INS AUGE!!!<\/p>\n<ul>\n<li>Natronlauge\u00a0wird mit dem\u00d6lgemisch\u00a0 gut vermischt, schneller geht es \u00a0mit einem Mixer.<\/li>\n<li>Zuletzt\u00a0kann der jeweilige Duftgeschmack in die Mischung dazugegeben werden.<\/li>\n<li>Die Seife in die vorbereitete Form (aufgeschnittenerTetrapak, \u00a0Pringelsdose,&#8230;) umf\u00fcllen und mit T\u00fcchern warm halten und ca.\u00a0\u00a024 Stunden\u00a0stehen lassen damit sie fest wird. Die Seife kann nun in handliche St\u00fccke geschnitten werden.<\/li>\n<li>Anschlie\u00dfend noch mindestens3 Wochen reifen lassen<\/li>\n<\/ul>\n<p><strong>WICHTIG: W\u00e4hrend des ganzen Vorgangs, also bis die Seife in der Form ist, Schutzbrille und Handschuhe verwenden!<\/strong><\/p>\n\r\n\t\t<style type='text\/css'>\r\n\t\t\t#gallery-1 {\r\n\t\t\t\tmargin: auto;\r\n\t\t\t}\r\n\t\t\t#gallery-1 .gallery-item {\r\n\t\t\t\tfloat: left;\r\n\t\t\t\tmargin-top: 10px;\r\n\t\t\t\ttext-align: center;\r\n\t\t\t\twidth: 33%;\r\n\t\t\t}\r\n\t\t\t#gallery-1 img {\r\n\t\t\t\tborder: 2px solid #cfcfcf;\r\n\t\t\t}\r\n\t\t\t#gallery-1 .gallery-caption {\r\n\t\t\t\tmargin-left: 0;\r\n\t\t\t}\r\n\t\t<\/style>\r\n\t\t<!-- see gallery_shortcode() in wp-includes\/media.php -->\n\t\t<div id='gallery-1' class='gallery galleryid-319 gallery-columns-3 gallery-size-thumbnail gallery1'><script type=\"text\/javascript\">\r\n\/\/ <![CDATA[\r\n\tjQuery(document).ready(function () {\r\n\t\tjQuery(\".gallery1 a\").attr(\"rel\",\"gallery1\");\t\r\n\t\tjQuery('a[rel=\"gallery1\"]').colorbox({maxWidth:\"95%\", maxHeight:\"95%\",title: function(){ return jQuery(this).children().attr(\"alt\"); }, });\r\n\t});\r\n\/\/ ]]>\r\n<\/script>\n<dl class=\"gallery-item\">\n<dt class=\"gallery-icon\">\r\n<a href=\"http:\/\/nawi.naturundbildung.at\/wp\/wp-content\/uploads\/2014\/01\/seife-2fka.jpg\" title=\"Seife-2FKA\" rel=\"gallery1\"><img src=\"http:\/\/nawi.naturundbildung.at\/wp\/wp-content\/uploads\/2014\/01\/seife-2fka-150x150.jpg\" width=\"150\" height=\"150\" alt=\"Seife-2FKA\" \/><\/a>\r\n<\/dt><dd class=\"gallery-caption\" id=\"caption311\"><span class=\"imagecaption\">Seife-2FKA<\/span><br \/>\n<span class=\"imagedescription\">Seife-2FKA<\/span><br \/>\n<\/dd><\/dl><dl class=\"gallery-item\">\n<dt class=\"gallery-icon\">\r\n<a href=\"http:\/\/nawi.naturundbildung.at\/wp\/wp-content\/uploads\/2014\/01\/seife-2fka-2.jpg\" title=\"Seife-2FKA-2\" rel=\"gallery1\"><img src=\"http:\/\/nawi.naturundbildung.at\/wp\/wp-content\/uploads\/2014\/01\/seife-2fka-2-150x150.jpg\" width=\"150\" height=\"150\" alt=\"Seife-2FKA-2\" \/><\/a>\r\n<\/dt><dd class=\"gallery-caption\" id=\"caption312\"><span class=\"imagecaption\">Seife-2FKA-2<\/span><br \/>\n<span class=\"imagedescription\">Seife-2FKA-2<\/span><br \/>\n<\/dd><\/dl>\r\n\t\t\t<br style='clear: both' \/>\r\n\t\t<\/div>\n\n<p>Bericht von Larlhen Biag, 2FKA, 2012<\/p>\n<p><img title=\"gallery ids=&quot;311,312&quot;\" src=\"http:\/\/nawi.naturundbildung.at\/wp\/wp-includes\/js\/tinymce\/plugins\/wpgallery\/img\/t.gif\" alt=\"\" \/><\/p>\n<p>Sch\u00fcler\/innen der 1HMB, der 2FKA,, der 3HIA der HLMW9 zeichneten Versuchsprotokolle von der Seifenherstellung. Eine Anleitung zum Seifen machen in Bildern!<\/p>\n<p><img title=\"gallery ids=&quot;313,314,315,316&quot;\" src=\"http:\/\/nawi.naturundbildung.at\/wp\/wp-includes\/js\/tinymce\/plugins\/wpgallery\/img\/t.gif\" alt=\"\" \/><\/p>\n\r\n\t\t<style type='text\/css'>\r\n\t\t\t#gallery-2 {\r\n\t\t\t\tmargin: auto;\r\n\t\t\t}\r\n\t\t\t#gallery-2 .gallery-item {\r\n\t\t\t\tfloat: left;\r\n\t\t\t\tmargin-top: 10px;\r\n\t\t\t\ttext-align: center;\r\n\t\t\t\twidth: 33%;\r\n\t\t\t}\r\n\t\t\t#gallery-2 img {\r\n\t\t\t\tborder: 2px solid #cfcfcf;\r\n\t\t\t}\r\n\t\t\t#gallery-2 .gallery-caption {\r\n\t\t\t\tmargin-left: 0;\r\n\t\t\t}\r\n\t\t<\/style>\r\n\t\t<!-- see gallery_shortcode() in wp-includes\/media.php -->\n\t\t<div id='gallery-2' class='gallery galleryid-319 gallery-columns-3 gallery-size-thumbnail gallery1'><script type=\"text\/javascript\">\r\n\/\/ <![CDATA[\r\n\tjQuery(document).ready(function () {\r\n\t\tjQuery(\".gallery1 a\").attr(\"rel\",\"gallery1\");\t\r\n\t\tjQuery('a[rel=\"gallery1\"]').colorbox({maxWidth:\"95%\", maxHeight:\"95%\",title: function(){ return jQuery(this).children().attr(\"alt\"); }, });\r\n\t});\r\n\/\/ ]]>\r\n<\/script>\n<dl class=\"gallery-item\">\n<dt class=\"gallery-icon\">\r\n<a href=\"http:\/\/nawi.naturundbildung.at\/wp\/wp-content\/uploads\/2014\/01\/Comic_Seife-1-001.jpg\" title=\"\" rel=\"gallery1\"><img src=\"http:\/\/nawi.naturundbildung.at\/wp\/wp-content\/uploads\/2014\/01\/Comic_Seife-1-001-150x150.jpg\" width=\"150\" height=\"150\" alt=\"\" \/><\/a>\r\n<\/dt><\/dl><dl class=\"gallery-item\">\n<dt class=\"gallery-icon\">\r\n<a href=\"http:\/\/nawi.naturundbildung.at\/wp\/wp-content\/uploads\/2014\/01\/Comic_Seife-2-001.jpg\" title=\"Comic-Seife-1HMB\" rel=\"gallery1\"><img src=\"http:\/\/nawi.naturundbildung.at\/wp\/wp-content\/uploads\/2014\/01\/Comic_Seife-2-001-150x150.jpg\" width=\"150\" height=\"150\" alt=\"Comic_Seife-1HMB\" \/><\/a>\r\n<\/dt><dd class=\"gallery-caption\" id=\"caption314\"><span class=\"imagecaption\">Comic-Seife-1HMB<\/span><br \/>\n<span class=\"imagedescription\">Comic-Seife-1HMB<\/span><br \/>\n<\/dd><\/dl><dl class=\"gallery-item\">\n<dt class=\"gallery-icon\">\r\n<a href=\"http:\/\/nawi.naturundbildung.at\/wp\/wp-content\/uploads\/2014\/01\/Versuch-Seife-3HIA-001.jpg\" title=\"Versuch-Seife-3HIA\" rel=\"gallery1\"><img src=\"http:\/\/nawi.naturundbildung.at\/wp\/wp-content\/uploads\/2014\/01\/Versuch-Seife-3HIA-001-150x150.jpg\" width=\"150\" height=\"150\" alt=\"Versuch-Seife-3HIA\" \/><\/a>\r\n<\/dt><dd class=\"gallery-caption\" id=\"caption316\"><span class=\"imagecaption\">Versuch-Seife-3HIA<\/span><br \/>\n<span class=\"imagedescription\">Versuch-Seife-3HIA<\/span><br \/>\n<\/dd><\/dl><br style=\"clear: both\" \/><dl class=\"gallery-item\">\n<dt class=\"gallery-icon\">\r\n<a href=\"http:\/\/nawi.naturundbildung.at\/wp\/wp-content\/uploads\/2014\/01\/comic-biag-marina-deana.jpg\" title=\"Comic_Seife-1HMB\" rel=\"gallery1\"><img src=\"http:\/\/nawi.naturundbildung.at\/wp\/wp-content\/uploads\/2014\/01\/comic-biag-marina-deana-150x150.jpg\" width=\"150\" height=\"150\" alt=\"Comic_Seife-1HMB\" \/><\/a>\r\n<\/dt><dd class=\"gallery-caption\" id=\"caption315\"><span class=\"imagecaption\">Comic_Seife-1HMB<\/span><br \/>\n<span class=\"imagedescription\">Comic_Seife-1HMB<\/span><br \/>\n<\/dd><\/dl>\r\n\t\t\t<br style='clear: both' \/>\r\n\t\t<\/div>\n\n<p>Comic der 3HIA: Barbara Weichart, Elena Sirakova, Theresa Scholz<\/p>\n<p>Comic 2FKA: Larlhen Biag, Marina Petra\u0161kovic, Deana Mitrovic<\/p>\n<p>Comic 1HMB: Benjamin \u00d6kmen, Sarah Mpunga, Julia Dutzi, Diana Maliqi, Karolina W\u00f6hrer<\/p>\n<p><strong>Pdfs der Comic:<\/strong><\/p>\n<p><a href=\"http:\/\/nawi.naturundbildung.at\/wp\/wp-content\/uploads\/2014\/01\/COMIC-SEIFE_1HMB.pdf\">Comic 1HMB<\/a><\/p>\n<p><a href=\"http:\/\/nawi.naturundbildung.at\/wp\/wp-content\/uploads\/2014\/01\/Comic-Seife-2FKA.pdf\">Comic 2FKA<\/a><\/p>\n<p><a href=\"http:\/\/nawi.naturundbildung.at\/wp\/wp-content\/uploads\/2014\/01\/Comic-Seife-3HIA.pdf\">Comic 3HIA<\/a><\/p>\n","protected":false},"excerpt":{"rendered":"<p>Basen wie KOH oder NaOH haben die Eigenschaft mit Fetten und \u00d6len Seifen zu bilden. Seifen sind demnach die Natrium bzw. die Kalisalze der Fetts\u00e4uren. Die mit dem Glycerin veresterten Fetts\u00e4uren werden abgespalten und reagieren mit dem Metallkation. Das Glycerin bleibt bei den hochwertigen Seifen, wie den Seifen (Leimseifen)\u00a0in dem<\/p>\n","protected":false},"author":1,"featured_media":0,"parent":417,"menu_order":0,"comment_status":"open","ping_status":"open","template":"","meta":{"ngg_post_thumbnail":0},"aioseo_notices":[],"_links":{"self":[{"href":"http:\/\/nawi.naturundbildung.at\/wp\/index.php?rest_route=\/wp\/v2\/pages\/319"}],"collection":[{"href":"http:\/\/nawi.naturundbildung.at\/wp\/index.php?rest_route=\/wp\/v2\/pages"}],"about":[{"href":"http:\/\/nawi.naturundbildung.at\/wp\/index.php?rest_route=\/wp\/v2\/types\/page"}],"author":[{"embeddable":true,"href":"http:\/\/nawi.naturundbildung.at\/wp\/index.php?rest_route=\/wp\/v2\/users\/1"}],"replies":[{"embeddable":true,"href":"http:\/\/nawi.naturundbildung.at\/wp\/index.php?rest_route=%2Fwp%2Fv2%2Fcomments&post=319"}],"version-history":[{"count":6,"href":"http:\/\/nawi.naturundbildung.at\/wp\/index.php?rest_route=\/wp\/v2\/pages\/319\/revisions"}],"predecessor-version":[{"id":2155,"href":"http:\/\/nawi.naturundbildung.at\/wp\/index.php?rest_route=\/wp\/v2\/pages\/319\/revisions\/2155"}],"up":[{"embeddable":true,"href":"http:\/\/nawi.naturundbildung.at\/wp\/index.php?rest_route=\/wp\/v2\/pages\/417"}],"wp:attachment":[{"href":"http:\/\/nawi.naturundbildung.at\/wp\/index.php?rest_route=%2Fwp%2Fv2%2Fmedia&parent=319"}],"curies":[{"name":"wp","href":"https:\/\/api.w.org\/{rel}","templated":true}]}}