{"id":379,"date":"2014-01-09T13:37:00","date_gmt":"2014-01-09T13:37:00","guid":{"rendered":"http:\/\/nawi.naturundbildung.at\/wp\/?page_id=379"},"modified":"2018-03-02T16:55:59","modified_gmt":"2018-03-02T16:55:59","slug":"humangenetik","status":"publish","type":"page","link":"http:\/\/nawi.naturundbildung.at\/wp\/?page_id=379","title":{"rendered":"Klassische Genetik &#038; Humangenetik"},"content":{"rendered":"<p>Der Begriff Genetik leitet sich ab vom griechischen Wort genea \u201eAbstammung\u201c. Die Vererbungslehre ist ein Teilgebiet der Biologie und besch\u00e4ftigt sich mit Gesetzm\u00e4\u00dfigkeiten und stofflichen Grundlagen der Vererbung; der Ausbildug und Weitergabe von Erbmerkmalen.<\/p>\n<p>Als \u201eVater\u201c und Begr\u00fcnder der Genetik gilt der Augustinerm\u00f6nch Gregor Mendel, &nbsp;der von 1822 bis 1884 lebte und im Klostergarten Kreuzungsexperimente mit Erbsen durchf\u00fchrte &nbsp;und auswertete. Mendel entdeckte dabei Gesetzm\u00e4\u00dfigkeiten, die sp\u00e4ter nach ihm als &nbsp;<a href=\"http:\/\/nawi.naturundbildung.at\/wp\/?page_id=3449\">Mendel\u00b4schen Regeln<\/a> benannt wurden.<\/p>\n<p>In die klassische Genetik fallen demnach die Regeln des Gregor Mendel, die der wissensdurstige M\u00f6nch nach akribischer wissenschaftlicher Arbeit im Klostergarten in Br\u00fcnn aufgestellt hat.<\/p>\n<p>Diesen Regeln folgend kann man auch die Wahrscheinlichkeiten f\u00fcr die <a href=\"http:\/\/nawi.naturundbildung.at\/wp\/?page_id=3451\">Vererbung von Erbkrankheiten<\/a> (z.B. Mukoviszidose) analysieren.<\/p>\n","protected":false},"excerpt":{"rendered":"<p>Der Begriff Genetik leitet sich ab vom griechischen Wort genea \u201eAbstammung\u201c. Die Vererbungslehre ist ein Teilgebiet der Biologie und besch\u00e4ftigt sich mit Gesetzm\u00e4\u00dfigkeiten und stofflichen Grundlagen der Vererbung; der Ausbildug und Weitergabe von Erbmerkmalen. Als \u201eVater\u201c und Begr\u00fcnder der Genetik gilt der Augustinerm\u00f6nch Gregor Mendel, &nbsp;der von 1822 bis 1884<\/p>\n","protected":false},"author":1,"featured_media":0,"parent":375,"menu_order":0,"comment_status":"open","ping_status":"open","template":"","meta":{"ngg_post_thumbnail":0},"aioseo_notices":[],"_links":{"self":[{"href":"http:\/\/nawi.naturundbildung.at\/wp\/index.php?rest_route=\/wp\/v2\/pages\/379"}],"collection":[{"href":"http:\/\/nawi.naturundbildung.at\/wp\/index.php?rest_route=\/wp\/v2\/pages"}],"about":[{"href":"http:\/\/nawi.naturundbildung.at\/wp\/index.php?rest_route=\/wp\/v2\/types\/page"}],"author":[{"embeddable":true,"href":"http:\/\/nawi.naturundbildung.at\/wp\/index.php?rest_route=\/wp\/v2\/users\/1"}],"replies":[{"embeddable":true,"href":"http:\/\/nawi.naturundbildung.at\/wp\/index.php?rest_route=%2Fwp%2Fv2%2Fcomments&post=379"}],"version-history":[{"count":9,"href":"http:\/\/nawi.naturundbildung.at\/wp\/index.php?rest_route=\/wp\/v2\/pages\/379\/revisions"}],"predecessor-version":[{"id":4789,"href":"http:\/\/nawi.naturundbildung.at\/wp\/index.php?rest_route=\/wp\/v2\/pages\/379\/revisions\/4789"}],"up":[{"embeddable":true,"href":"http:\/\/nawi.naturundbildung.at\/wp\/index.php?rest_route=\/wp\/v2\/pages\/375"}],"wp:attachment":[{"href":"http:\/\/nawi.naturundbildung.at\/wp\/index.php?rest_route=%2Fwp%2Fv2%2Fmedia&parent=379"}],"curies":[{"name":"wp","href":"https:\/\/api.w.org\/{rel}","templated":true}]}}