{"id":3870,"date":"2018-01-28T12:33:58","date_gmt":"2018-01-28T12:33:58","guid":{"rendered":"http:\/\/nawi.naturundbildung.at\/wp\/?page_id=3870"},"modified":"2018-01-28T13:05:50","modified_gmt":"2018-01-28T13:05:50","slug":"nikolaus-kopernikus","status":"publish","type":"page","link":"http:\/\/nawi.naturundbildung.at\/wp\/?page_id=3870","title":{"rendered":"Nikolaus Kopernikus"},"content":{"rendered":"<p>Nikolaus Kopernikus wurde am 19.Februar im Jahr 1473 als Niklas Koppernigk in Thorn (heute in Polen) geboren. Seine Eltern waren Niklas Koppernigk und Barbara Watzenrode. Sein Vater starb, als Kopernikus 10 Jahre alt war. Er wurde daher fortan von seinem Onkel gro\u00dfgezogen. Sein Onkel war sehr reich und deshalb war Kopernikus in der Lage, gute Schulen zu besuchen. Zu seinem akademischen Lauf geh\u00f6rten namenhafte Universit\u00e4ten in Polen und Italien.<\/p>\n<p>Von 1491 bis 1494 studierte er in Krakau die F\u00e4cher Astronomie und Mathematik, jedoch beendet er nur Astronomie.<\/p>\n<p>Anschlie\u00dfend verbrachte Kopernikus l\u00e4ngere Zeit in Italien und studiert dort Medizin und Rechtswissenschaften und schloss 1503 seine Promotion in Kirchenrecht ab. Obwohl er sein Medizinstudium nicht abgeschlossen hatte, arbeitete er als Arzt.<br \/>\nIn dieser Zeit wurde sein Interesse f\u00fcr die Geografie und Astronomie geweckt, da er sich intensiv mit den Schriften des Astronoms Ptolem\u00e4us auseinandersetzte. In dieser Zeit beschloss Niklas Koppernigk, seinen Namen zu latinisieren und nannte sich ab sofort \u201eNikolaus Kopernikus\u201c.<\/p>\n<p>In den folgenden Jahren widmet sich Nikolaus Kopernikus einer M\u00fcnzreform, arbeitet zur Mathematik, vor allem zur Trigonometrie, und an seiner Theorie der Himmelsk\u00f6rper.<\/p>\n<p>Kopernikus ging zur\u00fcck nach Polen und war bei seinem Onkel, der zum Bischof von Ermland berufen wurde, als Sekret\u00e4r und Leibarzt t\u00e4tig. &nbsp;Als sein Onkel starb, begab sich Nikolaus Kopernikus 1512 als Domherr nach Frauenburg und besch\u00e4ftigte sich dort intensiv mit der Mathematik und Astronomie und begann mit seinem Hauptwerk &#8222;\u00dcber die Kreisbewegungen der Weltk\u00f6rper&#8220; (De revolutionibus orbium coelestium), dass er 1530 weitgehend beendet hatte. Ver\u00f6ffentlicht wurde sein Werk erst 1543, nach seinem Tod. Seine Theorie wurde erst gegen Ende des 17. Jahrhunderts Schritt f\u00fcr Schritt \u00fcbernommen. Kopernikus entdeckte, dass sich die Erde um die Sonne dreht. Er beobachtete alle Planeten und stellte fest, dass sich die um die Sonne dreht und nicht umgekehrt. Ein wichtiger Punkt dabei war, dass sich die Erde um sich selbst dreht.<\/p>\n<p>Nikolaus Kopernikus starb im Jahr der Ver\u00f6ffentlichung seines Werkes am 24.5.1543 in Frauenburg.<\/p>\n<p>Die Kirche war sein gr\u00f6\u00dfter Erzfeind. Er wurde sogar als Narr bezeichnet und die Kirche nahm weiterhin an, dass sich alles um den Menschen dreht. Nur ein paar Mathematiker konnten ihn verstehen und seine Aussage mathematisch nachweisen. Die Kirche ernannte 1611 sein Buch als verboten.<\/p>\n<p>Kopernikus war der Meinung, dass man Glauben und Wissen streng trennen muss. Er wird in Polen als gro\u00dfer Held gefeiert. Da Kopernikus aus einer deutschsprachigen Familie stammte, wird er auch in Deutschland verehrt.<\/p>\n<p><a href=\"http:\/\/www.biologie-schule.de\/nikolaus-kopernikus.php\">http:\/\/www.biologie-schule.de\/nikolaus-kopernikus.php<\/a><\/p>\n<p><a href=\"http:\/\/www.kinderzeitmaschine.de\/neuzeit\/lucys-wissensbox\/kategorie\/wissenschaft-von-neuen-weltbildern-entdeckungsfahrten-und-forschungen\/frage\/wer-war-kopernikus.html?ht=6&amp;ut1=113\">http:\/\/www.kinderzeitmaschine.de\/neuzeit\/lucys-wissensbox\/kategorie\/wissenschaft-von-neuen-weltbildern-entdeckungsfahrten-und-forschungen\/frage\/wer-war-kopernikus.html?ht=6&amp;ut1=113<\/a><\/p>\n<p>Horvath Christopher und&nbsp;Miceski Andrej, 1HKB, HLMW9, 2018<\/p>\n<div id=\"watu_quiz\" class=\"quiz-area \">\n<p><p>Teste Dein Wissen \u00fcber Nikolaus Kopernikus:<\/p>\n<\/p><form action=\"\" method=\"post\" class=\"quiz-form \" id=\"quiz-64\" >\n<div class='watu-question' id='question-1'><div class='question-content'><p><span class='watu_num'>1. <\/span>Wer war der gr\u00f6\u00dfte Feind von Nikolaus Kopernikus?<\/p>\n<\/div><input type='hidden' name='question_id[]' value='522' \/><div class='watu-questions-wrap '><input type='hidden' name='answer_ids[]' class='watu-answer-ids' value='2505' \/><div class='watu-question-choice'><input type='radio' name='answer-522[]' id='answer-id-2505' class='answer answer-1  answerof-522' value='2505' \/>&nbsp;<label for='answer-id-2505' id='answer-label-2505' class=' answer label-1'><span class='answer'>die katholische Kirche<\/span><\/label><\/div>\n<input type='hidden' name='answer_ids[]' class='watu-answer-ids' value='2506' \/><div class='watu-question-choice'><input type='radio' name='answer-522[]' id='answer-id-2506' class='answer answer-1  answerof-522' value='2506' \/>&nbsp;<label for='answer-id-2506' id='answer-label-2506' class=' answer label-1'><span class='answer'>die Polen<\/span><\/label><\/div>\n<input type='hidden' name='answer_ids[]' class='watu-answer-ids' value='2507' \/><div class='watu-question-choice'><input type='radio' name='answer-522[]' id='answer-id-2507' class='answer answer-1  answerof-522' value='2507' \/>&nbsp;<label for='answer-id-2507' id='answer-label-2507' class=' answer label-1'><span class='answer'>die Deutschen<\/span><\/label><\/div>\n<input type='hidden' name='answer_ids[]' class='watu-answer-ids' value='2508' \/><div class='watu-question-choice'><input type='radio' name='answer-522[]' id='answer-id-2508' class='answer answer-1  answerof-522' value='2508' \/>&nbsp;<label for='answer-id-2508' id='answer-label-2508' class=' answer label-1'><span class='answer'>er hatte keine Feinde<\/span><\/label><\/div>\n<\/div><input type='hidden' id='questionType1' value='radio' class=''><\/div><div class='watu-question' id='question-2'><div class='question-content'><p><span class='watu_num'>2. <\/span>Wie hie\u00df Nikolaus Kopernikus bei seiner Geburt?<\/p>\n<\/div><input type='hidden' name='question_id[]' value='514' \/><div class='watu-questions-wrap '><input type='hidden' name='answer_ids[]' class='watu-answer-ids' value='2475' \/><div class='watu-question-choice'><input type='radio' name='answer-514[]' id='answer-id-2475' class='answer answer-2  answerof-514' value='2475' \/>&nbsp;<label for='answer-id-2475' id='answer-label-2475' class=' answer label-2'><span class='answer'>Niklas Koppernigk<\/span><\/label><\/div>\n<input type='hidden' name='answer_ids[]' class='watu-answer-ids' value='2476' \/><div class='watu-question-choice'><input type='radio' name='answer-514[]' id='answer-id-2476' class='answer answer-2  answerof-514' value='2476' \/>&nbsp;<label for='answer-id-2476' id='answer-label-2476' class=' answer label-2'><span class='answer'>Niko\u0142aj Kopernik<\/span><\/label><\/div>\n<input type='hidden' name='answer_ids[]' class='watu-answer-ids' value='2477' \/><div class='watu-question-choice'><input type='radio' name='answer-514[]' id='answer-id-2477' class='answer answer-2  answerof-514' value='2477' \/>&nbsp;<label for='answer-id-2477' id='answer-label-2477' class=' answer label-2'><span class='answer'>Klaus Koppernich<\/span><\/label><\/div>\n<input type='hidden' name='answer_ids[]' class='watu-answer-ids' value='2478' \/><div class='watu-question-choice'><input type='radio' name='answer-514[]' id='answer-id-2478' class='answer answer-2  answerof-514' value='2478' \/>&nbsp;<label for='answer-id-2478' id='answer-label-2478' class=' answer label-2'><span class='answer'>Nikolaus Kopernikus<\/span><\/label><\/div>\n<\/div><input type='hidden' id='questionType2' value='radio' class=''><\/div><div class='watu-question' id='question-3'><div class='question-content'><p><span class='watu_num'>3. <\/span>Warum wurde Nikolaus Kopernikus von seinem Onkel gro\u00dfgezogen?<\/p>\n<\/div><input type='hidden' name='question_id[]' value='523' \/><div class='watu-questions-wrap '><input type='hidden' name='answer_ids[]' class='watu-answer-ids' value='2509' \/><div class='watu-question-choice'><input type='radio' name='answer-523[]' id='answer-id-2509' class='answer answer-3  answerof-523' value='2509' \/>&nbsp;<label for='answer-id-2509' id='answer-label-2509' class=' answer label-3'><span class='answer'>Sein Vater starb, als er 10 Jahre alt war<\/span><\/label><\/div>\n<input type='hidden' name='answer_ids[]' class='watu-answer-ids' value='2510' \/><div class='watu-question-choice'><input type='radio' name='answer-523[]' id='answer-id-2510' class='answer answer-3  answerof-523' value='2510' \/>&nbsp;<label for='answer-id-2510' id='answer-label-2510' class=' answer label-3'><span class='answer'>Sein Onkel hatte keine Kinder und w\u00fcnschte sich einen Sohn<\/span><\/label><\/div>\n<input type='hidden' name='answer_ids[]' class='watu-answer-ids' value='2511' \/><div class='watu-question-choice'><input type='radio' name='answer-523[]' id='answer-id-2511' class='answer answer-3  answerof-523' value='2511' \/>&nbsp;<label for='answer-id-2511' id='answer-label-2511' class=' answer label-3'><span class='answer'>Seine Eltern waren arm und so schickte in sein Vater zu seinem Onkel, damit er eine gute Schule besuchen k\u00f6nne<\/span><\/label><\/div>\n<input type='hidden' name='answer_ids[]' class='watu-answer-ids' value='2512' \/><div class='watu-question-choice'><input type='radio' name='answer-523[]' id='answer-id-2512' class='answer answer-3  answerof-523' value='2512' \/>&nbsp;<label for='answer-id-2512' id='answer-label-2512' class=' answer label-3'><span class='answer'>Kopernikus sollte Priester werden, so zog er zu seinem Onkel ins Kloster<\/span><\/label><\/div>\n<\/div><input type='hidden' id='questionType3' value='radio' class=''><\/div><div class='watu-question' id='question-4'><div class='question-content'><p><span class='watu_num'>4. <\/span>Wann starb Nikolaus Kopernikus?<\/p>\n<\/div><input type='hidden' name='question_id[]' value='518' \/><div class='watu-questions-wrap '><input type='hidden' name='answer_ids[]' class='watu-answer-ids' value='2491' \/><div class='watu-question-choice'><input type='radio' name='answer-518[]' id='answer-id-2491' class='answer answer-4  answerof-518' value='2491' \/>&nbsp;<label for='answer-id-2491' id='answer-label-2491' class=' answer label-4'><span class='answer'>1543<\/span><\/label><\/div>\n<input type='hidden' name='answer_ids[]' class='watu-answer-ids' value='2492' \/><div class='watu-question-choice'><input type='radio' name='answer-518[]' id='answer-id-2492' class='answer answer-4  answerof-518' value='2492' \/>&nbsp;<label for='answer-id-2492' id='answer-label-2492' class=' answer label-4'><span class='answer'>1573<\/span><\/label><\/div>\n<input type='hidden' name='answer_ids[]' class='watu-answer-ids' value='2493' \/><div class='watu-question-choice'><input type='radio' name='answer-518[]' id='answer-id-2493' class='answer answer-4  answerof-518' value='2493' \/>&nbsp;<label for='answer-id-2493' id='answer-label-2493' class=' answer label-4'><span class='answer'>1474<\/span><\/label><\/div>\n<input type='hidden' name='answer_ids[]' class='watu-answer-ids' value='2494' \/><div class='watu-question-choice'><input type='radio' name='answer-518[]' id='answer-id-2494' class='answer answer-4  answerof-518' value='2494' \/>&nbsp;<label for='answer-id-2494' id='answer-label-2494' class=' answer label-4'><span class='answer'>1555<\/span><\/label><\/div>\n<\/div><input type='hidden' id='questionType4' value='radio' class=''><\/div><div class='watu-question' id='question-5'><div class='question-content'><p><span class='watu_num'>5. <\/span>Welches Weltbild vertrat Nikolaus Kopernikus?<\/p>\n<\/div><input type='hidden' name='question_id[]' value='519' \/><div class='watu-questions-wrap '><input type='hidden' name='answer_ids[]' class='watu-answer-ids' value='2495' \/><div class='watu-question-choice'><input type='radio' name='answer-519[]' id='answer-id-2495' class='answer answer-5  answerof-519' value='2495' \/>&nbsp;<label for='answer-id-2495' id='answer-label-2495' class=' answer label-5'><span class='answer'>das heliozentrische Weltbild<\/span><\/label><\/div>\n<input type='hidden' name='answer_ids[]' class='watu-answer-ids' value='2496' \/><div class='watu-question-choice'><input type='radio' name='answer-519[]' id='answer-id-2496' class='answer answer-5  answerof-519' value='2496' \/>&nbsp;<label for='answer-id-2496' id='answer-label-2496' class=' answer label-5'><span class='answer'>das geozentrische Weltbild<\/span><\/label><\/div>\n<\/div><input type='hidden' id='questionType5' value='radio' class=''><\/div><div class='watu-question' id='question-6'><div class='question-content'><p><span class='watu_num'>6. <\/span>Nikolaus Kopernikus arbeitete als Arzt obwohl er&#8230;<\/p>\n<\/div><input type='hidden' name='question_id[]' value='521' \/><div class='watu-questions-wrap '><input type='hidden' name='answer_ids[]' class='watu-answer-ids' value='2501' \/><div class='watu-question-choice'><input type='radio' name='answer-521[]' id='answer-id-2501' class='answer answer-6  answerof-521' value='2501' \/>&nbsp;<label for='answer-id-2501' id='answer-label-2501' class=' answer label-6'><span class='answer'>&#8230;sein Medizinstudium nicht abgeschlossen hatte<\/span><\/label><\/div>\n<input type='hidden' name='answer_ids[]' class='watu-answer-ids' value='2502' \/><div class='watu-question-choice'><input type='radio' name='answer-521[]' id='answer-id-2502' class='answer answer-6  answerof-521' value='2502' \/>&nbsp;<label for='answer-id-2502' id='answer-label-2502' class=' answer label-6'><span class='answer'>&#8230;lieber an seinem Werk \u00fcber die Kreisbahnen der Planeten arbeitete<\/span><\/label><\/div>\n<input type='hidden' name='answer_ids[]' class='watu-answer-ids' value='2503' \/><div class='watu-question-choice'><input type='radio' name='answer-521[]' id='answer-id-2503' class='answer answer-6  answerof-521' value='2503' \/>&nbsp;<label for='answer-id-2503' id='answer-label-2503' class=' answer label-6'><span class='answer'>&#8230;nie Medizin studierte, sonder nur Mathematik, Astronomie und Kirchenrecht<\/span><\/label><\/div>\n<input type='hidden' name='answer_ids[]' class='watu-answer-ids' value='2504' \/><div class='watu-question-choice'><input type='radio' name='answer-521[]' id='answer-id-2504' class='answer answer-6  answerof-521' value='2504' \/>&nbsp;<label for='answer-id-2504' id='answer-label-2504' class=' answer label-6'><span class='answer'>&#8230;zu dieser Zeit noch sehr jung war<\/span><\/label><\/div>\n<\/div><input type='hidden' id='questionType6' value='radio' class=''><\/div><div class='watu-question' id='question-7'><div class='question-content'><p><span class='watu_num'>7. <\/span>Was entdeckte Nikolaus Kopernikus?<\/p>\n<\/div><input type='hidden' name='question_id[]' value='517' \/><div class='watu-questions-wrap '><input type='hidden' name='answer_ids[]' class='watu-answer-ids' value='2513' \/><div class='watu-question-choice'><input type='radio' name='answer-517[]' id='answer-id-2513' class='answer answer-7  answerof-517' value='2513' \/>&nbsp;<label for='answer-id-2513' id='answer-label-2513' class=' answer label-7'><span class='answer'>4 Jupitermonde<\/span><\/label><\/div>\n<input type='hidden' name='answer_ids[]' class='watu-answer-ids' value='2514' \/><div class='watu-question-choice'><input type='radio' name='answer-517[]' id='answer-id-2514' class='answer answer-7  answerof-517' value='2514' \/>&nbsp;<label for='answer-id-2514' id='answer-label-2514' class=' answer label-7'><span class='answer'>das sich die Erde um die Sonne dreht- und nicht umgekehrt<\/span><\/label><\/div>\n<input type='hidden' name='answer_ids[]' class='watu-answer-ids' value='2515' \/><div class='watu-question-choice'><input type='radio' name='answer-517[]' id='answer-id-2515' class='answer answer-7  answerof-517' value='2515' \/>&nbsp;<label for='answer-id-2515' id='answer-label-2515' class=' answer label-7'><span class='answer'>das Tr\u00e4gheitsgesetz<\/span><\/label><\/div>\n<input type='hidden' name='answer_ids[]' class='watu-answer-ids' value='2516' \/><div class='watu-question-choice'><input type='radio' name='answer-517[]' id='answer-id-2516' class='answer answer-7  answerof-517' value='2516' \/>&nbsp;<label for='answer-id-2516' id='answer-label-2516' class=' answer label-7'><span class='answer'>er entdeckte, dass sich die Planeten in ellipsenf\u00f6rmigen Bahnen um die Sonne bewegen und nicht auf Kreisbahnen<\/span><\/label><\/div>\n<\/div><input type='hidden' id='questionType7' value='radio' class=''><\/div><div class='watu-question' id='question-8'><div class='question-content'><p><span class='watu_num'>8. <\/span>Wann und wo wurde Nikolaus Kopernikus geboren?<\/p>\n<\/div><input type='hidden' name='question_id[]' value='516' \/><div class='watu-questions-wrap '><input type='hidden' name='answer_ids[]' class='watu-answer-ids' value='2483' \/><div class='watu-question-choice'><input type='radio' name='answer-516[]' id='answer-id-2483' class='answer answer-8  answerof-516' value='2483' \/>&nbsp;<label for='answer-id-2483' id='answer-label-2483' class=' answer label-8'><span class='answer'>1473 in Polen<\/span><\/label><\/div>\n<input type='hidden' name='answer_ids[]' class='watu-answer-ids' value='2484' \/><div class='watu-question-choice'><input type='radio' name='answer-516[]' id='answer-id-2484' class='answer answer-8  answerof-516' value='2484' \/>&nbsp;<label for='answer-id-2484' id='answer-label-2484' class=' answer label-8'><span class='answer'>1473 in Br\u00fcnn<\/span><\/label><\/div>\n<input type='hidden' name='answer_ids[]' class='watu-answer-ids' value='2485' \/><div class='watu-question-choice'><input type='radio' name='answer-516[]' id='answer-id-2485' class='answer answer-8  answerof-516' value='2485' \/>&nbsp;<label for='answer-id-2485' id='answer-label-2485' class=' answer label-8'><span class='answer'>1473 in Westdeutschland<\/span><\/label><\/div>\n<input type='hidden' name='answer_ids[]' class='watu-answer-ids' value='2486' \/><div class='watu-question-choice'><input type='radio' name='answer-516[]' id='answer-id-2486' class='answer answer-8  answerof-516' value='2486' \/>&nbsp;<label for='answer-id-2486' id='answer-label-2486' class=' answer label-8'><span class='answer'>1543 in Polen<\/span><\/label><\/div>\n<\/div><input type='hidden' id='questionType8' value='radio' class=''><\/div><div class='watu-question' id='question-9'><div class='question-content'><p><span class='watu_num'>9. <\/span>Kopernikus war der Meinung, dass&#8230;<\/p>\n<\/div><input type='hidden' name='question_id[]' value='520' \/><div class='watu-questions-wrap '><input type='hidden' name='answer_ids[]' class='watu-answer-ids' value='2497' \/><div class='watu-question-choice'><input type='radio' name='answer-520[]' id='answer-id-2497' class='answer answer-9  answerof-520' value='2497' \/>&nbsp;<label for='answer-id-2497' id='answer-label-2497' class=' answer label-9'><span class='answer'>dass man Glauben und Wissen streng trennen muss<\/span><\/label><\/div>\n<input type='hidden' name='answer_ids[]' class='watu-answer-ids' value='2498' \/><div class='watu-question-choice'><input type='radio' name='answer-520[]' id='answer-id-2498' class='answer answer-9  answerof-520' value='2498' \/>&nbsp;<label for='answer-id-2498' id='answer-label-2498' class=' answer label-9'><span class='answer'>dass die katholische Kirche oberste Instanz in allen Belangen sein muss<\/span><\/label><\/div>\n<input type='hidden' name='answer_ids[]' class='watu-answer-ids' value='2499' \/><div class='watu-question-choice'><input type='radio' name='answer-520[]' id='answer-id-2499' class='answer answer-9  answerof-520' value='2499' \/>&nbsp;<label for='answer-id-2499' id='answer-label-2499' class=' answer label-9'><span class='answer'>dass es keinen Gott gibt- er war Atheist<\/span><\/label><\/div>\n<input type='hidden' name='answer_ids[]' class='watu-answer-ids' value='2500' \/><div class='watu-question-choice'><input type='radio' name='answer-520[]' id='answer-id-2500' class='answer answer-9  answerof-520' value='2500' \/>&nbsp;<label for='answer-id-2500' id='answer-label-2500' class=' answer label-9'><span class='answer'>dass die Erde und der Mensch der Mittelpunkt der Welt w\u00e4ren<\/span><\/label><\/div>\n<\/div><input type='hidden' id='questionType9' value='radio' class=''><\/div><div class='watu-question' id='question-10'><div class='question-content'><p><span class='watu_num'>10. <\/span>Wer Nikolaus Kopernikus<\/p>\n<\/div><input type='hidden' name='question_id[]' value='515' \/><div class='watu-questions-wrap '><input type='hidden' name='answer_ids[]' class='watu-answer-ids' value='2479' \/><div class='watu-question-choice'><input type='radio' name='answer-515[]' id='answer-id-2479' class='answer answer-10  answerof-515' value='2479' \/>&nbsp;<label for='answer-id-2479' id='answer-label-2479' class=' answer label-10'><span class='answer'>ein polnischer Domherr des F\u00fcrstbistums Ermland, sowie Astronom und Arzt<\/span><\/label><\/div>\n<input type='hidden' name='answer_ids[]' class='watu-answer-ids' value='2480' \/><div class='watu-question-choice'><input type='radio' name='answer-515[]' id='answer-id-2480' class='answer answer-10  answerof-515' value='2480' \/>&nbsp;<label for='answer-id-2480' id='answer-label-2480' class=' answer label-10'><span class='answer'>ein deutscher Physiker und Astronom<\/span><\/label><\/div>\n<input type='hidden' name='answer_ids[]' class='watu-answer-ids' value='2481' \/><div class='watu-question-choice'><input type='radio' name='answer-515[]' id='answer-id-2481' class='answer answer-10  answerof-515' value='2481' \/>&nbsp;<label for='answer-id-2481' id='answer-label-2481' class=' answer label-10'><span class='answer'>ein polnischer Rechtsanwalt, Arzt und Mathematiker<\/span><\/label><\/div>\n<input type='hidden' name='answer_ids[]' class='watu-answer-ids' value='2482' \/><div class='watu-question-choice'><input type='radio' name='answer-515[]' id='answer-id-2482' class='answer answer-10  answerof-515' value='2482' \/>&nbsp;<label for='answer-id-2482' id='answer-label-2482' class=' answer label-10'><span class='answer'>ein italienischer Universalgelehrter<\/span><\/label><\/div>\n<\/div><input type='hidden' id='questionType10' value='radio' class=''><\/div><div style='display:none' id='question-11'><br \/><div class='question-content'><img src=\"http:\/\/nawi.naturundbildung.at\/wp\/wp-content\/plugins\/watu\/loading.gif\" width=\"16\" height=\"16\" alt=\"Loading ...\" title=\"Loading ...\" \/>&nbsp;Loading &#8230;<\/div><\/div><br \/>\n\t<p>Question <span id='numQ'>1<\/span> of 10<\/p>\n\t\t<input type=\"button\" id=\"next-question\" value=\"Next &gt;\"  \/>\n<input type=\"button\" name=\"action\" onclick=\"Watu.submitResult()\" id=\"action-button\" value=\"Submit\"  class=\"watu-submit-button\" \/>\n<input type=\"hidden\" name=\"no_ajax\" value=\"0\"><input type=\"hidden\" name=\"quiz_id\" value=\"64\" \/>\n<input type=\"hidden\" id=\"watuStartTime\" name=\"start_time\" value=\"2026-04-17 05:35:24\" \/>\n<\/form>\n<\/div>\n<div id=\"watu-loading-result\" style=\"display:none;\">\n\t<p align=\"center\"><img src=\"http:\/\/nawi.naturundbildung.at\/wp\/wp-content\/plugins\/watu\/loading.gif\" width=\"16\" height=\"16\" alt=\"Loading\" title=\"Loading\" \/><\/p>\n<\/div>\t\n<script type=\"text\/javascript\">\nvar exam_id=0;\nvar question_ids='';\nvar watuURL='';\njQuery(function($){\nquestion_ids = \"522,514,523,518,519,521,517,516,520,515\";\nexam_id = 64;\nWatu.exam_id = exam_id;\nWatu.qArr = question_ids.split(',');\nWatu.post_id = 3870;\nWatu.singlePage = '0';\nWatu.hAppID = \"0.57666900 1776404124\";\nwatuURL = \"http:\/\/nawi.naturundbildung.at\/wp\/wp-admin\/admin-ajax.php\";\nWatu.noAlertUnanswered = 0;\n});\n<\/script>\n","protected":false},"excerpt":{"rendered":"<p>Nikolaus Kopernikus wurde am 19.Februar im Jahr 1473 als Niklas Koppernigk in Thorn (heute in Polen) geboren. Seine Eltern waren Niklas Koppernigk und Barbara Watzenrode. Sein Vater starb, als Kopernikus 10 Jahre alt war. Er wurde daher fortan von seinem Onkel gro\u00dfgezogen. Sein Onkel war sehr reich und deshalb war<\/p>\n","protected":false},"author":1,"featured_media":0,"parent":49,"menu_order":0,"comment_status":"closed","ping_status":"closed","template":"","meta":{"ngg_post_thumbnail":0},"aioseo_notices":[],"_links":{"self":[{"href":"http:\/\/nawi.naturundbildung.at\/wp\/index.php?rest_route=\/wp\/v2\/pages\/3870"}],"collection":[{"href":"http:\/\/nawi.naturundbildung.at\/wp\/index.php?rest_route=\/wp\/v2\/pages"}],"about":[{"href":"http:\/\/nawi.naturundbildung.at\/wp\/index.php?rest_route=\/wp\/v2\/types\/page"}],"author":[{"embeddable":true,"href":"http:\/\/nawi.naturundbildung.at\/wp\/index.php?rest_route=\/wp\/v2\/users\/1"}],"replies":[{"embeddable":true,"href":"http:\/\/nawi.naturundbildung.at\/wp\/index.php?rest_route=%2Fwp%2Fv2%2Fcomments&post=3870"}],"version-history":[{"count":4,"href":"http:\/\/nawi.naturundbildung.at\/wp\/index.php?rest_route=\/wp\/v2\/pages\/3870\/revisions"}],"predecessor-version":[{"id":3875,"href":"http:\/\/nawi.naturundbildung.at\/wp\/index.php?rest_route=\/wp\/v2\/pages\/3870\/revisions\/3875"}],"up":[{"embeddable":true,"href":"http:\/\/nawi.naturundbildung.at\/wp\/index.php?rest_route=\/wp\/v2\/pages\/49"}],"wp:attachment":[{"href":"http:\/\/nawi.naturundbildung.at\/wp\/index.php?rest_route=%2Fwp%2Fv2%2Fmedia&parent=3870"}],"curies":[{"name":"wp","href":"https:\/\/api.w.org\/{rel}","templated":true}]}}