{"id":395,"date":"2014-01-09T13:46:10","date_gmt":"2014-01-09T13:46:10","guid":{"rendered":"http:\/\/nawi.naturundbildung.at\/wp\/?page_id=395"},"modified":"2018-01-26T22:25:36","modified_gmt":"2018-01-26T22:25:36","slug":"dichte","status":"publish","type":"page","link":"http:\/\/nawi.naturundbildung.at\/wp\/?page_id=395","title":{"rendered":"Dichte"},"content":{"rendered":"<p>Was ist schwerer,&nbsp;ein Kilo Eisen oder ein Kilo Federn?<\/p>\n<p>Die Antwort ist eindeutig, ein Kilogramm ist ein Kilogramm, egal ob Eisen oder Federn.<\/p>\n<p>Was aber, wenn eine Eisenkugel mit der Masse von 1kg vom Tisch f\u00e4llt und einer Person genau auf die gro\u00dfe Zehe des rechten Fu\u00dfes? Der selben Person f\u00e4llt kurz darauf ein Sack Federn (1kg) auf den linken Fu\u00df. Welche Zehe ist schlimmer verletzt- obwohl jedes mal ein Gegenstand mit der Masse von 1kg aus der selben H\u00f6he herabst\u00fcrzt?<\/p>\n<p>\u00dcberlege:<\/p>\n<p>In einem Reagenzglas schwimmt \u00d6l auf Wasser. Geht es auch umgekehrt? Indem man z.B. mehr \u00d6l nimmt?<\/p>\n<p>Probiere es aus:<\/p>\n<p>Nein, \u00d6l schwimmt auch dann auf Wasser, wenn die Masse bzw. das Volumen des \u00d6ls gr\u00f6\u00dfer ist als die des Wassers. Die Dichte von \u00d6l ist geringer als die von Wasser.<\/p>\n<p>Ein Wachsw\u00fcrfel geht im \u00d6l unter und schwimmt am Wasser. Warum?<\/p>\n<p>Der Wachsw\u00fcrfel hat eine geringere Dichte als Wasser-&gt; er schwimmt am Wasser, aber eine gr\u00f6\u00dfere Dichte als \u00d6l-&gt; er geht unter.<\/p>\n<p><strong>\u00dcberlege:<\/strong><\/p>\n<p>Anne und Fritz sind auf einer Party eingeladen. In der Badewanne werden Getr\u00e4nke gek\u00fchlt. Fritz nimmt sich eine Flasche Cola light und Anne greift nach Cola.<\/p>\n<p>W\u00e4hrend Anne tief ins Wasser greifen muss und am Blusen\u00e4rmel nass wird, fischt sich Fritz sein Cola light von ganz oben raus. Anne und Fritz trinken beide 4 Flaschen, jedes mal ist es das selbe. Warum schwimmt Fritz\u00b4 Cola light oben und Anne muss jedes mal tief nach unten greifen?<\/p>\n<p>Auch hier liegt es an der Dichte, der Zucker im Cola verleiht der &#8222;normalen&#8220; Limonade eine gr\u00f6\u00dfere Dichte, die Light Variante hat eine geringere Dichte und schwimmt obenauf.<\/p>\n<p>Dichte =Masse\/Volumen ; das hei\u00dft, welche Masse ein cm3 oder ein Miliiter eines bestimmten Stoffes hat.<\/p>\n<ul>\n<li>Die Dichte von Wasser ist 1g\/cm3<\/li>\n<li>Die Dichte von Eisen ist 7,87g\/cm3<\/li>\n<li>Die Dichte von Gold ist 19,32g\/cm3<\/li>\n<\/ul>\n<h5>Heureka, es ist geschafft!<\/h5>\n<p>Archimedes war von K\u00f6nig Hieron II. beauftragt worden, herauszufinden, ob dessen Krone wie bestellt aus reinem Gold w\u00e4re oder ob das Material durch billigeres Metall gestreckt worden sei. Diese Aufgabe stellte Archimedes zun\u00e4chst vor Probleme, da die Krone nat\u00fcrlich nicht zerst\u00f6rt werden durfte.<\/p>\n<p>&nbsp; Der \u00dcberlieferung nach hatte Archimedes den rettenden Einfall, als er zum Baden in eine bis zum Rand gef\u00fcllte Wanne stieg und dabei das Wasser \u00fcberlief. Er erkannte, dass die Menge Wasser, die \u00fcbergelaufen war, genau seinem K\u00f6rpervolumen entsprach. Angeblich lief er dann, nackt wie er war, durch die Stra\u00dfen und rief <b>Heureka<\/b><i> (\u201eIch habe es gefunden\u201c)<\/i>.<\/p>\n<p>Dichte bedeutet Masse pro Volumen. Ein Goldklumpen mit dem Volumen von 1cm3 hat eine Masse von 19,32g und verdr\u00e4ngt einen Milliliter Wasser.<\/p>\n<p>Ein Eisenw\u00fcrfel mit dem Volumen von 1cm3- ein Eisenw\u00fcrfel der somit genauso gro\u00df ist wie der Goldw\u00fcrfel, hat eine Masse von nur 7,87g. Daf\u00fcr h\u00e4tte ein Eisenw\u00fcrfel mit der Masse von 19,32g ein Volumen von 2,45cm3.<\/p>\n<p>Ein betr\u00fcgerischer Goldschmied w\u00fcrde dem K\u00f6nig eine Krone geben, die genauso viel wiegt wie der Goldklumpen. Hat der Schmied aber nicht nur Gold verwendet sondern eine Legierung mit einem billigen Metall, so w\u00fcrde z.B. bei einer Beimengung von Eisen das Volumen gr\u00f6\u00dfer werden! Die Krone w\u00fcrde also mehr Wasser verdr\u00e4ngen wie der gleich schwere Goldklumpen und der Betr\u00fcger w\u00e4re \u00fcberf\u00fchrt!<\/p>\n<p><strong>Versuch:<\/strong><\/p>\n<p>Dem Archimedes-Prinzip folgend kannst Du ein Ar\u00e4ometer bauen um die Dichte von Fl\u00fcssigkeiten zu bestimmen. Du ben\u00f6tigst nur Knetmasse und einen Strohhalm.<\/p>\n<p>Nimm den Strohhalm und gib an sen unteres Ende eine kleines K\u00fcgelchen Knetmasse. Tauche das Ar\u00e4ometer nun in Wasser, \u00d6l, Salzwasser, Zuckerwasser und Alkohol. Was beobachtest Du?<\/p>\n<p>Das Ar\u00e4ometer taucht in die Fl\u00fcssigkeiten unterschiedlich tief ein. Je dichter die Fl\u00fcssigkeit ist, desto weniger tief taucht das Ar\u00e4ometer ein.<\/p>\n<p>Silke Geroldinger, 2017<\/p>\n<div id=\"watu_quiz\" class=\"quiz-area \">\n<p><p>Berechne die Dichte:<\/p>\n<\/p><form action=\"\" method=\"post\" class=\"quiz-form \" id=\"quiz-56\" >\n<div class='watu-question' id='question-1'><div class='question-content'><p><span class='watu_num'>1. <\/span>Ein Gegenstand mit der Masse von 38,64g verdr\u00e4ngt zwei ml Wasser. Aus welchem Material besteht der Gegenstand?<\/p>\n<\/div><input type='hidden' name='question_id[]' value='440' \/><div class='watu-questions-wrap '><input type='hidden' name='answer_ids[]' class='watu-answer-ids' value='2082' \/><div class='watu-question-choice'><input type='radio' name='answer-440[]' id='answer-id-2082' class='answer answer-1  answerof-440' value='2082' \/>&nbsp;<label for='answer-id-2082' id='answer-label-2082' class=' answer label-1'><span class='answer'>Buchenholz<\/span><\/label><\/div>\n<input type='hidden' name='answer_ids[]' class='watu-answer-ids' value='2081' \/><div class='watu-question-choice'><input type='radio' name='answer-440[]' id='answer-id-2081' class='answer answer-1  answerof-440' value='2081' \/>&nbsp;<label for='answer-id-2081' id='answer-label-2081' class=' answer label-1'><span class='answer'>Eisen<\/span><\/label><\/div>\n<input type='hidden' name='answer_ids[]' class='watu-answer-ids' value='2079' \/><div class='watu-question-choice'><input type='radio' name='answer-440[]' id='answer-id-2079' class='answer answer-1  answerof-440' value='2079' \/>&nbsp;<label for='answer-id-2079' id='answer-label-2079' class=' answer label-1'><span class='answer'>Aluminium<\/span><\/label><\/div>\n<input type='hidden' name='answer_ids[]' class='watu-answer-ids' value='2080' \/><div class='watu-question-choice'><input type='radio' name='answer-440[]' id='answer-id-2080' class='answer answer-1  answerof-440' value='2080' \/>&nbsp;<label for='answer-id-2080' id='answer-label-2080' class=' answer label-1'><span class='answer'>Gold<\/span><\/label><\/div>\n<\/div><input type='hidden' id='questionType1' value='radio' class=''><\/div><div class='watu-question' id='question-2'><div class='question-content'><p><span class='watu_num'>2. <\/span>Kathi kauft am Flohmarkt eine Statue. Sie verdr\u00e4ngt 20 ml Wasser und wiegt 54g.<\/p>\n<p>Aus welchem Material besteht die Figur?<\/p>\n<p><a href=\"http:\/\/nawi.naturundbildung.at\/wp\/wp-content\/uploads\/2018\/01\/Bildschirmfoto-2018-01-26-um-23.18.17.png\"><img class=\"alignnone size-medium wp-image-3739\" src=\"http:\/\/nawi.naturundbildung.at\/wp\/wp-content\/uploads\/2018\/01\/Bildschirmfoto-2018-01-26-um-23.18.17-300x140.png\" alt=\"\" width=\"300\" height=\"140\" \/><\/a><\/p>\n<p>&nbsp;<\/p>\n<p>&nbsp;<\/p>\n<\/div><input type='hidden' name='question_id[]' value='435' \/><div class='watu-questions-wrap '><input type='hidden' name='answer_ids[]' class='watu-answer-ids' value='2064' \/><div class='watu-question-choice'><input type='radio' name='answer-435[]' id='answer-id-2064' class='answer answer-2  answerof-435' value='2064' \/>&nbsp;<label for='answer-id-2064' id='answer-label-2064' class=' answer label-2'><span class='answer'>Buchenholz<\/span><\/label><\/div>\n<input type='hidden' name='answer_ids[]' class='watu-answer-ids' value='2062' \/><div class='watu-question-choice'><input type='radio' name='answer-435[]' id='answer-id-2062' class='answer answer-2  answerof-435' value='2062' \/>&nbsp;<label for='answer-id-2062' id='answer-label-2062' class=' answer label-2'><span class='answer'>Gold<\/span><\/label><\/div>\n<input type='hidden' name='answer_ids[]' class='watu-answer-ids' value='2061' \/><div class='watu-question-choice'><input type='radio' name='answer-435[]' id='answer-id-2061' class='answer answer-2  answerof-435' value='2061' \/>&nbsp;<label for='answer-id-2061' id='answer-label-2061' class=' answer label-2'><span class='answer'>Aluminium<\/span><\/label><\/div>\n<input type='hidden' name='answer_ids[]' class='watu-answer-ids' value='2063' \/><div class='watu-question-choice'><input type='radio' name='answer-435[]' id='answer-id-2063' class='answer answer-2  answerof-435' value='2063' \/>&nbsp;<label for='answer-id-2063' id='answer-label-2063' class=' answer label-2'><span class='answer'>Eisen<\/span><\/label><\/div>\n<\/div><input type='hidden' id='questionType2' value='radio' class=''><\/div><div class='watu-question' id='question-3'><div class='question-content'><p><span class='watu_num'>3. <\/span>Ein Gegenstand mit der Masse von 38,64g verdr\u00e4ngt zwei ml Wasser.<\/p>\n<p>Wie viel cm3 sind das?<\/p>\n<\/div><input type='hidden' name='question_id[]' value='439' \/><div class='watu-questions-wrap '><input type='hidden' name='answer_ids[]' class='watu-answer-ids' value='2076' \/><div class='watu-question-choice'><input type='radio' name='answer-439[]' id='answer-id-2076' class='answer answer-3  answerof-439' value='2076' \/>&nbsp;<label for='answer-id-2076' id='answer-label-2076' class=' answer label-3'><span class='answer'>4<\/span><\/label><\/div>\n<input type='hidden' name='answer_ids[]' class='watu-answer-ids' value='2078' \/><div class='watu-question-choice'><input type='radio' name='answer-439[]' id='answer-id-2078' class='answer answer-3  answerof-439' value='2078' \/>&nbsp;<label for='answer-id-2078' id='answer-label-2078' class=' answer label-3'><span class='answer'>1<\/span><\/label><\/div>\n<input type='hidden' name='answer_ids[]' class='watu-answer-ids' value='2077' \/><div class='watu-question-choice'><input type='radio' name='answer-439[]' id='answer-id-2077' class='answer answer-3  answerof-439' value='2077' \/>&nbsp;<label for='answer-id-2077' id='answer-label-2077' class=' answer label-3'><span class='answer'>38,64<\/span><\/label><\/div>\n<input type='hidden' name='answer_ids[]' class='watu-answer-ids' value='2075' \/><div class='watu-question-choice'><input type='radio' name='answer-439[]' id='answer-id-2075' class='answer answer-3  answerof-439' value='2075' \/>&nbsp;<label for='answer-id-2075' id='answer-label-2075' class=' answer label-3'><span class='answer'>2<\/span><\/label><\/div>\n<\/div><input type='hidden' id='questionType3' value='radio' class=''><\/div><div class='watu-question' id='question-4'><div class='question-content'><p><span class='watu_num'>4. <\/span>Marius findet eine gro\u00dfe M\u00fcnze. Sie verdr\u00e4ngt 20 ml Wasser und wiegt <i>386<\/i>g. Aus welchem Material besteht die M\u00fcnze?<\/p>\n<p><a href=\"http:\/\/nawi.naturundbildung.at\/wp\/wp-content\/uploads\/2018\/01\/Bildschirmfoto-2018-01-26-um-23.18.17.png\"><img class=\"alignnone size-medium wp-image-3739\" src=\"http:\/\/nawi.naturundbildung.at\/wp\/wp-content\/uploads\/2018\/01\/Bildschirmfoto-2018-01-26-um-23.18.17-300x140.png\" alt=\"\" width=\"300\" height=\"140\" \/><\/a><\/p>\n<\/div><input type='hidden' name='question_id[]' value='437' \/><div class='watu-questions-wrap '><input type='hidden' name='answer_ids[]' class='watu-answer-ids' value='2069' \/><div class='watu-question-choice'><input type='radio' name='answer-437[]' id='answer-id-2069' class='answer answer-4  answerof-437' value='2069' \/>&nbsp;<label for='answer-id-2069' id='answer-label-2069' class=' answer label-4'><span class='answer'>Gold<\/span><\/label><\/div>\n<input type='hidden' name='answer_ids[]' class='watu-answer-ids' value='2070' \/><div class='watu-question-choice'><input type='radio' name='answer-437[]' id='answer-id-2070' class='answer answer-4  answerof-437' value='2070' \/>&nbsp;<label for='answer-id-2070' id='answer-label-2070' class=' answer label-4'><span class='answer'>Eisen<\/span><\/label><\/div>\n<input type='hidden' name='answer_ids[]' class='watu-answer-ids' value='2072' \/><div class='watu-question-choice'><input type='radio' name='answer-437[]' id='answer-id-2072' class='answer answer-4  answerof-437' value='2072' \/>&nbsp;<label for='answer-id-2072' id='answer-label-2072' class=' answer label-4'><span class='answer'>die M\u00fcnze besteht aus keinem der in der Tabelle angegebenen Metallen<\/span><\/label><\/div>\n<input type='hidden' name='answer_ids[]' class='watu-answer-ids' value='2071' \/><div class='watu-question-choice'><input type='radio' name='answer-437[]' id='answer-id-2071' class='answer answer-4  answerof-437' value='2071' \/>&nbsp;<label for='answer-id-2071' id='answer-label-2071' class=' answer label-4'><span class='answer'>Aluminium<\/span><\/label><\/div>\n<\/div><input type='hidden' id='questionType4' value='radio' class=''><\/div><div class='watu-question' id='question-5'><div class='question-content'><p><span class='watu_num'>5. <\/span>Leon kauft sich um einen Schn\u00e4ppchenpreis einen Goldbarren. Der ist 30cm lang, 4cm hoch und 10cm breit. Am Heimweg kommt ihm der Barren verd\u00e4chtig leicht vor. Er wiegt tats\u00e4chlich nur 0,876kg.<\/p>\n<p>Aus welchem Material besteht der \u201eGoldbarren\u201c tats\u00e4chlich\u201c?<\/p>\n<p><a href=\"http:\/\/nawi.naturundbildung.at\/wp\/wp-content\/uploads\/2018\/01\/Bildschirmfoto-2018-01-26-um-23.18.17.png\"><img class=\"alignnone size-medium wp-image-3739\" src=\"http:\/\/nawi.naturundbildung.at\/wp\/wp-content\/uploads\/2018\/01\/Bildschirmfoto-2018-01-26-um-23.18.17-300x140.png\" alt=\"\" width=\"300\" height=\"140\" \/><\/a><\/p>\n<\/div><input type='hidden' name='question_id[]' value='436' \/><div class='watu-questions-wrap '><input type='hidden' name='answer_ids[]' class='watu-answer-ids' value='2058' \/><div class='watu-question-choice'><input type='radio' name='answer-436[]' id='answer-id-2058' class='answer answer-5  answerof-436' value='2058' \/>&nbsp;<label for='answer-id-2058' id='answer-label-2058' class=' answer label-5'><span class='answer'>Aluminium<\/span><\/label><\/div>\n<input type='hidden' name='answer_ids[]' class='watu-answer-ids' value='2057' \/><div class='watu-question-choice'><input type='radio' name='answer-436[]' id='answer-id-2057' class='answer answer-5  answerof-436' value='2057' \/>&nbsp;<label for='answer-id-2057' id='answer-label-2057' class=' answer label-5'><span class='answer'>Eisen <\/span><\/label><\/div>\n<input type='hidden' name='answer_ids[]' class='watu-answer-ids' value='2060' \/><div class='watu-question-choice'><input type='radio' name='answer-436[]' id='answer-id-2060' class='answer answer-5  answerof-436' value='2060' \/>&nbsp;<label for='answer-id-2060' id='answer-label-2060' class=' answer label-5'><span class='answer'>Buchenholz<\/span><\/label><\/div>\n<input type='hidden' name='answer_ids[]' class='watu-answer-ids' value='2059' \/><div class='watu-question-choice'><input type='radio' name='answer-436[]' id='answer-id-2059' class='answer answer-5  answerof-436' value='2059' \/>&nbsp;<label for='answer-id-2059' id='answer-label-2059' class=' answer label-5'><span class='answer'>Gold<\/span><\/label><\/div>\n<\/div><input type='hidden' id='questionType5' value='radio' class=''><\/div><div class='watu-question' id='question-6'><div class='question-content'><p><span class='watu_num'>6. <\/span>Wie laute die Formel f\u00fcr die Berechnung von Dichte?<\/p>\n<\/div><input type='hidden' name='question_id[]' value='438' \/><div class='watu-questions-wrap '><input type='hidden' name='answer_ids[]' class='watu-answer-ids' value='2073' \/><div class='watu-question-choice'><input type='radio' name='answer-438[]' id='answer-id-2073' class='answer answer-6  answerof-438' value='2073' \/>&nbsp;<label for='answer-id-2073' id='answer-label-2073' class=' answer label-6'><span class='answer'>Dichte = Masse\/Volumen<\/span><\/label><\/div>\n<input type='hidden' name='answer_ids[]' class='watu-answer-ids' value='2074' \/><div class='watu-question-choice'><input type='radio' name='answer-438[]' id='answer-id-2074' class='answer answer-6  answerof-438' value='2074' \/>&nbsp;<label for='answer-id-2074' id='answer-label-2074' class=' answer label-6'><span class='answer'>Dichte = Masse x Volumen<\/span><\/label><\/div>\n<\/div><input type='hidden' id='questionType6' value='radio' class=''><\/div><div style='display:none' id='question-7'><br \/><div class='question-content'><img src=\"http:\/\/nawi.naturundbildung.at\/wp\/wp-content\/plugins\/watu\/loading.gif\" width=\"16\" height=\"16\" alt=\"Loading ...\" title=\"Loading ...\" \/>&nbsp;Loading &#8230;<\/div><\/div><br \/>\n\t<p>Question <span id='numQ'>1<\/span> of 6<\/p>\n\t\t<input type=\"button\" id=\"next-question\" value=\"Next &gt;\"  \/>\n<input type=\"button\" name=\"action\" onclick=\"Watu.submitResult()\" id=\"action-button\" value=\"Submit\"  class=\"watu-submit-button\" \/>\n<input type=\"hidden\" name=\"no_ajax\" value=\"0\"><input type=\"hidden\" name=\"quiz_id\" value=\"56\" \/>\n<input type=\"hidden\" id=\"watuStartTime\" name=\"start_time\" value=\"2026-05-02 10:22:33\" \/>\n<\/form>\n<\/div>\n<div id=\"watu-loading-result\" style=\"display:none;\">\n\t<p align=\"center\"><img src=\"http:\/\/nawi.naturundbildung.at\/wp\/wp-content\/plugins\/watu\/loading.gif\" width=\"16\" height=\"16\" alt=\"Loading\" title=\"Loading\" \/><\/p>\n<\/div>\t\n<script type=\"text\/javascript\">\nvar exam_id=0;\nvar question_ids='';\nvar watuURL='';\njQuery(function($){\nquestion_ids = \"440,435,439,437,436,438\";\nexam_id = 56;\nWatu.exam_id = exam_id;\nWatu.qArr = question_ids.split(',');\nWatu.post_id = 395;\nWatu.singlePage = '0';\nWatu.hAppID = \"0.32912500 1777717353\";\nwatuURL = \"http:\/\/nawi.naturundbildung.at\/wp\/wp-admin\/admin-ajax.php\";\nWatu.noAlertUnanswered = 0;\n});\n<\/script>\n","protected":false},"excerpt":{"rendered":"<p>Was ist schwerer,&nbsp;ein Kilo Eisen oder ein Kilo Federn? Die Antwort ist eindeutig, ein Kilogramm ist ein Kilogramm, egal ob Eisen oder Federn. Was aber, wenn eine Eisenkugel mit der Masse von 1kg vom Tisch f\u00e4llt und einer Person genau auf die gro\u00dfe Zehe des rechten Fu\u00dfes? Der selben Person<\/p>\n","protected":false},"author":1,"featured_media":0,"parent":23,"menu_order":0,"comment_status":"open","ping_status":"open","template":"","meta":{"ngg_post_thumbnail":0},"aioseo_notices":[],"_links":{"self":[{"href":"http:\/\/nawi.naturundbildung.at\/wp\/index.php?rest_route=\/wp\/v2\/pages\/395"}],"collection":[{"href":"http:\/\/nawi.naturundbildung.at\/wp\/index.php?rest_route=\/wp\/v2\/pages"}],"about":[{"href":"http:\/\/nawi.naturundbildung.at\/wp\/index.php?rest_route=\/wp\/v2\/types\/page"}],"author":[{"embeddable":true,"href":"http:\/\/nawi.naturundbildung.at\/wp\/index.php?rest_route=\/wp\/v2\/users\/1"}],"replies":[{"embeddable":true,"href":"http:\/\/nawi.naturundbildung.at\/wp\/index.php?rest_route=%2Fwp%2Fv2%2Fcomments&post=395"}],"version-history":[{"count":10,"href":"http:\/\/nawi.naturundbildung.at\/wp\/index.php?rest_route=\/wp\/v2\/pages\/395\/revisions"}],"predecessor-version":[{"id":3743,"href":"http:\/\/nawi.naturundbildung.at\/wp\/index.php?rest_route=\/wp\/v2\/pages\/395\/revisions\/3743"}],"up":[{"embeddable":true,"href":"http:\/\/nawi.naturundbildung.at\/wp\/index.php?rest_route=\/wp\/v2\/pages\/23"}],"wp:attachment":[{"href":"http:\/\/nawi.naturundbildung.at\/wp\/index.php?rest_route=%2Fwp%2Fv2%2Fmedia&parent=395"}],"curies":[{"name":"wp","href":"https:\/\/api.w.org\/{rel}","templated":true}]}}