{"id":4103,"date":"2018-01-31T15:15:57","date_gmt":"2018-01-31T15:15:57","guid":{"rendered":"http:\/\/nawi.naturundbildung.at\/wp\/?page_id=4103"},"modified":"2018-04-17T20:15:25","modified_gmt":"2018-04-17T20:15:25","slug":"aufbau-der-materie-aus-der-sicht-der-griechischen-naturphilosophen","status":"publish","type":"page","link":"http:\/\/nawi.naturundbildung.at\/wp\/?page_id=4103","title":{"rendered":"Aufbau der Materie aus der Sicht der griechischen Naturphilosophen"},"content":{"rendered":"<p>Die ersten Naturphilosophen waren der Meinung, dass es einen bestimmten Urstoff geben m\u00fcsse. Zu diesen Philosophen geh\u00f6rten THALES VON MINET(624-545 vor Chr.),ANAXIMENES (570 -526 v. Chr.) und HERAKLIT (540 -480 v. Chr.).<\/p>\n<p>THALES glaubte, Wasser sei der Urstoff f\u00fcr alles Leben auf der Welt, ANAXIMENES hielt die Luft f\u00fcr diesen Urstoff und HERAKLIT wiederum das Feuer.<\/p>\n<p>Alle diese Philosophen glaubten also an einen einzigen Urstoff, aus dem alles andere gemacht ist. Als problematisch stellte sich jedoch die Frage heraus, wie sich dieser Stoff zu immer wieder anderen Dingen ver\u00e4ndern konnte.<\/p>\n<p><strong><a href=\"http:\/\/nawi.naturundbildung.at\/wp\/wp-content\/uploads\/2018\/04\/Demokrit-Fassade-NHMW.png\"><img loading=\"lazy\" class=\"alignright wp-image-4920 size-medium\" src=\"http:\/\/nawi.naturundbildung.at\/wp\/wp-content\/uploads\/2018\/04\/Demokrit-Fassade-NHMW-287x300.png\" alt=\"\" width=\"287\" height=\"300\" srcset=\"http:\/\/nawi.naturundbildung.at\/wp\/wp-content\/uploads\/2018\/04\/Demokrit-Fassade-NHMW-287x300.png 287w, http:\/\/nawi.naturundbildung.at\/wp\/wp-content\/uploads\/2018\/04\/Demokrit-Fassade-NHMW.png 724w\" sizes=\"(max-width: 287px) 100vw, 287px\" \/><\/a>Demokrit<\/strong><\/p>\n<p>Einer der letzten gro\u00dfen Naturphilosophen war DEMOKRIT (460 -370 v. Chr.).<\/p>\n<p>DEMOKRIT nahm an, dass alles aus kleinen, unsichtbaren Bausteinen zusammengesetzt ist, von denen jeder ewig und unver\u00e4nderlich ist. Diese kleinsten Teilchen nannte er Atome (unteilbar).<\/p>\n<p>DEMOKRIT war der Auffassung, dass es unendlich viele unterschiedliche Atome gibt, manche rund und glatt, andere eckig und krumm, die sich also in Form und Gr\u00f6\u00dfe unterscheiden. Au\u00dferdem lie\u00dfen sie sich beliebig anordnen, sodass unterschiedliche Dinge entstehen k\u00f6nnten. Atome bef\u00e4nden sich in st\u00e4ndiger Bewegung und w\u00fcrden durch \u00e4u\u00dfere Einfl\u00fcsse ver\u00e4ndert.<\/p>\n<p>Silke Geroldinger, 2014<\/p>\n<div id=\"watu_quiz\" class=\"quiz-area \">\n<p><p>Griechische Naturphilosophen<\/p>\n<\/p><form action=\"\" method=\"post\" class=\"quiz-form \" id=\"quiz-71\" >\n<div class='watu-question' id='question-1'><div class='question-content'><p><span class='watu_num'>1. <\/span>Wann lebte Anaximenes?<\/p>\n<\/div><input type='hidden' name='question_id[]' value='583' \/><div class='watu-questions-wrap '><input type='hidden' name='answer_ids[]' class='watu-answer-ids' value='2849' \/><div class='watu-question-choice'><input type='radio' name='answer-583[]' id='answer-id-2849' class='answer answer-1  answerof-583' value='2849' \/>&nbsp;<label for='answer-id-2849' id='answer-label-2849' class=' answer label-1'><span class='answer'>570-526 vor Chr.<\/span><\/label><\/div>\n<input type='hidden' name='answer_ids[]' class='watu-answer-ids' value='2850' \/><div class='watu-question-choice'><input type='radio' name='answer-583[]' id='answer-id-2850' class='answer answer-1  answerof-583' value='2850' \/>&nbsp;<label for='answer-id-2850' id='answer-label-2850' class=' answer label-1'><span class='answer'>624-545 vor Chr.<\/span><\/label><\/div>\n<input type='hidden' name='answer_ids[]' class='watu-answer-ids' value='2851' \/><div class='watu-question-choice'><input type='radio' name='answer-583[]' id='answer-id-2851' class='answer answer-1  answerof-583' value='2851' \/>&nbsp;<label for='answer-id-2851' id='answer-label-2851' class=' answer label-1'><span class='answer'>540-480 vor Chr.<\/span><\/label><\/div>\n<input type='hidden' name='answer_ids[]' class='watu-answer-ids' value='2852' \/><div class='watu-question-choice'><input type='radio' name='answer-583[]' id='answer-id-2852' class='answer answer-1  answerof-583' value='2852' \/>&nbsp;<label for='answer-id-2852' id='answer-label-2852' class=' answer label-1'><span class='answer'>460-370 vor Chr.<\/span><\/label><\/div>\n<\/div><input type='hidden' id='questionType1' value='radio' class=''><\/div><div class='watu-question' id='question-2'><div class='question-content'><p><span class='watu_num'>2. <\/span>Wie stellten sich die fr\u00fchen griechischen Naturphilosophen den Aufbau der Welt vor?<\/p>\n<\/div><input type='hidden' name='question_id[]' value='584' \/><div class='watu-questions-wrap '><input type='hidden' name='answer_ids[]' class='watu-answer-ids' value='3102' \/><div class='watu-question-choice'><input type='radio' name='answer-584[]' id='answer-id-3102' class='answer answer-2  answerof-584' value='3102' \/>&nbsp;<label for='answer-id-3102' id='answer-label-3102' class=' answer label-2'><span class='answer'>sie glaubten, die Materie w\u00e4re aus kleinsten Teilchen, Atomen genannt, aufgebaut<\/span><\/label><\/div>\n<input type='hidden' name='answer_ids[]' class='watu-answer-ids' value='3103' \/><div class='watu-question-choice'><input type='radio' name='answer-584[]' id='answer-id-3103' class='answer answer-2  answerof-584' value='3103' \/>&nbsp;<label for='answer-id-3103' id='answer-label-3103' class=' answer label-2'><span class='answer'>sie suchten nach einem &#8222;Urstoff&#8220; aus dem alles andere hervorgehen m\u00fcsse<\/span><\/label><\/div>\n<input type='hidden' name='answer_ids[]' class='watu-answer-ids' value='3104' \/><div class='watu-question-choice'><input type='radio' name='answer-584[]' id='answer-id-3104' class='answer answer-2  answerof-584' value='3104' \/>&nbsp;<label for='answer-id-3104' id='answer-label-3104' class=' answer label-2'><span class='answer'>sie hatten keinerlei Ideen oder Vorstellungen zum Aufbau der Welt<\/span><\/label><\/div>\n<\/div><input type='hidden' id='questionType2' value='radio' class=''><\/div><div class='watu-question' id='question-3'><div class='question-content'><p><span class='watu_num'>3. <\/span>Was hielt Thales von Minet f\u00fcr den Urstoff, aus dem alles andere aufgebaut sein m\u00fcsse?<\/p>\n<\/div><input type='hidden' name='question_id[]' value='585' \/><div class='watu-questions-wrap '><input type='hidden' name='answer_ids[]' class='watu-answer-ids' value='2856' \/><div class='watu-question-choice'><input type='radio' name='answer-585[]' id='answer-id-2856' class='answer answer-3  answerof-585' value='2856' \/>&nbsp;<label for='answer-id-2856' id='answer-label-2856' class=' answer label-3'><span class='answer'>Wasser<\/span><\/label><\/div>\n<input type='hidden' name='answer_ids[]' class='watu-answer-ids' value='2857' \/><div class='watu-question-choice'><input type='radio' name='answer-585[]' id='answer-id-2857' class='answer answer-3  answerof-585' value='2857' \/>&nbsp;<label for='answer-id-2857' id='answer-label-2857' class=' answer label-3'><span class='answer'>Feuer<\/span><\/label><\/div>\n<input type='hidden' name='answer_ids[]' class='watu-answer-ids' value='2858' \/><div class='watu-question-choice'><input type='radio' name='answer-585[]' id='answer-id-2858' class='answer answer-3  answerof-585' value='2858' \/>&nbsp;<label for='answer-id-2858' id='answer-label-2858' class=' answer label-3'><span class='answer'>Luft<\/span><\/label><\/div>\n<input type='hidden' name='answer_ids[]' class='watu-answer-ids' value='2859' \/><div class='watu-question-choice'><input type='radio' name='answer-585[]' id='answer-id-2859' class='answer answer-3  answerof-585' value='2859' \/>&nbsp;<label for='answer-id-2859' id='answer-label-2859' class=' answer label-3'><span class='answer'>Erde<\/span><\/label><\/div>\n<\/div><input type='hidden' id='questionType3' value='radio' class=''><\/div><div class='watu-question' id='question-4'><div class='question-content'><p><span class='watu_num'>4. <\/span>Was hielt Anaximenes f\u00fcr den Urstoff, aus dem alles andere aufgebaut sein m\u00fcsse?<\/p>\n<\/div><input type='hidden' name='question_id[]' value='586' \/><div class='watu-questions-wrap '><input type='hidden' name='answer_ids[]' class='watu-answer-ids' value='2860' \/><div class='watu-question-choice'><input type='radio' name='answer-586[]' id='answer-id-2860' class='answer answer-4  answerof-586' value='2860' \/>&nbsp;<label for='answer-id-2860' id='answer-label-2860' class=' answer label-4'><span class='answer'>Luft<\/span><\/label><\/div>\n<input type='hidden' name='answer_ids[]' class='watu-answer-ids' value='2861' \/><div class='watu-question-choice'><input type='radio' name='answer-586[]' id='answer-id-2861' class='answer answer-4  answerof-586' value='2861' \/>&nbsp;<label for='answer-id-2861' id='answer-label-2861' class=' answer label-4'><span class='answer'>Wasser<\/span><\/label><\/div>\n<input type='hidden' name='answer_ids[]' class='watu-answer-ids' value='2862' \/><div class='watu-question-choice'><input type='radio' name='answer-586[]' id='answer-id-2862' class='answer answer-4  answerof-586' value='2862' \/>&nbsp;<label for='answer-id-2862' id='answer-label-2862' class=' answer label-4'><span class='answer'>gar nichts; er schuf den Begriff &#8222;Atom&#8220;, aus dem die Materie aufgebaut sei<\/span><\/label><\/div>\n<input type='hidden' name='answer_ids[]' class='watu-answer-ids' value='2863' \/><div class='watu-question-choice'><input type='radio' name='answer-586[]' id='answer-id-2863' class='answer answer-4  answerof-586' value='2863' \/>&nbsp;<label for='answer-id-2863' id='answer-label-2863' class=' answer label-4'><span class='answer'>Feuer<\/span><\/label><\/div>\n<\/div><input type='hidden' id='questionType4' value='radio' class=''><\/div><div class='watu-question' id='question-5'><div class='question-content'><p><span class='watu_num'>5. <\/span>Was hielt Heraklit f\u00fcr den Urstoff, aus dem alles andere aufgebaut sein m\u00fcsse?<\/p>\n<\/div><input type='hidden' name='question_id[]' value='587' \/><div class='watu-questions-wrap '><input type='hidden' name='answer_ids[]' class='watu-answer-ids' value='3098' \/><div class='watu-question-choice'><input type='radio' name='answer-587[]' id='answer-id-3098' class='answer answer-5  answerof-587' value='3098' \/>&nbsp;<label for='answer-id-3098' id='answer-label-3098' class=' answer label-5'><span class='answer'>Feuer<\/span><\/label><\/div>\n<input type='hidden' name='answer_ids[]' class='watu-answer-ids' value='3099' \/><div class='watu-question-choice'><input type='radio' name='answer-587[]' id='answer-id-3099' class='answer answer-5  answerof-587' value='3099' \/>&nbsp;<label for='answer-id-3099' id='answer-label-3099' class=' answer label-5'><span class='answer'>Luft<\/span><\/label><\/div>\n<input type='hidden' name='answer_ids[]' class='watu-answer-ids' value='3100' \/><div class='watu-question-choice'><input type='radio' name='answer-587[]' id='answer-id-3100' class='answer answer-5  answerof-587' value='3100' \/>&nbsp;<label for='answer-id-3100' id='answer-label-3100' class=' answer label-5'><span class='answer'>Wasser<\/span><\/label><\/div>\n<input type='hidden' name='answer_ids[]' class='watu-answer-ids' value='3101' \/><div class='watu-question-choice'><input type='radio' name='answer-587[]' id='answer-id-3101' class='answer answer-5  answerof-587' value='3101' \/>&nbsp;<label for='answer-id-3101' id='answer-label-3101' class=' answer label-5'><span class='answer'>Erde<\/span><\/label><\/div>\n<\/div><input type='hidden' id='questionType5' value='radio' class=''><\/div><div class='watu-question' id='question-6'><div class='question-content'><p><span class='watu_num'>6. <\/span>Was hielt Demokrit f\u00fcr den Urstoff, aus dem alles andere aufgebaut sein m\u00fcsse?<\/p>\n<\/div><input type='hidden' name='question_id[]' value='588' \/><div class='watu-questions-wrap '><input type='hidden' name='answer_ids[]' class='watu-answer-ids' value='2870' \/><div class='watu-question-choice'><input type='radio' name='answer-588[]' id='answer-id-2870' class='answer answer-6  answerof-588' value='2870' \/>&nbsp;<label for='answer-id-2870' id='answer-label-2870' class=' answer label-6'><span class='answer'>Feuer<\/span><\/label><\/div>\n<input type='hidden' name='answer_ids[]' class='watu-answer-ids' value='2871' \/><div class='watu-question-choice'><input type='radio' name='answer-588[]' id='answer-id-2871' class='answer answer-6  answerof-588' value='2871' \/>&nbsp;<label for='answer-id-2871' id='answer-label-2871' class=' answer label-6'><span class='answer'>Luft<\/span><\/label><\/div>\n<input type='hidden' name='answer_ids[]' class='watu-answer-ids' value='2872' \/><div class='watu-question-choice'><input type='radio' name='answer-588[]' id='answer-id-2872' class='answer answer-6  answerof-588' value='2872' \/>&nbsp;<label for='answer-id-2872' id='answer-label-2872' class=' answer label-6'><span class='answer'>gar nichts; er schuf den Begriff &#8222;Atom&#8220;, aus dem die Materie aufgebaut sei<\/span><\/label><\/div>\n<input type='hidden' name='answer_ids[]' class='watu-answer-ids' value='2873' \/><div class='watu-question-choice'><input type='radio' name='answer-588[]' id='answer-id-2873' class='answer answer-6  answerof-588' value='2873' \/>&nbsp;<label for='answer-id-2873' id='answer-label-2873' class=' answer label-6'><span class='answer'>Wasser<\/span><\/label><\/div>\n<\/div><input type='hidden' id='questionType6' value='radio' class=''><\/div><div class='watu-question' id='question-7'><div class='question-content'><p><span class='watu_num'>7. <\/span>Wann lebte Demokrit?<\/p>\n<\/div><input type='hidden' name='question_id[]' value='589' \/><div class='watu-questions-wrap '><input type='hidden' name='answer_ids[]' class='watu-answer-ids' value='2874' \/><div class='watu-question-choice'><input type='radio' name='answer-589[]' id='answer-id-2874' class='answer answer-7  answerof-589' value='2874' \/>&nbsp;<label for='answer-id-2874' id='answer-label-2874' class=' answer label-7'><span class='answer'>460-370 vor Chr.<\/span><\/label><\/div>\n<input type='hidden' name='answer_ids[]' class='watu-answer-ids' value='2875' \/><div class='watu-question-choice'><input type='radio' name='answer-589[]' id='answer-id-2875' class='answer answer-7  answerof-589' value='2875' \/>&nbsp;<label for='answer-id-2875' id='answer-label-2875' class=' answer label-7'><span class='answer'>540-480 vor Chr.<\/span><\/label><\/div>\n<input type='hidden' name='answer_ids[]' class='watu-answer-ids' value='2876' \/><div class='watu-question-choice'><input type='radio' name='answer-589[]' id='answer-id-2876' class='answer answer-7  answerof-589' value='2876' \/>&nbsp;<label for='answer-id-2876' id='answer-label-2876' class=' answer label-7'><span class='answer'>570-226 vor Chr.<\/span><\/label><\/div>\n<input type='hidden' name='answer_ids[]' class='watu-answer-ids' value='2877' \/><div class='watu-question-choice'><input type='radio' name='answer-589[]' id='answer-id-2877' class='answer answer-7  answerof-589' value='2877' \/>&nbsp;<label for='answer-id-2877' id='answer-label-2877' class=' answer label-7'><span class='answer'>624-545 vor Chr.<\/span><\/label><\/div>\n<\/div><input type='hidden' id='questionType7' value='radio' class=''><\/div><div class='watu-question' id='question-8'><div class='question-content'><p><span class='watu_num'>8. <\/span>Was bedeutet &#8222;Atom&#8220;?<\/p>\n<\/div><input type='hidden' name='question_id[]' value='590' \/><div class='watu-questions-wrap '><input type='hidden' name='answer_ids[]' class='watu-answer-ids' value='2878' \/><div class='watu-question-choice'><input type='radio' name='answer-590[]' id='answer-id-2878' class='answer answer-8  answerof-590' value='2878' \/>&nbsp;<label for='answer-id-2878' id='answer-label-2878' class=' answer label-8'><span class='answer'>unteilbar<\/span><\/label><\/div>\n<input type='hidden' name='answer_ids[]' class='watu-answer-ids' value='2879' \/><div class='watu-question-choice'><input type='radio' name='answer-590[]' id='answer-id-2879' class='answer answer-8  answerof-590' value='2879' \/>&nbsp;<label for='answer-id-2879' id='answer-label-2879' class=' answer label-8'><span class='answer'>kleinstes Teilchen<\/span><\/label><\/div>\n<input type='hidden' name='answer_ids[]' class='watu-answer-ids' value='2880' \/><div class='watu-question-choice'><input type='radio' name='answer-590[]' id='answer-id-2880' class='answer answer-8  answerof-590' value='2880' \/>&nbsp;<label for='answer-id-2880' id='answer-label-2880' class=' answer label-8'><span class='answer'>Grundeinheit der Materie<\/span><\/label><\/div>\n<input type='hidden' name='answer_ids[]' class='watu-answer-ids' value='2881' \/><div class='watu-question-choice'><input type='radio' name='answer-590[]' id='answer-id-2881' class='answer answer-8  answerof-590' value='2881' \/>&nbsp;<label for='answer-id-2881' id='answer-label-2881' class=' answer label-8'><span class='answer'>Baustein<\/span><\/label><\/div>\n<\/div><input type='hidden' id='questionType8' value='radio' class=''><\/div><div style='display:none' id='question-9'><br \/><div class='question-content'><img src=\"http:\/\/nawi.naturundbildung.at\/wp\/wp-content\/plugins\/watu\/loading.gif\" width=\"16\" height=\"16\" alt=\"Loading ...\" title=\"Loading ...\" \/>&nbsp;Loading &#8230;<\/div><\/div><br \/>\n\t<p>Question <span id='numQ'>1<\/span> of 8<\/p>\n\t\t<input type=\"button\" id=\"next-question\" value=\"Next &gt;\"  \/>\n<input type=\"button\" name=\"action\" onclick=\"Watu.submitResult()\" id=\"action-button\" value=\"Submit\"  class=\"watu-submit-button\" \/>\n<input type=\"hidden\" name=\"no_ajax\" value=\"0\"><input type=\"hidden\" name=\"quiz_id\" value=\"71\" \/>\n<input type=\"hidden\" id=\"watuStartTime\" name=\"start_time\" value=\"2026-05-01 15:39:28\" \/>\n<\/form>\n<\/div>\n<div id=\"watu-loading-result\" style=\"display:none;\">\n\t<p align=\"center\"><img src=\"http:\/\/nawi.naturundbildung.at\/wp\/wp-content\/plugins\/watu\/loading.gif\" width=\"16\" height=\"16\" alt=\"Loading\" title=\"Loading\" \/><\/p>\n<\/div>\t\n<script type=\"text\/javascript\">\nvar exam_id=0;\nvar question_ids='';\nvar watuURL='';\njQuery(function($){\nquestion_ids = \"583,584,585,586,587,588,589,590\";\nexam_id = 71;\nWatu.exam_id = exam_id;\nWatu.qArr = question_ids.split(',');\nWatu.post_id = 4103;\nWatu.singlePage = '0';\nWatu.hAppID = \"0.42886600 1777649968\";\nwatuURL = \"http:\/\/nawi.naturundbildung.at\/wp\/wp-admin\/admin-ajax.php\";\nWatu.noAlertUnanswered = 0;\n});\n<\/script>\n","protected":false},"excerpt":{"rendered":"<p>Die ersten Naturphilosophen waren der Meinung, dass es einen bestimmten Urstoff geben m\u00fcsse. Zu diesen Philosophen geh\u00f6rten THALES VON MINET(624-545 vor Chr.),ANAXIMENES (570 -526 v. Chr.) und HERAKLIT (540 -480 v. Chr.). THALES glaubte, Wasser sei der Urstoff f\u00fcr alles Leben auf der Welt, ANAXIMENES hielt die Luft f\u00fcr diesen<\/p>\n","protected":false},"author":1,"featured_media":0,"parent":385,"menu_order":0,"comment_status":"closed","ping_status":"closed","template":"","meta":{"ngg_post_thumbnail":0},"aioseo_notices":[],"_links":{"self":[{"href":"http:\/\/nawi.naturundbildung.at\/wp\/index.php?rest_route=\/wp\/v2\/pages\/4103"}],"collection":[{"href":"http:\/\/nawi.naturundbildung.at\/wp\/index.php?rest_route=\/wp\/v2\/pages"}],"about":[{"href":"http:\/\/nawi.naturundbildung.at\/wp\/index.php?rest_route=\/wp\/v2\/types\/page"}],"author":[{"embeddable":true,"href":"http:\/\/nawi.naturundbildung.at\/wp\/index.php?rest_route=\/wp\/v2\/users\/1"}],"replies":[{"embeddable":true,"href":"http:\/\/nawi.naturundbildung.at\/wp\/index.php?rest_route=%2Fwp%2Fv2%2Fcomments&post=4103"}],"version-history":[{"count":7,"href":"http:\/\/nawi.naturundbildung.at\/wp\/index.php?rest_route=\/wp\/v2\/pages\/4103\/revisions"}],"predecessor-version":[{"id":4923,"href":"http:\/\/nawi.naturundbildung.at\/wp\/index.php?rest_route=\/wp\/v2\/pages\/4103\/revisions\/4923"}],"up":[{"embeddable":true,"href":"http:\/\/nawi.naturundbildung.at\/wp\/index.php?rest_route=\/wp\/v2\/pages\/385"}],"wp:attachment":[{"href":"http:\/\/nawi.naturundbildung.at\/wp\/index.php?rest_route=%2Fwp%2Fv2%2Fmedia&parent=4103"}],"curies":[{"name":"wp","href":"https:\/\/api.w.org\/{rel}","templated":true}]}}