{"id":4112,"date":"2018-01-31T17:07:33","date_gmt":"2018-01-31T17:07:33","guid":{"rendered":"http:\/\/nawi.naturundbildung.at\/wp\/?page_id=4112"},"modified":"2018-01-31T17:08:46","modified_gmt":"2018-01-31T17:08:46","slug":"die-puste-des-backpulvers","status":"publish","type":"page","link":"http:\/\/nawi.naturundbildung.at\/wp\/?page_id=4112","title":{"rendered":"Die Puste des Backpulvers"},"content":{"rendered":"<p><u>Erkl\u00e4rung des Versuchs<\/u><\/p>\n<p>Bei \u201ePuste des Backpulvers\u201c handelt es sich um einen Versuch mit dem man einen Luftballon mit Hilfe von einfachen Haushaltsgegenst\u00e4nden aufblasen kann.<\/p>\n<p>Den Kindern im Kindergarten Augarten haben wir das so vorgestellt:<\/p>\n<p>Die 17-j\u00e4hrige Sch\u00fclerin Nadine hat bald Geburtstag und w\u00fcnscht sich 100 Luftballons. Leider fehlt ihr dazu die n\u00f6tige Puste. Nun sollen die Kinder Vorschl\u00e4ge machen wie man dieses Problem l\u00f6sen k\u00f6nnte.<\/p>\n<p>Bei diesem Versuch leert man Essig in eine leere Flasche und Backpulver oder Natron in den Luftballon. Jetzt wird der gef\u00fcllte Luftballon \u00fcber den Flaschenhals gest\u00fclpt. Man sieht sofort das Ergebnis \u2013 er geht rasch auf.<\/p>\n<p><u>Was ist passiert?<\/u><\/p>\n<p>Der Essig vermischt sich mit dem Backpulver\/Natron und es beginnt zu &#8222;brodeln&#8220;. Das Backpulver bzw. Natron reagieren mit dem Essig (Essigs\u00e4ure) unter der Bildung von Wasser und Salz. Dabei entsteht auch ein Gas (Kohlenstoffdioxid).<\/p>\n<p>Essig reagiert mit Backpulver zu Natriumacetat + Wasser + Kohlenstoffdioxid<\/p>\n<p>NaHCO<sub>3<\/sub> + CH<sub>3<\/sub>COOH \u2192 NaCH<sub>3<\/sub>COO + H<sub>2<\/sub>O + CO<sub>2<\/sub><\/p>\n<p>Die Gasentstehung ist der Grund, warum es zu &#8222;brodeln&#8220; beginnt. Da das Gas nicht ausweichenkann, steigt nun in den Luftballon. Die \u00fcbersch\u00fcssige Luft sammelt sich im Luftballon und so wird dieser aufgeblasen.<\/p>\n<p>Die Reaktionen der kleinen Kinder waren sehr am\u00fcsant und herzig. Gro\u00dfe Augen, Staunen und auch ein bisschen Unverst\u00e4ndnis in ihren Gesichtern. Zum Schluss erkl\u00e4rten wir den Versuch erneut und sagten ihnen, dass sie den Versuch ganz einfach zu Hause (nat\u00fcrlich nur mit ihren Eltern oder in Begleitung eines Erwachsenen) nachmachen k\u00f6nnen. Pure Begeisterung! Vor allem als wir ihnen den ohne Puste aufgeblasenen Luftballon schenkten.<\/p>\n<p><a href=\"http:\/\/nawi.naturundbildung.at\/wp\/wp-content\/uploads\/2018\/01\/Puste-des-Backpulvers-Pelzmann.png\"><img loading=\"lazy\" class=\"wp-image-4116 size-large alignnone\" src=\"http:\/\/nawi.naturundbildung.at\/wp\/wp-content\/uploads\/2018\/01\/Puste-des-Backpulvers-Pelzmann-765x1024.png\" alt=\"\" width=\"650\" height=\"870\" srcset=\"http:\/\/nawi.naturundbildung.at\/wp\/wp-content\/uploads\/2018\/01\/Puste-des-Backpulvers-Pelzmann-765x1024.png 765w, http:\/\/nawi.naturundbildung.at\/wp\/wp-content\/uploads\/2018\/01\/Puste-des-Backpulvers-Pelzmann-224x300.png 224w, http:\/\/nawi.naturundbildung.at\/wp\/wp-content\/uploads\/2018\/01\/Puste-des-Backpulvers-Pelzmann-768x1029.png 768w, http:\/\/nawi.naturundbildung.at\/wp\/wp-content\/uploads\/2018\/01\/Puste-des-Backpulvers-Pelzmann.png 796w\" sizes=\"(max-width: 650px) 100vw, 650px\" \/><\/a><\/p>\n<p>Pelzmann Annika und Reimer Nadine, 3HMA, HLMW9, 2018<\/p>\n","protected":false},"excerpt":{"rendered":"<p>Erkl\u00e4rung des Versuchs Bei \u201ePuste des Backpulvers\u201c handelt es sich um einen Versuch mit dem man einen Luftballon mit Hilfe von einfachen Haushaltsgegenst\u00e4nden aufblasen kann. Den Kindern im Kindergarten Augarten haben wir das so vorgestellt: Die 17-j\u00e4hrige Sch\u00fclerin Nadine hat bald Geburtstag und w\u00fcnscht sich 100 Luftballons. Leider fehlt ihr<\/p>\n","protected":false},"author":1,"featured_media":0,"parent":209,"menu_order":0,"comment_status":"closed","ping_status":"closed","template":"","meta":{"ngg_post_thumbnail":0},"aioseo_notices":[],"_links":{"self":[{"href":"http:\/\/nawi.naturundbildung.at\/wp\/index.php?rest_route=\/wp\/v2\/pages\/4112"}],"collection":[{"href":"http:\/\/nawi.naturundbildung.at\/wp\/index.php?rest_route=\/wp\/v2\/pages"}],"about":[{"href":"http:\/\/nawi.naturundbildung.at\/wp\/index.php?rest_route=\/wp\/v2\/types\/page"}],"author":[{"embeddable":true,"href":"http:\/\/nawi.naturundbildung.at\/wp\/index.php?rest_route=\/wp\/v2\/users\/1"}],"replies":[{"embeddable":true,"href":"http:\/\/nawi.naturundbildung.at\/wp\/index.php?rest_route=%2Fwp%2Fv2%2Fcomments&post=4112"}],"version-history":[{"count":6,"href":"http:\/\/nawi.naturundbildung.at\/wp\/index.php?rest_route=\/wp\/v2\/pages\/4112\/revisions"}],"predecessor-version":[{"id":4119,"href":"http:\/\/nawi.naturundbildung.at\/wp\/index.php?rest_route=\/wp\/v2\/pages\/4112\/revisions\/4119"}],"up":[{"embeddable":true,"href":"http:\/\/nawi.naturundbildung.at\/wp\/index.php?rest_route=\/wp\/v2\/pages\/209"}],"wp:attachment":[{"href":"http:\/\/nawi.naturundbildung.at\/wp\/index.php?rest_route=%2Fwp%2Fv2%2Fmedia&parent=4112"}],"curies":[{"name":"wp","href":"https:\/\/api.w.org\/{rel}","templated":true}]}}