{"id":4120,"date":"2018-01-31T17:17:38","date_gmt":"2018-01-31T17:17:38","guid":{"rendered":"http:\/\/nawi.naturundbildung.at\/wp\/?page_id=4120"},"modified":"2018-02-06T09:40:17","modified_gmt":"2018-02-06T09:40:17","slug":"die-verschwundene-muenze-im-glas","status":"publish","type":"page","link":"http:\/\/nawi.naturundbildung.at\/wp\/?page_id=4120","title":{"rendered":"Die verschwundene M\u00fcnze im Glas"},"content":{"rendered":"<p>&nbsp;<\/p>\n<p>Material: 2 Gl\u00e4ser mit Deckel, 2 M\u00fcnzen<\/p>\n<p>&nbsp;<\/p>\n<p>Das eine Glas war beim Versuch leer und das andere mit Wasser gef\u00fcllt.<\/p>\n<p>Unter den Gl\u00e4sern werden jeweils eine M\u00fcnze gestellt.<\/p>\n<p>Die M\u00fcnze unter dem Glas mit Wasser verschwindet scheinbar, da das Licht durch das Wasser gebrochen wird.<\/p>\n<p>&nbsp;<\/p>\n<p>Der von der M\u00fcnze ausgehende Lichtstrahl wird vom \u00dcbergang vom Glas ins Wasser gebrochen und dann an der Glaswand totalreflektiert. Der Lichtstrahl erreicht das Auge nicht, wenn man seitlich ins Glas blickt- man kann nicht die M\u00fcnze nicht sehen.<\/p>\n<p>&nbsp;<\/p>\n<p>W\u00fcrde man von oben ins Glas blicken, so k\u00f6nnte man die M\u00fcnze sehen (in diesem Fall aber war das Glas mit dem Deckel verschlossen.<\/p>\n<p>&nbsp;<\/p>\n<p>Wenn man also den Deckel aufmacht und von oben reinsieht, kann man die M\u00fcnze wieder sehen!<\/p>\n<div id=\"attachment_4485\" style=\"width: 3898px\" class=\"wp-caption alignnone\"><a href=\"http:\/\/nawi.naturundbildung.at\/wp\/wp-content\/uploads\/2018\/02\/IMG_5449.jpg\"><img aria-describedby=\"caption-attachment-4485\" loading=\"lazy\" class=\"size-full wp-image-4485\" src=\"http:\/\/nawi.naturundbildung.at\/wp\/wp-content\/uploads\/2018\/02\/IMG_5449.jpg\" alt=\"Die &quot;verschwundene M\u00fcnze&quot; im Glas\" width=\"3888\" height=\"3888\" srcset=\"http:\/\/nawi.naturundbildung.at\/wp\/wp-content\/uploads\/2018\/02\/IMG_5449.jpg 3888w, http:\/\/nawi.naturundbildung.at\/wp\/wp-content\/uploads\/2018\/02\/IMG_5449-150x150.jpg 150w, http:\/\/nawi.naturundbildung.at\/wp\/wp-content\/uploads\/2018\/02\/IMG_5449-300x300.jpg 300w, http:\/\/nawi.naturundbildung.at\/wp\/wp-content\/uploads\/2018\/02\/IMG_5449-768x768.jpg 768w, http:\/\/nawi.naturundbildung.at\/wp\/wp-content\/uploads\/2018\/02\/IMG_5449-1024x1024.jpg 1024w, http:\/\/nawi.naturundbildung.at\/wp\/wp-content\/uploads\/2018\/02\/IMG_5449-225x225.jpg 225w, http:\/\/nawi.naturundbildung.at\/wp\/wp-content\/uploads\/2018\/02\/IMG_5449-60x60.jpg 60w\" sizes=\"(max-width: 3888px) 100vw, 3888px\" \/><\/a><p id=\"caption-attachment-4485\" class=\"wp-caption-text\">Die &#8222;verschwundene M\u00fcnze&#8220; im Glas<\/p><\/div>\n<p>Marigona Veselji, 3HMA, 2018<\/p>\n","protected":false},"excerpt":{"rendered":"<p>&nbsp; Material: 2 Gl\u00e4ser mit Deckel, 2 M\u00fcnzen &nbsp; Das eine Glas war beim Versuch leer und das andere mit Wasser gef\u00fcllt. Unter den Gl\u00e4sern werden jeweils eine M\u00fcnze gestellt. Die M\u00fcnze unter dem Glas mit Wasser verschwindet scheinbar, da das Licht durch das Wasser gebrochen wird. &nbsp; Der von<\/p>\n","protected":false},"author":1,"featured_media":0,"parent":209,"menu_order":0,"comment_status":"closed","ping_status":"closed","template":"","meta":{"ngg_post_thumbnail":0},"aioseo_notices":[],"_links":{"self":[{"href":"http:\/\/nawi.naturundbildung.at\/wp\/index.php?rest_route=\/wp\/v2\/pages\/4120"}],"collection":[{"href":"http:\/\/nawi.naturundbildung.at\/wp\/index.php?rest_route=\/wp\/v2\/pages"}],"about":[{"href":"http:\/\/nawi.naturundbildung.at\/wp\/index.php?rest_route=\/wp\/v2\/types\/page"}],"author":[{"embeddable":true,"href":"http:\/\/nawi.naturundbildung.at\/wp\/index.php?rest_route=\/wp\/v2\/users\/1"}],"replies":[{"embeddable":true,"href":"http:\/\/nawi.naturundbildung.at\/wp\/index.php?rest_route=%2Fwp%2Fv2%2Fcomments&post=4120"}],"version-history":[{"count":4,"href":"http:\/\/nawi.naturundbildung.at\/wp\/index.php?rest_route=\/wp\/v2\/pages\/4120\/revisions"}],"predecessor-version":[{"id":4486,"href":"http:\/\/nawi.naturundbildung.at\/wp\/index.php?rest_route=\/wp\/v2\/pages\/4120\/revisions\/4486"}],"up":[{"embeddable":true,"href":"http:\/\/nawi.naturundbildung.at\/wp\/index.php?rest_route=\/wp\/v2\/pages\/209"}],"wp:attachment":[{"href":"http:\/\/nawi.naturundbildung.at\/wp\/index.php?rest_route=%2Fwp%2Fv2%2Fmedia&parent=4120"}],"curies":[{"name":"wp","href":"https:\/\/api.w.org\/{rel}","templated":true}]}}