{"id":4141,"date":"2018-01-31T18:09:52","date_gmt":"2018-01-31T18:09:52","guid":{"rendered":"http:\/\/nawi.naturundbildung.at\/wp\/?page_id=4141"},"modified":"2018-01-31T18:55:47","modified_gmt":"2018-01-31T18:55:47","slug":"die-erdapfelbatterie","status":"publish","type":"page","link":"http:\/\/nawi.naturundbildung.at\/wp\/?page_id=4141","title":{"rendered":"Die Erdapfelbatterie"},"content":{"rendered":"<p>Materialien:<\/p>\n<ul>\n<li>1-Erdapfel<\/li>\n<li>eine 5 Cent M\u00fcnze<\/li>\n<li>ein Nagel<\/li>\n<li>1-Kopfh\u00f6rer<\/li>\n<\/ul>\n<p>&nbsp;<\/p>\n<p>Durchf\u00fchrung:<\/p>\n<p>Erdapfel ganz oder die H\u00e4lfte nehmen (wenn ihr die H\u00e4lfte wollt bitte nicht selber schneiden sondern ein erwachsener!),die 5 Cent M\u00fcnze in den Erdapfel stecken den Nagel ca. mit 2-3 cm abstand neben die M\u00fcnze stecken und die Kopfh\u00f6rer zwischen die 5 Cent m\u00fcnze und den Nagel stecken und schauen was passiert.<\/p>\n<p>Beobachtung:<\/p>\n<p>Man h\u00f6rt im Kopfh\u00f6rer ein deutliches knacken. Wenn der Kopfh\u00f6rerstecker Kontakt zum Nagel, hat ert\u00f6nt es ein knacken.<\/p>\n<p>&nbsp;Erkl\u00e4rung:<\/p>\n<p>Durch die zwei verschiedenen Metalle, Kupfer und Eisen- oder Zinknagel, entsteht eine elektrische Spannung. Das unedlere Metall wird zum Minuspol und Kupfer der Pluspol. Wir verbinden die beiden mit einer elektrisch leitenden Fl\u00fcssigkeit, (hier der Saft des Erdapfels. Es funktioniert auch mit einer Essiggurke oder einer Zitrone), dem Elektrolyten. Wir &nbsp;haben ein galvanisches Element, sozusagen eine Batterie, die erzeugte Spannung liegt bei ca. 0,6 Volt.<\/p>\n<p>Wird der Stromkreis mit dem Kopfh\u00f6rer geschlossen, flie\u00dft ein Strom, der mit dem Kopfh\u00f6rer h\u00f6rbar gemacht werden kann.<\/p>\n\r\n\t\t<style type='text\/css'>\r\n\t\t\t#gallery-1 {\r\n\t\t\t\tmargin: auto;\r\n\t\t\t}\r\n\t\t\t#gallery-1 .gallery-item {\r\n\t\t\t\tfloat: left;\r\n\t\t\t\tmargin-top: 10px;\r\n\t\t\t\ttext-align: center;\r\n\t\t\t\twidth: 33%;\r\n\t\t\t}\r\n\t\t\t#gallery-1 img {\r\n\t\t\t\tborder: 2px solid #cfcfcf;\r\n\t\t\t}\r\n\t\t\t#gallery-1 .gallery-caption {\r\n\t\t\t\tmargin-left: 0;\r\n\t\t\t}\r\n\t\t<\/style>\r\n\t\t<!-- see gallery_shortcode() in wp-includes\/media.php -->\n\t\t<div id='gallery-1' class='gallery galleryid-4141 gallery-columns-3 gallery-size-thumbnail gallery1'><script type=\"text\/javascript\">\r\n\/\/ <![CDATA[\r\n\tjQuery(document).ready(function () {\r\n\t\tjQuery(\".gallery1 a\").attr(\"rel\",\"gallery1\");\t\r\n\t\tjQuery('a[rel=\"gallery1\"]').colorbox({maxWidth:\"95%\", maxHeight:\"95%\",title: function(){ return jQuery(this).children().attr(\"alt\"); }, });\r\n\t});\r\n\/\/ ]]>\r\n<\/script>\n<dl class=\"gallery-item\">\n<dt class=\"gallery-icon\">\r\n<a href=\"http:\/\/nawi.naturundbildung.at\/wp\/wp-content\/uploads\/2018\/01\/LA21-9_WS-HLMW9imWUK_Mai2017_14_kl.jpg\" title=\"\" rel=\"gallery1\"><img src=\"http:\/\/nawi.naturundbildung.at\/wp\/wp-content\/uploads\/2018\/01\/LA21-9_WS-HLMW9imWUK_Mai2017_14_kl-150x150.jpg\" width=\"150\" height=\"150\" alt=\"\" \/><\/a>\r\n<\/dt><\/dl><dl class=\"gallery-item\">\n<dt class=\"gallery-icon\">\r\n<a href=\"http:\/\/nawi.naturundbildung.at\/wp\/wp-content\/uploads\/2018\/01\/LA21-9_WS-HLMW9imWUK_Mai2017_22_kl.jpg\" title=\"\" rel=\"gallery1\"><img src=\"http:\/\/nawi.naturundbildung.at\/wp\/wp-content\/uploads\/2018\/01\/LA21-9_WS-HLMW9imWUK_Mai2017_22_kl-150x150.jpg\" width=\"150\" height=\"150\" alt=\"\" \/><\/a>\r\n<\/dt><\/dl><dl class=\"gallery-item\">\n<dt class=\"gallery-icon\">\r\n<a href=\"http:\/\/nawi.naturundbildung.at\/wp\/wp-content\/uploads\/2018\/01\/LA21-9_WS-HLMW9imWUK_Mai2017_15_kl.jpg\" title=\"\" rel=\"gallery1\"><img src=\"http:\/\/nawi.naturundbildung.at\/wp\/wp-content\/uploads\/2018\/01\/LA21-9_WS-HLMW9imWUK_Mai2017_15_kl-150x150.jpg\" width=\"150\" height=\"150\" alt=\"\" \/><\/a>\r\n<\/dt><\/dl><br style=\"clear: both\" \/>\r\n\t\t<\/div>\n\n<p>Beyzanur Savk, Sevim Turpcu und Edanur Karakas, 1HKA, HLMW9, 2017<\/p>\n","protected":false},"excerpt":{"rendered":"<p>Materialien: 1-Erdapfel eine 5 Cent M\u00fcnze ein Nagel 1-Kopfh\u00f6rer &nbsp; Durchf\u00fchrung: Erdapfel ganz oder die H\u00e4lfte nehmen (wenn ihr die H\u00e4lfte wollt bitte nicht selber schneiden sondern ein erwachsener!),die 5 Cent M\u00fcnze in den Erdapfel stecken den Nagel ca. mit 2-3 cm abstand neben die M\u00fcnze stecken und die Kopfh\u00f6rer<\/p>\n","protected":false},"author":1,"featured_media":0,"parent":209,"menu_order":0,"comment_status":"closed","ping_status":"closed","template":"","meta":{"ngg_post_thumbnail":0},"aioseo_notices":[],"_links":{"self":[{"href":"http:\/\/nawi.naturundbildung.at\/wp\/index.php?rest_route=\/wp\/v2\/pages\/4141"}],"collection":[{"href":"http:\/\/nawi.naturundbildung.at\/wp\/index.php?rest_route=\/wp\/v2\/pages"}],"about":[{"href":"http:\/\/nawi.naturundbildung.at\/wp\/index.php?rest_route=\/wp\/v2\/types\/page"}],"author":[{"embeddable":true,"href":"http:\/\/nawi.naturundbildung.at\/wp\/index.php?rest_route=\/wp\/v2\/users\/1"}],"replies":[{"embeddable":true,"href":"http:\/\/nawi.naturundbildung.at\/wp\/index.php?rest_route=%2Fwp%2Fv2%2Fcomments&post=4141"}],"version-history":[{"count":2,"href":"http:\/\/nawi.naturundbildung.at\/wp\/index.php?rest_route=\/wp\/v2\/pages\/4141\/revisions"}],"predecessor-version":[{"id":4174,"href":"http:\/\/nawi.naturundbildung.at\/wp\/index.php?rest_route=\/wp\/v2\/pages\/4141\/revisions\/4174"}],"up":[{"embeddable":true,"href":"http:\/\/nawi.naturundbildung.at\/wp\/index.php?rest_route=\/wp\/v2\/pages\/209"}],"wp:attachment":[{"href":"http:\/\/nawi.naturundbildung.at\/wp\/index.php?rest_route=%2Fwp%2Fv2%2Fmedia&parent=4141"}],"curies":[{"name":"wp","href":"https:\/\/api.w.org\/{rel}","templated":true}]}}