{"id":4146,"date":"2018-01-31T18:17:56","date_gmt":"2018-01-31T18:17:56","guid":{"rendered":"http:\/\/nawi.naturundbildung.at\/wp\/?page_id=4146"},"modified":"2018-02-06T09:11:37","modified_gmt":"2018-02-06T09:11:37","slug":"die-stimmgabel-macht-wasserwellen","status":"publish","type":"page","link":"http:\/\/nawi.naturundbildung.at\/wp\/?page_id=4146","title":{"rendered":"Die Stimmgabel macht Wasserwellen"},"content":{"rendered":"<p>Materialien:<\/p>\n<p>&nbsp;<\/p>\n<ul>\n<li>einen breiten Beh\u00e4lter, wie zum Beispiel eine Sch\u00fcssel, der mit Wasser gef\u00fcllt wird<\/li>\n<li>eine Stimmgabel<\/li>\n<\/ul>\n<p>&nbsp;<\/p>\n<p>Durchf\u00fchrung:<\/p>\n<p>&nbsp;<\/p>\n<p>Um den Versuch durch zu f\u00fchren, muss man die Stimmgabel an zum Beispiel einer Tischkante anschlagen, sodass sie beginnt zu schwingen und ins Wasser halten. Schaut man dann auf die Zinken, kann man sehen wie das Wasser Wellen schl\u00e4gt.<\/p>\n<p>&nbsp;<\/p>\n<p>Erkl\u00e4rung:<\/p>\n<p>&nbsp;<\/p>\n<p>Und warum funktioniert das? Ganz einfach: Wenn du die Stimmgabel zum Schwingen bringst und sie an dein Ohr h\u00e4ltst, h\u00f6rst du einen hohen Ton. Diesen Ton h\u00f6rst du, weil die Luft, wie die Gabel anf\u00e4ngt zu schwingen, und genau das passiert auch mit dem Wasser, nur das du die Bewegung, anders als bei der Luft, sehen kannst.<\/p>\n<div id=\"attachment_3232\" style=\"width: 1610px\" class=\"wp-caption alignnone\"><a href=\"http:\/\/nawi.naturundbildung.at\/wp\/wp-content\/uploads\/2018\/01\/IMG_6947.jpg\"><img aria-describedby=\"caption-attachment-3232\" loading=\"lazy\" class=\"size-full wp-image-3232\" src=\"http:\/\/nawi.naturundbildung.at\/wp\/wp-content\/uploads\/2018\/01\/IMG_6947.jpg\" alt=\"Schallwellen sichtbar machen-Bild: Liette Clees\" width=\"1600\" height=\"1200\" srcset=\"http:\/\/nawi.naturundbildung.at\/wp\/wp-content\/uploads\/2018\/01\/IMG_6947.jpg 1600w, http:\/\/nawi.naturundbildung.at\/wp\/wp-content\/uploads\/2018\/01\/IMG_6947-300x225.jpg 300w, http:\/\/nawi.naturundbildung.at\/wp\/wp-content\/uploads\/2018\/01\/IMG_6947-768x576.jpg 768w, http:\/\/nawi.naturundbildung.at\/wp\/wp-content\/uploads\/2018\/01\/IMG_6947-1024x768.jpg 1024w\" sizes=\"(max-width: 1600px) 100vw, 1600px\" \/><\/a><p id=\"caption-attachment-3232\" class=\"wp-caption-text\">Schallwellen sichtbar machen-Bild: Liette Clees<\/p><\/div>\n<p>Marvin Haas, Shmbulat Chaciev, Darko Stevanovicund Gabor Tati, 1HKA, HLMW9, 2017; Foto: Liette Clees<\/p>\n","protected":false},"excerpt":{"rendered":"<p>Materialien: &nbsp; einen breiten Beh\u00e4lter, wie zum Beispiel eine Sch\u00fcssel, der mit Wasser gef\u00fcllt wird eine Stimmgabel &nbsp; Durchf\u00fchrung: &nbsp; Um den Versuch durch zu f\u00fchren, muss man die Stimmgabel an zum Beispiel einer Tischkante anschlagen, sodass sie beginnt zu schwingen und ins Wasser halten. Schaut man dann auf die<\/p>\n","protected":false},"author":1,"featured_media":0,"parent":209,"menu_order":0,"comment_status":"closed","ping_status":"closed","template":"","meta":{"ngg_post_thumbnail":0},"aioseo_notices":[],"_links":{"self":[{"href":"http:\/\/nawi.naturundbildung.at\/wp\/index.php?rest_route=\/wp\/v2\/pages\/4146"}],"collection":[{"href":"http:\/\/nawi.naturundbildung.at\/wp\/index.php?rest_route=\/wp\/v2\/pages"}],"about":[{"href":"http:\/\/nawi.naturundbildung.at\/wp\/index.php?rest_route=\/wp\/v2\/types\/page"}],"author":[{"embeddable":true,"href":"http:\/\/nawi.naturundbildung.at\/wp\/index.php?rest_route=\/wp\/v2\/users\/1"}],"replies":[{"embeddable":true,"href":"http:\/\/nawi.naturundbildung.at\/wp\/index.php?rest_route=%2Fwp%2Fv2%2Fcomments&post=4146"}],"version-history":[{"count":5,"href":"http:\/\/nawi.naturundbildung.at\/wp\/index.php?rest_route=\/wp\/v2\/pages\/4146\/revisions"}],"predecessor-version":[{"id":4477,"href":"http:\/\/nawi.naturundbildung.at\/wp\/index.php?rest_route=\/wp\/v2\/pages\/4146\/revisions\/4477"}],"up":[{"embeddable":true,"href":"http:\/\/nawi.naturundbildung.at\/wp\/index.php?rest_route=\/wp\/v2\/pages\/209"}],"wp:attachment":[{"href":"http:\/\/nawi.naturundbildung.at\/wp\/index.php?rest_route=%2Fwp%2Fv2%2Fmedia&parent=4146"}],"curies":[{"name":"wp","href":"https:\/\/api.w.org\/{rel}","templated":true}]}}