{"id":4149,"date":"2018-01-31T18:19:52","date_gmt":"2018-01-31T18:19:52","guid":{"rendered":"http:\/\/nawi.naturundbildung.at\/wp\/?page_id=4149"},"modified":"2018-01-31T19:00:16","modified_gmt":"2018-01-31T19:00:16","slug":"der-singende-luftballon-und","status":"publish","type":"page","link":"http:\/\/nawi.naturundbildung.at\/wp\/?page_id=4149","title":{"rendered":"Der singende Luftballon und der surrende Kreisel"},"content":{"rendered":"<h5>Der singende Luftballon:<\/h5>\n<p>&nbsp;<\/p>\n<p>Materialien:<\/p>\n<p>&nbsp;<\/p>\n<p>1 Luftballon<\/p>\n<p>1 Joghurtbecher<\/p>\n<p>&nbsp;1 Schere,<\/p>\n<p>1M\u00fcnze &amp; 1 Bleistift<\/p>\n<p>&nbsp;<\/p>\n<p>Durchf\u00fchrung:<\/p>\n<p>&nbsp;<\/p>\n<p>&nbsp;Was passiert, wenn ich mit Hilfe einer Kunststoffscheibe die Luft langsam aus einem Luftballon entweichen lasse?<\/p>\n<p>&nbsp;<\/p>\n<p>Beobachtung:<\/p>\n<p>Der Luftballon zieht Schleifen und pfeift dabei.<\/p>\n<p>&nbsp;<\/p>\n<p>Erkl\u00e4rung:<\/p>\n<p>&nbsp;<\/p>\n<p>Die ausstr\u00f6mende Luft bringt die Kunststoffscheibe zum Schwingen- wir h\u00f6ren ein lustiges Ger\u00e4usch. Durch den R\u00fccksto\u00df fliegt der Luftballon davon<\/p>\n<p>&nbsp;<\/p>\n<p>&nbsp;<\/p>\n<p>&nbsp;<\/p>\n<h5>Der surrende Kreisel:<\/h5>\n<p>&nbsp;<\/p>\n<p>Materialien:<\/p>\n<p>&nbsp;<\/p>\n<ul>\n<li>1 Kartonscheibe<\/li>\n<li>1 Schnur<\/li>\n<li>1 Nadel<\/li>\n<li>1Schere<\/li>\n<\/ul>\n<p>&nbsp;<\/p>\n<p>Frage: Was passiert, wenn sich ein Gegenstand durch die Luft bewegt?<\/p>\n<p>&nbsp;<\/p>\n<p>Durchf\u00fchrung:<\/p>\n<p>&nbsp;<\/p>\n<p>Eine Kartonscheibe ausschneiden, eine Schnur durchf\u00e4deln und in der Luft kreisen lassen<\/p>\n<p>&nbsp;<\/p>\n<p>Beobachtung:<\/p>\n<p>&nbsp;<\/p>\n<p>Du kannst ein surrendes Ger\u00e4usch h\u00f6ren<\/p>\n<p>&nbsp;<\/p>\n<p>Erkl\u00e4rung:<\/p>\n<p>&nbsp;<\/p>\n<p>Die Luft bringt w\u00e4hrend des Schwingen die Kartonscheibe zum Schwingen- wir h\u00f6ren ein lustiges Ger\u00e4usch.<\/p>\n<p><a href=\"http:\/\/nawi.naturundbildung.at\/wp\/wp-content\/uploads\/2018\/01\/IMG_6955.jpg\"><img loading=\"lazy\" class=\"alignnone wp-image-4175 size-large\" src=\"http:\/\/nawi.naturundbildung.at\/wp\/wp-content\/uploads\/2018\/01\/IMG_6955-1024x768.jpg\" alt=\"\" width=\"650\" height=\"488\" srcset=\"http:\/\/nawi.naturundbildung.at\/wp\/wp-content\/uploads\/2018\/01\/IMG_6955-1024x768.jpg 1024w, http:\/\/nawi.naturundbildung.at\/wp\/wp-content\/uploads\/2018\/01\/IMG_6955-300x225.jpg 300w, http:\/\/nawi.naturundbildung.at\/wp\/wp-content\/uploads\/2018\/01\/IMG_6955-768x576.jpg 768w, http:\/\/nawi.naturundbildung.at\/wp\/wp-content\/uploads\/2018\/01\/IMG_6955.jpg 1600w\" sizes=\"(max-width: 650px) 100vw, 650px\" \/><\/a><\/p>\n<p>Marvin Haas, Shmbulat Chaciev, Darko Stevanovicund Gabor Tati, 1HKA, HLMW9, 2017<\/p>\n","protected":false},"excerpt":{"rendered":"<p>Der singende Luftballon: &nbsp; Materialien: &nbsp; 1 Luftballon 1 Joghurtbecher &nbsp;1 Schere, 1M\u00fcnze &amp; 1 Bleistift &nbsp; Durchf\u00fchrung: &nbsp; &nbsp;Was passiert, wenn ich mit Hilfe einer Kunststoffscheibe die Luft langsam aus einem Luftballon entweichen lasse? &nbsp; Beobachtung: Der Luftballon zieht Schleifen und pfeift dabei. &nbsp; Erkl\u00e4rung: &nbsp; Die ausstr\u00f6mende Luft<\/p>\n","protected":false},"author":1,"featured_media":0,"parent":209,"menu_order":0,"comment_status":"closed","ping_status":"closed","template":"","meta":{"ngg_post_thumbnail":0},"aioseo_notices":[],"_links":{"self":[{"href":"http:\/\/nawi.naturundbildung.at\/wp\/index.php?rest_route=\/wp\/v2\/pages\/4149"}],"collection":[{"href":"http:\/\/nawi.naturundbildung.at\/wp\/index.php?rest_route=\/wp\/v2\/pages"}],"about":[{"href":"http:\/\/nawi.naturundbildung.at\/wp\/index.php?rest_route=\/wp\/v2\/types\/page"}],"author":[{"embeddable":true,"href":"http:\/\/nawi.naturundbildung.at\/wp\/index.php?rest_route=\/wp\/v2\/users\/1"}],"replies":[{"embeddable":true,"href":"http:\/\/nawi.naturundbildung.at\/wp\/index.php?rest_route=%2Fwp%2Fv2%2Fcomments&post=4149"}],"version-history":[{"count":5,"href":"http:\/\/nawi.naturundbildung.at\/wp\/index.php?rest_route=\/wp\/v2\/pages\/4149\/revisions"}],"predecessor-version":[{"id":4177,"href":"http:\/\/nawi.naturundbildung.at\/wp\/index.php?rest_route=\/wp\/v2\/pages\/4149\/revisions\/4177"}],"up":[{"embeddable":true,"href":"http:\/\/nawi.naturundbildung.at\/wp\/index.php?rest_route=\/wp\/v2\/pages\/209"}],"wp:attachment":[{"href":"http:\/\/nawi.naturundbildung.at\/wp\/index.php?rest_route=%2Fwp%2Fv2%2Fmedia&parent=4149"}],"curies":[{"name":"wp","href":"https:\/\/api.w.org\/{rel}","templated":true}]}}