{"id":4318,"date":"2018-02-05T08:55:43","date_gmt":"2018-02-05T08:55:43","guid":{"rendered":"http:\/\/nawi.naturundbildung.at\/wp\/?page_id=4318"},"modified":"2018-02-05T09:13:50","modified_gmt":"2018-02-05T09:13:50","slug":"4318-2","status":"publish","type":"page","link":"http:\/\/nawi.naturundbildung.at\/wp\/?page_id=4318","title":{"rendered":"Die Blutspende"},"content":{"rendered":"<p>Als &nbsp;<strong>Blutspende<\/strong> bezeichnet man die freiwillige Abgabe von Blut. Das gespendete Blut wird anschlie\u00dfend untersucht und f\u00fcr medizinische, wissenschaftliche und pharmazeutische&nbsp;Zwecke aufbereitet.&nbsp;In \u00d6sterreich werden etwa 450ml Blut entnommen.<\/p>\n<p><strong>Arten der Blutspende:<\/strong><\/p>\n<p>Bei der Blutspende werden aus einer Vene, meistens aus der Ellbogenvene, etwa 450 ml Blut entnommen. Das gespendete Blut wird untersucht und haltbar gemacht (konserviert). Geeignetes Blut wird heute in verschiedene Blutprodukte getrennt und anschlie\u00dfend in einer Blutbank eingelagert.<\/p>\n<p>Eine weitere Form der Vollblutspende ist die Eigenblutspende. Dabei nimmt man einem Patienten oder einer Patientin in einem Zeitraum von zwei bis sechs Wochen vor einer Operation bis zu viermal Blut ab, mit dem dann der bei der Operation vermutete Blutverlust ausgeglichen wird. Da es sich um das eigene Blut handelt, ist es optimal vertr\u00e4glich und kann bei der Operation sehr hilfreich sein.<\/p>\n<p>Man kann aber auch nur einzelne Blutbestandteile abnehmen z. B. Erythrozyten (rote Blutk\u00f6rperchen), Thrombozyten (Blutpl\u00e4ttchen), Blutplasma ( Plasmaspende) oder sogar Stammzellen. Die nicht notwendigen Besstandteile werden dann wider zur\u00fcck in den K\u00f6rper gepumpt. Die Spendendauer, die von verschiedenen Faktoren abh\u00e4ngt, betr\u00e4gt 20\u2013240 Minuten, w\u00e4hrend eine Vollblutspende nur etwa 5\u201310 Minuten dauert.<\/p>\n<p>&nbsp;<\/p>\n<h3>Spender:<\/h3>\n<p>Blut spenden darf jeder, der mindestens 18 Jahre alt ist, der komplett gesund ist. W\u00e4hrend in der Schweiz das Spenden bis zu einem Alter von 75 Jahren erlaubt ist, ist in \u00d6sterreich die Obergrenze bei 65 Jahren, bzw. bei Erstspender\/innen bei 60 Jahren. In \u00d6sterreich, Deutschland und der Schweiz gilt zudem f\u00fcr alle ein Mindestgewicht von 50 kg.<\/p>\n<p>Frauen d\u00fcrfen insgesamt nur viermal, M\u00e4nner insgesamt sechsmal im Jahr Blut spenden.&nbsp;<\/p>\n<p><strong>Ausschlussgr\u00fcnde:<\/strong><\/p>\n<p>Es werden je nach Risikosituation dauerhafte und zeitweilige Ausschlussgr\u00fcnde unterschieden. Problematisch sind beispielsweise:<\/p>\n<p>Aufgrund der erh\u00f6hten \u00dcbertragungsgefahr von Krankheiten wie HIV oder Hepatitis C:<\/p>\n<p>T\u00e4towierungen und Piercings innerhalb der letzten vier Monate (sechs Monate in der Schweiz)<\/p>\n<p>Intraven\u00f6se Drogenabh\u00e4ngigkeit wie z. B. von Heroin<\/p>\n<p>Aufgrund der regionalen H\u00e4ufung bestimmter Krankheiten:<\/p>\n<p>Tropenaufenthalte innerhalb der letzten sechs Monate (Tropenkrankheiten).<\/p>\n<p>Aufenthalt in Gro\u00dfbritannien zwischen 1980 und 1996 von \u00fcber 6 Monaten bzw. Personen bei denen im Vereinigten K\u00f6nigreich Gro\u00dfbritannien\/Nordirland nach dem 1. Januar 1980 eine oder mehrere Operationen und\/oder Transfusionen durchgef\u00fchrt wurden. Durch diese Ma\u00dfnahmen soll eine theoretisch m\u00f6gliche \u00dcbertragung der Creutzfeldt-Jakob-Krankheit durch Transfusionen ausgeschlossen werden.<\/p>\n<p>Wechselnde tempor\u00e4re Einschr\u00e4nkungen bei Reisen ins Ausland existieren ebenfalls, wie zum Beispiel in Gebiete, die durch die Asiatische Tigerm\u00fccke belastet sind.<\/p>\n<p>Spenden d\u00fcrfen auch Personen nicht die vor\u00fcbergehend erkrankt sind, bestimmte Medikamente einnehmen, oder auch wenn es bei der Untersuchung des Blutes auf Erreger falsche Anzeigen gegeben hat, sogenannte falsch Positiv.<\/p>\n<p>In \u00d6sterreich d\u00fcrfen keine Hoosexuellen Blut spenden.<\/p>\n<h3>Laboruntersuchung:<\/h3>\n<p>Das Deutsche Rote Kreuz gibt mit Bezug auf die DRK-Blutspendedienste an, nach der Blutspende werde das Blut zun\u00e4chst untersucht nach:<\/p>\n<ul>\n<li>Hepatitis -A, -B und -C (virusbedingter Leberentz\u00fcndung)&nbsp;<\/li>\n<li>HIV-Infektion (AIDS-Test)<\/li>\n<li>Syphilis (Geschlechtskrankheit)<\/li>\n<li>Bestimmung von Blutgruppe und Rhesusfaktor<\/li>\n<\/ul>\n<p>Quellen:<\/p>\n<p><a href=\"https:\/\/www.roteskreuz.at\/blutspende\/informationen-zur-blutspende\/faqs-zur-blutspende\/\">https:\/\/www.roteskreuz.at\/blutspende\/informationen-zur-blutspende\/faqs-zur-blutspende\/<\/a><\/p>\n<p><a href=\"https:\/\/de.wikipedia.org\/wiki\/Blutspende\">https:\/\/de.wikipedia.org\/wiki\/Blutspende<\/a><\/p>\n<p>Johanna Biber, 1FKA, HLTW21, 2014<\/p>\n<div id=\"watu_quiz\" class=\"quiz-area \">\n<p><p>Blutspende-Quiz:<\/p>\n<\/p><form action=\"\" method=\"post\" class=\"quiz-form \" id=\"quiz-76\" >\n<div class='watu-question' id='question-1'><div class='question-content'><p><span class='watu_num'>1. <\/span>Ausschlussgr\u00fcnde- oder wer darf nicht zur Blutspende?<\/p>\n<p>&nbsp;<\/p>\n<\/div><input type='hidden' name='question_id[]' value='637' \/><div class='watu-questions-wrap '><input type='hidden' name='answer_ids[]' class='watu-answer-ids' value='3128' \/><div class='watu-question-choice'><input type='checkbox' name='answer-637[]' id='answer-id-3128' class='answer answer-1  answerof-637' value='3128' \/>&nbsp;<label for='answer-id-3128' id='answer-label-3128' class=' answer label-1'><span class='answer'>Personen, die in den letzten 6 Monaten in den Tropen waren<\/span><\/label><\/div>\n<input type='hidden' name='answer_ids[]' class='watu-answer-ids' value='3127' \/><div class='watu-question-choice'><input type='checkbox' name='answer-637[]' id='answer-id-3127' class='answer answer-1  answerof-637' value='3127' \/>&nbsp;<label for='answer-id-3127' id='answer-label-3127' class=' answer label-1'><span class='answer'>kranke Menschen<\/span><\/label><\/div>\n<input type='hidden' name='answer_ids[]' class='watu-answer-ids' value='3126' \/><div class='watu-question-choice'><input type='checkbox' name='answer-637[]' id='answer-id-3126' class='answer answer-1  answerof-637' value='3126' \/>&nbsp;<label for='answer-id-3126' id='answer-label-3126' class=' answer label-1'><span class='answer'>Homosexuelle<\/span><\/label><\/div>\n<input type='hidden' name='answer_ids[]' class='watu-answer-ids' value='3129' \/><div class='watu-question-choice'><input type='checkbox' name='answer-637[]' id='answer-id-3129' class='answer answer-1  answerof-637' value='3129' \/>&nbsp;<label for='answer-id-3129' id='answer-label-3129' class=' answer label-1'><span class='answer'>Menschen mit frischen Tatoos oder Piercings<\/span><\/label><\/div>\n<\/div><input type='hidden' id='questionType1' value='checkbox' class=''><\/div><div class='watu-question' id='question-2'><div class='question-content'><p><span class='watu_num'>2. <\/span>Wie oft im j\u00e4hr darf man zur Blutspende?<\/p>\n<\/div><input type='hidden' name='question_id[]' value='635' \/><div class='watu-questions-wrap '><input type='hidden' name='answer_ids[]' class='watu-answer-ids' value='3117' \/><div class='watu-question-choice'><input type='checkbox' name='answer-635[]' id='answer-id-3117' class='answer answer-2  answerof-635' value='3117' \/>&nbsp;<label for='answer-id-3117' id='answer-label-3117' class=' answer label-2'><span class='answer'>Frauen 4x pro Jahr- also ca. alle 3 Monate<\/span><\/label><\/div>\n<input type='hidden' name='answer_ids[]' class='watu-answer-ids' value='3120' \/><div class='watu-question-choice'><input type='checkbox' name='answer-635[]' id='answer-id-3120' class='answer answer-2  answerof-635' value='3120' \/>&nbsp;<label for='answer-id-3120' id='answer-label-3120' class=' answer label-2'><span class='answer'>generell alle 12 Wochen<\/span><\/label><\/div>\n<input type='hidden' name='answer_ids[]' class='watu-answer-ids' value='3118' \/><div class='watu-question-choice'><input type='checkbox' name='answer-635[]' id='answer-id-3118' class='answer answer-2  answerof-635' value='3118' \/>&nbsp;<label for='answer-id-3118' id='answer-label-3118' class=' answer label-2'><span class='answer'>M\u00e4nner 6x pro Jahr- also ca. alle 2 Monate<\/span><\/label><\/div>\n<input type='hidden' name='answer_ids[]' class='watu-answer-ids' value='3119' \/><div class='watu-question-choice'><input type='checkbox' name='answer-635[]' id='answer-id-3119' class='answer answer-2  answerof-635' value='3119' \/>&nbsp;<label for='answer-id-3119' id='answer-label-3119' class=' answer label-2'><span class='answer'>generell alle 8 Wochen<\/span><\/label><\/div>\n<\/div><input type='hidden' id='questionType2' value='checkbox' class=''><\/div><div class='watu-question' id='question-3'><div class='question-content'><p><span class='watu_num'>3. <\/span>Worauf wird Spenderblut untersucht?<\/p>\n<\/div><input type='hidden' name='question_id[]' value='636' \/><div class='watu-questions-wrap '><input type='hidden' name='answer_ids[]' class='watu-answer-ids' value='3121' \/><div class='watu-question-choice'><input type='checkbox' name='answer-636[]' id='answer-id-3121' class='answer answer-3  answerof-636' value='3121' \/>&nbsp;<label for='answer-id-3121' id='answer-label-3121' class=' answer label-3'><span class='answer'>Hepatitis -A, -B und -C (virusbedingter Leberentz\u00fcndung)<br \/>\n<\/span><\/label><\/div>\n<input type='hidden' name='answer_ids[]' class='watu-answer-ids' value='3122' \/><div class='watu-question-choice'><input type='checkbox' name='answer-636[]' id='answer-id-3122' class='answer answer-3  answerof-636' value='3122' \/>&nbsp;<label for='answer-id-3122' id='answer-label-3122' class=' answer label-3'><span class='answer'>HIV-Infektion (AIDS-Test)<\/span><\/label><\/div>\n<input type='hidden' name='answer_ids[]' class='watu-answer-ids' value='3123' \/><div class='watu-question-choice'><input type='checkbox' name='answer-636[]' id='answer-id-3123' class='answer answer-3  answerof-636' value='3123' \/>&nbsp;<label for='answer-id-3123' id='answer-label-3123' class=' answer label-3'><span class='answer'>Syphilis (Geschlechtskrankheit)<\/span><\/label><\/div>\n<input type='hidden' name='answer_ids[]' class='watu-answer-ids' value='3124' \/><div class='watu-question-choice'><input type='checkbox' name='answer-636[]' id='answer-id-3124' class='answer answer-3  answerof-636' value='3124' \/>&nbsp;<label for='answer-id-3124' id='answer-label-3124' class=' answer label-3'><span class='answer'>Blutgruppe und Rhesusfaktor<\/span><\/label><\/div>\n<input type='hidden' name='answer_ids[]' class='watu-answer-ids' value='3125' \/><div class='watu-question-choice'><input type='checkbox' name='answer-636[]' id='answer-id-3125' class='answer answer-3  answerof-636' value='3125' \/>&nbsp;<label for='answer-id-3125' id='answer-label-3125' class=' answer label-3'><span class='answer'>Rhinoviren (Schnupfenviren)<\/span><\/label><\/div>\n<\/div><input type='hidden' id='questionType3' value='checkbox' class=''><\/div><div class='watu-question' id='question-4'><div class='question-content'><p><span class='watu_num'>4. <\/span>Wie viel kg muss eine Person in \u00d6sterreich mindestens wiegen, um zur Blutspende zugelassen zu sein?<\/p>\n<\/div><input type='hidden' name='question_id[]' value='634' \/><div class='watu-questions-wrap '><input type='hidden' name='answer_ids[]' class='watu-answer-ids' value='3116' \/><div class='watu-question-choice'><input type='radio' name='answer-634[]' id='answer-id-3116' class='answer answer-4  answerof-634' value='3116' \/>&nbsp;<label for='answer-id-3116' id='answer-label-3116' class=' answer label-4'><span class='answer'>45kg<\/span><\/label><\/div>\n<input type='hidden' name='answer_ids[]' class='watu-answer-ids' value='3115' \/><div class='watu-question-choice'><input type='radio' name='answer-634[]' id='answer-id-3115' class='answer answer-4  answerof-634' value='3115' \/>&nbsp;<label for='answer-id-3115' id='answer-label-3115' class=' answer label-4'><span class='answer'>60kg<\/span><\/label><\/div>\n<input type='hidden' name='answer_ids[]' class='watu-answer-ids' value='3114' \/><div class='watu-question-choice'><input type='radio' name='answer-634[]' id='answer-id-3114' class='answer answer-4  answerof-634' value='3114' \/>&nbsp;<label for='answer-id-3114' id='answer-label-3114' class=' answer label-4'><span class='answer'>55kg<\/span><\/label><\/div>\n<input type='hidden' name='answer_ids[]' class='watu-answer-ids' value='3113' \/><div class='watu-question-choice'><input type='radio' name='answer-634[]' id='answer-id-3113' class='answer answer-4  answerof-634' value='3113' \/>&nbsp;<label for='answer-id-3113' id='answer-label-3113' class=' answer label-4'><span class='answer'>50kg<\/span><\/label><\/div>\n<\/div><input type='hidden' id='questionType4' value='radio' class=''><\/div><div class='watu-question' id='question-5'><div class='question-content'><p><span class='watu_num'>5. <\/span>Wer darf in \u00d6sterreich zur Blutspende?<\/p>\n<\/div><input type='hidden' name='question_id[]' value='633' \/><div class='watu-questions-wrap '><input type='hidden' name='answer_ids[]' class='watu-answer-ids' value='3109' \/><div class='watu-question-choice'><input type='radio' name='answer-633[]' id='answer-id-3109' class='answer answer-5  answerof-633' value='3109' \/>&nbsp;<label for='answer-id-3109' id='answer-label-3109' class=' answer label-5'><span class='answer'>Alle gesunden M\u00e4nner und Frauen zwischen 18-65<\/span><\/label><\/div>\n<input type='hidden' name='answer_ids[]' class='watu-answer-ids' value='3111' \/><div class='watu-question-choice'><input type='radio' name='answer-633[]' id='answer-id-3111' class='answer answer-5  answerof-633' value='3111' \/>&nbsp;<label for='answer-id-3111' id='answer-label-3111' class=' answer label-5'><span class='answer'>Alle gesunden M\u00e4nner und Frauen zwischen 21-65<\/span><\/label><\/div>\n<input type='hidden' name='answer_ids[]' class='watu-answer-ids' value='3112' \/><div class='watu-question-choice'><input type='radio' name='answer-633[]' id='answer-id-3112' class='answer answer-5  answerof-633' value='3112' \/>&nbsp;<label for='answer-id-3112' id='answer-label-3112' class=' answer label-5'><span class='answer'>Alle gesunden M\u00e4nner und Frauen zwischen 18-75<\/span><\/label><\/div>\n<input type='hidden' name='answer_ids[]' class='watu-answer-ids' value='3110' \/><div class='watu-question-choice'><input type='radio' name='answer-633[]' id='answer-id-3110' class='answer answer-5  answerof-633' value='3110' \/>&nbsp;<label for='answer-id-3110' id='answer-label-3110' class=' answer label-5'><span class='answer'>Alle gesunden M\u00e4nner und Frauen zwischen 18-55<\/span><\/label><\/div>\n<\/div><input type='hidden' id='questionType5' value='radio' class=''><\/div><div style='display:none' id='question-6'><br \/><div class='question-content'><img src=\"http:\/\/nawi.naturundbildung.at\/wp\/wp-content\/plugins\/watu\/loading.gif\" width=\"16\" height=\"16\" alt=\"Loading ...\" title=\"Loading ...\" \/>&nbsp;Loading &#8230;<\/div><\/div><br \/>\n\t<p>Question <span id='numQ'>1<\/span> of 5<\/p>\n\t\t<input type=\"button\" id=\"next-question\" value=\"Next &gt;\"  \/>\n<input type=\"button\" name=\"action\" onclick=\"Watu.submitResult()\" id=\"action-button\" value=\"Submit\"  class=\"watu-submit-button\" \/>\n<input type=\"hidden\" name=\"no_ajax\" value=\"0\"><input type=\"hidden\" name=\"quiz_id\" value=\"76\" \/>\n<input type=\"hidden\" id=\"watuStartTime\" name=\"start_time\" value=\"2026-04-15 11:04:16\" \/>\n<\/form>\n<\/div>\n<div id=\"watu-loading-result\" style=\"display:none;\">\n\t<p align=\"center\"><img src=\"http:\/\/nawi.naturundbildung.at\/wp\/wp-content\/plugins\/watu\/loading.gif\" width=\"16\" height=\"16\" alt=\"Loading\" title=\"Loading\" \/><\/p>\n<\/div>\t\n<script type=\"text\/javascript\">\nvar exam_id=0;\nvar question_ids='';\nvar watuURL='';\njQuery(function($){\nquestion_ids = \"637,635,636,634,633\";\nexam_id = 76;\nWatu.exam_id = exam_id;\nWatu.qArr = question_ids.split(',');\nWatu.post_id = 4318;\nWatu.singlePage = '0';\nWatu.hAppID = \"0.61732500 1776251056\";\nwatuURL = \"http:\/\/nawi.naturundbildung.at\/wp\/wp-admin\/admin-ajax.php\";\nWatu.noAlertUnanswered = 0;\n});\n<\/script>\n","protected":false},"excerpt":{"rendered":"<p>Als &nbsp;Blutspende bezeichnet man die freiwillige Abgabe von Blut. Das gespendete Blut wird anschlie\u00dfend untersucht und f\u00fcr medizinische, wissenschaftliche und pharmazeutische&nbsp;Zwecke aufbereitet.&nbsp;In \u00d6sterreich werden etwa 450ml Blut entnommen. Arten der Blutspende: Bei der Blutspende werden aus einer Vene, meistens aus der Ellbogenvene, etwa 450 ml Blut entnommen. Das gespendete Blut<\/p>\n","protected":false},"author":1,"featured_media":0,"parent":448,"menu_order":0,"comment_status":"closed","ping_status":"closed","template":"","meta":{"ngg_post_thumbnail":0},"aioseo_notices":[],"_links":{"self":[{"href":"http:\/\/nawi.naturundbildung.at\/wp\/index.php?rest_route=\/wp\/v2\/pages\/4318"}],"collection":[{"href":"http:\/\/nawi.naturundbildung.at\/wp\/index.php?rest_route=\/wp\/v2\/pages"}],"about":[{"href":"http:\/\/nawi.naturundbildung.at\/wp\/index.php?rest_route=\/wp\/v2\/types\/page"}],"author":[{"embeddable":true,"href":"http:\/\/nawi.naturundbildung.at\/wp\/index.php?rest_route=\/wp\/v2\/users\/1"}],"replies":[{"embeddable":true,"href":"http:\/\/nawi.naturundbildung.at\/wp\/index.php?rest_route=%2Fwp%2Fv2%2Fcomments&post=4318"}],"version-history":[{"count":5,"href":"http:\/\/nawi.naturundbildung.at\/wp\/index.php?rest_route=\/wp\/v2\/pages\/4318\/revisions"}],"predecessor-version":[{"id":4324,"href":"http:\/\/nawi.naturundbildung.at\/wp\/index.php?rest_route=\/wp\/v2\/pages\/4318\/revisions\/4324"}],"up":[{"embeddable":true,"href":"http:\/\/nawi.naturundbildung.at\/wp\/index.php?rest_route=\/wp\/v2\/pages\/448"}],"wp:attachment":[{"href":"http:\/\/nawi.naturundbildung.at\/wp\/index.php?rest_route=%2Fwp%2Fv2%2Fmedia&parent=4318"}],"curies":[{"name":"wp","href":"https:\/\/api.w.org\/{rel}","templated":true}]}}