{"id":455,"date":"2014-01-09T14:27:30","date_gmt":"2014-01-09T14:27:30","guid":{"rendered":"http:\/\/nawi.naturundbildung.at\/wp\/?page_id=455"},"modified":"2018-02-05T14:56:33","modified_gmt":"2018-02-05T14:56:33","slug":"sinnesorgane","status":"publish","type":"page","link":"http:\/\/nawi.naturundbildung.at\/wp\/?page_id=455","title":{"rendered":"Sinnesorgane"},"content":{"rendered":"<p>Alle Lebewesen nehmen ihre Umwelt wahr. So gilt Wahrnehmung\/Reizbarkeit als ein Kennzeichen des Lebens und selbst Bakterien oder auch Pflanzen k\u00f6nnen auf bestimmte Umweltreize reagiere. Pantoffeltierchen reagieren auf Essigs\u00e4ure, Pflanzen nehmen das Sonnenlicht wahr und richten ihre Blattoberfl\u00e4chen nach der Lage der Sonne aus. Der Tomatenparasit Teufelszwirn (Cuscuta) kann sogar Tomatenpflanzen riechen.<\/p>\n<p>Tiere nehmen ihre Umwelt mit Hilfe ihrer Sinnesorgane wahr. Wir Menschen k\u00f6nnen Sehen, Riechen, H\u00f6ren, F\u00fchlen und Schmecken. Und eigentlich ist dann noch der Gleichgewichtssinn im Innenohr. Viele Tiere haben sch\u00e4rfere Wahrnehmungsf\u00e4higkeiten wie wir oder ein breiteres Spektrum: Hunde oder Haie k\u00f6nnen viel besser riechen als Menschen. Hunde werden Dank ihrer feinen Nase als Drogensp\u00fcrhunde eingesetzt, sie k\u00f6nnen kleinste Spuren von Drogen erschn\u00fcffeln oder Stoffwechselentgleisungen &#8222;ihrer Menschen&#8220; als trainierte Begleithunde riechen, noch bevor sie die Patient\/innen sp\u00fcren und Alarm schlagen. Bienen k\u00f6nnen UV Licht sehen, Schlangen nehmen Infrarot wahr und Flederm\u00e4use k\u00f6nnen Ultraschall h\u00f6ren und Elefanten Infraschall. Zugv\u00f6gel k\u00f6nnen sogar den Erdmagnetismus wahrnehmen.<\/p>\n<p>Sinnesorgane sind das Werkzeug, um Umweltreize wie Licht, Schall, Duftmolek\u00fcle, Eiwei\u00dfe oder Zucker in der Nahrung oder mechanische Reize wahrnehmen zu k\u00f6nnen. Diese Reize werden \u00fcber die Nerven an das Gehirn weitergeleitet und im Gehirn verarbeitet.<\/p>\n<p>Als Sinnesorgane hat der Mensch <a href=\"http:\/\/nawi.naturundbildung.at\/wp\/?page_id=832\">Ohren<\/a>, <a href=\"http:\/\/nawi.naturundbildung.at\/wp\/?page_id=834\">Nase<\/a>, <a href=\"http:\/\/nawi.naturundbildung.at\/wp\/?page_id=829\">Augen<\/a>, <a href=\"http:\/\/nawi.naturundbildung.at\/wp\/?page_id=834\">Zunge<\/a> und <a href=\"http:\/\/nawi.naturundbildung.at\/wp\/?page_id=836\">Haut<\/a> zur Verf\u00fcgung.<\/p>\n<p>Silke Geroldinger, 2018<\/p>\n\r\n\t\t<style type='text\/css'>\r\n\t\t\t#gallery-1 {\r\n\t\t\t\tmargin: auto;\r\n\t\t\t}\r\n\t\t\t#gallery-1 .gallery-item {\r\n\t\t\t\tfloat: left;\r\n\t\t\t\tmargin-top: 10px;\r\n\t\t\t\ttext-align: center;\r\n\t\t\t\twidth: 33%;\r\n\t\t\t}\r\n\t\t\t#gallery-1 img {\r\n\t\t\t\tborder: 2px solid #cfcfcf;\r\n\t\t\t}\r\n\t\t\t#gallery-1 .gallery-caption {\r\n\t\t\t\tmargin-left: 0;\r\n\t\t\t}\r\n\t\t<\/style>\r\n\t\t<!-- see gallery_shortcode() in wp-includes\/media.php -->\n\t\t<div id='gallery-1' class='gallery galleryid-455 gallery-columns-3 gallery-size-thumbnail gallery1'><script type=\"text\/javascript\">\r\n\/\/ <![CDATA[\r\n\tjQuery(document).ready(function () {\r\n\t\tjQuery(\".gallery1 a\").attr(\"rel\",\"gallery1\");\t\r\n\t\tjQuery('a[rel=\"gallery1\"]').colorbox({maxWidth:\"95%\", maxHeight:\"95%\",title: function(){ return jQuery(this).children().attr(\"alt\"); }, });\r\n\t});\r\n\/\/ ]]>\r\n<\/script>\n<dl class=\"gallery-item\">\n<dt class=\"gallery-icon\">\r\n<a href=\"http:\/\/nawi.naturundbildung.at\/wp\/wp-content\/uploads\/2014\/01\/innenohr2-mitteregger-klein.png\" title=\"Innenohr-Mitteregger\" rel=\"gallery1\"><img src=\"http:\/\/nawi.naturundbildung.at\/wp\/wp-content\/uploads\/2014\/01\/innenohr2-mitteregger-klein-150x150.png\" width=\"150\" height=\"150\" alt=\"Innenohr-Mitteregger\" \/><\/a>\r\n<\/dt><dd class=\"gallery-caption\" id=\"caption923\"><span class=\"imagecaption\">Innenohr-Mitteregger<\/span><br \/>\n<span class=\"imagedescription\">Innenohr-Mitteregger<\/span><br \/>\n<\/dd><\/dl><dl class=\"gallery-item\">\n<dt class=\"gallery-icon\">\r\n<a href=\"http:\/\/nawi.naturundbildung.at\/wp\/wp-content\/uploads\/2014\/01\/innenohr2-borbely-klein.png\" title=\"Innenohr-Borbely\" rel=\"gallery1\"><img src=\"http:\/\/nawi.naturundbildung.at\/wp\/wp-content\/uploads\/2014\/01\/innenohr2-borbely-klein-150x150.png\" width=\"150\" height=\"150\" alt=\"Innenohr-Borbely\" \/><\/a>\r\n<\/dt><dd class=\"gallery-caption\" id=\"caption922\"><span class=\"imagecaption\">Innenohr-Borbely<\/span><br \/>\n<span class=\"imagedescription\">Innenohr-Borbely<\/span><br \/>\n<\/dd><\/dl><dl class=\"gallery-item\">\n<dt class=\"gallery-icon\">\r\n<a href=\"http:\/\/nawi.naturundbildung.at\/wp\/wp-content\/uploads\/2014\/01\/auge-mitteregger-001-mittel.jpg\" title=\"Auge-Mitteregger\" rel=\"gallery1\"><img src=\"http:\/\/nawi.naturundbildung.at\/wp\/wp-content\/uploads\/2014\/01\/auge-mitteregger-001-mittel-150x150.jpg\" width=\"150\" height=\"150\" alt=\"Auge-Mitteregger\" \/><\/a>\r\n<\/dt><dd class=\"gallery-caption\" id=\"caption1463\"><span class=\"imagecaption\">Auge-Mitteregger<\/span><br \/>\n<span class=\"imagedescription\">Auge-Mitteregger<\/span><br \/>\n<\/dd><\/dl><br style=\"clear: both\" \/>\r\n\t\t<\/div>\n\n","protected":false},"excerpt":{"rendered":"<p>Alle Lebewesen nehmen ihre Umwelt wahr. So gilt Wahrnehmung\/Reizbarkeit als ein Kennzeichen des Lebens und selbst Bakterien oder auch Pflanzen k\u00f6nnen auf bestimmte Umweltreize reagiere. Pantoffeltierchen reagieren auf Essigs\u00e4ure, Pflanzen nehmen das Sonnenlicht wahr und richten ihre Blattoberfl\u00e4chen nach der Lage der Sonne aus. Der Tomatenparasit Teufelszwirn (Cuscuta) kann sogar<\/p>\n","protected":false},"author":1,"featured_media":0,"parent":29,"menu_order":0,"comment_status":"open","ping_status":"open","template":"","meta":{"ngg_post_thumbnail":0},"aioseo_notices":[],"_links":{"self":[{"href":"http:\/\/nawi.naturundbildung.at\/wp\/index.php?rest_route=\/wp\/v2\/pages\/455"}],"collection":[{"href":"http:\/\/nawi.naturundbildung.at\/wp\/index.php?rest_route=\/wp\/v2\/pages"}],"about":[{"href":"http:\/\/nawi.naturundbildung.at\/wp\/index.php?rest_route=\/wp\/v2\/types\/page"}],"author":[{"embeddable":true,"href":"http:\/\/nawi.naturundbildung.at\/wp\/index.php?rest_route=\/wp\/v2\/users\/1"}],"replies":[{"embeddable":true,"href":"http:\/\/nawi.naturundbildung.at\/wp\/index.php?rest_route=%2Fwp%2Fv2%2Fcomments&post=455"}],"version-history":[{"count":9,"href":"http:\/\/nawi.naturundbildung.at\/wp\/index.php?rest_route=\/wp\/v2\/pages\/455\/revisions"}],"predecessor-version":[{"id":3885,"href":"http:\/\/nawi.naturundbildung.at\/wp\/index.php?rest_route=\/wp\/v2\/pages\/455\/revisions\/3885"}],"up":[{"embeddable":true,"href":"http:\/\/nawi.naturundbildung.at\/wp\/index.php?rest_route=\/wp\/v2\/pages\/29"}],"wp:attachment":[{"href":"http:\/\/nawi.naturundbildung.at\/wp\/index.php?rest_route=%2Fwp%2Fv2%2Fmedia&parent=455"}],"curies":[{"name":"wp","href":"https:\/\/api.w.org\/{rel}","templated":true}]}}