{"id":459,"date":"2014-01-09T14:30:33","date_gmt":"2014-01-09T14:30:33","guid":{"rendered":"http:\/\/nawi.naturundbildung.at\/wp\/?page_id=459"},"modified":"2014-06-16T13:28:46","modified_gmt":"2014-06-16T13:28:46","slug":"krebs","status":"publish","type":"page","link":"http:\/\/nawi.naturundbildung.at\/wp\/?page_id=459","title":{"rendered":"Krebs"},"content":{"rendered":"<p>Nach Herzkreislauferkrankungen (z.B. Herzinfarkt) \u00a0stellt Krebs in den westlichen Industriel\u00e4ndern die Todesursache Nummer 2. Wobei Krebs dank moderner Medizin mehr und mehr von der todbringenden Krankheit zur chronischen Krankheit wird.<\/p>\n<p>Krebs ist eine b\u00f6sartige Tumorerkrankung. B\u00f6artig bedeutet, dass es sich von gutartigen Tumorerkrankungen (Tumore sind Geschwulte aller Art) vor allem darin unterscheiden, dass sie schnell wachsen und gesundes Gewebe infiltrieren (in die Organe eindringen und deren Gewebe verdr\u00e4ngen).<\/p>\n<p>Krebskrankheiten basieren auf entarteten Zellen. Gew\u00f6hnlich reparieren sich besch\u00e4digte zellen, etwa wenn ach einem Sonnenbrand Erbgut besch\u00e4digt wurde. Irreparable Zellen starten ein vorprogrammiertes Zelltod-Programm. Dieser &#8222;Zellselbstmord&#8220; findet immer dann statt, wenn Zellen kaputt sind oder nicht mehr gebraucht werden (z.B. Gewebe zwischen den Fingern beim Embryo). Bei Krebszellen ist dieser Mechanismus kaputt oder ausgeschaltet. Sie sind quasi &#8222;unsterblich&#8220;.<\/p>\n<p>Weiters sind bei Krebszellen bestimmte Areale auf den Genen mutiert, die f\u00fcr die Entstehung von Krebs verantwortlich gemacht werden. (daher die oft geh\u00e4ufte Belastung von Familien f\u00fcr bestimmte Krebsarten): sogenannte Protoonkogene werden bei Krebspatient\/innen zu Onkogenen.<\/p>\n<p>Es sind also verschiedenen exogene (\u00e4u\u00dfere) Faktoren wie die Umwelt, die Ern\u00e4hrung, Rauchen, und vieles mehr sowie endogene Faktoren (genetische Disposition, Hormonhaushalt) die das Risiko an Krebs zu erkranken beeinflussen.<\/p>\n<p>Das Wissen um diese Risikofaktoren hilft uns ebenso gesund zu bleiben, wie die M\u00f6glichkeiten zur Fr\u00fcherkennung verschiedener Krebsarten und Selbstuntersuchungsmethoden.<\/p>\n<p>Bericht: Geroldinger, 2014<\/p>\n<p>&nbsp;<\/p>\n","protected":false},"excerpt":{"rendered":"<p>Nach Herzkreislauferkrankungen (z.B. Herzinfarkt) \u00a0stellt Krebs in den westlichen Industriel\u00e4ndern die Todesursache Nummer 2. Wobei Krebs dank moderner Medizin mehr und mehr von der todbringenden Krankheit zur chronischen Krankheit wird. Krebs ist eine b\u00f6sartige Tumorerkrankung. B\u00f6artig bedeutet, dass es sich von gutartigen Tumorerkrankungen (Tumore sind Geschwulte aller Art) vor allem<\/p>\n","protected":false},"author":1,"featured_media":0,"parent":29,"menu_order":4,"comment_status":"open","ping_status":"open","template":"","meta":{"ngg_post_thumbnail":0},"aioseo_notices":[],"_links":{"self":[{"href":"http:\/\/nawi.naturundbildung.at\/wp\/index.php?rest_route=\/wp\/v2\/pages\/459"}],"collection":[{"href":"http:\/\/nawi.naturundbildung.at\/wp\/index.php?rest_route=\/wp\/v2\/pages"}],"about":[{"href":"http:\/\/nawi.naturundbildung.at\/wp\/index.php?rest_route=\/wp\/v2\/types\/page"}],"author":[{"embeddable":true,"href":"http:\/\/nawi.naturundbildung.at\/wp\/index.php?rest_route=\/wp\/v2\/users\/1"}],"replies":[{"embeddable":true,"href":"http:\/\/nawi.naturundbildung.at\/wp\/index.php?rest_route=%2Fwp%2Fv2%2Fcomments&post=459"}],"version-history":[{"count":10,"href":"http:\/\/nawi.naturundbildung.at\/wp\/index.php?rest_route=\/wp\/v2\/pages\/459\/revisions"}],"predecessor-version":[{"id":2202,"href":"http:\/\/nawi.naturundbildung.at\/wp\/index.php?rest_route=\/wp\/v2\/pages\/459\/revisions\/2202"}],"up":[{"embeddable":true,"href":"http:\/\/nawi.naturundbildung.at\/wp\/index.php?rest_route=\/wp\/v2\/pages\/29"}],"wp:attachment":[{"href":"http:\/\/nawi.naturundbildung.at\/wp\/index.php?rest_route=%2Fwp%2Fv2%2Fmedia&parent=459"}],"curies":[{"name":"wp","href":"https:\/\/api.w.org\/{rel}","templated":true}]}}