{"id":4791,"date":"2018-03-06T12:00:53","date_gmt":"2018-03-06T12:00:53","guid":{"rendered":"http:\/\/nawi.naturundbildung.at\/wp\/?page_id=4791"},"modified":"2018-03-22T10:20:26","modified_gmt":"2018-03-22T10:20:26","slug":"erik-kandel","status":"publish","type":"page","link":"http:\/\/nawi.naturundbildung.at\/wp\/?page_id=4791","title":{"rendered":"Erik Kandel"},"content":{"rendered":"<p>Erik Kandel ist US-amerikanischer Neurowissenschaftler, Verhaltensbiologe und Biochemiker \u00f6sterreichischer Herkunft. Aufgrund seines fr\u00f6hlichen Wesens und seiner Markenzeichen: Erik Kandel tr\u00e4gt immer ein Mascherl (er hat \u00fcber 100) und ist bekannt f\u00fcr sein schallendes Lachen, wird er auch als \u201eRockstar der Neurowissenschaftler\u201c bezeichnet.<\/p>\n<p>Erik Kandel geh\u00f6rt zu den weltweit f\u00fchrenden Gehirnforscher\/innen. Er hat molekularbiologische Mechanismen des Gehirns entschl\u00fcsselt. 1963 konnte er auf der Grundlage von Forschungen mit der Meeresschnecke \u201eSeehase\u201c nachweisen, dass Nervenzellen lernen k\u00f6nnen und dies die Grundlage des Lernens darstellt.<\/p>\n<p>Erik Kandel kam am 7. November 1929 in Wien als Sohn eines Spielzeugh\u00e4ndlers zur Welt. Als Spross einer j\u00fcdischen Familie, musste er mit 9 Jahren, gemeinsam mit seinem Bruder, vor den Nationalsozialisten in die USA fliehen, wo er erst Geschichte und Literatur, sp\u00e4ter Psychoanalyse und Medizin studierte. 1974 wurde Eric Kandel zum Professor an der Columbia University in New York ernannt und wurde Mitglied der National Academy of Sciences der USA. Im Jahr 2000 wurde Erik Kandel mit dem Nobelpreis f\u00fcr Medizin f\u00fcr seine Forschung auf dem Gebiet des Ged\u00e4chtnisses ausgezeichnet. Gemeinsam mit seiner Frau Denise, Professorin f\u00fcr Sozialmedizin an der Columbia University, hat er auch \u00fcber Suchtverhalten und Nikotinabh\u00e4ngigkeit bei Jugendlichen geforscht und konnte zeigen, dass Nikotin das Gehirn aufnahmef\u00e4higer f\u00fcr andere Drogen macht. Erik Kandel hat mit seiner Frau 2 Kinder und hat 4 Enkelkinder.<\/p>\n<p>Quellen:<\/p>\n<p><a href=\"http:\/\/www.3sat.de\/page\/?source=\/ard\/dokumentationen\/169606\/index.html\">http:\/\/www.3sat.de\/page\/?source=\/ard\/dokumentationen\/169606\/index.html<\/a><\/p>\n<p><a href=\"https:\/\/www.profil.at\/wissenschaft\/nobelpreistraeger-eric-kandel-wunder-gehirn-5818281\">https:\/\/www.profil.at\/wissenschaft\/nobelpreistraeger-eric-kandel-wunder-gehirn-5818281<\/a><\/p>\n<p><a href=\"http:\/\/schaufenster.diepresse.com\/home\/salon\/starsundstorys\/5290895\/Leidenschaftlicher-Kaempfer-gegen-das-Vergessen\">http:\/\/schaufenster.diepresse.com\/home\/salon\/starsundstorys\/5290895\/Leidenschaftlicher-Kaempfer-gegen-das-Vergessen<\/a><\/p>\n<p><a href=\"https:\/\/derstandard.at\/1348285891154\/Meine-Romantik-ist-in-meinem-Gehirn\">https:\/\/derstandard.at\/1348285891154\/Meine-Romantik-ist-in-meinem-Gehirn<\/a><\/p>\n<p>Alibasic Ajla, Al Salti Alexandra, Fielhauer Malini, Kallo Cindy, Limwattanaphanchai Pithawat, Mora Pinz\u00f3n Salome, Saini Jennifer, Takacs Rosmarie, 3HKA, HLMW9, 2018<\/p>\n<div id=\"watu_quiz\" class=\"quiz-area \">\n<p><p>Was wei\u00dft Du \u00fcber Erik Kandel?<\/p>\n<\/p><form action=\"\" method=\"post\" class=\"quiz-form \" id=\"quiz-99\" >\n<div class='watu-question' id='question-1'><div class='question-content'><p><span class='watu_num'>1. <\/span>Wer ist Erik Kandel?<\/p>\n<\/div><input type='hidden' name='question_id[]' value='799' \/><div class='watu-questions-wrap '><input type='hidden' name='answer_ids[]' class='watu-answer-ids' value='3915' \/><div class='watu-question-choice'><input type='radio' name='answer-799[]' id='answer-id-3915' class='answer answer-1  answerof-799' value='3915' \/>&nbsp;<label for='answer-id-3915' id='answer-label-3915' class=' answer label-1'><span class='answer'>ein britischer Gehirnchirurg<\/span><\/label><\/div>\n<input type='hidden' name='answer_ids[]' class='watu-answer-ids' value='3913' \/><div class='watu-question-choice'><input type='radio' name='answer-799[]' id='answer-id-3913' class='answer answer-1  answerof-799' value='3913' \/>&nbsp;<label for='answer-id-3913' id='answer-label-3913' class=' answer label-1'><span class='answer'>ein US-amerikanischer Neurowissenschaftler, Verhaltensbiologe und Biochemiker <\/span><\/label><\/div>\n<input type='hidden' name='answer_ids[]' class='watu-answer-ids' value='3916' \/><div class='watu-question-choice'><input type='radio' name='answer-799[]' id='answer-id-3916' class='answer answer-1  answerof-799' value='3916' \/>&nbsp;<label for='answer-id-3916' id='answer-label-3916' class=' answer label-1'><span class='answer'>ein deutscher Tierpsychologe<\/span><\/label><\/div>\n<input type='hidden' name='answer_ids[]' class='watu-answer-ids' value='3914' \/><div class='watu-question-choice'><input type='radio' name='answer-799[]' id='answer-id-3914' class='answer answer-1  answerof-799' value='3914' \/>&nbsp;<label for='answer-id-3914' id='answer-label-3914' class=' answer label-1'><span class='answer'>ein \u00f6sterreichischer Verhaltensforscher<\/span><\/label><\/div>\n<\/div><input type='hidden' id='questionType1' value='radio' class=''><\/div><div class='watu-question' id='question-2'><div class='question-content'><p><span class='watu_num'>2. <\/span>Wie alt war Erik Kandel, als er vor den Nationalsozialisten Fl\u00fcchten musste?<\/p>\n<\/div><input type='hidden' name='question_id[]' value='802' \/><div class='watu-questions-wrap '><input type='hidden' name='answer_ids[]' class='watu-answer-ids' value='3924' \/><div class='watu-question-choice'><input type='radio' name='answer-802[]' id='answer-id-3924' class='answer answer-2  answerof-802' value='3924' \/>&nbsp;<label for='answer-id-3924' id='answer-label-3924' class=' answer label-2'><span class='answer'>9 Jahre <\/span><\/label><\/div>\n<input type='hidden' name='answer_ids[]' class='watu-answer-ids' value='3926' \/><div class='watu-question-choice'><input type='radio' name='answer-802[]' id='answer-id-3926' class='answer answer-2  answerof-802' value='3926' \/>&nbsp;<label for='answer-id-3926' id='answer-label-3926' class=' answer label-2'><span class='answer'>29 Jahre <\/span><\/label><\/div>\n<input type='hidden' name='answer_ids[]' class='watu-answer-ids' value='3927' \/><div class='watu-question-choice'><input type='radio' name='answer-802[]' id='answer-id-3927' class='answer answer-2  answerof-802' value='3927' \/>&nbsp;<label for='answer-id-3927' id='answer-label-3927' class=' answer label-2'><span class='answer'>9 Monate<\/span><\/label><\/div>\n<input type='hidden' name='answer_ids[]' class='watu-answer-ids' value='3925' \/><div class='watu-question-choice'><input type='radio' name='answer-802[]' id='answer-id-3925' class='answer answer-2  answerof-802' value='3925' \/>&nbsp;<label for='answer-id-3925' id='answer-label-3925' class=' answer label-2'><span class='answer'>19 Jahre <\/span><\/label><\/div>\n<\/div><input type='hidden' id='questionType2' value='radio' class=''><\/div><div class='watu-question' id='question-3'><div class='question-content'><p><span class='watu_num'>3. <\/span>Was studierte Erik Kandel urspr\u00fcnglich?<\/p>\n<\/div><input type='hidden' name='question_id[]' value='803' \/><div class='watu-questions-wrap '><input type='hidden' name='answer_ids[]' class='watu-answer-ids' value='3931' \/><div class='watu-question-choice'><input type='radio' name='answer-803[]' id='answer-id-3931' class='answer answer-3  answerof-803' value='3931' \/>&nbsp;<label for='answer-id-3931' id='answer-label-3931' class=' answer label-3'><span class='answer'>Sozialwissenschaften<\/span><\/label><\/div>\n<input type='hidden' name='answer_ids[]' class='watu-answer-ids' value='3929' \/><div class='watu-question-choice'><input type='radio' name='answer-803[]' id='answer-id-3929' class='answer answer-3  answerof-803' value='3929' \/>&nbsp;<label for='answer-id-3929' id='answer-label-3929' class=' answer label-3'><span class='answer'>Medizin<\/span><\/label><\/div>\n<input type='hidden' name='answer_ids[]' class='watu-answer-ids' value='3928' \/><div class='watu-question-choice'><input type='radio' name='answer-803[]' id='answer-id-3928' class='answer answer-3  answerof-803' value='3928' \/>&nbsp;<label for='answer-id-3928' id='answer-label-3928' class=' answer label-3'><span class='answer'>Geschichte und Literatur<\/span><\/label><\/div>\n<input type='hidden' name='answer_ids[]' class='watu-answer-ids' value='3930' \/><div class='watu-question-choice'><input type='radio' name='answer-803[]' id='answer-id-3930' class='answer answer-3  answerof-803' value='3930' \/>&nbsp;<label for='answer-id-3930' id='answer-label-3930' class=' answer label-3'><span class='answer'>Psychologie<\/span><\/label><\/div>\n<\/div><input type='hidden' id='questionType3' value='radio' class=''><\/div><div class='watu-question' id='question-4'><div class='question-content'><p><span class='watu_num'>4. <\/span>Wann und wo wurde Erik Kandel geboren?<\/p>\n<\/div><input type='hidden' name='question_id[]' value='800' \/><div class='watu-questions-wrap '><input type='hidden' name='answer_ids[]' class='watu-answer-ids' value='3918' \/><div class='watu-question-choice'><input type='radio' name='answer-800[]' id='answer-id-3918' class='answer answer-4  answerof-800' value='3918' \/>&nbsp;<label for='answer-id-3918' id='answer-label-3918' class=' answer label-4'><span class='answer'>1929 in Berlin<\/span><\/label><\/div>\n<input type='hidden' name='answer_ids[]' class='watu-answer-ids' value='3920' \/><div class='watu-question-choice'><input type='radio' name='answer-800[]' id='answer-id-3920' class='answer answer-4  answerof-800' value='3920' \/>&nbsp;<label for='answer-id-3920' id='answer-label-3920' class=' answer label-4'><span class='answer'>1920 in London<\/span><\/label><\/div>\n<input type='hidden' name='answer_ids[]' class='watu-answer-ids' value='3919' \/><div class='watu-question-choice'><input type='radio' name='answer-800[]' id='answer-id-3919' class='answer answer-4  answerof-800' value='3919' \/>&nbsp;<label for='answer-id-3919' id='answer-label-3919' class=' answer label-4'><span class='answer'>1940 in New York<\/span><\/label><\/div>\n<input type='hidden' name='answer_ids[]' class='watu-answer-ids' value='3917' \/><div class='watu-question-choice'><input type='radio' name='answer-800[]' id='answer-id-3917' class='answer answer-4  answerof-800' value='3917' \/>&nbsp;<label for='answer-id-3917' id='answer-label-3917' class=' answer label-4'><span class='answer'>1929 in Wien<\/span><\/label><\/div>\n<\/div><input type='hidden' id='questionType4' value='radio' class=''><\/div><div class='watu-question' id='question-5'><div class='question-content'><p><span class='watu_num'>5. <\/span>Was hat Erik Kandel gemeinsam mit seiner Frau Denise herausgefunden?<\/p>\n<\/div><input type='hidden' name='question_id[]' value='804' \/><div class='watu-questions-wrap '><input type='hidden' name='answer_ids[]' class='watu-answer-ids' value='3932' \/><div class='watu-question-choice'><input type='radio' name='answer-804[]' id='answer-id-3932' class='answer answer-5  answerof-804' value='3932' \/>&nbsp;<label for='answer-id-3932' id='answer-label-3932' class=' answer label-5'><span class='answer'>Nikotin macht das Gehirn aufnahmef\u00e4higer f\u00fcr andere Drogen<\/span><\/label><\/div>\n<input type='hidden' name='answer_ids[]' class='watu-answer-ids' value='3933' \/><div class='watu-question-choice'><input type='radio' name='answer-804[]' id='answer-id-3933' class='answer answer-5  answerof-804' value='3933' \/>&nbsp;<label for='answer-id-3933' id='answer-label-3933' class=' answer label-5'><span class='answer'>die Lernf\u00e4higkeit von Nervenzellen<\/span><\/label><\/div>\n<\/div><input type='hidden' id='questionType5' value='radio' class=''><\/div><div class='watu-question' id='question-6'><div class='question-content'><p><span class='watu_num'>6. <\/span>Wann hat Erik Kandel den Nobelpreis verliehen bekommen?<\/p>\n<\/div><input type='hidden' name='question_id[]' value='805' \/><div class='watu-questions-wrap '><input type='hidden' name='answer_ids[]' class='watu-answer-ids' value='3937' \/><div class='watu-question-choice'><input type='radio' name='answer-805[]' id='answer-id-3937' class='answer answer-6  answerof-805' value='3937' \/>&nbsp;<label for='answer-id-3937' id='answer-label-3937' class=' answer label-6'><span class='answer'>1963<\/span><\/label><\/div>\n<input type='hidden' name='answer_ids[]' class='watu-answer-ids' value='3936' \/><div class='watu-question-choice'><input type='radio' name='answer-805[]' id='answer-id-3936' class='answer answer-6  answerof-805' value='3936' \/>&nbsp;<label for='answer-id-3936' id='answer-label-3936' class=' answer label-6'><span class='answer'>1973<\/span><\/label><\/div>\n<input type='hidden' name='answer_ids[]' class='watu-answer-ids' value='3934' \/><div class='watu-question-choice'><input type='radio' name='answer-805[]' id='answer-id-3934' class='answer answer-6  answerof-805' value='3934' \/>&nbsp;<label for='answer-id-3934' id='answer-label-3934' class=' answer label-6'><span class='answer'>2000<\/span><\/label><\/div>\n<input type='hidden' name='answer_ids[]' class='watu-answer-ids' value='3935' \/><div class='watu-question-choice'><input type='radio' name='answer-805[]' id='answer-id-3935' class='answer answer-6  answerof-805' value='3935' \/>&nbsp;<label for='answer-id-3935' id='answer-label-3935' class=' answer label-6'><span class='answer'>1990<\/span><\/label><\/div>\n<\/div><input type='hidden' id='questionType6' value='radio' class=''><\/div><div class='watu-question' id='question-7'><div class='question-content'><p><span class='watu_num'>7. <\/span>f\u00fcr seine Forschung auf dem Gebiet des Ged\u00e4chtnisses wurde Erik Kandel mit&#8230;<\/p>\n<\/div><input type='hidden' name='question_id[]' value='806' \/><div class='watu-questions-wrap '><input type='hidden' name='answer_ids[]' class='watu-answer-ids' value='3939' \/><div class='watu-question-choice'><input type='radio' name='answer-806[]' id='answer-id-3939' class='answer answer-7  answerof-806' value='3939' \/>&nbsp;<label for='answer-id-3939' id='answer-label-3939' class=' answer label-7'><span class='answer'>dem Nobelpreis f\u00fcrBiochemie ausgezeichnet<\/span><\/label><\/div>\n<input type='hidden' name='answer_ids[]' class='watu-answer-ids' value='3940' \/><div class='watu-question-choice'><input type='radio' name='answer-806[]' id='answer-id-3940' class='answer answer-7  answerof-806' value='3940' \/>&nbsp;<label for='answer-id-3940' id='answer-label-3940' class=' answer label-7'><span class='answer'>dem Friedensnobelpreis ausgezeichnet<\/span><\/label><\/div>\n<input type='hidden' name='answer_ids[]' class='watu-answer-ids' value='3938' \/><div class='watu-question-choice'><input type='radio' name='answer-806[]' id='answer-id-3938' class='answer answer-7  answerof-806' value='3938' \/>&nbsp;<label for='answer-id-3938' id='answer-label-3938' class=' answer label-7'><span class='answer'>dem Nobelpreis f\u00fcr Medizin ausgezeichnet<\/span><\/label><\/div>\n<input type='hidden' name='answer_ids[]' class='watu-answer-ids' value='3941' \/><div class='watu-question-choice'><input type='radio' name='answer-806[]' id='answer-id-3941' class='answer answer-7  answerof-806' value='3941' \/>&nbsp;<label for='answer-id-3941' id='answer-label-3941' class=' answer label-7'><span class='answer'>dem Nobelpreis f\u00fcr Physik ausgezeichnet<\/span><\/label><\/div>\n<\/div><input type='hidden' id='questionType7' value='radio' class=''><\/div><div class='watu-question' id='question-8'><div class='question-content'><p><span class='watu_num'>8. <\/span>Warum zog Erik Kandel in die USA?<\/p>\n<\/div><input type='hidden' name='question_id[]' value='801' \/><div class='watu-questions-wrap '><input type='hidden' name='answer_ids[]' class='watu-answer-ids' value='3922' \/><div class='watu-question-choice'><input type='radio' name='answer-801[]' id='answer-id-3922' class='answer answer-8  answerof-801' value='3922' \/>&nbsp;<label for='answer-id-3922' id='answer-label-3922' class=' answer label-8'><span class='answer'>er hatte in den USA bessere Arbeitsbedingungen<\/span><\/label><\/div>\n<input type='hidden' name='answer_ids[]' class='watu-answer-ids' value='3923' \/><div class='watu-question-choice'><input type='radio' name='answer-801[]' id='answer-id-3923' class='answer answer-8  answerof-801' value='3923' \/>&nbsp;<label for='answer-id-3923' id='answer-label-3923' class=' answer label-8'><span class='answer'>Man konnte damals in \u00d6sterreich nicht Neurowissenschaften studieren<\/span><\/label><\/div>\n<input type='hidden' name='answer_ids[]' class='watu-answer-ids' value='3921' \/><div class='watu-question-choice'><input type='radio' name='answer-801[]' id='answer-id-3921' class='answer answer-8  answerof-801' value='3921' \/>&nbsp;<label for='answer-id-3921' id='answer-label-3921' class=' answer label-8'><span class='answer'>Er musste im Alter von 9 Jahren vor den Nationalsozialisten fliehen<\/span><\/label><\/div>\n<\/div><input type='hidden' id='questionType8' value='radio' class=''><\/div><div class='watu-question' id='question-9'><div class='question-content'><p><span class='watu_num'>9. <\/span>Erik Kandel lebt heute in&#8230;<\/p>\n<\/div><input type='hidden' name='question_id[]' value='807' \/><div class='watu-questions-wrap '><input type='hidden' name='answer_ids[]' class='watu-answer-ids' value='3949' \/><div class='watu-question-choice'><input type='radio' name='answer-807[]' id='answer-id-3949' class='answer answer-9  answerof-807' value='3949' \/>&nbsp;<label for='answer-id-3949' id='answer-label-3949' class=' answer label-9'><span class='answer'>in England<\/span><\/label><\/div>\n<input type='hidden' name='answer_ids[]' class='watu-answer-ids' value='3948' \/><div class='watu-question-choice'><input type='radio' name='answer-807[]' id='answer-id-3948' class='answer answer-9  answerof-807' value='3948' \/>&nbsp;<label for='answer-id-3948' id='answer-label-3948' class=' answer label-9'><span class='answer'>in Kanada<\/span><\/label><\/div>\n<input type='hidden' name='answer_ids[]' class='watu-answer-ids' value='3947' \/><div class='watu-question-choice'><input type='radio' name='answer-807[]' id='answer-id-3947' class='answer answer-9  answerof-807' value='3947' \/>&nbsp;<label for='answer-id-3947' id='answer-label-3947' class=' answer label-9'><span class='answer'>in \u00d6sterreich<\/span><\/label><\/div>\n<input type='hidden' name='answer_ids[]' class='watu-answer-ids' value='3946' \/><div class='watu-question-choice'><input type='radio' name='answer-807[]' id='answer-id-3946' class='answer answer-9  answerof-807' value='3946' \/>&nbsp;<label for='answer-id-3946' id='answer-label-3946' class=' answer label-9'><span class='answer'>in den USA<\/span><\/label><\/div>\n<\/div><input type='hidden' id='questionType9' value='radio' class=''><\/div><div style='display:none' id='question-10'><br \/><div class='question-content'><img src=\"http:\/\/nawi.naturundbildung.at\/wp\/wp-content\/plugins\/watu\/loading.gif\" width=\"16\" height=\"16\" alt=\"Loading ...\" title=\"Loading ...\" \/>&nbsp;Loading &#8230;<\/div><\/div><br \/>\n\t<p>Question <span id='numQ'>1<\/span> of 9<\/p>\n\t\t<input type=\"button\" id=\"next-question\" value=\"Next &gt;\"  \/>\n<input type=\"button\" name=\"action\" onclick=\"Watu.submitResult()\" id=\"action-button\" value=\"Submit\"  class=\"watu-submit-button\" \/>\n<input type=\"hidden\" name=\"no_ajax\" value=\"0\"><input type=\"hidden\" name=\"quiz_id\" value=\"99\" \/>\n<input type=\"hidden\" id=\"watuStartTime\" name=\"start_time\" value=\"2026-04-30 23:18:40\" \/>\n<\/form>\n<\/div>\n<div id=\"watu-loading-result\" style=\"display:none;\">\n\t<p align=\"center\"><img src=\"http:\/\/nawi.naturundbildung.at\/wp\/wp-content\/plugins\/watu\/loading.gif\" width=\"16\" height=\"16\" alt=\"Loading\" title=\"Loading\" \/><\/p>\n<\/div>\t\n<script type=\"text\/javascript\">\nvar exam_id=0;\nvar question_ids='';\nvar watuURL='';\njQuery(function($){\nquestion_ids = \"799,802,803,800,804,805,806,801,807\";\nexam_id = 99;\nWatu.exam_id = exam_id;\nWatu.qArr = question_ids.split(',');\nWatu.post_id = 4791;\nWatu.singlePage = '0';\nWatu.hAppID = \"0.92013400 1777591120\";\nwatuURL = \"http:\/\/nawi.naturundbildung.at\/wp\/wp-admin\/admin-ajax.php\";\nWatu.noAlertUnanswered = 0;\n});\n<\/script>\n","protected":false},"excerpt":{"rendered":"<p>Erik Kandel ist US-amerikanischer Neurowissenschaftler, Verhaltensbiologe und Biochemiker \u00f6sterreichischer Herkunft. Aufgrund seines fr\u00f6hlichen Wesens und seiner Markenzeichen: Erik Kandel tr\u00e4gt immer ein Mascherl (er hat \u00fcber 100) und ist bekannt f\u00fcr sein schallendes Lachen, wird er auch als \u201eRockstar der Neurowissenschaftler\u201c bezeichnet. Erik Kandel geh\u00f6rt zu den weltweit f\u00fchrenden Gehirnforscher\/innen.<\/p>\n","protected":false},"author":1,"featured_media":0,"parent":49,"menu_order":0,"comment_status":"closed","ping_status":"closed","template":"","meta":{"ngg_post_thumbnail":0},"aioseo_notices":[],"_links":{"self":[{"href":"http:\/\/nawi.naturundbildung.at\/wp\/index.php?rest_route=\/wp\/v2\/pages\/4791"}],"collection":[{"href":"http:\/\/nawi.naturundbildung.at\/wp\/index.php?rest_route=\/wp\/v2\/pages"}],"about":[{"href":"http:\/\/nawi.naturundbildung.at\/wp\/index.php?rest_route=\/wp\/v2\/types\/page"}],"author":[{"embeddable":true,"href":"http:\/\/nawi.naturundbildung.at\/wp\/index.php?rest_route=\/wp\/v2\/users\/1"}],"replies":[{"embeddable":true,"href":"http:\/\/nawi.naturundbildung.at\/wp\/index.php?rest_route=%2Fwp%2Fv2%2Fcomments&post=4791"}],"version-history":[{"count":7,"href":"http:\/\/nawi.naturundbildung.at\/wp\/index.php?rest_route=\/wp\/v2\/pages\/4791\/revisions"}],"predecessor-version":[{"id":4886,"href":"http:\/\/nawi.naturundbildung.at\/wp\/index.php?rest_route=\/wp\/v2\/pages\/4791\/revisions\/4886"}],"up":[{"embeddable":true,"href":"http:\/\/nawi.naturundbildung.at\/wp\/index.php?rest_route=\/wp\/v2\/pages\/49"}],"wp:attachment":[{"href":"http:\/\/nawi.naturundbildung.at\/wp\/index.php?rest_route=%2Fwp%2Fv2%2Fmedia&parent=4791"}],"curies":[{"name":"wp","href":"https:\/\/api.w.org\/{rel}","templated":true}]}}