{"id":4971,"date":"2018-07-27T17:27:44","date_gmt":"2018-07-27T17:27:44","guid":{"rendered":"http:\/\/nawi.naturundbildung.at\/wp\/?page_id=4971"},"modified":"2018-07-29T12:27:58","modified_gmt":"2018-07-29T12:27:58","slug":"allergien","status":"publish","type":"page","link":"http:\/\/nawi.naturundbildung.at\/wp\/?page_id=4971","title":{"rendered":"Allergien"},"content":{"rendered":"<p>Eine Allergie ist eine \u00dcberempfindlichkeitsreaktion des Immunsystems auf &nbsp;Stoffe wie Pollen, Eiwei\u00dfe oder Hausstaub (bzw. dem Kot der Hausstaubmilbe). Hauptverantwortlich daf\u00fcr ist der Botenstoff Histamin. In den meisten F\u00e4llen sind Allergien angeboren und k\u00f6nnen gut behandelt werden.<\/p>\n<p><strong>L\u00e4stig an den Allergien sind die allergischen Reaktionen des K\u00f6rpers &#8211; Wie kommt es dazu?<\/strong><\/p>\n<p>Wenn der K\u00f6rper mit Allergenen in Kontakt kommt, produziert er Immunglobuline, auch Antik\u00f6rper genannt. Antik\u00f6rper sorgen daf\u00fcr, dass bestimmte Zellen chemische Substanzen in den Blutkreislauf einschleusen. Eine dieser Substanzen ist, wie erw\u00e4hnt, Histamin. Histamin l\u00f6st Entz\u00fcndungen aus. Je nach Allergie, k\u00f6nnen ganz unterschiedliche Abwehr-Reaktionen im ganzen K\u00f6rper z.B bei den Augen, der Nase, im Rachen, in der Lunge, auf der Haut und bei den Verdauungsorganen ausl\u00f6sen. Das geschieht jedes Mal, wenn man mit dem Allergen in Ber\u00fchrung kommt. Das ist der Grund, warum es immer wieder zu allergischen Reaktionen kommt.<\/p>\n<p><strong>Sensibilisierung<\/strong><\/p>\n<p>Bevor es zu einer allergischen Reaktion kommt, muss der K\u00f6rper (das Immunsystem) erst f\u00fcr das Allergen sensibilisiert werden. Wie oft dieser Kontakt erfolgen muss, ist unterschiedlich.&nbsp;<\/p>\n<p>Beim ersten Bienenstich kommt es folglich nie zu einer allergischen Reaktion. Ab dem zweiten Stich ist eine allergische Resektion auf den Bienenstich m\u00f6glich. Manchmal kommt es auch vor, dass man dutzende male einen Bienenstich erlebt ohne Komplikationen und pl\u00f6tzlich tritt eine allergische Reaktion auf.<\/p>\n<p>Eine allergische Reaktion ist eine Entz\u00fcndungsreaktion mit R\u00f6tung, Schwellung und Juckreiz.<\/p>\n<p>Gef\u00e4hrlich ist die schwerste Form einer allergischen Reaktion, der anaphylaktische Schock.<\/p>\n<p><strong>Welche Allergene gibt es \u00fcberhaupt?<\/strong><\/p>\n<p><strong>Inhalations-Allergene<\/strong><\/p>\n<p>Allergene, die \u00fcber die Atmung aufgenommen werden wie z.B. Gr\u00e4serpollen, Pilzsporen, Wohnungsstaub oder&nbsp;Tierhaare<\/p>\n<p>Kontakt-Allergene<\/p>\n<p>Allergene, die mit der Haut in Ber\u00fchrung kommen wie z.B. Nickel, Duftstoffe oder Konservierungsmittel<\/p>\n<p><strong>Nahrungsmittel- oder Arzneimittelallergene<\/strong><\/p>\n<p>Allergene, die \u00fcber den Mund in den K\u00f6rper gelangen (Nahrungsmittel- oder Arzneimittel-Allergene), wie z.B. Milch, Eier, Krebse, Fisch, Schmerzmittel, Antibiotika<\/p>\n<p><strong>Insektenstich- und Injektionsallergene<\/strong><\/p>\n<p>Allergene, die durch Insektenstiche&nbsp;oder Injektionen in den K\u00f6rper gelangen (Insektenstich- und Injektions-Allergene), wie z.B. Bienengift, Wespengift, Medikamente bei Injektion.<\/p>\n<p><strong>Vorbeugen<\/strong><\/p>\n<p>Gesundheit und Wohlbefinden steht an erster Stelle. Je ges\u00fcnder man sich ern\u00e4hrt, umso leichter kannst du mit Beschwerden, die Allergien ausl\u00f6sen, umgehen. Wichtig ist, dass man sich in seiner Haut rundum wohl f\u00fchlt. Immer wieder Auszeiten nehmen ist wichtig denn viel Stress kann dazu f\u00fchren, dass sich k\u00f6rperliche Reaktionen verschlimmern.<\/p>\n<p><strong>Therapie<\/strong><\/p>\n<p>Man unterscheidet bei den Allergie-Therapien zwischen Langzeit Therapien und Akut-Therapien (der Behandlung der Symptome.<\/p>\n<p>Bei der <strong>Hyposensibilisierung<\/strong> bekommen Patient\/innen \u00fcber einen l\u00e4ngeren Zeitraum kleinste Spuren des Allergens verabreicht. Vertr\u00e4gt der K\u00f6rper die Dosis, so wird diese langsam gesteigert, bis man sich an dass Allergen gew\u00f6hnt hat. Nich alle Patientinnen sprechen gleich gut auf diese Abhandlung an.<\/p>\n<p>Antihistaminika &#8222;verstopfen&#8220; die Histaminrezeptoren. Man wird dadrum nicht von der Allergie geheilt, aber in Akut Situationen k\u00f6nnen die Beschwerden gelindert werden<\/p>\n<p>Manchmal Verschwinden Allergien auch von selber.&nbsp;<\/p>\n<p>Quellen:<\/p>\n<p><a href=\"https:\/\/www.netdoktor.at\/krankheit\/allergie-7612\">https:\/\/www.netdoktor.at\/krankheit\/allergie-7612<\/a><\/p>\n<p><a href=\"https:\/\/www.apotheken-umschau.de\/Allergie\">https:\/\/www.apotheken-umschau.de\/Allergie<\/a><\/p>\n<p>Sophia Abda, 1HKB, 2018<\/p>\n<div id=\"watu_quiz\" class=\"quiz-area \">\n<p><p>Teste Dein Wissen:<\/p>\n<\/p><form action=\"\" method=\"post\" class=\"quiz-form \" id=\"quiz-109\" >\n<div class='watu-question' id='question-1'><div class='question-content'><p><span class='watu_num'>1. <\/span>Was sind Allergien?<\/p>\n<\/div><input type='hidden' name='question_id[]' value='879' \/><div class='watu-questions-wrap '><input type='hidden' name='answer_ids[]' class='watu-answer-ids' value='4244' \/><div class='watu-question-choice'><input type='radio' name='answer-879[]' id='answer-id-4244' class='answer answer-1  answerof-879' value='4244' \/>&nbsp;<label for='answer-id-4244' id='answer-label-4244' class=' answer label-1'><span class='answer'>eine Unvertr\u00e4glichkeit gegen\u00fcber an sich harmlosen Stoffen<\/span><\/label><\/div>\n<input type='hidden' name='answer_ids[]' class='watu-answer-ids' value='4243' \/><div class='watu-question-choice'><input type='radio' name='answer-879[]' id='answer-id-4243' class='answer answer-1  answerof-879' value='4243' \/>&nbsp;<label for='answer-id-4243' id='answer-label-4243' class=' answer label-1'><span class='answer'>eine \u00dcberreaktion des Immunsystems auf an sich harmlose Stoffe<\/span><\/label><\/div>\n<input type='hidden' name='answer_ids[]' class='watu-answer-ids' value='4245' \/><div class='watu-question-choice'><input type='radio' name='answer-879[]' id='answer-id-4245' class='answer answer-1  answerof-879' value='4245' \/>&nbsp;<label for='answer-id-4245' id='answer-label-4245' class=' answer label-1'><span class='answer'>eine Art Infektion<\/span><\/label><\/div>\n<input type='hidden' name='answer_ids[]' class='watu-answer-ids' value='4246' \/><div class='watu-question-choice'><input type='radio' name='answer-879[]' id='answer-id-4246' class='answer answer-1  answerof-879' value='4246' \/>&nbsp;<label for='answer-id-4246' id='answer-label-4246' class=' answer label-1'><span class='answer'>eine Reaktion aufgrund eines zu schwachen Immunsystems<\/span><\/label><\/div>\n<\/div><input type='hidden' id='questionType1' value='radio' class=''><\/div><div class='watu-question' id='question-2'><div class='question-content'><p><span class='watu_num'>2. <\/span>Was muss vor einer allergischen Reaktion passieren?<\/p>\n<\/div><input type='hidden' name='question_id[]' value='882' \/><div class='watu-questions-wrap '><input type='hidden' name='answer_ids[]' class='watu-answer-ids' value='4254' \/><div class='watu-question-choice'><input type='radio' name='answer-882[]' id='answer-id-4254' class='answer answer-2  answerof-882' value='4254' \/>&nbsp;<label for='answer-id-4254' id='answer-label-4254' class=' answer label-2'><span class='answer'>nichts<\/span><\/label><\/div>\n<input type='hidden' name='answer_ids[]' class='watu-answer-ids' value='4256' \/><div class='watu-question-choice'><input type='radio' name='answer-882[]' id='answer-id-4256' class='answer answer-2  answerof-882' value='4256' \/>&nbsp;<label for='answer-id-4256' id='answer-label-4256' class=' answer label-2'><span class='answer'>eine Sensibilisierung f\u00fcr das Allergen<\/span><\/label><\/div>\n<input type='hidden' name='answer_ids[]' class='watu-answer-ids' value='4257' \/><div class='watu-question-choice'><input type='radio' name='answer-882[]' id='answer-id-4257' class='answer answer-2  answerof-882' value='4257' \/>&nbsp;<label for='answer-id-4257' id='answer-label-4257' class=' answer label-2'><span class='answer'>eine Schw\u00e4chung des Immunsystems<\/span><\/label><\/div>\n<input type='hidden' name='answer_ids[]' class='watu-answer-ids' value='4255' \/><div class='watu-question-choice'><input type='radio' name='answer-882[]' id='answer-id-4255' class='answer answer-2  answerof-882' value='4255' \/>&nbsp;<label for='answer-id-4255' id='answer-label-4255' class=' answer label-2'><span class='answer'>eine Infektion mit dem Allergen<\/span><\/label><\/div>\n<\/div><input type='hidden' id='questionType2' value='radio' class=''><\/div><div class='watu-question' id='question-3'><div class='question-content'><p><span class='watu_num'>3. <\/span>Was ist Keine Allergie-Therapie?<\/p>\n<\/div><input type='hidden' name='question_id[]' value='881' \/><div class='watu-questions-wrap '><input type='hidden' name='answer_ids[]' class='watu-answer-ids' value='4253' \/><div class='watu-question-choice'><input type='radio' name='answer-881[]' id='answer-id-4253' class='answer answer-3  answerof-881' value='4253' \/>&nbsp;<label for='answer-id-4253' id='answer-label-4253' class=' answer label-3'><span class='answer'>Hypersensibilisierung<\/span><\/label><\/div>\n<input type='hidden' name='answer_ids[]' class='watu-answer-ids' value='4252' \/><div class='watu-question-choice'><input type='radio' name='answer-881[]' id='answer-id-4252' class='answer answer-3  answerof-881' value='4252' \/>&nbsp;<label for='answer-id-4252' id='answer-label-4252' class=' answer label-3'><span class='answer'>Verabreichung von Antihistaminika<\/span><\/label><\/div>\n<input type='hidden' name='answer_ids[]' class='watu-answer-ids' value='4251' \/><div class='watu-question-choice'><input type='radio' name='answer-881[]' id='answer-id-4251' class='answer answer-3  answerof-881' value='4251' \/>&nbsp;<label for='answer-id-4251' id='answer-label-4251' class=' answer label-3'><span class='answer'>Hyposensibilisierung<\/span><\/label><\/div>\n<\/div><input type='hidden' id='questionType3' value='radio' class=''><\/div><div class='watu-question' id='question-4'><div class='question-content'><p><span class='watu_num'>4. <\/span>Medikamente, welche die Beschwerden bei Allergien lindern k\u00f6nnen sind&#8230;<\/p>\n<\/div><input type='hidden' name='question_id[]' value='884' \/><div class='watu-questions-wrap '><input type='hidden' name='answer_ids[]' class='watu-answer-ids' value='4262' \/><div class='watu-question-choice'><input type='radio' name='answer-884[]' id='answer-id-4262' class='answer answer-4  answerof-884' value='4262' \/>&nbsp;<label for='answer-id-4262' id='answer-label-4262' class=' answer label-4'><span class='answer'>Antibiotika<\/span><\/label><\/div>\n<input type='hidden' name='answer_ids[]' class='watu-answer-ids' value='4264' \/><div class='watu-question-choice'><input type='radio' name='answer-884[]' id='answer-id-4264' class='answer answer-4  answerof-884' value='4264' \/>&nbsp;<label for='answer-id-4264' id='answer-label-4264' class=' answer label-4'><span class='answer'>Antidiuretika<\/span><\/label><\/div>\n<input type='hidden' name='answer_ids[]' class='watu-answer-ids' value='4263' \/><div class='watu-question-choice'><input type='radio' name='answer-884[]' id='answer-id-4263' class='answer answer-4  answerof-884' value='4263' \/>&nbsp;<label for='answer-id-4263' id='answer-label-4263' class=' answer label-4'><span class='answer'>Antihistaminika<\/span><\/label><\/div>\n<input type='hidden' name='answer_ids[]' class='watu-answer-ids' value='4265' \/><div class='watu-question-choice'><input type='radio' name='answer-884[]' id='answer-id-4265' class='answer answer-4  answerof-884' value='4265' \/>&nbsp;<label for='answer-id-4265' id='answer-label-4265' class=' answer label-4'><span class='answer'>Analgetika<\/span><\/label><\/div>\n<\/div><input type='hidden' id='questionType4' value='radio' class=''><\/div><div class='watu-question' id='question-5'><div class='question-content'><p><span class='watu_num'>5. <\/span>Welches Hormon ist hauptverantwortlich f\u00fcr eine allergische Reaktion?<\/p>\n<\/div><input type='hidden' name='question_id[]' value='880' \/><div class='watu-questions-wrap '><input type='hidden' name='answer_ids[]' class='watu-answer-ids' value='4247' \/><div class='watu-question-choice'><input type='radio' name='answer-880[]' id='answer-id-4247' class='answer answer-5  answerof-880' value='4247' \/>&nbsp;<label for='answer-id-4247' id='answer-label-4247' class=' answer label-5'><span class='answer'>Histamin<\/span><\/label><\/div>\n<input type='hidden' name='answer_ids[]' class='watu-answer-ids' value='4248' \/><div class='watu-question-choice'><input type='radio' name='answer-880[]' id='answer-id-4248' class='answer answer-5  answerof-880' value='4248' \/>&nbsp;<label for='answer-id-4248' id='answer-label-4248' class=' answer label-5'><span class='answer'>Serotonin<\/span><\/label><\/div>\n<input type='hidden' name='answer_ids[]' class='watu-answer-ids' value='4250' \/><div class='watu-question-choice'><input type='radio' name='answer-880[]' id='answer-id-4250' class='answer answer-5  answerof-880' value='4250' \/>&nbsp;<label for='answer-id-4250' id='answer-label-4250' class=' answer label-5'><span class='answer'>\u00d6strogen<\/span><\/label><\/div>\n<input type='hidden' name='answer_ids[]' class='watu-answer-ids' value='4249' \/><div class='watu-question-choice'><input type='radio' name='answer-880[]' id='answer-id-4249' class='answer answer-5  answerof-880' value='4249' \/>&nbsp;<label for='answer-id-4249' id='answer-label-4249' class=' answer label-5'><span class='answer'>Testosteron<\/span><\/label><\/div>\n<\/div><input type='hidden' id='questionType5' value='radio' class=''><\/div><div class='watu-question' id='question-6'><div class='question-content'><p><span class='watu_num'>6. <\/span>Folgen einer Allergie k\u00f6nnen sein&#8230;<\/p>\n<\/div><input type='hidden' name='question_id[]' value='883' \/><div class='watu-questions-wrap '><input type='hidden' name='answer_ids[]' class='watu-answer-ids' value='4258' \/><div class='watu-question-choice'><input type='checkbox' name='answer-883[]' id='answer-id-4258' class='answer answer-6  answerof-883' value='4258' \/>&nbsp;<label for='answer-id-4258' id='answer-label-4258' class=' answer label-6'><span class='answer'>R\u00f6tungen<\/span><\/label><\/div>\n<input type='hidden' name='answer_ids[]' class='watu-answer-ids' value='4261' \/><div class='watu-question-choice'><input type='checkbox' name='answer-883[]' id='answer-id-4261' class='answer answer-6  answerof-883' value='4261' \/>&nbsp;<label for='answer-id-4261' id='answer-label-4261' class=' answer label-6'><span class='answer'>anaphylaktischer Schock<\/span><\/label><\/div>\n<input type='hidden' name='answer_ids[]' class='watu-answer-ids' value='4260' \/><div class='watu-question-choice'><input type='checkbox' name='answer-883[]' id='answer-id-4260' class='answer answer-6  answerof-883' value='4260' \/>&nbsp;<label for='answer-id-4260' id='answer-label-4260' class=' answer label-6'><span class='answer'>Juckreiz<\/span><\/label><\/div>\n<input type='hidden' name='answer_ids[]' class='watu-answer-ids' value='4259' \/><div class='watu-question-choice'><input type='checkbox' name='answer-883[]' id='answer-id-4259' class='answer answer-6  answerof-883' value='4259' \/>&nbsp;<label for='answer-id-4259' id='answer-label-4259' class=' answer label-6'><span class='answer'>Schwellungen<\/span><\/label><\/div>\n<\/div><input type='hidden' id='questionType6' value='checkbox' class=''><\/div><div style='display:none' id='question-7'><br \/><div class='question-content'><img src=\"http:\/\/nawi.naturundbildung.at\/wp\/wp-content\/plugins\/watu\/loading.gif\" width=\"16\" height=\"16\" alt=\"Loading ...\" title=\"Loading ...\" \/>&nbsp;Loading &#8230;<\/div><\/div><br \/>\n\t<p>Question <span id='numQ'>1<\/span> of 6<\/p>\n\t\t<input type=\"button\" id=\"next-question\" value=\"Next &gt;\"  \/>\n<input type=\"button\" name=\"action\" onclick=\"Watu.submitResult()\" id=\"action-button\" value=\"Submit\"  class=\"watu-submit-button\" \/>\n<input type=\"hidden\" name=\"no_ajax\" value=\"0\"><input type=\"hidden\" name=\"quiz_id\" value=\"109\" \/>\n<input type=\"hidden\" id=\"watuStartTime\" name=\"start_time\" value=\"2026-05-01 05:30:34\" \/>\n<\/form>\n<\/div>\n<div id=\"watu-loading-result\" style=\"display:none;\">\n\t<p align=\"center\"><img src=\"http:\/\/nawi.naturundbildung.at\/wp\/wp-content\/plugins\/watu\/loading.gif\" width=\"16\" height=\"16\" alt=\"Loading\" title=\"Loading\" \/><\/p>\n<\/div>\t\n<script type=\"text\/javascript\">\nvar exam_id=0;\nvar question_ids='';\nvar watuURL='';\njQuery(function($){\nquestion_ids = \"879,882,881,884,880,883\";\nexam_id = 109;\nWatu.exam_id = exam_id;\nWatu.qArr = question_ids.split(',');\nWatu.post_id = 4971;\nWatu.singlePage = '0';\nWatu.hAppID = \"0.91072300 1777613434\";\nwatuURL = \"http:\/\/nawi.naturundbildung.at\/wp\/wp-admin\/admin-ajax.php\";\nWatu.noAlertUnanswered = 0;\n});\n<\/script>\n","protected":false},"excerpt":{"rendered":"<p>Eine Allergie ist eine \u00dcberempfindlichkeitsreaktion des Immunsystems auf &nbsp;Stoffe wie Pollen, Eiwei\u00dfe oder Hausstaub (bzw. dem Kot der Hausstaubmilbe). Hauptverantwortlich daf\u00fcr ist der Botenstoff Histamin. In den meisten F\u00e4llen sind Allergien angeboren und k\u00f6nnen gut behandelt werden. L\u00e4stig an den Allergien sind die allergischen Reaktionen des K\u00f6rpers &#8211; Wie kommt<\/p>\n","protected":false},"author":1,"featured_media":0,"parent":650,"menu_order":0,"comment_status":"closed","ping_status":"closed","template":"","meta":{"ngg_post_thumbnail":0},"aioseo_notices":[],"_links":{"self":[{"href":"http:\/\/nawi.naturundbildung.at\/wp\/index.php?rest_route=\/wp\/v2\/pages\/4971"}],"collection":[{"href":"http:\/\/nawi.naturundbildung.at\/wp\/index.php?rest_route=\/wp\/v2\/pages"}],"about":[{"href":"http:\/\/nawi.naturundbildung.at\/wp\/index.php?rest_route=\/wp\/v2\/types\/page"}],"author":[{"embeddable":true,"href":"http:\/\/nawi.naturundbildung.at\/wp\/index.php?rest_route=\/wp\/v2\/users\/1"}],"replies":[{"embeddable":true,"href":"http:\/\/nawi.naturundbildung.at\/wp\/index.php?rest_route=%2Fwp%2Fv2%2Fcomments&post=4971"}],"version-history":[{"count":5,"href":"http:\/\/nawi.naturundbildung.at\/wp\/index.php?rest_route=\/wp\/v2\/pages\/4971\/revisions"}],"predecessor-version":[{"id":5058,"href":"http:\/\/nawi.naturundbildung.at\/wp\/index.php?rest_route=\/wp\/v2\/pages\/4971\/revisions\/5058"}],"up":[{"embeddable":true,"href":"http:\/\/nawi.naturundbildung.at\/wp\/index.php?rest_route=\/wp\/v2\/pages\/650"}],"wp:attachment":[{"href":"http:\/\/nawi.naturundbildung.at\/wp\/index.php?rest_route=%2Fwp%2Fv2%2Fmedia&parent=4971"}],"curies":[{"name":"wp","href":"https:\/\/api.w.org\/{rel}","templated":true}]}}