{"id":5014,"date":"2018-07-27T20:27:00","date_gmt":"2018-07-27T20:27:00","guid":{"rendered":"http:\/\/nawi.naturundbildung.at\/wp\/?page_id=5014"},"modified":"2018-07-28T18:31:57","modified_gmt":"2018-07-28T18:31:57","slug":"johannes-kepler","status":"publish","type":"page","link":"http:\/\/nawi.naturundbildung.at\/wp\/?page_id=5014","title":{"rendered":"Johannes Kepler"},"content":{"rendered":"<p>Johannes Kepler, geb. 27.12.1571 in Weil, Deutschland, gestorben am 15.November 1630 in Regensburg, als eines von 4 Kindern<\/p>\n<p>Vor seiner Ausbildung an der Eberhard Karls Universit\u00e4t in T\u00fcbingen Deutschland, war er in Graz als Mathematiklehrer t\u00e4tig. Er selbst hielt sich f\u00fcr keinen guten Lehrer, dass sollte sich sp\u00e4ter als Grundlage f\u00fcr seine Berufung herausstellen.<\/p>\n<p>In Graz war er auch als Kalendermacher t\u00e4tig, da er als Landschaftsmathematiker f\u00fcr die Erstellung des j\u00e4hrlichen Kalenders verantwortlich war. Der Kalender war in dieser Zeit der Inbegriff f\u00fcr zeitliche Ordnung. Kepler erstellte unter anderem auch Horospkope, damit wollte er die Zusammenh\u00e4nge zwischen den Sternen und Geburtszeitpunkt ermitteln.<\/p>\n<p>Nach seinem ersten Lehrjahr schrieb er sein erstes Buch. Der Mittelpunkt dieses Buches war, das Gott das Universum nach geometrischen Ma\u00dfst\u00e4ben geformt hat. W\u00e4hrend einer Unterrichtsstunde kann ihm die Idee, dass es nur 5 regelm\u00e4ssige K\u00f6rper gibt, bei denen alle Fl\u00e4chen gleich sind. Diese nennt man Taraeder, Hexaeder, Oktaeder, Dodekaeder und Ikosaeder. Erkl\u00e4rt wird es in dem Buch \u201eMysterium Cosmographicum\u201c. Der Unterschied zu den anderen Gelehrten seiner Zeit war, dass Kepler Vorg\u00e4nge im Universum berechnete und alle anderen beobachten, beschrieben und versuchten vorherzusagen.<\/p>\n<p>Eine seiner wichtigsten Leistungen war es,&nbsp;die Gesetze zur Bewegung der Planeten zu berechnen.<\/p>\n<p>Privat heiratete er am 27.April 1597 die Tochter eines reichen M\u00fchlenbesitzers. Seine Frau bezeichnete er als dick, wirr und unbeholfen aber kinderlieb. Er selbst litt unter Furunkel, Hautausschl\u00e4gen und war kurzsichtig. &nbsp;Auch kursierte die Pest, vor der er aber verschont blieb. In Graz blieb er bis 1600.<\/p>\n<p>In der Zeit von 1600 bis 1627 war er als Hofmathematiker in Prag t\u00e4tig, er begann als Assistent von Tyco Brahe. Diese Verbindung war dadurch gepr\u00e4gt, dass Brahe eine exzellenter Beobachter war und Kepler ein hervorragender Mathematiker. Nach Brahes Tod im Jahr 1601 wurde er Hofmathematiker. Im Jahr 1604 beobachtete er eine Supernova, die sp\u00e4ter als Keplers Stern bekannt wurde. In weiterer Folge begann er ein neues astronomisches System zu entwerfen das er als Astronomia nova ver\u00f6ffentlichte.<\/p>\n<p>Im Jahr 1611 bewarb er sich als Professor an der Universit\u00e4t T\u00fcbingen, wo er aber abgelehnt wurde, darauf bewarb er sich in Linz. Das hatte Erfolg, doch kurz vor seiner R\u00fcckkehr nach Prag verstarb seine Frau. Der K\u00f6nig Rudolf II wurde von dessen Bruder Matthias abgesetzt und konnte Kepler dazu bewegen Prag nicht zu verlassen. Im Jahr 1627 zog er jedoch nach Linz, wo er bis 1626 als Mathematiker t\u00e4tig war.<\/p>\n<p>Im Jahr 1613 heiratete der Mann zum zweiten Mal, aus dieser Ehe gingen 6 Kinder hervor, wobei jedoch nur 3 \u00fcberlebten. In den 1615-21 war er mit der Verteidigung seiner Mutter besch\u00e4ftigt, welche der&nbsp;Hexerei angeklagt war. Die Freilassung seiner Mutter gelang aufgrund eines Gutachtens der Universit\u00e4t T\u00fcbingen, seine Mutter starb aber ein Jahr sp\u00e4ter aufgrund der Folter. Die Jahre in Linz waren von Schwierigkeiten seine Geldforderungen einzutreiben, seine Bibliothek war zeitweise beschlagnahmt. Seine Lehren wurden von anderen Gelehrten heftig angegriffen, die ihn letztlich zur Flucht nach Ulm zwangen.<\/p>\n<p>Sp\u00e4ter fand er im Jahr 1627 einen F\u00f6rderer in Gestalt des Generals Wallenstein. Die beiden hatten eine Vereinbarung, dass Kepler Horoskope erstellte und dieser daf\u00fcr die Druckerei benutzen durfte.<\/p>\n<p>1630 war Kepler in Regensburg, hier erkrankte er schwer und starb am 15.November 1630 mit 58 Jahren. Sein Sterbehaus ist heute ein Museum, im Jahr 1806-1808 wurde ihm von Emanuel d`Herigoyen das Kepler Monument errichtet, die von ihm selbst geschriebene Inschrift lautet:<\/p>\n<p><em>Mensus eram coelos, nunc terrae metior umbras.<br \/>\n<\/em><em>Mens coelestis erat, corporis umbra iacet.\u201c <\/em><\/p>\n<p><em>\u201eDie Himmel hab ich gemessen, jetzt mess ich die Schatten der Erde.<br \/>\nHimmelw\u00e4rts strebte der Geist, des K\u00f6rpers Schatten ruht hier.\u201c <\/em><\/p>\n<p>\u2013 Grabinschrift Keplers<\/p>\n<p>&nbsp;(<a href=\"http:\/\/www.keplerraum.at\/biogr.html\">http:\/\/www.keplerraum.at\/biogr.html<\/a>)<\/p>\n<p>(https:\/\/de.wikipedia.org\/wiki\/Johannes_Kepler)<\/p>\n<p>Schnitzler Celina, 1HKB, HLMW9, 2018<\/p>\n<div id=\"watu_quiz\" class=\"quiz-area \">\n<p><p>Teste Dein Wissen:<\/p>\n<\/p><form action=\"\" method=\"post\" class=\"quiz-form \" id=\"quiz-107\" >\n<div class='watu-question' id='question-1'><div class='question-content'><p><span class='watu_num'>1. <\/span>Johannes Kepler war&#8230;<\/p>\n<\/div><input type='hidden' name='question_id[]' value='863' \/><div class='watu-questions-wrap '><input type='hidden' name='answer_ids[]' class='watu-answer-ids' value='4175' \/><div class='watu-question-choice'><input type='radio' name='answer-863[]' id='answer-id-4175' class='answer answer-1  answerof-863' value='4175' \/>&nbsp;<label for='answer-id-4175' id='answer-label-4175' class=' answer label-1'><span class='answer'>Deutscher<\/span><\/label><\/div>\n<input type='hidden' name='answer_ids[]' class='watu-answer-ids' value='4176' \/><div class='watu-question-choice'><input type='radio' name='answer-863[]' id='answer-id-4176' class='answer answer-1  answerof-863' value='4176' \/>&nbsp;<label for='answer-id-4176' id='answer-label-4176' class=' answer label-1'><span class='answer'>\u00d6sterreicher<\/span><\/label><\/div>\n<input type='hidden' name='answer_ids[]' class='watu-answer-ids' value='4177' \/><div class='watu-question-choice'><input type='radio' name='answer-863[]' id='answer-id-4177' class='answer answer-1  answerof-863' value='4177' \/>&nbsp;<label for='answer-id-4177' id='answer-label-4177' class=' answer label-1'><span class='answer'>S\u00fcdtiroler<\/span><\/label><\/div>\n<input type='hidden' name='answer_ids[]' class='watu-answer-ids' value='4178' \/><div class='watu-question-choice'><input type='radio' name='answer-863[]' id='answer-id-4178' class='answer answer-1  answerof-863' value='4178' \/>&nbsp;<label for='answer-id-4178' id='answer-label-4178' class=' answer label-1'><span class='answer'>Schwede<\/span><\/label><\/div>\n<\/div><input type='hidden' id='questionType1' value='radio' class=''><\/div><div class='watu-question' id='question-2'><div class='question-content'><p><span class='watu_num'>2. <\/span>wo starb Johannes Kepler?<\/p>\n<\/div><input type='hidden' name='question_id[]' value='867' \/><div class='watu-questions-wrap '><input type='hidden' name='answer_ids[]' class='watu-answer-ids' value='4194' \/><div class='watu-question-choice'><input type='radio' name='answer-867[]' id='answer-id-4194' class='answer answer-2  answerof-867' value='4194' \/>&nbsp;<label for='answer-id-4194' id='answer-label-4194' class=' answer label-2'><span class='answer'>Linz<\/span><\/label><\/div>\n<input type='hidden' name='answer_ids[]' class='watu-answer-ids' value='4192' \/><div class='watu-question-choice'><input type='radio' name='answer-867[]' id='answer-id-4192' class='answer answer-2  answerof-867' value='4192' \/>&nbsp;<label for='answer-id-4192' id='answer-label-4192' class=' answer label-2'><span class='answer'>Regensburg<\/span><\/label><\/div>\n<input type='hidden' name='answer_ids[]' class='watu-answer-ids' value='4193' \/><div class='watu-question-choice'><input type='radio' name='answer-867[]' id='answer-id-4193' class='answer answer-2  answerof-867' value='4193' \/>&nbsp;<label for='answer-id-4193' id='answer-label-4193' class=' answer label-2'><span class='answer'>Ulm<\/span><\/label><\/div>\n<input type='hidden' name='answer_ids[]' class='watu-answer-ids' value='4195' \/><div class='watu-question-choice'><input type='radio' name='answer-867[]' id='answer-id-4195' class='answer answer-2  answerof-867' value='4195' \/>&nbsp;<label for='answer-id-4195' id='answer-label-4195' class=' answer label-2'><span class='answer'>Th\u00fcringen<\/span><\/label><\/div>\n<\/div><input type='hidden' id='questionType2' value='radio' class=''><\/div><div class='watu-question' id='question-3'><div class='question-content'><p><span class='watu_num'>3. <\/span>Wann wurde Johannes Kepler geboren?<\/p>\n<\/div><input type='hidden' name='question_id[]' value='864' \/><div class='watu-questions-wrap '><input type='hidden' name='answer_ids[]' class='watu-answer-ids' value='4182' \/><div class='watu-question-choice'><input type='radio' name='answer-864[]' id='answer-id-4182' class='answer answer-3  answerof-864' value='4182' \/>&nbsp;<label for='answer-id-4182' id='answer-label-4182' class=' answer label-3'><span class='answer'>1551<\/span><\/label><\/div>\n<input type='hidden' name='answer_ids[]' class='watu-answer-ids' value='4179' \/><div class='watu-question-choice'><input type='radio' name='answer-864[]' id='answer-id-4179' class='answer answer-3  answerof-864' value='4179' \/>&nbsp;<label for='answer-id-4179' id='answer-label-4179' class=' answer label-3'><span class='answer'>1671<\/span><\/label><\/div>\n<input type='hidden' name='answer_ids[]' class='watu-answer-ids' value='4180' \/><div class='watu-question-choice'><input type='radio' name='answer-864[]' id='answer-id-4180' class='answer answer-3  answerof-864' value='4180' \/>&nbsp;<label for='answer-id-4180' id='answer-label-4180' class=' answer label-3'><span class='answer'>1571<\/span><\/label><\/div>\n<input type='hidden' name='answer_ids[]' class='watu-answer-ids' value='4181' \/><div class='watu-question-choice'><input type='radio' name='answer-864[]' id='answer-id-4181' class='answer answer-3  answerof-864' value='4181' \/>&nbsp;<label for='answer-id-4181' id='answer-label-4181' class=' answer label-3'><span class='answer'>1561<\/span><\/label><\/div>\n<\/div><input type='hidden' id='questionType3' value='radio' class=''><\/div><div class='watu-question' id='question-4'><div class='question-content'><p><span class='watu_num'>4. <\/span>Johannes Kepler<\/p>\n<\/div><input type='hidden' name='question_id[]' value='862' \/><div class='watu-questions-wrap '><input type='hidden' name='answer_ids[]' class='watu-answer-ids' value='4465' \/><div class='watu-question-choice'><input type='radio' name='answer-862[]' id='answer-id-4465' class='answer answer-4  answerof-862' value='4465' \/>&nbsp;<label for='answer-id-4465' id='answer-label-4465' class=' answer label-4'><span class='answer'>beobachtete die Monde des Jupiter<\/span><\/label><\/div>\n<input type='hidden' name='answer_ids[]' class='watu-answer-ids' value='4464' \/><div class='watu-question-choice'><input type='radio' name='answer-862[]' id='answer-id-4464' class='answer answer-4  answerof-862' value='4464' \/>&nbsp;<label for='answer-id-4464' id='answer-label-4464' class=' answer label-4'><span class='answer'>baute das erste Fernrohr<\/span><\/label><\/div>\n<input type='hidden' name='answer_ids[]' class='watu-answer-ids' value='4463' \/><div class='watu-question-choice'><input type='radio' name='answer-862[]' id='answer-id-4463' class='answer answer-4  answerof-862' value='4463' \/>&nbsp;<label for='answer-id-4463' id='answer-label-4463' class=' answer label-4'><span class='answer'>stellte die Erde in den Mittelpunkt des Sonnensystems<\/span><\/label><\/div>\n<input type='hidden' name='answer_ids[]' class='watu-answer-ids' value='4462' \/><div class='watu-question-choice'><input type='radio' name='answer-862[]' id='answer-id-4462' class='answer answer-4  answerof-862' value='4462' \/>&nbsp;<label for='answer-id-4462' id='answer-label-4462' class=' answer label-4'><span class='answer'>berechnete die Gesetze zur Bewegung der Planeten.<\/span><\/label><\/div>\n<\/div><input type='hidden' id='questionType4' value='radio' class=''><\/div><div class='watu-question' id='question-5'><div class='question-content'><p><span class='watu_num'>5. <\/span>An welcher \u00f6sterreichischen Stadt lehrte Johannes Kepler?<\/p>\n<\/div><input type='hidden' name='question_id[]' value='865' \/><div class='watu-questions-wrap '><input type='hidden' name='answer_ids[]' class='watu-answer-ids' value='4184' \/><div class='watu-question-choice'><input type='radio' name='answer-865[]' id='answer-id-4184' class='answer answer-5  answerof-865' value='4184' \/>&nbsp;<label for='answer-id-4184' id='answer-label-4184' class=' answer label-5'><span class='answer'>Linz<\/span><\/label><\/div>\n<input type='hidden' name='answer_ids[]' class='watu-answer-ids' value='4186' \/><div class='watu-question-choice'><input type='radio' name='answer-865[]' id='answer-id-4186' class='answer answer-5  answerof-865' value='4186' \/>&nbsp;<label for='answer-id-4186' id='answer-label-4186' class=' answer label-5'><span class='answer'>Salzburg<\/span><\/label><\/div>\n<input type='hidden' name='answer_ids[]' class='watu-answer-ids' value='4187' \/><div class='watu-question-choice'><input type='radio' name='answer-865[]' id='answer-id-4187' class='answer answer-5  answerof-865' value='4187' \/>&nbsp;<label for='answer-id-4187' id='answer-label-4187' class=' answer label-5'><span class='answer'>Graz<\/span><\/label><\/div>\n<input type='hidden' name='answer_ids[]' class='watu-answer-ids' value='4183' \/><div class='watu-question-choice'><input type='radio' name='answer-865[]' id='answer-id-4183' class='answer answer-5  answerof-865' value='4183' \/>&nbsp;<label for='answer-id-4183' id='answer-label-4183' class=' answer label-5'><span class='answer'>Wien<\/span><\/label><\/div>\n<input type='hidden' name='answer_ids[]' class='watu-answer-ids' value='4185' \/><div class='watu-question-choice'><input type='radio' name='answer-865[]' id='answer-id-4185' class='answer answer-5  answerof-865' value='4185' \/>&nbsp;<label for='answer-id-4185' id='answer-label-4185' class=' answer label-5'><span class='answer'>Innsbruck<\/span><\/label><\/div>\n<\/div><input type='hidden' id='questionType5' value='radio' class=''><\/div><div class='watu-question' id='question-6'><div class='question-content'><p><span class='watu_num'>6. <\/span>Warum wurde die Mutter von Johannes Kepler angeklagt und gefoltert?<\/p>\n<\/div><input type='hidden' name='question_id[]' value='866' \/><div class='watu-questions-wrap '><input type='hidden' name='answer_ids[]' class='watu-answer-ids' value='4190' \/><div class='watu-question-choice'><input type='radio' name='answer-866[]' id='answer-id-4190' class='answer answer-6  answerof-866' value='4190' \/>&nbsp;<label for='answer-id-4190' id='answer-label-4190' class=' answer label-6'><span class='answer'>Hexerei<\/span><\/label><\/div>\n<input type='hidden' name='answer_ids[]' class='watu-answer-ids' value='4191' \/><div class='watu-question-choice'><input type='radio' name='answer-866[]' id='answer-id-4191' class='answer answer-6  answerof-866' value='4191' \/>&nbsp;<label for='answer-id-4191' id='answer-label-4191' class=' answer label-6'><span class='answer'>Betrug<\/span><\/label><\/div>\n<input type='hidden' name='answer_ids[]' class='watu-answer-ids' value='4188' \/><div class='watu-question-choice'><input type='radio' name='answer-866[]' id='answer-id-4188' class='answer answer-6  answerof-866' value='4188' \/>&nbsp;<label for='answer-id-4188' id='answer-label-4188' class=' answer label-6'><span class='answer'>Diebstahl<\/span><\/label><\/div>\n<input type='hidden' name='answer_ids[]' class='watu-answer-ids' value='4189' \/><div class='watu-question-choice'><input type='radio' name='answer-866[]' id='answer-id-4189' class='answer answer-6  answerof-866' value='4189' \/>&nbsp;<label for='answer-id-4189' id='answer-label-4189' class=' answer label-6'><span class='answer'>Engelmacherin<\/span><\/label><\/div>\n<\/div><input type='hidden' id='questionType6' value='radio' class=''><\/div><div class='watu-question' id='question-7'><div class='question-content'><p><span class='watu_num'>7. <\/span>Wann starb Johannes Kepler?<\/p>\n<\/div><input type='hidden' name='question_id[]' value='868' \/><div class='watu-questions-wrap '><input type='hidden' name='answer_ids[]' class='watu-answer-ids' value='4196' \/><div class='watu-question-choice'><input type='radio' name='answer-868[]' id='answer-id-4196' class='answer answer-7  answerof-868' value='4196' \/>&nbsp;<label for='answer-id-4196' id='answer-label-4196' class=' answer label-7'><span class='answer'>1630<\/span><\/label><\/div>\n<input type='hidden' name='answer_ids[]' class='watu-answer-ids' value='4199' \/><div class='watu-question-choice'><input type='radio' name='answer-868[]' id='answer-id-4199' class='answer answer-7  answerof-868' value='4199' \/>&nbsp;<label for='answer-id-4199' id='answer-label-4199' class=' answer label-7'><span class='answer'>1660<\/span><\/label><\/div>\n<input type='hidden' name='answer_ids[]' class='watu-answer-ids' value='4198' \/><div class='watu-question-choice'><input type='radio' name='answer-868[]' id='answer-id-4198' class='answer answer-7  answerof-868' value='4198' \/>&nbsp;<label for='answer-id-4198' id='answer-label-4198' class=' answer label-7'><span class='answer'>1730<\/span><\/label><\/div>\n<input type='hidden' name='answer_ids[]' class='watu-answer-ids' value='4197' \/><div class='watu-question-choice'><input type='radio' name='answer-868[]' id='answer-id-4197' class='answer answer-7  answerof-868' value='4197' \/>&nbsp;<label for='answer-id-4197' id='answer-label-4197' class=' answer label-7'><span class='answer'>1530<\/span><\/label><\/div>\n<\/div><input type='hidden' id='questionType7' value='radio' class=''><\/div><div style='display:none' id='question-8'><br \/><div class='question-content'><img src=\"http:\/\/nawi.naturundbildung.at\/wp\/wp-content\/plugins\/watu\/loading.gif\" width=\"16\" height=\"16\" alt=\"Loading ...\" title=\"Loading ...\" \/>&nbsp;Loading &#8230;<\/div><\/div><br \/>\n\t<p>Question <span id='numQ'>1<\/span> of 7<\/p>\n\t\t<input type=\"button\" id=\"next-question\" value=\"Next &gt;\"  \/>\n<input type=\"button\" name=\"action\" onclick=\"Watu.submitResult()\" id=\"action-button\" value=\"Submit\"  class=\"watu-submit-button\" \/>\n<input type=\"hidden\" name=\"no_ajax\" value=\"0\"><input type=\"hidden\" name=\"quiz_id\" value=\"107\" \/>\n<input type=\"hidden\" id=\"watuStartTime\" name=\"start_time\" value=\"2026-04-29 23:21:06\" \/>\n<\/form>\n<\/div>\n<div id=\"watu-loading-result\" style=\"display:none;\">\n\t<p align=\"center\"><img src=\"http:\/\/nawi.naturundbildung.at\/wp\/wp-content\/plugins\/watu\/loading.gif\" width=\"16\" height=\"16\" alt=\"Loading\" title=\"Loading\" \/><\/p>\n<\/div>\t\n<script type=\"text\/javascript\">\nvar exam_id=0;\nvar question_ids='';\nvar watuURL='';\njQuery(function($){\nquestion_ids = \"863,867,864,862,865,866,868\";\nexam_id = 107;\nWatu.exam_id = exam_id;\nWatu.qArr = question_ids.split(',');\nWatu.post_id = 5014;\nWatu.singlePage = '0';\nWatu.hAppID = \"0.42573200 1777504866\";\nwatuURL = \"http:\/\/nawi.naturundbildung.at\/wp\/wp-admin\/admin-ajax.php\";\nWatu.noAlertUnanswered = 0;\n});\n<\/script>\n","protected":false},"excerpt":{"rendered":"<p>Johannes Kepler, geb. 27.12.1571 in Weil, Deutschland, gestorben am 15.November 1630 in Regensburg, als eines von 4 Kindern Vor seiner Ausbildung an der Eberhard Karls Universit\u00e4t in T\u00fcbingen Deutschland, war er in Graz als Mathematiklehrer t\u00e4tig. Er selbst hielt sich f\u00fcr keinen guten Lehrer, dass sollte sich sp\u00e4ter als Grundlage<\/p>\n","protected":false},"author":1,"featured_media":0,"parent":49,"menu_order":0,"comment_status":"closed","ping_status":"closed","template":"","meta":{"ngg_post_thumbnail":0},"aioseo_notices":[],"_links":{"self":[{"href":"http:\/\/nawi.naturundbildung.at\/wp\/index.php?rest_route=\/wp\/v2\/pages\/5014"}],"collection":[{"href":"http:\/\/nawi.naturundbildung.at\/wp\/index.php?rest_route=\/wp\/v2\/pages"}],"about":[{"href":"http:\/\/nawi.naturundbildung.at\/wp\/index.php?rest_route=\/wp\/v2\/types\/page"}],"author":[{"embeddable":true,"href":"http:\/\/nawi.naturundbildung.at\/wp\/index.php?rest_route=\/wp\/v2\/users\/1"}],"replies":[{"embeddable":true,"href":"http:\/\/nawi.naturundbildung.at\/wp\/index.php?rest_route=%2Fwp%2Fv2%2Fcomments&post=5014"}],"version-history":[{"count":5,"href":"http:\/\/nawi.naturundbildung.at\/wp\/index.php?rest_route=\/wp\/v2\/pages\/5014\/revisions"}],"predecessor-version":[{"id":5044,"href":"http:\/\/nawi.naturundbildung.at\/wp\/index.php?rest_route=\/wp\/v2\/pages\/5014\/revisions\/5044"}],"up":[{"embeddable":true,"href":"http:\/\/nawi.naturundbildung.at\/wp\/index.php?rest_route=\/wp\/v2\/pages\/49"}],"wp:attachment":[{"href":"http:\/\/nawi.naturundbildung.at\/wp\/index.php?rest_route=%2Fwp%2Fv2%2Fmedia&parent=5014"}],"curies":[{"name":"wp","href":"https:\/\/api.w.org\/{rel}","templated":true}]}}