{"id":659,"date":"2014-01-09T20:50:22","date_gmt":"2014-01-09T20:50:22","guid":{"rendered":"http:\/\/nawi.naturundbildung.at\/wp\/?page_id=659"},"modified":"2018-01-26T07:45:41","modified_gmt":"2018-01-26T07:45:41","slug":"biochemie","status":"publish","type":"page","link":"http:\/\/nawi.naturundbildung.at\/wp\/?page_id=659","title":{"rendered":"Biochemie"},"content":{"rendered":"<p>Die Biochemie beschreibt chemische Vorg\u00e4nge in den Zellen, den <a href=\"http:\/\/nawi.naturundbildung.at\/wp\/?page_id=3128\">Stoffwechsel<\/a> im Allgemeinen, P<a href=\"http:\/\/nawi.naturundbildung.at\/wp\/?page_id=3444\">roteinbiosynthese<\/a> usw. Somit besch\u00e4ftigt sich die Biochemie ganz intensiv mit den sogenannten Biomolek\u00fclen: den <a href=\"http:\/\/nawi.naturundbildung.at\/wp\/?page_id=3446\">Aminos\u00e4uren und daraus aufgebauten Proteinen<\/a>, Kohlenhydraten und Fettmolek\u00fclen sowie der <a href=\"http:\/\/nawi.naturundbildung.at\/wp\/?page_id=3456\">DNA und RNA und deren Bausteine<\/a>.<\/p>\n<p>Die Biochemie erforscht und beschreibt, wie oben erw\u00e4hnt, den Stoffwechsel, Bau und Struktur und die <a href=\"http:\/\/nawi.naturundbildung.at\/wp\/?page_id=3444\">Synthese<\/a> dieser Biomolek\u00fcle.<\/p>\n<p>Die Biochemie hat ihre Wurzeln in der &nbsp;der Biologie, Chemie und der medizinischen Physiologie und etablierte sich Anfang des 19. Jahrhunderts &nbsp;als eigene Wissenschaft. Somit sind in der Biochemie Chemie (vor allem organische Chemie), Biologie und Medizin eng miteinander verzahnt.<\/p>\n<p>Seit ihren Anf\u00e4ngen bis heute ist die Biochemie eng mit&nbsp; Genetik, Zellbiologie und Molekularbiologie verkn\u00fcpft und \u00fcberlappt sich mit diesen Disziplinen. Erschaffen wurde der Begriff \u201eBiochemie von Vinzenz Kletzinsky (1826\u20131882), der in Wien &nbsp;1858 sein \u201eCompendium der Biochemie\u201c drucken lie\u00df.<\/p>\n","protected":false},"excerpt":{"rendered":"<p>Die Biochemie beschreibt chemische Vorg\u00e4nge in den Zellen, den Stoffwechsel im Allgemeinen, Proteinbiosynthese usw. Somit besch\u00e4ftigt sich die Biochemie ganz intensiv mit den sogenannten Biomolek\u00fclen: den Aminos\u00e4uren und daraus aufgebauten Proteinen, Kohlenhydraten und Fettmolek\u00fclen sowie der DNA und RNA und deren Bausteine. Die Biochemie erforscht und beschreibt, wie oben erw\u00e4hnt,<\/p>\n","protected":false},"author":1,"featured_media":0,"parent":375,"menu_order":0,"comment_status":"open","ping_status":"open","template":"","meta":{"ngg_post_thumbnail":0},"aioseo_notices":[],"_links":{"self":[{"href":"http:\/\/nawi.naturundbildung.at\/wp\/index.php?rest_route=\/wp\/v2\/pages\/659"}],"collection":[{"href":"http:\/\/nawi.naturundbildung.at\/wp\/index.php?rest_route=\/wp\/v2\/pages"}],"about":[{"href":"http:\/\/nawi.naturundbildung.at\/wp\/index.php?rest_route=\/wp\/v2\/types\/page"}],"author":[{"embeddable":true,"href":"http:\/\/nawi.naturundbildung.at\/wp\/index.php?rest_route=\/wp\/v2\/users\/1"}],"replies":[{"embeddable":true,"href":"http:\/\/nawi.naturundbildung.at\/wp\/index.php?rest_route=%2Fwp%2Fv2%2Fcomments&post=659"}],"version-history":[{"count":7,"href":"http:\/\/nawi.naturundbildung.at\/wp\/index.php?rest_route=\/wp\/v2\/pages\/659\/revisions"}],"predecessor-version":[{"id":3694,"href":"http:\/\/nawi.naturundbildung.at\/wp\/index.php?rest_route=\/wp\/v2\/pages\/659\/revisions\/3694"}],"up":[{"embeddable":true,"href":"http:\/\/nawi.naturundbildung.at\/wp\/index.php?rest_route=\/wp\/v2\/pages\/375"}],"wp:attachment":[{"href":"http:\/\/nawi.naturundbildung.at\/wp\/index.php?rest_route=%2Fwp%2Fv2%2Fmedia&parent=659"}],"curies":[{"name":"wp","href":"https:\/\/api.w.org\/{rel}","templated":true}]}}