{"id":817,"date":"2014-01-11T00:44:24","date_gmt":"2014-01-11T00:44:24","guid":{"rendered":"http:\/\/nawi.naturundbildung.at\/wp\/?page_id=817"},"modified":"2018-02-06T01:05:02","modified_gmt":"2018-02-06T01:05:02","slug":"dalton-modell-2","status":"publish","type":"page","link":"http:\/\/nawi.naturundbildung.at\/wp\/?page_id=817","title":{"rendered":"Dalton Modell"},"content":{"rendered":"<p>1803 griff der englische Naturforscher (Chemiker) JOHN DALTON (1766-1844) die Idee von DEMOKRIT wieder auf. Dalton gilt damit als der Begr\u00fcnder der modernen Atomtheorie:<\/p>\n<p>Materie besteht aus kleinsten kugelf\u00f6rmigen Teilchen- Atomen<\/p>\n<p>Diese Atome sind unteilbar und k\u00f6nnen weder geschaffen noch zerst\u00f6rt werden.<\/p>\n<p>Alle Atome eines chemischen Elements sind untereinander gleich. Atome unterscheiden sich nur in der Masse von Atomen anderer Elemente.<\/p>\n<p>Diese Atome k\u00f6nnen chemische Bindungen eingehen und aus diesen auch wieder gel\u00f6st werden.<\/p>\n<p>Das Teilchen einer Verbindung wird aus einer bestimmten, stets gleichen Anzahl von Atomen der Elemente gebildet, aus denen die Verbindung besteht.<\/p>\n<p><a href=\"http:\/\/nawi.naturundbildung.at\/wp\/wp-content\/uploads\/2018\/02\/Kugelmodell.png\"><img loading=\"lazy\" class=\"alignnone wp-image-4471\" src=\"http:\/\/nawi.naturundbildung.at\/wp\/wp-content\/uploads\/2018\/02\/Kugelmodell.png\" alt=\"\" width=\"300\" height=\"300\" srcset=\"http:\/\/nawi.naturundbildung.at\/wp\/wp-content\/uploads\/2018\/02\/Kugelmodell.png 958w, http:\/\/nawi.naturundbildung.at\/wp\/wp-content\/uploads\/2018\/02\/Kugelmodell-150x150.png 150w, http:\/\/nawi.naturundbildung.at\/wp\/wp-content\/uploads\/2018\/02\/Kugelmodell-300x300.png 300w, http:\/\/nawi.naturundbildung.at\/wp\/wp-content\/uploads\/2018\/02\/Kugelmodell-768x768.png 768w, http:\/\/nawi.naturundbildung.at\/wp\/wp-content\/uploads\/2018\/02\/Kugelmodell-225x225.png 225w, http:\/\/nawi.naturundbildung.at\/wp\/wp-content\/uploads\/2018\/02\/Kugelmodell-60x60.png 60w\" sizes=\"(max-width: 300px) 100vw, 300px\" \/><\/a><\/p>\n<p>Silke Geroldinger, 2014<\/p>\n<div id=\"watu_quiz\" class=\"quiz-area \">\n<p><p>Was wei\u00dft Du \u00fcber das Dalton Atommodell?<\/p>\n<\/p><form action=\"\" method=\"post\" class=\"quiz-form \" id=\"quiz-72\" >\n<div class='watu-question' id='question-1'><div class='question-content'><p><span class='watu_num'>1. <\/span>Die Atomtheorie John Daltons besagt&#8230;<\/p>\n<\/div><input type='hidden' name='question_id[]' value='593' \/><div class='watu-questions-wrap '><input type='hidden' name='answer_ids[]' class='watu-answer-ids' value='2889' \/><div class='watu-question-choice'><input type='checkbox' name='answer-593[]' id='answer-id-2889' class='answer answer-1  answerof-593' value='2889' \/>&nbsp;<label for='answer-id-2889' id='answer-label-2889' class=' answer label-1'><span class='answer'>Materie besteht aus kleinsten, kugelf\u00f6rmigen Teilchen-Atome<\/span><\/label><\/div>\n<input type='hidden' name='answer_ids[]' class='watu-answer-ids' value='2891' \/><div class='watu-question-choice'><input type='checkbox' name='answer-593[]' id='answer-id-2891' class='answer answer-1  answerof-593' value='2891' \/>&nbsp;<label for='answer-id-2891' id='answer-label-2891' class=' answer label-1'><span class='answer'>Atome unterscheiden sich nur in der Masse von Atomen anderer Elemente<\/span><\/label><\/div>\n<input type='hidden' name='answer_ids[]' class='watu-answer-ids' value='2892' \/><div class='watu-question-choice'><input type='checkbox' name='answer-593[]' id='answer-id-2892' class='answer answer-1  answerof-593' value='2892' \/>&nbsp;<label for='answer-id-2892' id='answer-label-2892' class=' answer label-1'><span class='answer'>Atome sind unteilbar<\/span><\/label><\/div>\n<input type='hidden' name='answer_ids[]' class='watu-answer-ids' value='2890' \/><div class='watu-question-choice'><input type='checkbox' name='answer-593[]' id='answer-id-2890' class='answer answer-1  answerof-593' value='2890' \/>&nbsp;<label for='answer-id-2890' id='answer-label-2890' class=' answer label-1'><span class='answer'>Alle Atome eines Elements sind untereinander gleich<\/span><\/label><\/div>\n<input type='hidden' name='answer_ids[]' class='watu-answer-ids' value='2893' \/><div class='watu-question-choice'><input type='checkbox' name='answer-593[]' id='answer-id-2893' class='answer answer-1  answerof-593' value='2893' \/>&nbsp;<label for='answer-id-2893' id='answer-label-2893' class=' answer label-1'><span class='answer'>Atome k\u00f6nnen eckig, rund,&#8230;verschiedenf\u00f6rmig sein<\/span><\/label><\/div>\n<\/div><input type='hidden' id='questionType1' value='checkbox' class=''><\/div><div class='watu-question' id='question-2'><div class='question-content'><p><span class='watu_num'>2. <\/span>Wer war John Dalton?<\/p>\n<\/div><input type='hidden' name='question_id[]' value='597' \/><div class='watu-questions-wrap '><input type='hidden' name='answer_ids[]' class='watu-answer-ids' value='2909' \/><div class='watu-question-choice'><input type='radio' name='answer-597[]' id='answer-id-2909' class='answer answer-2  answerof-597' value='2909' \/>&nbsp;<label for='answer-id-2909' id='answer-label-2909' class=' answer label-2'><span class='answer'>ein englischer Farmer und Hobbyalchimist<\/span><\/label><\/div>\n<input type='hidden' name='answer_ids[]' class='watu-answer-ids' value='2907' \/><div class='watu-question-choice'><input type='radio' name='answer-597[]' id='answer-id-2907' class='answer answer-2  answerof-597' value='2907' \/>&nbsp;<label for='answer-id-2907' id='answer-label-2907' class=' answer label-2'><span class='answer'>ein US-amerikanischer Physiker<\/span><\/label><\/div>\n<input type='hidden' name='answer_ids[]' class='watu-answer-ids' value='2906' \/><div class='watu-question-choice'><input type='radio' name='answer-597[]' id='answer-id-2906' class='answer answer-2  answerof-597' value='2906' \/>&nbsp;<label for='answer-id-2906' id='answer-label-2906' class=' answer label-2'><span class='answer'>ein englischer Chemiker<\/span><\/label><\/div>\n<input type='hidden' name='answer_ids[]' class='watu-answer-ids' value='2908' \/><div class='watu-question-choice'><input type='radio' name='answer-597[]' id='answer-id-2908' class='answer answer-2  answerof-597' value='2908' \/>&nbsp;<label for='answer-id-2908' id='answer-label-2908' class=' answer label-2'><span class='answer'>ein englischer Kernphysiker<\/span><\/label><\/div>\n<\/div><input type='hidden' id='questionType2' value='radio' class=''><\/div><div class='watu-question' id='question-3'><div class='question-content'><p><span class='watu_num'>3. <\/span>Wann starb John Dalton?<\/p>\n<\/div><input type='hidden' name='question_id[]' value='596' \/><div class='watu-questions-wrap '><input type='hidden' name='answer_ids[]' class='watu-answer-ids' value='2904' \/><div class='watu-question-choice'><input type='radio' name='answer-596[]' id='answer-id-2904' class='answer answer-3  answerof-596' value='2904' \/>&nbsp;<label for='answer-id-2904' id='answer-label-2904' class=' answer label-3'><span class='answer'>1803<\/span><\/label><\/div>\n<input type='hidden' name='answer_ids[]' class='watu-answer-ids' value='2902' \/><div class='watu-question-choice'><input type='radio' name='answer-596[]' id='answer-id-2902' class='answer answer-3  answerof-596' value='2902' \/>&nbsp;<label for='answer-id-2902' id='answer-label-2902' class=' answer label-3'><span class='answer'>1766<\/span><\/label><\/div>\n<input type='hidden' name='answer_ids[]' class='watu-answer-ids' value='2905' \/><div class='watu-question-choice'><input type='radio' name='answer-596[]' id='answer-id-2905' class='answer answer-3  answerof-596' value='2905' \/>&nbsp;<label for='answer-id-2905' id='answer-label-2905' class=' answer label-3'><span class='answer'>1903<\/span><\/label><\/div>\n<input type='hidden' name='answer_ids[]' class='watu-answer-ids' value='2903' \/><div class='watu-question-choice'><input type='radio' name='answer-596[]' id='answer-id-2903' class='answer answer-3  answerof-596' value='2903' \/>&nbsp;<label for='answer-id-2903' id='answer-label-2903' class=' answer label-3'><span class='answer'>1844<\/span><\/label><\/div>\n<\/div><input type='hidden' id='questionType3' value='radio' class=''><\/div><div class='watu-question' id='question-4'><div class='question-content'><p><span class='watu_num'>4. <\/span>Wann entwickelte John Dalton sein Atommodell?<\/p>\n<\/div><input type='hidden' name='question_id[]' value='592' \/><div class='watu-questions-wrap '><input type='hidden' name='answer_ids[]' class='watu-answer-ids' value='2885' \/><div class='watu-question-choice'><input type='radio' name='answer-592[]' id='answer-id-2885' class='answer answer-4  answerof-592' value='2885' \/>&nbsp;<label for='answer-id-2885' id='answer-label-2885' class=' answer label-4'><span class='answer'>1803<\/span><\/label><\/div>\n<input type='hidden' name='answer_ids[]' class='watu-answer-ids' value='2887' \/><div class='watu-question-choice'><input type='radio' name='answer-592[]' id='answer-id-2887' class='answer answer-4  answerof-592' value='2887' \/>&nbsp;<label for='answer-id-2887' id='answer-label-2887' class=' answer label-4'><span class='answer'>1703<\/span><\/label><\/div>\n<input type='hidden' name='answer_ids[]' class='watu-answer-ids' value='2888' \/><div class='watu-question-choice'><input type='radio' name='answer-592[]' id='answer-id-2888' class='answer answer-4  answerof-592' value='2888' \/>&nbsp;<label for='answer-id-2888' id='answer-label-2888' class=' answer label-4'><span class='answer'>1913<\/span><\/label><\/div>\n<input type='hidden' name='answer_ids[]' class='watu-answer-ids' value='2886' \/><div class='watu-question-choice'><input type='radio' name='answer-592[]' id='answer-id-2886' class='answer answer-4  answerof-592' value='2886' \/>&nbsp;<label for='answer-id-2886' id='answer-label-2886' class=' answer label-4'><span class='answer'>1903<\/span><\/label><\/div>\n<\/div><input type='hidden' id='questionType4' value='radio' class=''><\/div><div class='watu-question' id='question-5'><div class='question-content'><p><span class='watu_num'>5. <\/span>Dalton gilt als Begr\u00fcnder der&#8230;<\/p>\n<\/div><input type='hidden' name='question_id[]' value='594' \/><div class='watu-questions-wrap '><input type='hidden' name='answer_ids[]' class='watu-answer-ids' value='2894' \/><div class='watu-question-choice'><input type='radio' name='answer-594[]' id='answer-id-2894' class='answer answer-5  answerof-594' value='2894' \/>&nbsp;<label for='answer-id-2894' id='answer-label-2894' class=' answer label-5'><span class='answer'>modernen Atomtheorie<\/span><\/label><\/div>\n<input type='hidden' name='answer_ids[]' class='watu-answer-ids' value='2895' \/><div class='watu-question-choice'><input type='radio' name='answer-594[]' id='answer-id-2895' class='answer answer-5  answerof-594' value='2895' \/>&nbsp;<label for='answer-id-2895' id='answer-label-2895' class=' answer label-5'><span class='answer'>Kernphysik<\/span><\/label><\/div>\n<input type='hidden' name='answer_ids[]' class='watu-answer-ids' value='2897' \/><div class='watu-question-choice'><input type='radio' name='answer-594[]' id='answer-id-2897' class='answer answer-5  answerof-594' value='2897' \/>&nbsp;<label for='answer-id-2897' id='answer-label-2897' class=' answer label-5'><span class='answer'>Biochemie<\/span><\/label><\/div>\n<input type='hidden' name='answer_ids[]' class='watu-answer-ids' value='2896' \/><div class='watu-question-choice'><input type='radio' name='answer-594[]' id='answer-id-2896' class='answer answer-5  answerof-594' value='2896' \/>&nbsp;<label for='answer-id-2896' id='answer-label-2896' class=' answer label-5'><span class='answer'>Bionik<\/span><\/label><\/div>\n<\/div><input type='hidden' id='questionType5' value='radio' class=''><\/div><div class='watu-question' id='question-6'><div class='question-content'><p><span class='watu_num'>6. <\/span>Wann wurde John Dalton geboren?<\/p>\n<\/div><input type='hidden' name='question_id[]' value='595' \/><div class='watu-questions-wrap '><input type='hidden' name='answer_ids[]' class='watu-answer-ids' value='2901' \/><div class='watu-question-choice'><input type='radio' name='answer-595[]' id='answer-id-2901' class='answer answer-6  answerof-595' value='2901' \/>&nbsp;<label for='answer-id-2901' id='answer-label-2901' class=' answer label-6'><span class='answer'>1703<\/span><\/label><\/div>\n<input type='hidden' name='answer_ids[]' class='watu-answer-ids' value='2898' \/><div class='watu-question-choice'><input type='radio' name='answer-595[]' id='answer-id-2898' class='answer answer-6  answerof-595' value='2898' \/>&nbsp;<label for='answer-id-2898' id='answer-label-2898' class=' answer label-6'><span class='answer'>1766<\/span><\/label><\/div>\n<input type='hidden' name='answer_ids[]' class='watu-answer-ids' value='2900' \/><div class='watu-question-choice'><input type='radio' name='answer-595[]' id='answer-id-2900' class='answer answer-6  answerof-595' value='2900' \/>&nbsp;<label for='answer-id-2900' id='answer-label-2900' class=' answer label-6'><span class='answer'>1803<\/span><\/label><\/div>\n<input type='hidden' name='answer_ids[]' class='watu-answer-ids' value='2899' \/><div class='watu-question-choice'><input type='radio' name='answer-595[]' id='answer-id-2899' class='answer answer-6  answerof-595' value='2899' \/>&nbsp;<label for='answer-id-2899' id='answer-label-2899' class=' answer label-6'><span class='answer'>1844<\/span><\/label><\/div>\n<\/div><input type='hidden' id='questionType6' value='radio' class=''><\/div><div class='watu-question' id='question-7'><div class='question-content'><p><span class='watu_num'>7. <\/span>Wie hei\u00dft das Atommodell nach John Dalton noch?<\/p>\n<\/div><input type='hidden' name='question_id[]' value='591' \/><div class='watu-questions-wrap '><input type='hidden' name='answer_ids[]' class='watu-answer-ids' value='2911' \/><div class='watu-question-choice'><input type='radio' name='answer-591[]' id='answer-id-2911' class='answer answer-7  answerof-591' value='2911' \/>&nbsp;<label for='answer-id-2911' id='answer-label-2911' class=' answer label-7'><span class='answer'>Schalenmodell<\/span><\/label><\/div>\n<input type='hidden' name='answer_ids[]' class='watu-answer-ids' value='2910' \/><div class='watu-question-choice'><input type='radio' name='answer-591[]' id='answer-id-2910' class='answer answer-7  answerof-591' value='2910' \/>&nbsp;<label for='answer-id-2910' id='answer-label-2910' class=' answer label-7'><span class='answer'>Rosinenkuchenmodell<\/span><\/label><\/div>\n<input type='hidden' name='answer_ids[]' class='watu-answer-ids' value='2912' \/><div class='watu-question-choice'><input type='radio' name='answer-591[]' id='answer-id-2912' class='answer answer-7  answerof-591' value='2912' \/>&nbsp;<label for='answer-id-2912' id='answer-label-2912' class=' answer label-7'><span class='answer'>Kugelmodell<\/span><\/label><\/div>\n<\/div><input type='hidden' id='questionType7' value='radio' class=''><\/div><div style='display:none' id='question-8'><br \/><div class='question-content'><img src=\"http:\/\/nawi.naturundbildung.at\/wp\/wp-content\/plugins\/watu\/loading.gif\" width=\"16\" height=\"16\" alt=\"Loading ...\" title=\"Loading ...\" \/>&nbsp;Loading &#8230;<\/div><\/div><br \/>\n\t<p>Question <span id='numQ'>1<\/span> of 7<\/p>\n\t\t<input type=\"button\" id=\"next-question\" value=\"Next &gt;\"  \/>\n<input type=\"button\" name=\"action\" onclick=\"Watu.submitResult()\" id=\"action-button\" value=\"Submit\"  class=\"watu-submit-button\" \/>\n<input type=\"hidden\" name=\"no_ajax\" value=\"0\"><input type=\"hidden\" name=\"quiz_id\" value=\"72\" \/>\n<input type=\"hidden\" id=\"watuStartTime\" name=\"start_time\" value=\"2026-04-30 18:10:51\" \/>\n<\/form>\n<\/div>\n<div id=\"watu-loading-result\" style=\"display:none;\">\n\t<p align=\"center\"><img src=\"http:\/\/nawi.naturundbildung.at\/wp\/wp-content\/plugins\/watu\/loading.gif\" width=\"16\" height=\"16\" alt=\"Loading\" title=\"Loading\" \/><\/p>\n<\/div>\t\n<script type=\"text\/javascript\">\nvar exam_id=0;\nvar question_ids='';\nvar watuURL='';\njQuery(function($){\nquestion_ids = \"593,597,596,592,594,595,591\";\nexam_id = 72;\nWatu.exam_id = exam_id;\nWatu.qArr = question_ids.split(',');\nWatu.post_id = 817;\nWatu.singlePage = '0';\nWatu.hAppID = \"0.01744700 1777572651\";\nwatuURL = \"http:\/\/nawi.naturundbildung.at\/wp\/wp-admin\/admin-ajax.php\";\nWatu.noAlertUnanswered = 0;\n});\n<\/script>\n","protected":false},"excerpt":{"rendered":"<p>1803 griff der englische Naturforscher (Chemiker) JOHN DALTON (1766-1844) die Idee von DEMOKRIT wieder auf. Dalton gilt damit als der Begr\u00fcnder der modernen Atomtheorie: Materie besteht aus kleinsten kugelf\u00f6rmigen Teilchen- Atomen Diese Atome sind unteilbar und k\u00f6nnen weder geschaffen noch zerst\u00f6rt werden. Alle Atome eines chemischen Elements sind untereinander gleich.<\/p>\n","protected":false},"author":1,"featured_media":0,"parent":385,"menu_order":0,"comment_status":"open","ping_status":"open","template":"","meta":{"ngg_post_thumbnail":0},"aioseo_notices":[],"_links":{"self":[{"href":"http:\/\/nawi.naturundbildung.at\/wp\/index.php?rest_route=\/wp\/v2\/pages\/817"}],"collection":[{"href":"http:\/\/nawi.naturundbildung.at\/wp\/index.php?rest_route=\/wp\/v2\/pages"}],"about":[{"href":"http:\/\/nawi.naturundbildung.at\/wp\/index.php?rest_route=\/wp\/v2\/types\/page"}],"author":[{"embeddable":true,"href":"http:\/\/nawi.naturundbildung.at\/wp\/index.php?rest_route=\/wp\/v2\/users\/1"}],"replies":[{"embeddable":true,"href":"http:\/\/nawi.naturundbildung.at\/wp\/index.php?rest_route=%2Fwp%2Fv2%2Fcomments&post=817"}],"version-history":[{"count":6,"href":"http:\/\/nawi.naturundbildung.at\/wp\/index.php?rest_route=\/wp\/v2\/pages\/817\/revisions"}],"predecessor-version":[{"id":4473,"href":"http:\/\/nawi.naturundbildung.at\/wp\/index.php?rest_route=\/wp\/v2\/pages\/817\/revisions\/4473"}],"up":[{"embeddable":true,"href":"http:\/\/nawi.naturundbildung.at\/wp\/index.php?rest_route=\/wp\/v2\/pages\/385"}],"wp:attachment":[{"href":"http:\/\/nawi.naturundbildung.at\/wp\/index.php?rest_route=%2Fwp%2Fv2%2Fmedia&parent=817"}],"curies":[{"name":"wp","href":"https:\/\/api.w.org\/{rel}","templated":true}]}}