{"id":836,"date":"2014-01-11T00:56:12","date_gmt":"2014-01-11T00:56:12","guid":{"rendered":"http:\/\/nawi.naturundbildung.at\/wp\/?page_id=836"},"modified":"2018-02-05T21:49:20","modified_gmt":"2018-02-05T21:49:20","slug":"haut","status":"publish","type":"page","link":"http:\/\/nawi.naturundbildung.at\/wp\/?page_id=836","title":{"rendered":"Haut"},"content":{"rendered":"<p>&nbsp;<\/p>\n<p>Die Haut ist nicht nur das gr\u00f6\u00dfte Sinnesorgan des menschlichen K\u00f6rpers, sondern ebenso ein Hochleistungsbetrieb. Sie erf\u00fcllt zahlreiche Aufgaben, um uns ein umbeschwerliches Leben bieten zu k\u00f6nnen, so sorgen rund um die zwei Milliarden Hautzellen daf\u00fcr, dass wir vor Sonneneinstrahlungen und Krankheitserregern gesch\u00fctzt bleiben, ebenso wie vor \u00dcberhitzung, \u00fcberm\u00e4\u00dfigen W\u00e4rmeverlust und Austrocknung.<\/p>\n<h5><strong>&nbsp;Zusammensetzung der Haut<\/strong><\/h5>\n<p><em>Die Haut setzt sich aus verschiedenen Schichten zusammen..<\/em><\/p>\n<p>Epidermis<\/p>\n<p>Die d\u00fcnne Oberhaut, auch Epidermis genannt, besteht aus toten, flachen Zellen, den Hornzellen. Sie enthalten ein hartes, wasserfestes Protein, das Keratin. Sobald sie abgenutzt sind, werden sie durch neue ersetzt.<\/p>\n<p>Dermis<\/p>\n<p>Darunter liegt die Lederhaut oder auch Korium und Dermis genannt, sie enth\u00e4lt Blutgef\u00e4\u00dfe, Nervenfasern, Schwei\u00dfdr\u00fcsen und Haarfollikel aus denen Haare wachsen. In den Haarfollikel befinden sich auch Talgdr\u00fcsen. Sie sondern Talg ab, der die Haut und die Haare einfettet, sie dadurch geschmeidig h\u00e4lt und wasserfest macht. Die Lederhaut enth\u00e4lt sogenannte Tastk\u00f6rperchen und Rezeptoren f\u00fcr Temperaturen, Schmerz,..somit ist die Lederhaut ebenso f\u00fcr die Wahrnehmung von beispielsweise, Druck, Ber\u00fchrung, Schmerz, Temperatur und Jucken verantwortlich.<\/p>\n<p>Subcutis<\/p>\n<p>Die Unterhaut, die Subcutis, enth\u00e4lt Fettgewebe, das vor K\u00e4lte sch\u00fctzt.<\/p>\n<h5>Hautkrankheiten<\/h5>\n<p><em>H\u00e4ufig treten Hautirritationen bei jungen Erwachsenen auf&#8230;<\/em><\/p>\n<p><strong>Akne<\/strong> ist eine Hauterkrankung, die durch entz\u00fcndete Haarb\u00e4lge entsteht und haupts\u00e4chlich im Gesicht und an Hals, Nacken, Schulter und R\u00fccken vorkommt. Jugendliche sind h\u00e4ufig von ihr betroffen, weil durch einen Stoffwechsel in der Pubert\u00e4t mehr Talg abgesondert wird. Der \u00fcbersch\u00fcssige Talg verstopft die Haarbel\u00e4ge, verhornt und bildet dunkle Punkte, die Mitesser. H\u00e4ufig entstehen dadurch auch bakterielle Entz\u00fcndungen, die Eiter bilden und die Haut r\u00f6ten.<\/p>\n<h5><em>Das Sonnenbad ist mit Vorsicht zu genie\u00dfen..<\/em><\/h5>\n<p>Die Haut bildet mehr sch\u00fctzendes Pigment Melanin und f\u00e4rbt sich dunkelbraun, je l\u00e4nger die Sonne auf sie scheint. Doch besonders im Sommer, wenn die Haut zu lange der Sonne ausgesetzt ist, kann leicht ein Sonnenbrand entstehen. Die Hautr\u00f6tungen und das Brennen entstehen durch UV-Strahlen, welche die obersten Hautzellen sch\u00e4digen. H\u00e4ufige Sonnenbr\u00e4nde lassen die Haut altern und erh\u00f6hen das Risiko von Hautkrebs.<\/p>\n<h5><em>Das Leben auf unserer Haut..<\/em><\/h5>\n<p>Auf jedem Quadratzentimeter Haut befinden sich zwischen 10.000 und einer Millionen Mikroorganismen, haupts\u00e4chlich Bakterien. Diese Mikroorganismen gedeihen unter feuchten, warmen Bedingungen. Die meisten Bakterien auf der Haut sind unsch\u00e4dlich. Sie sch\u00fctzen vielmehr die Haut, da sie Krankheitserreger bek\u00e4mpfen. Bestimmte Milben hingegen, k\u00f6nnen einen Juckreiz ausl\u00f6sen, indem Milbenweibchen unter die Haut kreichen um dort ihre Eier ablegen. Die meisten Pilze sind unsch\u00e4dlich. Einige k\u00f6nnen jedoch Krankheiten, wie zB; Fu\u00dfpilz ausl\u00f6sen. Die Krankheit wird mit pilzabt\u00f6tenden Mitteln und besserer Fu\u00dfhygiene behandelt.<\/p>\n<h5><em>K\u00fcnstliche Haut f\u00fcr medizinische Zwecke..<\/em><\/h5>\n<p>&nbsp;<\/p>\n<p>Eine k\u00fcnstliche Haut (Epidermis) erh\u00e4lt ein Patient, der schwere Verbrennungen erlitten hat. Das Gewebe entsteht aus gesunden, teilungsf\u00e4higen Hautzellen des Patienten, die sich auf einem Proteingel in einem n\u00e4hrstoffreichen Kulturmedium vermehren. Ein Hautlappen braucht nur wenige Wochen um zu wachsen. Sobald er die entsprechende Gr\u00f6\u00dfe erreicht hat, wird er auf die K\u00f6rperstellen verpflanzt, deren Haut verbrannt ist.<\/p>\n<h5><em>Merkmale von Haaren, N\u00e4geln und Schwei\u00df..<\/em><\/h5>\n<p><em>&nbsp;<\/em>Finger- und Zehenn\u00e4gel sch\u00fctzen die empfindlichen Fingerkuppen und Zehen. Zugleich erleichtern sie das Greifen kleiner Gegenst\u00e4nde. N\u00e4gel entstehen in der Nagelwurzel aus Zellen der Oberhaut und bestehen aus zusammengepressten, toten Hornzellen, die Keratin enthalten. Im Sommer wachsen N\u00e4gel schneller, wobei Fingern\u00e4gel in der Regal schneller als Fu\u00dfn\u00e4gel wachsen. Au\u00dfer an den Handfl\u00e4chen und Fu\u00dfsohlen besitzen wir am gesamten K\u00f6rper Haare. Feine, kurze, Haare bedecken den gr\u00f6\u00dften Teil des K\u00f6rpers. Kopfhaare sch\u00fctzen den Kopf vor K\u00e4lte und Sonne, Wimpern sch\u00fctzen unsere Augen. Haare entstehen in Haarfollikel aus Zellen der Haarzwiebel, die sich teilen. Nach oben sterben die Zellen ab, verhornen und ragen als Haarschaft den Haarfollikeln. Schwei\u00df besteht zu 99% aus Wasser und enth\u00e4lt Salze und Abbauprodukte. Er wird aus Blut gefiltert, das durch die Schwei\u00dfdr\u00fcsen flie\u00dft. Seine Freisetzung reguliert das Nervensystem. Bei hohen Au\u00dfentemperaturen sondert der K\u00f6rper mehr Schwei\u00df ab.<\/p>\n<h5>Die Haut als Sinnesorgan- Der Tastsinn:<\/h5>\n<p>Der Begriff Tastsinn bezeichnet die F\u00e4higkeit lebender Wesen, Ber\u00fchrungen wahrzunehmen<\/p>\n<p>Das Tasten erfolgt \u00fcber die gesamte Hautoberfl\u00e4che und auch im K\u00f6rper (zB.: Mundh\u00f6hle \u2013 Zunge)<\/p>\n<p>Dazu bef\u00e4higen uns sogenannte &#8222;Tastk\u00f6rperchen&#8220; in der Haut.<\/p>\n<p>Zum Tastsinn geh\u00f6ren:<\/p>\n<ul>\n<li>das passive \u201eBer\u00fchrt Werden\u201c (vom lat. <i>tangere<\/i> &#8211; \u201eber\u00fchren\u201c)<\/li>\n<li>passive Wahrnehmung von mechanischen Eindr\u00fccken<\/li>\n<li>das \u201eaktive Erkennen\u201c(vom griech. haptik\u03ccs &#8211; \u201ezum Ber\u00fchren geeignet\u201c)<\/li>\n<li>das aktive Erf\u00fchlen von Gr\u00f6\u00dfen, Konturen, Oberfl\u00e4chentexturen, Temperaturen, usw.<\/li>\n<\/ul>\n<p>Quellen:<\/p>\n<p><a href=\"https:\/\/de.wikipedia.org\/wiki\/Haut\">https:\/\/de.wikipedia.org\/wiki\/Haut<\/a><\/p>\n<p><a href=\"https:\/\/www.google.de\/search?source=hp&amp;ei=dFt4WqbmE4nWwAKEoL3gCw&amp;q=haut+doccheck&amp;oq=hhaut+doc&amp;gs_l=psy-ab.1.0.0i13k1l2j0i13i30k1l3j0i13i10i30k1j0i13i30k1l3j0i13i5i10i30k1.1270.4359.0.6116.9.9.0.0.0.0.134.699.8j1.9.0....0...1c.1.64.psy-ab..0.9.694...0j0i131k1j0i10k1j0i10i30k1.0.ZM3ANC47bWY\">haut doccheck<\/a><\/p>\n<p><a href=\"http:\/\/nawi.naturundbildung.at\/wp\/wp-content\/uploads\/2018\/02\/haar-borbely.3fgb-001.jpg\"><img loading=\"lazy\" class=\"alignnone size-full wp-image-4443\" src=\"http:\/\/nawi.naturundbildung.at\/wp\/wp-content\/uploads\/2018\/02\/haar-borbely.3fgb-001.jpg\" alt=\"\" width=\"1438\" height=\"709\" srcset=\"http:\/\/nawi.naturundbildung.at\/wp\/wp-content\/uploads\/2018\/02\/haar-borbely.3fgb-001.jpg 1438w, http:\/\/nawi.naturundbildung.at\/wp\/wp-content\/uploads\/2018\/02\/haar-borbely.3fgb-001-300x148.jpg 300w, http:\/\/nawi.naturundbildung.at\/wp\/wp-content\/uploads\/2018\/02\/haar-borbely.3fgb-001-768x379.jpg 768w, http:\/\/nawi.naturundbildung.at\/wp\/wp-content\/uploads\/2018\/02\/haar-borbely.3fgb-001-1024x505.jpg 1024w\" sizes=\"(max-width: 1438px) 100vw, 1438px\" \/><\/a><\/p>\n<p>Sabina Alic, 4HIB, HLMW9, 2016 und&nbsp;Michael Kundergraber, 3FGA, HLTW21, 2014<\/p>\n<p>Grafik: Elisabeth Borberly, 3FGB, HLTW21, 2013<\/p>\n<div id=\"watu_quiz\" class=\"quiz-area \">\n<p><p>Teste Dein Wissen:<\/p>\n<\/p><form action=\"\" method=\"post\" class=\"quiz-form \" id=\"quiz-82\" >\n<div class='watu-question' id='question-1'><div class='question-content'><p><span class='watu_num'>1. <\/span>Wozu dient die Subkutis<\/p>\n<\/div><input type='hidden' name='question_id[]' value='673' \/><div class='watu-questions-wrap '><input type='hidden' name='answer_ids[]' class='watu-answer-ids' value='3285' \/><div class='watu-question-choice'><input type='checkbox' name='answer-673[]' id='answer-id-3285' class='answer answer-1  answerof-673' value='3285' \/>&nbsp;<label for='answer-id-3285' id='answer-label-3285' class=' answer label-1'><span class='answer'>Ort der Tastk\u00f6rperchen<\/span><\/label><\/div>\n<input type='hidden' name='answer_ids[]' class='watu-answer-ids' value='3286' \/><div class='watu-question-choice'><input type='checkbox' name='answer-673[]' id='answer-id-3286' class='answer answer-1  answerof-673' value='3286' \/>&nbsp;<label for='answer-id-3286' id='answer-label-3286' class=' answer label-1'><span class='answer'>Ort der Thermorezeptoren f\u00fcr Kalt, Warm,&#8230;<\/span><\/label><\/div>\n<input type='hidden' name='answer_ids[]' class='watu-answer-ids' value='3284' \/><div class='watu-question-choice'><input type='checkbox' name='answer-673[]' id='answer-id-3284' class='answer answer-1  answerof-673' value='3284' \/>&nbsp;<label for='answer-id-3284' id='answer-label-3284' class=' answer label-1'><span class='answer'>Schutzpolster<\/span><\/label><\/div>\n<input type='hidden' name='answer_ids[]' class='watu-answer-ids' value='3283' \/><div class='watu-question-choice'><input type='checkbox' name='answer-673[]' id='answer-id-3283' class='answer answer-1  answerof-673' value='3283' \/>&nbsp;<label for='answer-id-3283' id='answer-label-3283' class=' answer label-1'><span class='answer'>W\u00e4rmespeicher<\/span><\/label><\/div>\n<\/div><input type='hidden' id='questionType1' value='checkbox' class=''><\/div><div class='watu-question' id='question-2'><div class='question-content'><p><span class='watu_num'>2. <\/span>Was ist die Epidermis<\/p>\n<\/div><input type='hidden' name='question_id[]' value='670' \/><div class='watu-questions-wrap '><input type='hidden' name='answer_ids[]' class='watu-answer-ids' value='3275' \/><div class='watu-question-choice'><input type='radio' name='answer-670[]' id='answer-id-3275' class='answer answer-2  answerof-670' value='3275' \/>&nbsp;<label for='answer-id-3275' id='answer-label-3275' class=' answer label-2'><span class='answer'>die Netzhaut<\/span><\/label><\/div>\n<input type='hidden' name='answer_ids[]' class='watu-answer-ids' value='3272' \/><div class='watu-question-choice'><input type='radio' name='answer-670[]' id='answer-id-3272' class='answer answer-2  answerof-670' value='3272' \/>&nbsp;<label for='answer-id-3272' id='answer-label-3272' class=' answer label-2'><span class='answer'>die Oberhaut<\/span><\/label><\/div>\n<input type='hidden' name='answer_ids[]' class='watu-answer-ids' value='3274' \/><div class='watu-question-choice'><input type='radio' name='answer-670[]' id='answer-id-3274' class='answer answer-2  answerof-670' value='3274' \/>&nbsp;<label for='answer-id-3274' id='answer-label-3274' class=' answer label-2'><span class='answer'>die Lederhaut<\/span><\/label><\/div>\n<input type='hidden' name='answer_ids[]' class='watu-answer-ids' value='3273' \/><div class='watu-question-choice'><input type='radio' name='answer-670[]' id='answer-id-3273' class='answer answer-2  answerof-670' value='3273' \/>&nbsp;<label for='answer-id-3273' id='answer-label-3273' class=' answer label-2'><span class='answer'>die Unterhaut<\/span><\/label><\/div>\n<\/div><input type='hidden' id='questionType2' value='radio' class=''><\/div><div class='watu-question' id='question-3'><div class='question-content'><p><span class='watu_num'>3. <\/span>Teile der Haut (Hautschichten) sind&#8230;.<\/p>\n<\/div><input type='hidden' name='question_id[]' value='668' \/><div class='watu-questions-wrap '><input type='hidden' name='answer_ids[]' class='watu-answer-ids' value='3264' \/><div class='watu-question-choice'><input type='checkbox' name='answer-668[]' id='answer-id-3264' class='answer answer-3  answerof-668' value='3264' \/>&nbsp;<label for='answer-id-3264' id='answer-label-3264' class=' answer label-3'><span class='answer'>Epidermis<\/span><\/label><\/div>\n<input type='hidden' name='answer_ids[]' class='watu-answer-ids' value='3267' \/><div class='watu-question-choice'><input type='checkbox' name='answer-668[]' id='answer-id-3267' class='answer answer-3  answerof-668' value='3267' \/>&nbsp;<label for='answer-id-3267' id='answer-label-3267' class=' answer label-3'><span class='answer'>Dermatitis<\/span><\/label><\/div>\n<input type='hidden' name='answer_ids[]' class='watu-answer-ids' value='3265' \/><div class='watu-question-choice'><input type='checkbox' name='answer-668[]' id='answer-id-3265' class='answer answer-3  answerof-668' value='3265' \/>&nbsp;<label for='answer-id-3265' id='answer-label-3265' class=' answer label-3'><span class='answer'>Dermis<\/span><\/label><\/div>\n<input type='hidden' name='answer_ids[]' class='watu-answer-ids' value='3266' \/><div class='watu-question-choice'><input type='checkbox' name='answer-668[]' id='answer-id-3266' class='answer answer-3  answerof-668' value='3266' \/>&nbsp;<label for='answer-id-3266' id='answer-label-3266' class=' answer label-3'><span class='answer'>Subkutis<\/span><\/label><\/div>\n<\/div><input type='hidden' id='questionType3' value='checkbox' class=''><\/div><div class='watu-question' id='question-4'><div class='question-content'><p><span class='watu_num'>4. <\/span>Wie hei\u00dft die Lederhaut noch?<\/p>\n<\/div><input type='hidden' name='question_id[]' value='671' \/><div class='watu-questions-wrap '><input type='hidden' name='answer_ids[]' class='watu-answer-ids' value='3279' \/><div class='watu-question-choice'><input type='checkbox' name='answer-671[]' id='answer-id-3279' class='answer answer-4  answerof-671' value='3279' \/>&nbsp;<label for='answer-id-3279' id='answer-label-3279' class=' answer label-4'><span class='answer'>Subkutis<\/span><\/label><\/div>\n<input type='hidden' name='answer_ids[]' class='watu-answer-ids' value='3277' \/><div class='watu-question-choice'><input type='checkbox' name='answer-671[]' id='answer-id-3277' class='answer answer-4  answerof-671' value='3277' \/>&nbsp;<label for='answer-id-3277' id='answer-label-3277' class=' answer label-4'><span class='answer'>Dermis<\/span><\/label><\/div>\n<input type='hidden' name='answer_ids[]' class='watu-answer-ids' value='3276' \/><div class='watu-question-choice'><input type='checkbox' name='answer-671[]' id='answer-id-3276' class='answer answer-4  answerof-671' value='3276' \/>&nbsp;<label for='answer-id-3276' id='answer-label-3276' class=' answer label-4'><span class='answer'>Korium<\/span><\/label><\/div>\n<input type='hidden' name='answer_ids[]' class='watu-answer-ids' value='3278' \/><div class='watu-question-choice'><input type='checkbox' name='answer-671[]' id='answer-id-3278' class='answer answer-4  answerof-671' value='3278' \/>&nbsp;<label for='answer-id-3278' id='answer-label-3278' class=' answer label-4'><span class='answer'>Epidermis<\/span><\/label><\/div>\n<\/div><input type='hidden' id='questionType4' value='checkbox' class=''><\/div><div class='watu-question' id='question-5'><div class='question-content'><p><span class='watu_num'>5. <\/span>Unsere haut wird von &#8230;.. Hautzellen gebildet<\/p>\n<\/div><input type='hidden' name='question_id[]' value='669' \/><div class='watu-questions-wrap '><input type='hidden' name='answer_ids[]' class='watu-answer-ids' value='3268' \/><div class='watu-question-choice'><input type='radio' name='answer-669[]' id='answer-id-3268' class='answer answer-5  answerof-669' value='3268' \/>&nbsp;<label for='answer-id-3268' id='answer-label-3268' class=' answer label-5'><span class='answer'>2000000000<\/span><\/label><\/div>\n<input type='hidden' name='answer_ids[]' class='watu-answer-ids' value='3270' \/><div class='watu-question-choice'><input type='radio' name='answer-669[]' id='answer-id-3270' class='answer answer-5  answerof-669' value='3270' \/>&nbsp;<label for='answer-id-3270' id='answer-label-3270' class=' answer label-5'><span class='answer'>20000<\/span><\/label><\/div>\n<input type='hidden' name='answer_ids[]' class='watu-answer-ids' value='3269' \/><div class='watu-question-choice'><input type='radio' name='answer-669[]' id='answer-id-3269' class='answer answer-5  answerof-669' value='3269' \/>&nbsp;<label for='answer-id-3269' id='answer-label-3269' class=' answer label-5'><span class='answer'>2000000<\/span><\/label><\/div>\n<input type='hidden' name='answer_ids[]' class='watu-answer-ids' value='3271' \/><div class='watu-question-choice'><input type='radio' name='answer-669[]' id='answer-id-3271' class='answer answer-5  answerof-669' value='3271' \/>&nbsp;<label for='answer-id-3271' id='answer-label-3271' class=' answer label-5'><span class='answer'>2000000000000<\/span><\/label><\/div>\n<\/div><input type='hidden' id='questionType5' value='radio' class=''><\/div><div class='watu-question' id='question-6'><div class='question-content'><p><span class='watu_num'>6. <\/span>Wie k\u00f6nnen wir Tasten und F\u00fchlen?<\/p>\n<\/div><input type='hidden' name='question_id[]' value='672' \/><div class='watu-questions-wrap '><input type='hidden' name='answer_ids[]' class='watu-answer-ids' value='3282' \/><div class='watu-question-choice'><input type='radio' name='answer-672[]' id='answer-id-3282' class='answer answer-6  answerof-672' value='3282' \/>&nbsp;<label for='answer-id-3282' id='answer-label-3282' class=' answer label-6'><span class='answer'>mit Tastk\u00f6rperchen in der Subkutis<\/span><\/label><\/div>\n<input type='hidden' name='answer_ids[]' class='watu-answer-ids' value='3281' \/><div class='watu-question-choice'><input type='radio' name='answer-672[]' id='answer-id-3281' class='answer answer-6  answerof-672' value='3281' \/>&nbsp;<label for='answer-id-3281' id='answer-label-3281' class=' answer label-6'><span class='answer'>mit Tastk\u00f6rperchen in der Epidermis<\/span><\/label><\/div>\n<input type='hidden' name='answer_ids[]' class='watu-answer-ids' value='3280' \/><div class='watu-question-choice'><input type='radio' name='answer-672[]' id='answer-id-3280' class='answer answer-6  answerof-672' value='3280' \/>&nbsp;<label for='answer-id-3280' id='answer-label-3280' class=' answer label-6'><span class='answer'>mit Tastk\u00f6rperchen in der Lederhaut<\/span><\/label><\/div>\n<\/div><input type='hidden' id='questionType6' value='radio' class=''><\/div><div style='display:none' id='question-7'><br \/><div class='question-content'><img src=\"http:\/\/nawi.naturundbildung.at\/wp\/wp-content\/plugins\/watu\/loading.gif\" width=\"16\" height=\"16\" alt=\"Loading ...\" title=\"Loading ...\" \/>&nbsp;Loading &#8230;<\/div><\/div><br \/>\n\t<p>Question <span id='numQ'>1<\/span> of 6<\/p>\n\t\t<input type=\"button\" id=\"next-question\" value=\"Next &gt;\"  \/>\n<input type=\"button\" name=\"action\" onclick=\"Watu.submitResult()\" id=\"action-button\" value=\"Submit\"  class=\"watu-submit-button\" \/>\n<input type=\"hidden\" name=\"no_ajax\" value=\"0\"><input type=\"hidden\" name=\"quiz_id\" value=\"82\" \/>\n<input type=\"hidden\" id=\"watuStartTime\" name=\"start_time\" value=\"2026-05-01 10:24:45\" \/>\n<\/form>\n<\/div>\n<div id=\"watu-loading-result\" style=\"display:none;\">\n\t<p align=\"center\"><img src=\"http:\/\/nawi.naturundbildung.at\/wp\/wp-content\/plugins\/watu\/loading.gif\" width=\"16\" height=\"16\" alt=\"Loading\" title=\"Loading\" \/><\/p>\n<\/div>\t\n<script type=\"text\/javascript\">\nvar exam_id=0;\nvar question_ids='';\nvar watuURL='';\njQuery(function($){\nquestion_ids = \"673,670,668,671,669,672\";\nexam_id = 82;\nWatu.exam_id = exam_id;\nWatu.qArr = question_ids.split(',');\nWatu.post_id = 836;\nWatu.singlePage = '0';\nWatu.hAppID = \"0.63866100 1777631085\";\nwatuURL = \"http:\/\/nawi.naturundbildung.at\/wp\/wp-admin\/admin-ajax.php\";\nWatu.noAlertUnanswered = 0;\n});\n<\/script>\n","protected":false},"excerpt":{"rendered":"<p>&nbsp; Die Haut ist nicht nur das gr\u00f6\u00dfte Sinnesorgan des menschlichen K\u00f6rpers, sondern ebenso ein Hochleistungsbetrieb. Sie erf\u00fcllt zahlreiche Aufgaben, um uns ein umbeschwerliches Leben bieten zu k\u00f6nnen, so sorgen rund um die zwei Milliarden Hautzellen daf\u00fcr, dass wir vor Sonneneinstrahlungen und Krankheitserregern gesch\u00fctzt bleiben, ebenso wie vor \u00dcberhitzung, \u00fcberm\u00e4\u00dfigen<\/p>\n","protected":false},"author":1,"featured_media":0,"parent":455,"menu_order":0,"comment_status":"open","ping_status":"open","template":"","meta":{"ngg_post_thumbnail":0},"aioseo_notices":[],"_links":{"self":[{"href":"http:\/\/nawi.naturundbildung.at\/wp\/index.php?rest_route=\/wp\/v2\/pages\/836"}],"collection":[{"href":"http:\/\/nawi.naturundbildung.at\/wp\/index.php?rest_route=\/wp\/v2\/pages"}],"about":[{"href":"http:\/\/nawi.naturundbildung.at\/wp\/index.php?rest_route=\/wp\/v2\/types\/page"}],"author":[{"embeddable":true,"href":"http:\/\/nawi.naturundbildung.at\/wp\/index.php?rest_route=\/wp\/v2\/users\/1"}],"replies":[{"embeddable":true,"href":"http:\/\/nawi.naturundbildung.at\/wp\/index.php?rest_route=%2Fwp%2Fv2%2Fcomments&post=836"}],"version-history":[{"count":9,"href":"http:\/\/nawi.naturundbildung.at\/wp\/index.php?rest_route=\/wp\/v2\/pages\/836\/revisions"}],"predecessor-version":[{"id":4448,"href":"http:\/\/nawi.naturundbildung.at\/wp\/index.php?rest_route=\/wp\/v2\/pages\/836\/revisions\/4448"}],"up":[{"embeddable":true,"href":"http:\/\/nawi.naturundbildung.at\/wp\/index.php?rest_route=\/wp\/v2\/pages\/455"}],"wp:attachment":[{"href":"http:\/\/nawi.naturundbildung.at\/wp\/index.php?rest_route=%2Fwp%2Fv2%2Fmedia&parent=836"}],"curies":[{"name":"wp","href":"https:\/\/api.w.org\/{rel}","templated":true}]}}